{"id":1507,"date":"2018-11-05T13:43:56","date_gmt":"2018-11-05T12:43:56","guid":{"rendered":"http:\/\/agora.xtec.cat\/inscar\/?page_id=1507"},"modified":"2019-03-05T12:56:14","modified_gmt":"2019-03-05T11:56:14","slug":"esports-de-muntanya-i-escalada","status":"publish","type":"page","link":"https:\/\/agora.xtec.cat\/inscar\/ensenyaments-esportius\/oferta-formativa-t-e\/esports-de-muntanya-i-escalada\/","title":{"rendered":"Esports de muntanya i escalada"},"content":{"rendered":"<p>&nbsp;<\/p>\n<p style=\"text-align: justify;\">Els estudis de la modalitat d\u2019esports de muntanya i escalada comprenen quatre especialitats diferents: Muntanya mitjana, Alta muntanya, Descens de barrancs i Escalada. Les quatre especialitats s\u2019inicien amb un primer nivell com\u00fa d\u2019Excursionisme. A l\u2019INS Centre d\u2019Alt Rendiment Esportiu oferim les especialitats de Muntanya mitjana i Descens de barrancs.<br \/>\nEl primer nivell d&#8217;aquests estudis capacita per promoure activitats d&#8217;excursionisme i acompanyar en la pr\u00e0ctica de l&#8217;excursionisme sota la supervisi\u00f3 de personal t\u00e8cnic o professional. T\u00e9 una durada de 420 hores (270 en un centre educatiu i 150 en un centre de treball). Si se supera el curs, s\u2019obt\u00e9 el certificat de primer nivell d&#8217;excursionisme.<br \/>\nPer accedir al segon nivell cal haver aprovat tot el primer nivell de l\u2019especialitat i superar una prova espec\u00edfica.<br \/>\nEl segon nivell de Muntanya mitjana capacita per conduir activitats de baixa i mitjana muntanya i ensenyar la pr\u00e0ctica d&#8217;aquesta especialitat. T\u00e9 una durada de 555 hores (355 en un centre educatiu i 200 en un centre de treball).<br \/>\nEl segon nivell de Descens de barrancs capacita per organitzar i conduir descens de barrancs. T\u00e9 una durada de 555 hores (355 en un centre educatiu i 200 en un centre de treball).<\/p>\n<h4><\/h4>\n<h4>Continguts:<\/h4>\n<p>Els continguts s&#8217;organitzen en quatre blocs de cr\u00e8dits teoricopr\u00e0ctics: el bloc com\u00fa, format per cr\u00e8dits que constitueixen les bases cient\u00edfiques i psicopedag\u00f2giques necess\u00e0ries per a l&#8217;inici, l&#8217;adaptaci\u00f3 i el perfeccionament de l&#8217;especialitat; el bloc complementari, format per cr\u00e8dits relacionats amb el coneixement de l&#8217;entorn social i els recursos tecnol\u00f2gics de l&#8217;\u00e0mbit de l&#8217;esport; el bloc espec\u00edfic, format per cr\u00e8dits de car\u00e0cter cient\u00edfic, t\u00e8cnic i pr\u00e0ctic corresponents a la modalitat, disciplina o especialitat esportiva, i el bloc de formaci\u00f3 pr\u00e0ctica, que es fa en centres on es poden aplicar els coneixements i les destreses adquirits.<\/p>\n<p><strong>Primer nivell d\u2019Excursionisme <\/strong>(420 hores)<br \/>\n&#8211; Bloc com\u00fa (120 hores):<br \/>\n\u2022 Bases Anat\u00f2miques i Fisiol\u00f2giques de l&#8217;Esport I (20 hores)<br \/>\n\u2022 Bases Psicopedag\u00f2giques de l&#8217;Ensenyament i l&#8217;Entrenament I (25 hores)<br \/>\n\u2022 Entrenament Esportiu I (30 hores)<br \/>\n\u2022 Fonaments Sociol\u00f2gics de l&#8217;Esport (5 hores)<br \/>\n\u2022 Organitzaci\u00f3 i Legislaci\u00f3 de l&#8217;Esport I (5 hores)<br \/>\n\u2022 Primers Auxilis i Higiene en l&#8217;Esport (35 hores)<br \/>\n&#8211; Bloc espec\u00edfic (135 hores):<br \/>\n\u2022 Desenvolupament Professional I (10 hores)<br \/>\n\u2022 Formaci\u00f3 T\u00e8cnics d\u2019Excursionisme (45 hores)<br \/>\n\u2022 Medi Ambient de Muntanya (40 hores)<br \/>\n\u2022 Seguretat en l\u2019Excursionisme (20 hores)<br \/>\n\u2022 Did\u00e0ctica i Din\u00e0mica de Grups (20 hores)<br \/>\n&#8211; Bloc complementari (15 hores):<br \/>\n\u2022 Terminologia Espec\u00edfica Catalana (5 hores)<br \/>\n\u2022 Fonaments de l&#8217;Esport Adaptat (10 hores)<br \/>\n&#8211; Bloc de formaci\u00f3 pr\u00e0ctica (150 hores)<\/p>\n<p><strong>Segon nivell Muntanya mitjana<\/strong> (555 hores)<br \/>\n&#8211; Bloc com\u00fa (150 hores):<br \/>\n\u2022 Bases Anat\u00f2miques i Fisiol\u00f2giques de l&#8217;Esport II (40 hores)<br \/>\n\u2022 Bases Psicopedag\u00f2giques de l&#8217;Ensenyament i l&#8217;Entrenament II (45 hores)<br \/>\n\u2022 Entrenament Esportiu II (40 hores)<br \/>\n\u2022 Organitzaci\u00f3 i Legislaci\u00f3 de l&#8217;Esport II (5 hores)<br \/>\n\u2022 Teoria i Sociologia de l&#8217;Esport (20 hores)<br \/>\n&#8211; Bloc espec\u00edfic (175 hores):<br \/>\n\u2022 Desenvolupament Professional II (10 hores)<br \/>\n\u2022 Coneixement del Medi (20 hores)<br \/>\n\u2022 Psicologia dels Esports de Muntanya i Escalada (10 hores)<br \/>\n\u2022 Formaci\u00f3 T\u00e8cnica i Metodol\u00f2gica de la Progressi\u00f3 en Muntanya (55 hores)<br \/>\n\u2022 Entrenament de l\u2019Excursionisme (20 hores)<br \/>\n\u2022 Seguretat en la Muntanya Mitjana (35 hores)<br \/>\n\u2022 Conducci\u00f3 en la Muntanya Mitjana (25 hores)<br \/>\n&#8211; Bloc complementari (30 hores)<br \/>\n\u2022 Terminologia Espec\u00edfica Estrangera (10 hores)<br \/>\n\u2022 Equipaments Esportius (10 hores)<br \/>\n\u2022 Inform\u00e0tica B\u00e0sica Aplicada (10 hores)<br \/>\n&#8211; Bloc de formaci\u00f3 pr\u00e0ctica (200 hores)<\/p>\n<p><strong>Segon nivell Descens de barrancs<\/strong> (555 hores)<br \/>\n&#8211; Bloc com\u00fa (150 hores):<br \/>\n\u2022 Bases Anat\u00f2miques i Fisiol\u00f2giques de l&#8217;Esport II (40 hores)<br \/>\n\u2022 Bases Psicopedag\u00f2giques de l&#8217;Ensenyament i l&#8217;Entrenament II (45 hores)<br \/>\n\u2022 Entrenament Esportiu II (40 hores)<br \/>\n\u2022 Organitzaci\u00f3 i Legislaci\u00f3 de l&#8217;Esport II (5 hores)<br \/>\n\u2022 Teoria i Sociologia de l&#8217;Esport (20 hores)<br \/>\n&#8211; Bloc espec\u00edfic (175 hores):<br \/>\n\u2022 Desenvolupament Professional II (10 hores)<br \/>\n\u2022 Coneixement del Medi (20 hores)<br \/>\n\u2022 Psicologia dels Esports de Muntanya i Escalada (10 hores)<br \/>\n\u2022 Formaci\u00f3 T\u00e8cnica i Metodol\u00f2gica del Descens de Barrancs (60 hores)<br \/>\n\u2022 Entrenament del Descens de Barrancs (10 hores)<br \/>\n\u2022 Seguretat en el Descens de Barrancs (35 hores)<br \/>\n\u2022 Conducci\u00f3 en Barrancs (30 hores)<br \/>\n&#8211; Bloc complementari (30 hores)<br \/>\n\u2022 Terminologia Espec\u00edfica Estrangera (10 hores)<br \/>\n\u2022 Equipaments Esportius (10 hores)<br \/>\n\u2022 Inform\u00e0tica B\u00e0sica Aplicada (10 hores)<br \/>\n&#8211; Bloc de formaci\u00f3 pr\u00e0ctica (200 hores)<\/p>\n<p><a href=\"http:\/\/dogc.gencat.cat\/ca\/pdogc_canals_interns\/pdogc_resultats_fitxa\/?documentId=311246&amp;action=fitxa\">M\u00e9s informaci\u00f3 del curr\u00edculum<\/a><\/p>\n<p>&nbsp;<\/p>\n<h4>Prova espec\u00edfica d\u2019acc\u00e9s:<\/h4>\n<p>Per accedir al <strong>primer nivell<\/strong> <strong>d\u2019Excursionisme<\/strong> cal complir els requisits seg\u00fcents:<\/p>\n<p>1- Tenir el t\u00edtol de graduat en educaci\u00f3 secund\u00e0ria obligat\u00f2ria (o equivalent a efectes acad\u00e8mics) o haver superat la prova d&#8217;acc\u00e9s a la universitat per a m\u00e9s grans de 25 anys. Les persones que no compleixen aquests requisits han de superar el curs espec\u00edfic per a l&#8217;acc\u00e9s a cicles de grau mitj\u00e0 o una prova general d&#8217;acc\u00e9s. Per presentar-s&#8217;hi cal tenir com a m\u00ednim 17 anys l&#8217;any en qu\u00e8 es fa la prova.<\/p>\n<p>2- Superar una prova espec\u00edfica:<br \/>\n<a href=\"http:\/\/ensenyament.gencat.cat\/web\/.content\/home\/serveis-tramits\/proves\/proves-acces\/espec-esportius\/contingut\/cont-excursionisme.pdf\">&#8211; Contingut de la prova<\/a><br \/>\n<a href=\"http:\/\/ensenyament.gencat.cat\/ca\/serveis-tramits\/proves\/proves-acces\/espec-esportius\/calendari\/\" target=\"_blank\" rel=\"noopener\">&#8211; Calendari de les proves<\/a><br \/>\n<a href=\"http:\/\/ensenyament.gencat.cat\/web\/.content\/home\/serveis-tramits\/proves\/proves-acces\/espec-esportius\/material\/ma-excursionisme.pdf\">&#8211; Material per fer la prova<\/a><\/p>\n<p>Per accedir al <strong>segon nivell de Muntanya mitjana<\/strong> cal complir els requisits seg\u00fcents:<\/p>\n<p>1- Haver aprovat el primer nivell de l&#8217;especialitat<\/p>\n<p>2- Superar una prova espec\u00edfica:<br \/>\n<a href=\"http:\/\/ensenyament.gencat.cat\/web\/.content\/home\/serveis-tramits\/proves\/proves-acces\/espec-esportius\/contingut\/cont-muntanya-mitjana.pdf\">&#8211; Contingut de la prova<\/a><br \/>\n<a href=\"http:\/\/ensenyament.gencat.cat\/ca\/serveis-tramits\/proves\/proves-acces\/espec-esportius\/calendari\/\" target=\"_blank\" rel=\"noopener\">&#8211; Calendari de les proves<\/a><br \/>\n<a href=\"http:\/\/ensenyament.gencat.cat\/web\/.content\/home\/serveis-tramits\/proves\/proves-acces\/espec-esportius\/material\/ma-muntanya-mitjana.pdf\">&#8211; Material per fer la prova<\/a><\/p>\n<p>Per accedir al <strong>segon nivell de Descens de barrancs<\/strong> cal complir els requisits seg\u00fcents:<\/p>\n<p>1- Haver aprovat el primer nivell de l&#8217;especialitat<\/p>\n<p>2- Superar una prova espec\u00edfica:<br \/>\n<a href=\"http:\/\/ensenyament.gencat.cat\/web\/.content\/home\/serveis-tramits\/proves\/proves-acces\/espec-esportius\/contingut\/cont-descens-barrancs.pdf\">&#8211; Contingut de la prova<\/a><br \/>\n<a href=\"http:\/\/ensenyament.gencat.cat\/ca\/serveis-tramits\/proves\/proves-acces\/espec-esportius\/calendari\/\" target=\"_blank\" rel=\"noopener\">&#8211; Calendari de les proves<\/a><br \/>\n<a href=\"http:\/\/ensenyament.gencat.cat\/web\/.content\/home\/serveis-tramits\/proves\/proves-acces\/espec-esportius\/material\/ma-descens-barrancs.pdf\">&#8211; Material per fer la prova<\/a><\/p>\n<h4><\/h4>\n<h4>Preus:<\/h4>\n<p><a href=\"http:\/\/queestudiar.gencat.cat\/web\/.content\/home\/estudis\/esportius\/preus-publics\/1r-nivell-excursionisme.pdf\">&#8211; Primer nivell d\u2019Excursionisme<\/a><\/p>\n<p><a href=\"http:\/\/queestudiar.gencat.cat\/web\/.content\/home\/estudis\/esportius\/preus-publics\/2n-nivell-muntanya-mitjana.pdf\">&#8211; Segon nivell de Muntanya Mitjana<\/a><\/p>\n<p><a href=\"http:\/\/queestudiar.gencat.cat\/web\/.content\/home\/estudis\/esportius\/preus-publics\/2n-nivell-descens-barrancs.pdf\">&#8211; Segon nivell de Descens de Barrancs<\/a><\/p>\n<p>&nbsp;<\/p>\n<h4><a href=\"https:\/\/agora.xtec.cat\/inscar\/tecnics-esportius\/horaris-i-calendaris\/\">\u00a0Calendaris i horaris del curs actual<\/a><\/h4>\n<p>&nbsp;<\/p>\n","protected":false},"excerpt":{"rendered":"<p>&nbsp;<br \/>\nEls estudis de la modalitat d\u2019esports de muntanya i escalada comprenen quatre especialitats diferents: Muntanya mitjana, Alta muntanya, Descens de barrancs i Escalada. Les quatre especialitats s\u2019inicien amb un primer nivell com\u00fa d\u2019Excursionisme. A l\u2019INS Centre d\u2019Alt Rendiment Esportiu oferim les especialitats de Muntanya mitjana&hellip;  <a href=\"https:\/\/agora.xtec.cat\/inscar\/ensenyaments-esportius\/oferta-formativa-t-e\/esports-de-muntanya-i-escalada\/\" title=\"Read Esports de muntanya i escalada\">Llegeix m\u00e9s\u00bb<\/a><\/p>\n","protected":false},"author":3,"featured_media":0,"parent":1371,"menu_order":0,"comment_status":"closed","ping_status":"closed","template":"page-templates\/side-menu.php","meta":{"_bbp_topic_count":0,"_bbp_reply_count":0,"_bbp_total_topic_count":0,"_bbp_total_reply_count":0,"_bbp_voice_count":0,"_bbp_anonymous_reply_count":0,"_bbp_topic_count_hidden":0,"_bbp_reply_count_hidden":0,"_bbp_forum_subforum_count":0,"footnotes":""},"class_list":["post-1507","page","type-page","status-publish","hentry"],"post_mailing_queue_ids":[],"_links":{"self":[{"href":"https:\/\/agora.xtec.cat\/inscar\/wp-json\/wp\/v2\/pages\/1507","targetHints":{"allow":["GET"]}}],"collection":[{"href":"https:\/\/agora.xtec.cat\/inscar\/wp-json\/wp\/v2\/pages"}],"about":[{"href":"https:\/\/agora.xtec.cat\/inscar\/wp-json\/wp\/v2\/types\/page"}],"author":[{"embeddable":true,"href":"https:\/\/agora.xtec.cat\/inscar\/wp-json\/wp\/v2\/users\/3"}],"replies":[{"embeddable":true,"href":"https:\/\/agora.xtec.cat\/inscar\/wp-json\/wp\/v2\/comments?post=1507"}],"version-history":[{"count":4,"href":"https:\/\/agora.xtec.cat\/inscar\/wp-json\/wp\/v2\/pages\/1507\/revisions"}],"predecessor-version":[{"id":2025,"href":"https:\/\/agora.xtec.cat\/inscar\/wp-json\/wp\/v2\/pages\/1507\/revisions\/2025"}],"up":[{"embeddable":true,"href":"https:\/\/agora.xtec.cat\/inscar\/wp-json\/wp\/v2\/pages\/1371"}],"wp:attachment":[{"href":"https:\/\/agora.xtec.cat\/inscar\/wp-json\/wp\/v2\/media?parent=1507"}],"curies":[{"name":"wp","href":"https:\/\/api.w.org\/{rel}","templated":true}]}}