{"id":1492,"date":"2018-11-05T01:27:59","date_gmt":"2018-11-05T00:27:59","guid":{"rendered":"http:\/\/agora.xtec.cat\/inscar\/?page_id=1492"},"modified":"2019-03-05T12:50:24","modified_gmt":"2019-03-05T11:50:24","slug":"futbol-sala","status":"publish","type":"page","link":"https:\/\/agora.xtec.cat\/inscar\/ensenyaments-esportius\/oferta-formativa-t-e\/futbol-sala\/","title":{"rendered":"Futbol sala"},"content":{"rendered":"<p>El <strong>primer nivell<\/strong> d&#8217;aquests estudis capacita per dur a terme activitats d&#8217;iniciaci\u00f3 al futbol sala i de promoci\u00f3 de la modalitat esportiva en categories infantils i en categories inferiors d&#8217;adults. Tamb\u00e9 capacita per acompanyar l&#8217;equip durant la pr\u00e0ctica esportiva. T\u00e9 una durada de 420 hores (270 en un centre educatiu i 150 en un centre de treball). Si se supera el curs, s\u2019obt\u00e9 el certificat de primer nivell de futbol sala.<\/p>\n<p>El <strong>segon nivell<\/strong> capacita per ensenyar i entrenar esportistes en aquesta modalitat. T\u00e9 una durada de 555 hores (355 en un centre educatiu i 200 en un centre de treball). ). Si se supera el curs, s\u2019obt\u00e9 el t\u00edtol de T\u00e8cnic esportiu en l\u2019especialitat de futbol.<\/p>\n<p>El <strong>tercer nivell<\/strong> capacita per planificar i dirigir l&#8217;entrenament de futbolistes i equips de futbol sala en competicions de nivell mitj\u00e0 i alt, i per dirigir escoles de futbol sala. T\u00e9 una durada de 830 hores (630 en un centre educatiu i 200 en un centre de treball), un curs acad\u00e8mic. Si se supera el curs, s\u2019obt\u00e9 el t\u00edtol de T\u00e8cnic superior esportiu en l\u2019especialitat de futbol sala.<\/p>\n<p>Per accedir al primer nivell els requisits s\u00f3n els explicats en la Informaci\u00f3 general.<\/p>\n<p>Per accedir al segon nivell cal haver aprovat TOT el primer nivell de l\u2019especialitat i no cal superar cap prova espec\u00edfica.<\/p>\n<p>Per accedir al tercer nivell, a m\u00e9s dels requisits generals descrits en la Informaci\u00f3 general, cal acreditar l\u2019experi\u00e8ncia adquirida, despr\u00e9s de l\u2019obtenci\u00f3 del t\u00edtol de t\u00e8cnic esportiu o t\u00e8cnica esportiva, com a entrenador o entrenadora titular d\u2019equips de futbol sala que participin com a m\u00ednim durant una temporada en les categories seg\u00fcents: tercera divisi\u00f3, regional preferent, regional ordin\u00e0ria, lliga nacional juvenil o competicions de les categories juvenil, cadet, infantil, alev\u00ed o benjam\u00ed.<\/p>\n<h4>Continguts:<\/h4>\n<p>Els continguts s&#8217;organitzen en quatre blocs de cr\u00e8dits teoricopr\u00e0ctics: el bloc com\u00fa, format per cr\u00e8dits que constitueixen les bases cient\u00edfiques i psicopedag\u00f2giques necess\u00e0ries per a l&#8217;inici, l&#8217;adaptaci\u00f3 i el perfeccionament de l&#8217;especialitat; el bloc complementari, format per cr\u00e8dits relacionats amb el coneixement de l&#8217;entorn social i els recursos tecnol\u00f2gics de l&#8217;\u00e0mbit de l&#8217;esport; el bloc espec\u00edfic, format per cr\u00e8dits de car\u00e0cter cient\u00edfic, t\u00e8cnic i pr\u00e0ctic corresponents a la modalitat, disciplina o especialitat esportiva, i el bloc de formaci\u00f3 pr\u00e0ctica, que es fa en centres on es poden aplicar els coneixements i les destreses adquirits.<\/p>\n<p>&nbsp;<\/p>\n<p><strong>Primer nivell<\/strong> (455 hores)<\/p>\n<p>&#8211; Bloc com\u00fa (120 hores):<\/p>\n<p>\u2022 Bases Anat\u00f2miques i Fisiol\u00f2giques de l&#8217;Esport I (20 hores)<br \/>\n\u2022 Bases Psicopedag\u00f2giques de l&#8217;Ensenyament i l&#8217;Entrenament I (25 hores)<br \/>\n\u2022 Entrenament Esportiu I (30 hores)<br \/>\n\u2022 Fonaments Sociol\u00f2gics de l&#8217;Esport (5 hores)<br \/>\n\u2022 Organitzaci\u00f3 i Legislaci\u00f3 de l&#8217;Esport I (5 hores)<br \/>\n\u2022 Primers Auxilis i Higiene en l&#8217;Esport (35 hores)<br \/>\n&#8211; Bloc espec\u00edfic (135 hores):<br \/>\n\u2022 Desenvolupament Professional I (10 hores)<br \/>\n\u2022 Direcci\u00f3 d&#8217;Equips I (10 hores)<br \/>\n\u2022 Metodologia de l&#8217;Ensenyament i l&#8217;Entrenament del Futbol Sala I (15 hores)<br \/>\n\u2022 Preparaci\u00f3 F\u00edsica I (15 hores)<br \/>\n\u2022 Regles del Joc I (15 hores)<br \/>\n\u2022 Seguretat Esportiva (10 hores)<br \/>\n\u2022 T\u00e0ctica i Sistemes de Joc I (30 hores)<br \/>\n\u2022 T\u00e8cnica Individual i Col\u00b7lectiva I (30 hores)<br \/>\n&#8211; Bloc complementari (15 hores):<br \/>\n\u2022 Terminologia Espec\u00edfica Catalana (5 hores)<br \/>\n\u2022 Fonaments de l&#8217;Esport Adaptat (10 hores)<\/p>\n<p>&#8211; Bloc de formaci\u00f3 pr\u00e0ctica (150 hores)<\/p>\n<p>&nbsp;<\/p>\n<p><strong>Segon nivell<\/strong> (555 hores)<\/p>\n<p>&#8211; Bloc com\u00fa (150 hores):<\/p>\n<p>\u2022 Bases Anat\u00f2miques i Fisiol\u00f2giques de l&#8217;Esport II (40 hores)<br \/>\n\u2022 Bases Psicopedag\u00f2giques de l&#8217;Ensenyament i l&#8217;Entrenament II (45 hores)<br \/>\n\u2022 Entrenament Esportiu II (40 hores)<br \/>\n\u2022 Organitzaci\u00f3 i Legislaci\u00f3 de l&#8217;Esport II (5 hores)<br \/>\n\u2022 Teoria i Sociologia de l&#8217;Esport (20 hores)<br \/>\n&#8211; Bloc espec\u00edfic (175 hores):<br \/>\n\u2022 Desenvolupament Professional II (15 hores)<br \/>\n\u2022 Direcci\u00f3 d&#8217;Equips II (15 hores)<br \/>\n\u2022 Metodologia de l&#8217;Ensenyament i de l&#8217;Entrenament del Futbol Sala II (20 hores)<br \/>\n\u2022 Preparaci\u00f3 F\u00edsica II (25 hores)<br \/>\n\u2022 Regles del Joc II (15 hores)<br \/>\n\u2022 T\u00e0ctica i Sistemes de Joc II (45 hores)<br \/>\n\u2022 T\u00e8cnica Individual i Col\u00b7lectiva II (40 hores)<br \/>\n&#8211; Bloc complementari (30 hores)<br \/>\n\u2022 Terminologia Espec\u00edfica Estrangera (10 hores)<br \/>\n\u2022 Equipaments Esportius (10 hores)<br \/>\n\u2022 Inform\u00e0tica B\u00e0sica Aplicada (10 hores)<\/p>\n<p>&#8211; Bloc de formaci\u00f3 pr\u00e0ctica (200 hores)<\/p>\n<p>&nbsp;<\/p>\n<p><strong>Tercer nivell<\/strong> (875 hores)<\/p>\n<p>&#8211; Bloc com\u00fa (200 hores):<\/p>\n<p>\u2022 Biomec\u00e0nica Esportiva (30 hores)<br \/>\n\u2022 Entrenament d\u2019Alt Rendiment Esportiu (50 hores)<br \/>\n\u2022 Fisiologia de l\u2019Esfor\u00e7 (40 hores)<br \/>\n\u2022 Gesti\u00f3 de l\u2019Esport (45 hores)<br \/>\n\u2022 Psicologia de l\u2019Alt Rendiment Esportiu (25 hores)<br \/>\n\u2022 Sociologia de l\u2019Esport d\u2019Alt Rendiment (10 hores)<br \/>\n&#8211; Bloc espec\u00edfic (330 hores):<br \/>\n\u2022 Desenvolupament Professional III (30 hores)<br \/>\n\u2022 Direcci\u00f3 d\u2019Equips III (30 hores)<br \/>\n\u2022 Metodologia de l\u2019Ensenyament i l\u2019Entrenament del Futbol Sala III (40 hores)<br \/>\n\u2022 Preparaci\u00f3 F\u00edsica III (35 hores)<br \/>\n\u2022 Regles del Joc III (20 hores)<br \/>\n\u2022 Seguretat Esportiva II (15 hores)<br \/>\n\u2022 T\u00e0ctica i Sistemes de Joc III (90 hores)<br \/>\n\u2022 T\u00e8cnica Individual i Col\u00b7lectiva III (70 hores)<\/p>\n<p>&#8211; Bloc complementari (40 hores):<\/p>\n<p>\u2022 El futbol adaptat (20 hores)<br \/>\n\u2022 Aplicacions inform\u00e0tiques i mitjans multim\u00e8dia en el futbol (20 hores)<br \/>\n&#8211; Projecte final (60 hores)<\/p>\n<p>&#8211; Bloc de formaci\u00f3 pr\u00e0ctica (200 hores)<\/p>\n<p><a href=\"http:\/\/dogc.gencat.cat\/ca\/pdogc_canals_interns\/pdogc_resultats_fitxa\/?action=fitxa&amp;mode=single&amp;documentId=685824&amp;language=ca_ES\">M\u00e9s informaci\u00f3 del curr\u00edculum<\/a><\/p>\n<p>&nbsp;<\/p>\n<h4>Prova espec\u00edfica d\u2019acc\u00e9s:<\/h4>\n<p>\u00c9s imprescindible per poder-se matricular en el primer nivell.<\/p>\n<p><a href=\"http:\/\/ensenyament.gencat.cat\/web\/.content\/home\/serveis-tramits\/proves\/proves-acces\/espec-esportius\/contingut\/cont-futbol-sala.pdf\">&#8211; Contingut de la prova<\/a><\/p>\n<p><a href=\"http:\/\/ensenyament.gencat.cat\/ca\/serveis-tramits\/proves\/proves-acces\/espec-esportius\/calendari\/\" target=\"_blank\" rel=\"noopener\">&#8211; Calendari de les proves<\/a><\/p>\n<p><a href=\"http:\/\/ensenyament.gencat.cat\/web\/.content\/home\/serveis-tramits\/proves\/proves-acces\/espec-esportius\/material\/ma-futbol-sala.pdf\">&#8211; Material per fer la prova<\/a><\/p>\n<p>&nbsp;<\/p>\n<h4>Preus:<\/h4>\n<p><a href=\"http:\/\/queestudiar.gencat.cat\/web\/.content\/home\/estudis\/esportius\/preus-publics\/1r-nivell-futbol-sala.pdf\">&#8211; Primer nivell<\/a><br \/>\n<a href=\"http:\/\/queestudiar.gencat.cat\/web\/.content\/home\/estudis\/esportius\/preus-publics\/2n-nivell-futbol-sala.pdf\">&#8211; Segon nivell<\/a><br \/>\n<a href=\"http:\/\/queestudiar.gencat.cat\/web\/.content\/home\/estudis\/esportius\/preus-publics\/gs-futbol-sala.pdf\">&#8211; Tercer nivell<\/a><\/p>\n<p>&nbsp;<\/p>\n<h4><a href=\"https:\/\/agora.xtec.cat\/inscar\/tecnics-esportius\/horaris-i-calendaris\/\">Calendaris i horaris del curs actual<\/a><\/h4>\n","protected":false},"excerpt":{"rendered":"<p>El primer nivell d&#8217;aquests estudis capacita per dur a terme activitats d&#8217;iniciaci\u00f3 al futbol sala i de promoci\u00f3 de la modalitat esportiva en categories infantils i en categories inferiors d&#8217;adults. Tamb\u00e9 capacita per acompanyar l&#8217;equip durant la pr\u00e0ctica esportiva. T\u00e9 una durada de 420 hores&hellip;  <a href=\"https:\/\/agora.xtec.cat\/inscar\/ensenyaments-esportius\/oferta-formativa-t-e\/futbol-sala\/\" title=\"Read Futbol sala\">Llegeix m\u00e9s\u00bb<\/a><\/p>\n","protected":false},"author":3,"featured_media":0,"parent":1371,"menu_order":0,"comment_status":"closed","ping_status":"closed","template":"page-templates\/side-menu.php","meta":{"_bbp_topic_count":0,"_bbp_reply_count":0,"_bbp_total_topic_count":0,"_bbp_total_reply_count":0,"_bbp_voice_count":0,"_bbp_anonymous_reply_count":0,"_bbp_topic_count_hidden":0,"_bbp_reply_count_hidden":0,"_bbp_forum_subforum_count":0,"footnotes":""},"class_list":["post-1492","page","type-page","status-publish","hentry"],"post_mailing_queue_ids":[],"_links":{"self":[{"href":"https:\/\/agora.xtec.cat\/inscar\/wp-json\/wp\/v2\/pages\/1492","targetHints":{"allow":["GET"]}}],"collection":[{"href":"https:\/\/agora.xtec.cat\/inscar\/wp-json\/wp\/v2\/pages"}],"about":[{"href":"https:\/\/agora.xtec.cat\/inscar\/wp-json\/wp\/v2\/types\/page"}],"author":[{"embeddable":true,"href":"https:\/\/agora.xtec.cat\/inscar\/wp-json\/wp\/v2\/users\/3"}],"replies":[{"embeddable":true,"href":"https:\/\/agora.xtec.cat\/inscar\/wp-json\/wp\/v2\/comments?post=1492"}],"version-history":[{"count":3,"href":"https:\/\/agora.xtec.cat\/inscar\/wp-json\/wp\/v2\/pages\/1492\/revisions"}],"predecessor-version":[{"id":2023,"href":"https:\/\/agora.xtec.cat\/inscar\/wp-json\/wp\/v2\/pages\/1492\/revisions\/2023"}],"up":[{"embeddable":true,"href":"https:\/\/agora.xtec.cat\/inscar\/wp-json\/wp\/v2\/pages\/1371"}],"wp:attachment":[{"href":"https:\/\/agora.xtec.cat\/inscar\/wp-json\/wp\/v2\/media?parent=1492"}],"curies":[{"name":"wp","href":"https:\/\/api.w.org\/{rel}","templated":true}]}}