{"id":1479,"date":"2018-11-05T00:58:07","date_gmt":"2018-11-04T23:58:07","guid":{"rendered":"http:\/\/agora.xtec.cat\/inscar\/?page_id=1479"},"modified":"2025-06-12T12:20:31","modified_gmt":"2025-06-12T10:20:31","slug":"informacio","status":"publish","type":"page","link":"https:\/\/agora.xtec.cat\/inscar\/secretaria\/secretaria-eso-i-batxillerat\/informacio\/","title":{"rendered":"INSTRUCCIONS MATR\u00cdCULA \u2013 ALUMNES ESO I BATXILLERAT"},"content":{"rendered":"<h5><\/h5>\n<h5><strong>ESO i Batxillerat. Matr\u00edcula. \u00a0 \u00a0\u00a0 <span style=\"color: #ff0000;\">ATENCI\u00d3!!! \u00a0 \u00a0Nom\u00e9s alumnat de\u00a0nova incorporaci\u00f3\u00a0a l\u2019Institut CAR<\/span><\/strong><\/h5>\n<h5><strong><a href=\"https:\/\/agora.xtec.cat\/inscar\/wp-content\/uploads\/usu1537\/2020\/07\/Captura-de-pantalla-2020-07-07-a-las-20.58.55.png\">\u00a0 \u00a0 \u00a0 \u00a0 \u00a0 \u00a0 \u00a0 \u00a0 \u00a0 \u00a0 \u00a0 \u00a0 \u00a0 \u00a0 \u00a0 \u00a0 \u00a0<\/a><\/strong><\/h5>\n<h5><a href=\"https:\/\/drive.google.com\/file\/d\/1X7e2PNNSQach9yOr5IicXt138lHV8Z-w\/view?usp=sharing\" target=\"_blank\" rel=\"noopener noreferrer\"><strong>Qu\u00e8 he de fer quan la meva filla o el meu\u00a0fill inicia els seus estudis per a l\u2019Institut?<\/strong><\/a><\/h5>\n<p>&nbsp;<\/p>\n<p><strong>1. Fer la Matr\u00edcula al centre.<\/strong> Un cop teniu aprovada la beca, si decidiu que la vostra<br \/>\nfilla o el vostre fill estudi\u00ef a l\u2019Institut CAR, cal fer la matr\u00edcula<\/p>\n<p><strong>2.<\/strong> Per comen\u00e7ar haureu de fer \u00e9s donar de baixa al vostre fill o filla de l\u2019institut on<br \/>\nestigui matriculat.<\/p>\n<p><strong>3.<\/strong> Per fer la matr\u00edcula a l\u2019Institut CAR teniu fins el 25 de juliol per enviar la seg\u00fcent documentaci\u00f3 a <a href=\"mailto:esobatx.matricula@ies.car.edu\" target=\"_blank\" rel=\"noopener noreferrer\"><span class=\"il\">esobatx.matricula@ies.car.edu<\/span><\/a> \u00a0(si obteniu la beca m\u00e9s tard, aviseu-nos tant aviat com sigui possible).<\/p>\n<p><a href=\"https:\/\/drive.google.com\/file\/d\/1AI5RqliFtdKfHlCdH0jgiwCQMedtXCGB\/view?usp=sharing\" target=\"_blank\" rel=\"noopener\">\u2022 Full de matr\u00edcula (\u00e9s important que estigui degudament emplenat).<\/a><\/p>\n<p>\u2022 Full de tria de mat\u00e8ries optatives (per alumnes que cursaran <strong>4t d\u2019ESO<\/strong> \u00a0o \u00a0\u00a0<strong>Batxillerat.\u00a0<\/strong><\/p>\n<ul>\n<li><a href=\"https:\/\/drive.google.com\/file\/d\/18Mrk0SDEDVdcLB3XAk0g2IcrmAewECcF\/view?usp=sharing\">Full de 4t ESO<\/a><\/li>\n<li><a href=\"https:\/\/drive.google.com\/file\/d\/17NqAmiiPQYamtvCQGXDf0u_zI89oxnQm\/view?usp=sharing\">Batxillerat<\/a><\/li>\n<\/ul>\n<p>\u2022 <a href=\"https:\/\/drive.google.com\/file\/d\/1HCDq9m14tfgjKaDm6q2bTS8c5Fxgqn0J\/view?usp=sharing\">Sol\u00b7licitud de reserva d\u2019armariet<\/a> (en cas que us interessi).<\/p>\n<p>\u2022 Resguard del <a href=\"https:\/\/drive.google.com\/file\/d\/1ErbbLMT8HdVzfHZayHjm7Ql2CKhi1_tX\/view?usp=sharing\">pagament del material i l\u2019asseguran\u00e7a escolar<\/a>.<\/p>\n<p>\u2022 C\u00f2pia del DNI de l\u2019alumne\/a pare i mare o de la targeta de resid\u00e8ncia on consta el NIE si es<\/p>\n<p>tracta de persones estrangeres.<\/p>\n<p>\u2022 C\u00f2pia del llibre de fam\u00edlia (o altres documents relatius a la filiaci\u00f3).<\/p>\n<p style=\"font-family: 'Helvetica Neue', Helvetica, Helvetica, Arial, sans-serif; font-size: 16px;\">\u2022 C\u00f2pia de la targeta sanit\u00e0ria individual (TSI), si la teniu.<\/p>\n<p style=\"font-family: 'Helvetica Neue', Helvetica, Helvetica, Arial, sans-serif; font-size: 16px;\">\u2022 C\u00f2pia del butllet\u00ed de notes finals del curs anterior.<\/p>\n<p style=\"font-family: 'Helvetica Neue', Helvetica, Helvetica, Arial, sans-serif; font-size: 16px;\">\u2022 C\u00f2pia del resguard del t\u00edtol ESO (nom\u00e9s per a alumnes que es matriculin a primer de batxillerat).<\/p>\n<p style=\"font-family: 'Helvetica Neue', Helvetica, Helvetica, Arial, sans-serif; font-size: 16px;\">\u2022 C\u00f2pia del Carnet de vacunes.<\/p>\n<p>&nbsp;<\/p>\n<p><strong>Per qualsevol aclariment us podeu posar en contacte amb nosaltres:<\/strong><\/p>\n<ul>\n<li><strong>Escrivint un correu electr\u00f2nic a l\u2019adre\u00e7a \u00a0iescar@ies.car.edu<\/strong><\/li>\n<li><strong style=\"font-family: inherit; font-size: 1em;\">Per tel\u00e8fon. Trucant al 936 75 39 50.<\/strong><\/li>\n<\/ul>\n<p>&nbsp;<\/p>\n<p>&nbsp;<\/p>\n<p>&nbsp;<\/p>\n<p>&nbsp;<\/p>\n<p>&nbsp;<\/p>\n","protected":false},"excerpt":{"rendered":"<p>ESO i Batxillerat. Matr\u00edcula. \u00a0 \u00a0\u00a0 ATENCI\u00d3!!! \u00a0 \u00a0Nom\u00e9s alumnat de\u00a0nova incorporaci\u00f3\u00a0a l\u2019Institut CAR<br \/>\n<a href=\"https:\/\/agora.xtec.cat\/inscar\/wp-content\/uploads\/usu1537\/2020\/07\/Captura-de-pantalla-2020-07-07-a-las-20.58.55.png\">\u00a0 \u00a0 \u00a0 \u00a0 \u00a0 \u00a0 \u00a0 \u00a0 \u00a0 \u00a0 \u00a0 \u00a0 \u00a0 \u00a0 \u00a0 \u00a0 \u00a0<\/a><br \/>\n<a href=\"https:\/\/drive.google.com\/file\/d\/1X7e2PNNSQach9yOr5IicXt138lHV8Z-w\/view?usp=sharing\" target=\"_blank\" rel=\"noopener noreferrer\">Qu\u00e8 he de fer quan la meva filla o el meu\u00a0fill&hellip;  <a href=\"https:\/\/agora.xtec.cat\/inscar\/secretaria\/secretaria-eso-i-batxillerat\/informacio\/\" title=\"Read INSTRUCCIONS MATR\u00cdCULA \u2013 ALUMNES ESO I BATXILLERAT\">Llegeix m\u00e9s\u00bb<\/a><\/p>\n","protected":false},"author":3,"featured_media":0,"parent":1608,"menu_order":0,"comment_status":"closed","ping_status":"closed","template":"","meta":{"_bbp_topic_count":0,"_bbp_reply_count":0,"_bbp_total_topic_count":0,"_bbp_total_reply_count":0,"_bbp_voice_count":0,"_bbp_anonymous_reply_count":0,"_bbp_topic_count_hidden":0,"_bbp_reply_count_hidden":0,"_bbp_forum_subforum_count":0,"footnotes":""},"class_list":["post-1479","page","type-page","status-publish","hentry"],"post_mailing_queue_ids":[],"_links":{"self":[{"href":"https:\/\/agora.xtec.cat\/inscar\/wp-json\/wp\/v2\/pages\/1479","targetHints":{"allow":["GET"]}}],"collection":[{"href":"https:\/\/agora.xtec.cat\/inscar\/wp-json\/wp\/v2\/pages"}],"about":[{"href":"https:\/\/agora.xtec.cat\/inscar\/wp-json\/wp\/v2\/types\/page"}],"author":[{"embeddable":true,"href":"https:\/\/agora.xtec.cat\/inscar\/wp-json\/wp\/v2\/users\/3"}],"replies":[{"embeddable":true,"href":"https:\/\/agora.xtec.cat\/inscar\/wp-json\/wp\/v2\/comments?post=1479"}],"version-history":[{"count":7,"href":"https:\/\/agora.xtec.cat\/inscar\/wp-json\/wp\/v2\/pages\/1479\/revisions"}],"predecessor-version":[{"id":5613,"href":"https:\/\/agora.xtec.cat\/inscar\/wp-json\/wp\/v2\/pages\/1479\/revisions\/5613"}],"up":[{"embeddable":true,"href":"https:\/\/agora.xtec.cat\/inscar\/wp-json\/wp\/v2\/pages\/1608"}],"wp:attachment":[{"href":"https:\/\/agora.xtec.cat\/inscar\/wp-json\/wp\/v2\/media?parent=1479"}],"curies":[{"name":"wp","href":"https:\/\/api.w.org\/{rel}","templated":true}]}}