{"id":1378,"date":"2018-10-14T22:37:08","date_gmt":"2018-10-14T20:37:08","guid":{"rendered":"http:\/\/agora.xtec.cat\/inscar\/?page_id=1378"},"modified":"2019-01-04T00:30:37","modified_gmt":"2019-01-03T23:30:37","slug":"matriculahttps-agora-xtec-cat-inscar-secretaria-tecnics-esportius","status":"publish","type":"page","link":"https:\/\/agora.xtec.cat\/inscar\/ensenyaments-esportius\/matriculahttps-agora-xtec-cat-inscar-secretaria-tecnics-esportius\/","title":{"rendered":"Preinscripci\u00f3 i Matr\u00edcula"},"content":{"rendered":"<p>&nbsp;<\/p>\n<h4><a href=\"https:\/\/agora.xtec.cat\/inscar\/secretaria\/secretaria-tecnics-esportius\/\"><strong>Preinscripci\u00f3 i Matr\u00edcula de t\u00e8cnics esportius.<\/strong>\u00a0 <strong>(Enlla\u00e7 a Secretaria)<\/strong><\/a><\/h4>\n<p>&nbsp;<\/p>\n<p>&nbsp;<\/p>\n","protected":false},"excerpt":{"rendered":"<p>&nbsp;<br \/>\n<a href=\"https:\/\/agora.xtec.cat\/inscar\/secretaria\/secretaria-tecnics-esportius\/\">Preinscripci\u00f3 i Matr\u00edcula de t\u00e8cnics esportius.\u00a0 (Enlla\u00e7 a Secretaria)<\/a><br \/>\n&nbsp;<br \/>\n&nbsp;<\/p>\n","protected":false},"author":3,"featured_media":0,"parent":1336,"menu_order":0,"comment_status":"closed","ping_status":"closed","template":"page-templates\/side-menu.php","meta":{"_bbp_topic_count":0,"_bbp_reply_count":0,"_bbp_total_topic_count":0,"_bbp_total_reply_count":0,"_bbp_voice_count":0,"_bbp_anonymous_reply_count":0,"_bbp_topic_count_hidden":0,"_bbp_reply_count_hidden":0,"_bbp_forum_subforum_count":0,"footnotes":""},"class_list":["post-1378","page","type-page","status-publish","hentry"],"post_mailing_queue_ids":[],"_links":{"self":[{"href":"https:\/\/agora.xtec.cat\/inscar\/wp-json\/wp\/v2\/pages\/1378","targetHints":{"allow":["GET"]}}],"collection":[{"href":"https:\/\/agora.xtec.cat\/inscar\/wp-json\/wp\/v2\/pages"}],"about":[{"href":"https:\/\/agora.xtec.cat\/inscar\/wp-json\/wp\/v2\/types\/page"}],"author":[{"embeddable":true,"href":"https:\/\/agora.xtec.cat\/inscar\/wp-json\/wp\/v2\/users\/3"}],"replies":[{"embeddable":true,"href":"https:\/\/agora.xtec.cat\/inscar\/wp-json\/wp\/v2\/comments?post=1378"}],"version-history":[{"count":3,"href":"https:\/\/agora.xtec.cat\/inscar\/wp-json\/wp\/v2\/pages\/1378\/revisions"}],"predecessor-version":[{"id":1674,"href":"https:\/\/agora.xtec.cat\/inscar\/wp-json\/wp\/v2\/pages\/1378\/revisions\/1674"}],"up":[{"embeddable":true,"href":"https:\/\/agora.xtec.cat\/inscar\/wp-json\/wp\/v2\/pages\/1336"}],"wp:attachment":[{"href":"https:\/\/agora.xtec.cat\/inscar\/wp-json\/wp\/v2\/media?parent=1378"}],"curies":[{"name":"wp","href":"https:\/\/api.w.org\/{rel}","templated":true}]}}