{"id":9672,"date":"2025-03-26T16:47:23","date_gmt":"2025-03-26T15:47:23","guid":{"rendered":"https:\/\/agora.xtec.cat\/inscanvilumara\/?page_id=9672"},"modified":"2025-07-29T10:25:44","modified_gmt":"2025-07-29T08:25:44","slug":"preinscripcions-i-matricula-grau-superior","status":"publish","type":"page","link":"https:\/\/agora.xtec.cat\/inscanvilumara\/preinscripcions-i-matricula-grau-superior\/","title":{"rendered":"Cicles Formatius Grau Superior"},"content":{"rendered":"<p><strong>3A TANDA CFGS<\/strong><\/p>\n<p>Alumnes assignats al centre en tercera tanda a 28\/07\/2025<\/p>\n<p><a href=\"https:\/\/agora.xtec.cat\/inscanvilumara\/wp-content\/uploads\/usu1655\/2025\/07\/INFORME_ASSIGNADES_INFORME_ASSIGNADES-3T-CFGS.pdf\">INFORME_ASSIGNADES_INFORME_ASSIGNADES 3T CFGS<\/a><\/p>\n<p>Alumnes preinscrits al centre 29\/07\/2025<\/p>\n<p><a href=\"https:\/\/agora.xtec.cat\/inscanvilumara\/wp-content\/uploads\/usu1655\/2025\/07\/INFORME_PREINSCRITES_OME_INFORME_PREINSCRITES_OME-3T-CFGS.pdf\">INFORME_PREINSCRITES_OME_INFORME_PREINSCRITES_OME 3T CFGS<\/a><\/p>\n<p><strong>2A TANDA CFGS<\/strong><\/p>\n<p>Els qui heu\u00a0<strong>acceptat<\/strong> pla\u00e7a en 2a tanda ja podeu accedir al proc\u00e9s de matriculaci\u00f3 clicant <a href=\"https:\/\/inscanvilumara.taabolo.com\/\">aqu\u00ed.<\/a><\/p>\n<p><strong>MOLT IMPORTANT:<\/strong> Per saber si heu finalitzat i tramitat la matr\u00edcula, us sortir\u00e0 un missatge conforme s\u2019ha tramitat correctament (amb fons verd). Si no ho heu finalitzat dins el termini indicat, podeu perdre la pla\u00e7a. Cal que completeu la p\u00e0gina on us trobeu per poder seguir a la seg\u00fcent i finalitzar despr\u00e9s del pagament. Finalitza el 23 de juliol.<\/p>\n<p>Alumnes preinscrits al centre amb indicaci\u00f3 de l&#8217;assignaci\u00f3 i l&#8217;ordre de petici\u00f3 de la segona tanda a 17\/07\/2025<\/p>\n<p><a href=\"https:\/\/agora.xtec.cat\/inscanvilumara\/wp-content\/uploads\/usu1655\/2025\/07\/INFORME_PREINSCRITES_OME_INFORME_PREINSCRITES_OME-2A-TANDA-CFGS.pdf\">INFORME_PREINSCRITES_OME_INFORME_PREINSCRITES_OME 2A TANDA CFGS<\/a><\/p>\n<p>Alumnes assignats al centre en segona tanda a 17\/07\/2025<\/p>\n<p><a href=\"https:\/\/agora.xtec.cat\/inscanvilumara\/wp-content\/uploads\/usu1655\/2025\/07\/INFORME_ASSIGNADES_INFORME_ASSIGNADES-2A-TANDA-CFGS.pdf\">INFORME_ASSIGNADES_INFORME_ASSIGNADES 2A TANDA CFGS<\/a><\/p>\n<p><strong>ATENCI\u00d3 1A TANDA CFGS<\/strong><\/p>\n<p>L&#8217;alumnat que va obtenir pla\u00e7a en 1a TANDA s&#8217;ha de matricular clicant <a href=\"https:\/\/inscanvilumara.taabolo.com\/procediment_matricula\/TBL20\">aqu\u00ed<\/a><\/p>\n<p>Us aconsellem fer-ho en un moment tranquil i amb un ordinador. El sistema t&#8217;expulsa si no has complimentat la p\u00e0gina on ets i vols passar a la seg\u00fcent. Si deses, se&#8217;t guarden les dades i pots tornar en un altre moment, sempre i quan hagis passat a l&#8217;\u00faltim pas i<strong> FINALITZIS<\/strong> dins del termini que \u00e9s fins el 21 de juliol. \u00c9s <strong>molt IMPORTANT que completis<\/strong> tota la matr\u00edcula perqu\u00e8 sigui validada. S&#8217;ha d&#8217;entrar amb el n\u00famero de preinscripci\u00f3 que hi ha despr\u00e9s del guionet. Exemple: PRE25-26XXXXXXX0 posareu 26XXXXXXX0<\/p>\n<p>&nbsp;<\/p>\n<p>&nbsp;<\/p>\n<p>Publicaci\u00f3 de l&#8217;oferta definitiva de places<\/p>\n<p><a href=\"https:\/\/agora.xtec.cat\/inscanvilumara\/wp-content\/uploads\/usu1655\/2025\/07\/INFORME_OFERTA_OME_INFORME_OFERTA-DEFINITIVA-CFGS.pdf\">INFORME_OFERTA_OME_INFORME_OFERTA DEFINITIVA CFGS<\/a><\/p>\n<p>Alumnes assignats al centre en primera tanda a 10\/07\/2025<\/p>\n<p>Atenci\u00f3: Nom\u00e9s es poden matricular els qui han obtingut pla\u00e7a en el centre que han posat en 1a opci\u00f3 (ordre de petici\u00f3 1)<\/p>\n<p><a href=\"https:\/\/agora.xtec.cat\/inscanvilumara\/wp-content\/uploads\/usu1655\/2025\/07\/INFORME_ASSIGNADES_INFORME_ASSIGNADES-CFGS-1T-1.pdf\">INFORME_ASSIGNADES_INFORME_ASSIGNADES CFGS 1T<\/a><\/p>\n<p>Publicaci\u00f3 de la llista de sol\u00b7licituds que han demanat el centre i l&#8217;ensenyament en primera petici\u00f3 amb la puntuaci\u00f3 resoltes les reclamacions a 04\/07\/2025<\/p>\n<p><a href=\"https:\/\/agora.xtec.cat\/inscanvilumara\/wp-content\/uploads\/usu1655\/2025\/07\/INFORME_BAREM_RESOLTES_BAREM-CFGS.pdf\">INFORME_BAREM_RESOLTES_BAREM CFGS<\/a><\/p>\n<p>CFPS &#8211; 2025-2026 &#8211; Cicles de formaci\u00f3 professional de grau superior Publicaci\u00f3 de la llista de sol\u00b7licituds que han demanat el centre i l&#8217;ensenyament en primera petici\u00f3 amb la puntuaci\u00f3 provisional a 27\/06\/2025<\/p>\n<p><a href=\"https:\/\/agora.xtec.cat\/inscanvilumara\/wp-content\/uploads\/usu1655\/2025\/06\/INFORME_BAREM_PROVISIONAL_BAREM-CFGS.pdf\">INFORME_BAREM_PROVISIONAL_BAREM CFGS<\/a><\/p>\n<p>Quotes curs 2025-26<\/p>\n<p><a href=\"https:\/\/agora.xtec.cat\/inscanvilumara\/wp-content\/uploads\/usu1655\/2025\/06\/QUOTES-CICLES-FORMATIUS-CURS-2025-26.pdf\">QUOTES CICLES FORMATIUS CURS 2025 26<\/a><\/p>\n<p>Publicaci\u00f3 de l&#8217;oferta inicial de places a Cicle Formatiu Grau Superior:<\/p>\n<p><a href=\"https:\/\/agora.xtec.cat\/inscanvilumara\/wp-content\/uploads\/usu1655\/2025\/05\/INFORME_OFERTA_OME_INFORME_OFERTA-CFGS.pdf\">INFORME_OFERTA_OME_INFORME_OFERTA CFGS<\/a><\/p>\n<p>Clica\u00a0<a href=\"https:\/\/preinscripcio.gencat.cat\/ca\/estudis\/fp-grau-superior\/inici\/index.html\">aqu\u00ed<\/a>\u00a0per obtenir informaci\u00f3 del proc\u00e9s i accedir a la preinscripci\u00f3.<\/p>\n","protected":false},"excerpt":{"rendered":"<p>3A TANDA CFGS<br \/>\nAlumnes assignats al centre en tercera tanda a 28\/07\/2025<br \/>\n<a href=\"https:\/\/agora.xtec.cat\/inscanvilumara\/wp-content\/uploads\/usu1655\/2025\/07\/INFORME_ASSIGNADES_INFORME_ASSIGNADES-3T-CFGS.pdf\">INFORME_ASSIGNADES_INFORME_ASSIGNADES 3T CFGS<\/a><br \/>\nAlumnes preinscrits al centre 29\/07\/2025<br \/>\n<a href=\"https:\/\/agora.xtec.cat\/inscanvilumara\/wp-content\/uploads\/usu1655\/2025\/07\/INFORME_PREINSCRITES_OME_INFORME_PREINSCRITES_OME-3T-CFGS.pdf\">INFORME_PREINSCRITES_OME_INFORME_PREINSCRITES_OME 3T CFGS<\/a><br \/>\n2A TANDA CFGS<br \/>\nEls qui heu\u00a0acceptat pla\u00e7a en 2a tanda ja podeu accedir al proc\u00e9s de matriculaci\u00f3 clicant <a href=\"https:\/\/inscanvilumara.taabolo.com\/\">aqu\u00ed.<\/a><br \/>\nMOLT IMPORTANT: Per saber si heu finalitzat&hellip;  <a href=\"https:\/\/agora.xtec.cat\/inscanvilumara\/preinscripcions-i-matricula-grau-superior\/\" title=\"Read Cicles Formatius Grau Superior\">Llegeix m\u00e9s\u00bb<\/a><\/p>\n","protected":false},"author":45,"featured_media":0,"parent":0,"menu_order":0,"comment_status":"closed","ping_status":"closed","template":"","meta":{"_bbp_topic_count":0,"_bbp_reply_count":0,"_bbp_total_topic_count":0,"_bbp_total_reply_count":0,"_bbp_voice_count":0,"_bbp_anonymous_reply_count":0,"_bbp_topic_count_hidden":0,"_bbp_reply_count_hidden":0,"_bbp_forum_subforum_count":0,"footnotes":""},"class_list":["post-9672","page","type-page","status-publish","hentry"],"post_mailing_queue_ids":[],"_links":{"self":[{"href":"https:\/\/agora.xtec.cat\/inscanvilumara\/wp-json\/wp\/v2\/pages\/9672","targetHints":{"allow":["GET"]}}],"collection":[{"href":"https:\/\/agora.xtec.cat\/inscanvilumara\/wp-json\/wp\/v2\/pages"}],"about":[{"href":"https:\/\/agora.xtec.cat\/inscanvilumara\/wp-json\/wp\/v2\/types\/page"}],"author":[{"embeddable":true,"href":"https:\/\/agora.xtec.cat\/inscanvilumara\/wp-json\/wp\/v2\/users\/45"}],"replies":[{"embeddable":true,"href":"https:\/\/agora.xtec.cat\/inscanvilumara\/wp-json\/wp\/v2\/comments?post=9672"}],"version-history":[{"count":6,"href":"https:\/\/agora.xtec.cat\/inscanvilumara\/wp-json\/wp\/v2\/pages\/9672\/revisions"}],"predecessor-version":[{"id":9993,"href":"https:\/\/agora.xtec.cat\/inscanvilumara\/wp-json\/wp\/v2\/pages\/9672\/revisions\/9993"}],"wp:attachment":[{"href":"https:\/\/agora.xtec.cat\/inscanvilumara\/wp-json\/wp\/v2\/media?parent=9672"}],"curies":[{"name":"wp","href":"https:\/\/api.w.org\/{rel}","templated":true}]}}