{"id":9653,"date":"2025-03-25T08:12:28","date_gmt":"2025-03-25T07:12:28","guid":{"rendered":"https:\/\/agora.xtec.cat\/inscanvilumara\/?page_id=9653"},"modified":"2025-06-19T13:02:31","modified_gmt":"2025-06-19T11:02:31","slug":"preinscripcions-i-matricula-grau-basic","status":"publish","type":"page","link":"https:\/\/agora.xtec.cat\/inscanvilumara\/preinscripcions-i-matricula-grau-basic\/","title":{"rendered":"Preinscripcions i matr\u00edcula de cicles formatius grau b\u00e0sic"},"content":{"rendered":"<p><strong>Cicle Formatiu Grau B\u00e0sic Inform\u00e0tica i comunicacions<\/strong><\/p>\n<p>Preus curs 2025-26<\/p>\n<p><a href=\"https:\/\/agora.xtec.cat\/inscanvilumara\/wp-content\/uploads\/usu1655\/2025\/06\/QUOTES-CICLES-FORMATIUS-CURS-2025-26.pdf\">QUOTES CICLES FORMATIUS CURS 2025 26<\/a><\/p>\n<p>Publicaci\u00f3 de les llistes d&#8217;admesos<\/p>\n<p><a href=\"https:\/\/agora.xtec.cat\/inscanvilumara\/wp-content\/uploads\/usu1655\/2025\/06\/Llistat-admesos-CFGB-2025-26.pdf\">Llistat admesos CFGB 2025 26<\/a><\/p>\n<p>Publicaci\u00f3 de les llistes de sol\u00b7licituds amb la puntuaci\u00f3 provisional a 30 de maig de 2025<\/p>\n<p><a href=\"https:\/\/agora.xtec.cat\/inscanvilumara\/wp-content\/uploads\/usu1655\/2025\/05\/Cicle-Formatiu-Grau-Basic-Informatica-doficina.pdf\">Cicle Formatiu Grau B\u00e0sic &#8211; Inform\u00e0tica d&#8217;oficina<\/a><\/p>\n<p>Clica\u00a0<a href=\"https:\/\/preinscripcio.gencat.cat\/ca\/estudis\/fp-basica\/inici\/index.html\">aqu\u00ed<\/a>\u00a0per obtenir informaci\u00f3 del proc\u00e9s i accedir a la preinscripci\u00f3.<\/p>\n<p>ATENCI\u00d3: L&#8217;alumnat que estigui interessat en fer la preinscripci\u00f3 de Cicle Formatiu Grau B\u00e0sic, \u00e9s IMPORTANT que agafi cita pr\u00e8via a secretaria clicant <a href=\"https:\/\/agora.xtec.cat\/inscanvilumara\/secretaria\/\">aqu\u00ed<\/a><\/p>\n<p>Porteu a la cita tota la documentaci\u00f3 necess\u00e0ria que podeu trobar a:<\/p>\n<p>https:\/\/preinscripcio.gencat.cat\/ca\/estudis\/fp-basica\/preinscriute\/sollicitud\/<\/p>\n<p>TERMINI DE PRESENTACI\u00d3 DE SOL.LICITUDS: DEL 15 AL 23 DE MAIG<\/p>\n<p>Per a m\u00e9s informaci\u00f3:<\/p>\n<p><a href=\"https:\/\/drive.google.com\/file\/d\/12KECgUxeUqXDTWN6KfHIjENL-B7JOJr6\/view?usp=sharing\"><img loading=\"lazy\" decoding=\"async\" class=\"alignnone size-large wp-image-9796\" src=\"https:\/\/agora.xtec.cat\/inscanvilumara\/wp-content\/uploads\/usu1655\/2025\/05\/Captura-de-pantalla-2025-05-13-124644-1024x559.jpg\" alt=\"\" width=\"1024\" height=\"559\" srcset=\"https:\/\/agora.xtec.cat\/inscanvilumara\/wp-content\/uploads\/usu1655\/2025\/05\/Captura-de-pantalla-2025-05-13-124644-1024x559.jpg 1024w, https:\/\/agora.xtec.cat\/inscanvilumara\/wp-content\/uploads\/usu1655\/2025\/05\/Captura-de-pantalla-2025-05-13-124644-300x164.jpg 300w, https:\/\/agora.xtec.cat\/inscanvilumara\/wp-content\/uploads\/usu1655\/2025\/05\/Captura-de-pantalla-2025-05-13-124644-768x419.jpg 768w, https:\/\/agora.xtec.cat\/inscanvilumara\/wp-content\/uploads\/usu1655\/2025\/05\/Captura-de-pantalla-2025-05-13-124644.jpg 1204w\" sizes=\"auto, (max-width: 1024px) 100vw, 1024px\" \/><\/a><\/p>\n","protected":false},"excerpt":{"rendered":"<p>Cicle Formatiu Grau B\u00e0sic Inform\u00e0tica i comunicacions<br \/>\nPreus curs 2025-26<br \/>\n<a href=\"https:\/\/agora.xtec.cat\/inscanvilumara\/wp-content\/uploads\/usu1655\/2025\/06\/QUOTES-CICLES-FORMATIUS-CURS-2025-26.pdf\">QUOTES CICLES FORMATIUS CURS 2025 26<\/a><br \/>\nPublicaci\u00f3 de les llistes d&#8217;admesos<br \/>\n<a href=\"https:\/\/agora.xtec.cat\/inscanvilumara\/wp-content\/uploads\/usu1655\/2025\/06\/Llistat-admesos-CFGB-2025-26.pdf\">Llistat admesos CFGB 2025 26<\/a><br \/>\nPublicaci\u00f3 de les llistes de sol\u00b7licituds amb la puntuaci\u00f3 provisional a 30 de maig de 2025<br \/>\n<a href=\"https:\/\/agora.xtec.cat\/inscanvilumara\/wp-content\/uploads\/usu1655\/2025\/05\/Cicle-Formatiu-Grau-Basic-Informatica-doficina.pdf\">Cicle Formatiu Grau B\u00e0sic &#8211; Inform\u00e0tica&hellip;  <a href=\"https:\/\/agora.xtec.cat\/inscanvilumara\/preinscripcions-i-matricula-grau-basic\/\" title=\"Read Preinscripcions i matr\u00edcula de cicles formatius grau b\u00e0sic\">Llegeix m\u00e9s\u00bb<\/a><\/p>\n","protected":false},"author":45,"featured_media":0,"parent":0,"menu_order":0,"comment_status":"closed","ping_status":"closed","template":"","meta":{"_bbp_topic_count":0,"_bbp_reply_count":0,"_bbp_total_topic_count":0,"_bbp_total_reply_count":0,"_bbp_voice_count":0,"_bbp_anonymous_reply_count":0,"_bbp_topic_count_hidden":0,"_bbp_reply_count_hidden":0,"_bbp_forum_subforum_count":0,"footnotes":""},"class_list":["post-9653","page","type-page","status-publish","hentry"],"post_mailing_queue_ids":[],"_links":{"self":[{"href":"https:\/\/agora.xtec.cat\/inscanvilumara\/wp-json\/wp\/v2\/pages\/9653","targetHints":{"allow":["GET"]}}],"collection":[{"href":"https:\/\/agora.xtec.cat\/inscanvilumara\/wp-json\/wp\/v2\/pages"}],"about":[{"href":"https:\/\/agora.xtec.cat\/inscanvilumara\/wp-json\/wp\/v2\/types\/page"}],"author":[{"embeddable":true,"href":"https:\/\/agora.xtec.cat\/inscanvilumara\/wp-json\/wp\/v2\/users\/45"}],"replies":[{"embeddable":true,"href":"https:\/\/agora.xtec.cat\/inscanvilumara\/wp-json\/wp\/v2\/comments?post=9653"}],"version-history":[{"count":8,"href":"https:\/\/agora.xtec.cat\/inscanvilumara\/wp-json\/wp\/v2\/pages\/9653\/revisions"}],"predecessor-version":[{"id":9874,"href":"https:\/\/agora.xtec.cat\/inscanvilumara\/wp-json\/wp\/v2\/pages\/9653\/revisions\/9874"}],"wp:attachment":[{"href":"https:\/\/agora.xtec.cat\/inscanvilumara\/wp-json\/wp\/v2\/media?parent=9653"}],"curies":[{"name":"wp","href":"https:\/\/api.w.org\/{rel}","templated":true}]}}