{"id":9648,"date":"2025-03-25T08:07:33","date_gmt":"2025-03-25T07:07:33","guid":{"rendered":"https:\/\/agora.xtec.cat\/inscanvilumara\/?page_id=9648"},"modified":"2025-06-19T12:45:56","modified_gmt":"2025-06-19T10:45:56","slug":"preinscripcions-i-matricules-de-leso","status":"publish","type":"page","link":"https:\/\/agora.xtec.cat\/inscanvilumara\/preinscripcions-i-matricules-de-leso\/","title":{"rendered":"Preinscripcions i matr\u00edcules de l&#8217;ESO"},"content":{"rendered":"<p>Obligat\u00f2ria 2025\/26<br \/>\n<a style=\"color: #2795b6;\" href=\"https:\/\/agora.xtec.cat\/inscanvilumara\/wp-content\/uploads\/usu1655\/2025\/05\/INFORME_BAREM_RESOLTES_BAREM.pdf\"><img loading=\"lazy\" decoding=\"async\" class=\"\" style=\"color: #222222;\" src=\"https:\/\/emojis.wiki\/thumbs\/emojis\/backhand-index-pointing-up.webp\" alt=\"\ud83d\udc46 Dorso de una mano con el dedo \u00edndice se\u00f1alando hacia arriba Emoji \u2014 Significado, copiar y pegar, combinaci\u00f3nes\" width=\"64\" height=\"33\" \/><\/a><\/p>\n<p>Preus matr\u00edcula<\/p>\n<p><a href=\"https:\/\/agora.xtec.cat\/inscanvilumara\/wp-content\/uploads\/usu1655\/2025\/06\/QUOTES-ESO-CURS-2025-26.pdf\">QUOTES ESO CURS 2025 26<\/a><\/p>\n<p>Publicaci\u00f3 de la llista d&#8217;espera del centre a 16\/06\/2025 ESO<\/p>\n<p><a href=\"https:\/\/agora.xtec.cat\/inscanvilumara\/wp-content\/uploads\/usu1655\/2025\/06\/INFORME_LLISTA_ESPERA_OME_LLISTA_ESPERA.pdf\">INFORME_LLISTA_ESPERA_OME_LLISTA_ESPERA<\/a><\/p>\n<p>Alumnes preinscrits al centre 16\/06\/2025<\/p>\n<p><a href=\"https:\/\/agora.xtec.cat\/inscanvilumara\/wp-content\/uploads\/usu1655\/2025\/06\/INFORME_PREINSCRITES_OME_INFORME_PREINSCRITES_OME.pdf\">INFORME_PREINSCRITES_OME_INFORME_PREINSCRITES_OME<\/a><\/p>\n<p>Alumnes assignats al centre amb indicaci\u00f3 de la primera petici\u00f3 a 16\/06\/2025<\/p>\n<p><a href=\"https:\/\/agora.xtec.cat\/inscanvilumara\/wp-content\/uploads\/usu1655\/2025\/06\/INFORME_ASSIGNADES_INFORME_ASSIGNADES-2.pdf\">INFORME_ASSIGNADES_INFORME_ASSIGNADES (2)<\/a><\/p>\n<p>*Publicaci\u00f3 de la llista de sol\u00b7licituds que han demanat el centre i l&#8217;ensenyament en primera petici\u00f3 ordenada a 09\/05\/2025<\/p>\n<p><a href=\"https:\/\/agora.xtec.cat\/inscanvilumara\/wp-content\/uploads\/usu1655\/2025\/05\/INFORME_BAREM_DEFINITIU_BAREM.pdf\">INFORME_BAREM_DEFINITIU_BAREM<\/a><\/p>\n<p>*Publicaci\u00f3 de la llista de sol\u00b7licituds que han demanat el centre i l&#8217;ensenyament en primera petici\u00f3 amb la puntuaci\u00f3 resoltes les reclamacions a 05\/05\/2025<\/p>\n<p><a href=\"https:\/\/agora.xtec.cat\/inscanvilumara\/wp-content\/uploads\/usu1655\/2025\/05\/INFORME_BAREM_RESOLTES_BAREM.pdf\">INFORME_BAREM_RESOLTES_BAREM\u00a0<\/a><\/p>\n<p>*Publicaci\u00f3 barem provisional<\/p>\n<p><a href=\"https:\/\/agora.xtec.cat\/inscanvilumara\/wp-content\/uploads\/usu1655\/2025\/04\/INFORME_BAREM_PROVISIONAL_BAREM.pdf\">INFORME_BAREM_PROVISIONAL_BAREM<\/a><\/p>\n<p><a style=\"font-family: inherit; font-size: 1em;\" href=\"https:\/\/preinscripcio.gencat.cat\/ca\/estudis\/eso\/inici\/\">*Preinscripci\u00f3 escolar a l&#8217;educaci\u00f3 secund\u00e0ria obligat\u00f2ria (ESO)<\/a><\/p>\n<p><a href=\"https:\/\/agora.xtec.cat\/inscanvilumara\/wp-content\/uploads\/usu1655\/2025\/03\/INFORME_OFERTA_OME_INFORME_OFERTA.pdf\"><span style=\"font-family: inherit; font-size: 1em;\">*Oferta inicial a ESO<\/span><\/a><\/p>\n<p>&nbsp;<\/p>\n<p>&nbsp;<\/p>\n","protected":false},"excerpt":{"rendered":"<p>Obligat\u00f2ria 2025\/26<br \/>\n<a style=\"color: #2795b6;\" href=\"https:\/\/agora.xtec.cat\/inscanvilumara\/wp-content\/uploads\/usu1655\/2025\/05\/INFORME_BAREM_RESOLTES_BAREM.pdf\"><\/a><br \/>\nPreus matr\u00edcula<br \/>\n<a href=\"https:\/\/agora.xtec.cat\/inscanvilumara\/wp-content\/uploads\/usu1655\/2025\/06\/QUOTES-ESO-CURS-2025-26.pdf\">QUOTES ESO CURS 2025 26<\/a><br \/>\nPublicaci\u00f3 de la llista d&#8217;espera del centre a 16\/06\/2025 ESO<br \/>\n<a href=\"https:\/\/agora.xtec.cat\/inscanvilumara\/wp-content\/uploads\/usu1655\/2025\/06\/INFORME_LLISTA_ESPERA_OME_LLISTA_ESPERA.pdf\">INFORME_LLISTA_ESPERA_OME_LLISTA_ESPERA<\/a><br \/>\nAlumnes preinscrits al centre 16\/06\/2025<br \/>\n<a href=\"https:\/\/agora.xtec.cat\/inscanvilumara\/wp-content\/uploads\/usu1655\/2025\/06\/INFORME_PREINSCRITES_OME_INFORME_PREINSCRITES_OME.pdf\">INFORME_PREINSCRITES_OME_INFORME_PREINSCRITES_OME<\/a><br \/>\nAlumnes assignats al centre amb indicaci\u00f3 de la primera petici\u00f3 a 16\/06\/2025<br \/>\n<a href=\"https:\/\/agora.xtec.cat\/inscanvilumara\/wp-content\/uploads\/usu1655\/2025\/06\/INFORME_ASSIGNADES_INFORME_ASSIGNADES-2.pdf\">INFORME_ASSIGNADES_INFORME_ASSIGNADES (2)<\/a><br \/>\n*Publicaci\u00f3 de la llista de sol\u00b7licituds que&hellip;  <a href=\"https:\/\/agora.xtec.cat\/inscanvilumara\/preinscripcions-i-matricules-de-leso\/\" title=\"Read Preinscripcions i matr\u00edcules de l&#8217;ESO\">Llegeix m\u00e9s\u00bb<\/a><\/p>\n","protected":false},"author":45,"featured_media":0,"parent":0,"menu_order":0,"comment_status":"closed","ping_status":"closed","template":"","meta":{"_bbp_topic_count":0,"_bbp_reply_count":0,"_bbp_total_topic_count":0,"_bbp_total_reply_count":0,"_bbp_voice_count":0,"_bbp_anonymous_reply_count":0,"_bbp_topic_count_hidden":0,"_bbp_reply_count_hidden":0,"_bbp_forum_subforum_count":0,"footnotes":""},"class_list":["post-9648","page","type-page","status-publish","hentry"],"post_mailing_queue_ids":[],"_links":{"self":[{"href":"https:\/\/agora.xtec.cat\/inscanvilumara\/wp-json\/wp\/v2\/pages\/9648","targetHints":{"allow":["GET"]}}],"collection":[{"href":"https:\/\/agora.xtec.cat\/inscanvilumara\/wp-json\/wp\/v2\/pages"}],"about":[{"href":"https:\/\/agora.xtec.cat\/inscanvilumara\/wp-json\/wp\/v2\/types\/page"}],"author":[{"embeddable":true,"href":"https:\/\/agora.xtec.cat\/inscanvilumara\/wp-json\/wp\/v2\/users\/45"}],"replies":[{"embeddable":true,"href":"https:\/\/agora.xtec.cat\/inscanvilumara\/wp-json\/wp\/v2\/comments?post=9648"}],"version-history":[{"count":6,"href":"https:\/\/agora.xtec.cat\/inscanvilumara\/wp-json\/wp\/v2\/pages\/9648\/revisions"}],"predecessor-version":[{"id":9871,"href":"https:\/\/agora.xtec.cat\/inscanvilumara\/wp-json\/wp\/v2\/pages\/9648\/revisions\/9871"}],"wp:attachment":[{"href":"https:\/\/agora.xtec.cat\/inscanvilumara\/wp-json\/wp\/v2\/media?parent=9648"}],"curies":[{"name":"wp","href":"https:\/\/api.w.org\/{rel}","templated":true}]}}