{"id":9424,"date":"2025-01-15T07:01:02","date_gmt":"2025-01-15T06:01:02","guid":{"rendered":"https:\/\/agora.xtec.cat\/inscanvilumara\/?page_id=9424"},"modified":"2025-01-15T16:02:24","modified_gmt":"2025-01-15T15:02:24","slug":"ieduca-eso-i-batxillerat","status":"publish","type":"page","link":"https:\/\/agora.xtec.cat\/inscanvilumara\/families-2\/ieduca-eso-i-batxillerat\/","title":{"rendered":"iEduca (ESO i Batxillerat)"},"content":{"rendered":"<p><a href=\"https:\/\/agora.xtec.cat\/inscanvilumara\/wp-content\/uploads\/usu1655\/2025\/01\/telefon.png\"><img loading=\"lazy\" decoding=\"async\" class=\"size-full wp-image-9427 alignleft\" src=\"https:\/\/agora.xtec.cat\/inscanvilumara\/wp-content\/uploads\/usu1655\/2025\/01\/telefon.png\" alt=\"\" width=\"254\" height=\"522\" srcset=\"https:\/\/agora.xtec.cat\/inscanvilumara\/wp-content\/uploads\/usu1655\/2025\/01\/telefon.png 254w, https:\/\/agora.xtec.cat\/inscanvilumara\/wp-content\/uploads\/usu1655\/2025\/01\/telefon-146x300.png 146w\" sizes=\"auto, (max-width: 254px) 100vw, 254px\" \/><\/a><\/p>\n<p>Amb l&#8217;objectiu de recollir les incid\u00e8ncies i atendre els vostres dubtes hem facilitat aquest <strong><a href=\"https:\/\/forms.gle\/V5SSohaNxJp1QMFa7\">FORMULARI\u00a0<\/a>d&#8217;incid\u00e8ncies.*\u00a0<\/strong><\/p>\n<p>Per\u00f2, abans d&#8217;omplir el formulari us recomanem visitar l&#8217;apartat de <em>Dubtes Freq\u00fcents<\/em> que presentem a continuaci\u00f3, i els manuals.<\/p>\n<p><a href=\"https:\/\/play.google.com\/store\/apps\/details?id=com.MultiExpo.ieduca&amp;hl=ca&amp;pli=1\">Enlla\u00e7 descarrega Android<\/a><\/p>\n<p><a href=\"https:\/\/apps.apple.com\/es\/app\/ieduca-tokapp\/id1082664178\">Enlla\u00e7 descarrega iOS<\/a><\/p>\n<p>&nbsp;<\/p>\n<table style=\"border-collapse: collapse; width: 100%;\">\n<tbody>\n<tr>\n<td style=\"width: 100%; background-color: #87c0de;\">\n<h3 style=\"text-align: center;\">Dubtes freq\u00fcents<\/h3>\n<\/td>\n<\/tr>\n<tr>\n<td style=\"width: 100%;\">\n<ol>\n<li data-pm-slice=\"1 1 []\"><strong>No puc accedir amb les meves dades<br \/>\n<\/strong>A aquest videotutorial t\u2019expliquem com solucionar-ho:\u00a0<a class=\"ProsemirrorEditor-link\" href=\"https:\/\/www.youtube.com\/watch?v=J1A1eLSb450\">https:\/\/www.youtube.com\/watch?v=J1A1eLSb450<\/a><\/li>\n<\/ol>\n<\/td>\n<\/tr>\n<tr>\n<td style=\"width: 100%;\">\n<p data-pm-slice=\"1 1 []\"><strong>2. Em vull enregistrar a la plataforma. <\/strong>\u00c9s el teu centre escolar de refer\u00e8ncia qui t\u2019ha d\u2019enviar l\u2019usuari i la clau d\u2019acc\u00e9s. Contacta amb\u00a0 el Centre si no has rebut aquesta informaci\u00f3.<\/p>\n<\/td>\n<\/tr>\n<tr>\n<td style=\"width: 100%;\"><strong>3. Vull saber si puc tenir m\u00e9s d\u2019un fill\/a a iEduca, o si puc tenir fills en diferents centres<br \/>\n<\/strong>En aquest v\u00eddeo t\u2019expliquem com ho pots fer:\u00a0<a class=\"ProsemirrorEditor-link\" href=\"https:\/\/www.youtube.com\/watch?v=J1A1eLSb450\">https:\/\/www.youtube.com\/watch?v=J1A1eLSb450<\/a><\/td>\n<\/tr>\n<tr>\n<td style=\"width: 100%;\"><strong>4. Vull sol\u00b7licitar un canvi de dades<br \/>\n<\/strong>Posa\u2019t en contacte amb el teu centre escolar de refer\u00e8ncia.<\/td>\n<\/tr>\n<tr>\n<td style=\"width: 100%;\"><strong>5. Tinc problemes per visualitzar la informaci\u00f3 del meu fill\/a<br \/>\n<\/strong>Posa\u2019t en contacte amb el teu centre escolar de refer\u00e8ncia.<\/td>\n<\/tr>\n<tr>\n<td style=\"width: 100%;\"><\/td>\n<\/tr>\n<tr>\n<td style=\"width: 100%;\"><\/td>\n<\/tr>\n<\/tbody>\n<\/table>\n<p>*A Cicles la informaci\u00f3 es canalitzar\u00e0 mitjan\u00e7ant tutors\/es.<\/p>\n","protected":false},"excerpt":{"rendered":"<p><a href=\"https:\/\/agora.xtec.cat\/inscanvilumara\/wp-content\/uploads\/usu1655\/2025\/01\/telefon.png\"><\/a><br \/>\nAmb l&#8217;objectiu de recollir les incid\u00e8ncies i atendre els vostres dubtes hem facilitat aquest <a href=\"https:\/\/forms.gle\/V5SSohaNxJp1QMFa7\">FORMULARI\u00a0<\/a>d&#8217;incid\u00e8ncies.*\u00a0<br \/>\nPer\u00f2, abans d&#8217;omplir el formulari us recomanem visitar l&#8217;apartat de Dubtes Freq\u00fcents que presentem a continuaci\u00f3, i els manuals.<br \/>\n<a href=\"https:\/\/play.google.com\/store\/apps\/details?id=com.MultiExpo.ieduca&amp;hl=ca&amp;pli=1\">Enlla\u00e7 descarrega Android<\/a><br \/>\n<a href=\"https:\/\/apps.apple.com\/es\/app\/ieduca-tokapp\/id1082664178\">Enlla\u00e7 descarrega iOS<\/a><br \/>\n&nbsp;<\/p>\n<p>Dubtes freq\u00fcents<\/p>\n<ol>\n<li data-pm-slice=\"1 1 []\">No&hellip;  <a href=\"https:\/\/agora.xtec.cat\/inscanvilumara\/families-2\/ieduca-eso-i-batxillerat\/\" title=\"Read iEduca (ESO i Batxillerat)\">Llegeix m\u00e9s\u00bb<\/a><br \/>\n","protected":false},"author":45,"featured_media":0,"parent":8474,"menu_order":0,"comment_status":"closed","ping_status":"closed","template":"","meta":{"_bbp_topic_count":0,"_bbp_reply_count":0,"_bbp_total_topic_count":0,"_bbp_total_reply_count":0,"_bbp_voice_count":0,"_bbp_anonymous_reply_count":0,"_bbp_topic_count_hidden":0,"_bbp_reply_count_hidden":0,"_bbp_forum_subforum_count":0,"footnotes":""},"class_list":["post-9424","page","type-page","status-publish","hentry"],"post_mailing_queue_ids":[],"_links":{"self":[{"href":"https:\/\/agora.xtec.cat\/inscanvilumara\/wp-json\/wp\/v2\/pages\/9424","targetHints":{"allow":["GET"]}}],"collection":[{"href":"https:\/\/agora.xtec.cat\/inscanvilumara\/wp-json\/wp\/v2\/pages"}],"about":[{"href":"https:\/\/agora.xtec.cat\/inscanvilumara\/wp-json\/wp\/v2\/types\/page"}],"author":[{"embeddable":true,"href":"https:\/\/agora.xtec.cat\/inscanvilumara\/wp-json\/wp\/v2\/users\/45"}],"replies":[{"embeddable":true,"href":"https:\/\/agora.xtec.cat\/inscanvilumara\/wp-json\/wp\/v2\/comments?post=9424"}],"version-history":[{"count":3,"href":"https:\/\/agora.xtec.cat\/inscanvilumara\/wp-json\/wp\/v2\/pages\/9424\/revisions"}],"predecessor-version":[{"id":9434,"href":"https:\/\/agora.xtec.cat\/inscanvilumara\/wp-json\/wp\/v2\/pages\/9424\/revisions\/9434"}],"up":[{"embeddable":true,"href":"https:\/\/agora.xtec.cat\/inscanvilumara\/wp-json\/wp\/v2\/pages\/8474"}],"wp:attachment":[{"href":"https:\/\/agora.xtec.cat\/inscanvilumara\/wp-json\/wp\/v2\/media?parent=9424"}],"curies":[{"name":"wp","href":"https:\/\/api.w.org\/{rel}","templated":true}]}}