{"id":8470,"date":"2023-10-03T14:38:06","date_gmt":"2023-10-03T12:38:06","guid":{"rendered":"https:\/\/agora.xtec.cat\/inscanvilumara\/?page_id=8470"},"modified":"2025-06-20T12:58:42","modified_gmt":"2025-06-20T10:58:42","slug":"families","status":"publish","type":"page","link":"https:\/\/agora.xtec.cat\/inscanvilumara\/families\/","title":{"rendered":"Fam\u00edlies"},"content":{"rendered":"<p><span style=\"color: #ff0000;\">Novetat<\/span>:<\/p>\n<p>Ja podeu consultar el llistat de <a href=\"https:\/\/agora.xtec.cat\/inscanvilumara\/llibres-2\/\">llibres del curs 2025-2026<\/a>.<\/p>\n<p>El sistema de gesti\u00f3 de matr\u00edcula de <em>Taabolo<\/em> inclou un conjunt d&#8217;eines per facilitar el proc\u00e9s d&#8217;inscripci\u00f3 i facilitar el pagament. A continuaci\u00f3 pots accedir-hi:<\/p>\n<p><a href=\"https:\/\/tpv.inscanvilumara.taabolo.com\/\">Enlla\u00e7 al Taabolo\u00a0<\/a><\/p>\n<p>&nbsp;<\/p>\n<p><a href=\"https:\/\/tpv.inscanvilumara.taabolo.com\/\"><img loading=\"lazy\" decoding=\"async\" class=\"alignnone size-full wp-image-8471\" src=\"https:\/\/agora.xtec.cat\/inscanvilumara\/wp-content\/uploads\/usu1655\/2023\/10\/taabolo.png\" alt=\"\" width=\"485\" height=\"105\" srcset=\"https:\/\/agora.xtec.cat\/inscanvilumara\/wp-content\/uploads\/usu1655\/2023\/10\/taabolo.png 485w, https:\/\/agora.xtec.cat\/inscanvilumara\/wp-content\/uploads\/usu1655\/2023\/10\/taabolo-300x65.png 300w\" sizes=\"auto, (max-width: 485px) 100vw, 485px\" \/><\/a><\/p>\n","protected":false},"excerpt":{"rendered":"<p>Novetat:<br \/>\nJa podeu consultar el llistat de <a href=\"https:\/\/agora.xtec.cat\/inscanvilumara\/llibres-2\/\">llibres del curs 2025-2026<\/a>.<br \/>\nEl sistema de gesti\u00f3 de matr\u00edcula de Taabolo inclou un conjunt d&#8217;eines per facilitar el proc\u00e9s d&#8217;inscripci\u00f3 i facilitar el pagament. A continuaci\u00f3 pots accedir-hi:<br \/>\n<a href=\"https:\/\/tpv.inscanvilumara.taabolo.com\/\">Enlla\u00e7 al Taabolo\u00a0<\/a><br \/>\n&nbsp;<br \/>\n<a href=\"https:\/\/tpv.inscanvilumara.taabolo.com\/\"><\/a><\/p>\n","protected":false},"author":45,"featured_media":0,"parent":0,"menu_order":0,"comment_status":"closed","ping_status":"closed","template":"","meta":{"_bbp_topic_count":0,"_bbp_reply_count":0,"_bbp_total_topic_count":0,"_bbp_total_reply_count":0,"_bbp_voice_count":0,"_bbp_anonymous_reply_count":0,"_bbp_topic_count_hidden":0,"_bbp_reply_count_hidden":0,"_bbp_forum_subforum_count":0,"footnotes":""},"class_list":["post-8470","page","type-page","status-publish","hentry"],"post_mailing_queue_ids":[],"_links":{"self":[{"href":"https:\/\/agora.xtec.cat\/inscanvilumara\/wp-json\/wp\/v2\/pages\/8470","targetHints":{"allow":["GET"]}}],"collection":[{"href":"https:\/\/agora.xtec.cat\/inscanvilumara\/wp-json\/wp\/v2\/pages"}],"about":[{"href":"https:\/\/agora.xtec.cat\/inscanvilumara\/wp-json\/wp\/v2\/types\/page"}],"author":[{"embeddable":true,"href":"https:\/\/agora.xtec.cat\/inscanvilumara\/wp-json\/wp\/v2\/users\/45"}],"replies":[{"embeddable":true,"href":"https:\/\/agora.xtec.cat\/inscanvilumara\/wp-json\/wp\/v2\/comments?post=8470"}],"version-history":[{"count":3,"href":"https:\/\/agora.xtec.cat\/inscanvilumara\/wp-json\/wp\/v2\/pages\/8470\/revisions"}],"predecessor-version":[{"id":9899,"href":"https:\/\/agora.xtec.cat\/inscanvilumara\/wp-json\/wp\/v2\/pages\/8470\/revisions\/9899"}],"wp:attachment":[{"href":"https:\/\/agora.xtec.cat\/inscanvilumara\/wp-json\/wp\/v2\/media?parent=8470"}],"curies":[{"name":"wp","href":"https:\/\/api.w.org\/{rel}","templated":true}]}}