{"id":81,"date":"2014-09-18T10:38:05","date_gmt":"2014-09-18T10:38:05","guid":{"rendered":"http:\/\/agora.xtec.cat\/inscanvilumara\/?page_id=81"},"modified":"2026-04-15T15:24:16","modified_gmt":"2026-04-15T13:24:16","slug":"secretaria","status":"publish","type":"page","link":"https:\/\/agora.xtec.cat\/inscanvilumara\/secretaria\/","title":{"rendered":"Secretaria"},"content":{"rendered":"<h5 style=\"text-align: left;\" align=\"center\">AV\u00cdS INFORMACI\u00d3 SECRETARIA<\/h5>\n<p><span style=\"font-weight: 400;\">Informem que seguim en el proc\u00e9s de canvis interns. Per aquest motiu seguim reajustant els horaris de les cites pr\u00e8vies i d\u2019atenci\u00f3 telef\u00f2nica.<\/span><\/p>\n<p><span style=\"font-weight: 400;\">Agra\u00efm la vostra comprensi\u00f3 i disculpeu les mol\u00e8sties que aquests canvis puguin causar.<\/span><\/p>\n<h5 align=\"center\"><\/h5>\n<h5 style=\"text-align: left;\" align=\"center\"><strong>HORARIS D&#8217;ATENCI\u00d3 AL P\u00daBLIC AMB CITA PR\u00c8VIA:<\/strong><\/h5>\n<p>&#8211; D&#8217;1 d&#8217;octubre a 31 de maig: MATINS de 10h a 12:30h \/ TARDES de dilluns i dimarts de 17h a 18:30h. Dimecres de 16:30 a 18:00h.<\/p>\n<p>&#8211; Del 1 de juny al 30 de setembre: MATINS de 10h a 12:30h (agost tancat)<\/p>\n<ul style=\"list-style-type: disc;\">\n<li><strong><a href=\"https:\/\/aplicacions.gestioeducativa.gencat.cat\/ords\/pls\/apex\/f?p=CITA_PREVIA:4::::4:P4_TIPUS_CALENDARI,P4_DOMINI:01_Beques,08056109\">CITA PR\u00c8VIA MATINS<\/a><\/strong><strong style=\"font-family: inherit; font-size: 1em;\">\u00a0(de dilluns a divendres)<\/strong><\/li>\n<li><strong><a href=\"https:\/\/aplicacions.gestioeducativa.gencat.cat\/ords\/pls\/apex\/f?p=CITA_PREVIA:4::::4:P4_TIPUS_CALENDARI,P4_DOMINI:02_Portatils_SC,08056109\">CITA PR\u00c8VIA TARDES<\/a> (de dilluns a dimecres)<\/strong><\/li>\n<\/ul>\n<p><strong>Per qualsevol petici\u00f3:<\/strong><\/p>\n<p><a href=\"https:\/\/agora.xtec.cat\/inscanvilumara\/wp-content\/uploads\/usu1655\/2026\/04\/Peticio-generica-a-la-Secretaria-de-linstitut-Can-Vilumara-24-25-1-1.pdf\">Petici\u00f3 gen\u00e8rica a la Secretaria de l\u2019institut Can Vilumara 24-25 (1) (1)<\/a><\/p>\n<p><strong>M\u00e9s tr\u00e0mits, a continuaci\u00f3 \u21d3<\/strong><\/p>\n<p><strong>ALUMNAT DE PLA ANTIC AMB M\u00d2DULS PENDENTS &#8211; PROC\u00c9S DE COMPLECI\u00d3<\/strong><\/p>\n<p>El curs 2024-2025 ha estat el darrer curs en que s\u2019han pogut cursar els estudis de \u201cpla antic\u201d de cicles formatius. Durant el curs 2025-2026, l\u2019<a href=\"https:\/\/cido.diba.cat\/legislacio\/19478447\/ordre-edf742025-de-15-de-maig-del-procediment-per-completar-els-ensenyaments-professionalitzadors-que-sextingeixen-departament-deducacio-i-formacio-professional\" target=\"_blank\" rel=\"noreferrer noopener\">Ordre EDF\/74\/2025, de 15 de maig, del procediment per completar els ensenyaments professionalitzadors que\u00a0s\u2019extingeixen<\/a> preveu que no hi haur\u00e0 doc\u00e8ncia. Nom\u00e9s hi haur\u00e0 proves d\u2019avaluaci\u00f3 al novembre i a l\u2019abril (que a m\u00e9s consumeixen convocat\u00f2ria).<\/p>\n<p>Informem<strong> a tot l\u2019alumnat i ex-alumnat del centre<\/strong> amb m\u00f2duls i\/o unitats formatives pendents dels cicles formatius LOE extingits que s\u2019hauran de matricular per poder optar a la convocat\u00f2ria d\u2019ex\u00e0mens extraordinaris de compleci\u00f3 al novembre. Caldr\u00e0 emplenar la matr\u00edcula per m\u00f2duls i\/o unitats formatives pendents. El professorat tamb\u00e9 us podr\u00e0 informar.<\/p>\n<p><strong>Inscripci\u00f3 i matr\u00edcula:<\/strong><\/p>\n<p>La inscripci\u00f3 a les proves d\u2019avaluaci\u00f3 s\u2019ha de dur a terme:<\/p>\n<p><em>De l\u20191 al 15 d\u2019octubre.<br \/>\n<\/em>Permet participar en les convocat\u00f2ries de novembre i d\u2019abril. L\u2019alumnat ha de confirmar, amb antelaci\u00f3, l\u2019assist\u00e8ncia o la ren\u00fancia a la segona convocat\u00f2ria en el full de sol\u00b7licitud de matr\u00edcula.<\/p>\n<p><em>De l\u20191 al 15 de mar\u00e7.<br \/>\n<\/em>Permet participar en la convocat\u00f2ria d\u2019abril.<\/p>\n<p>Convocat\u00f2ries<br \/>\nLes proves d&#8217;avaluaci\u00f3 s&#8217;han de dur a terme:<br \/>\na) Per a la convocat\u00f2ria de novembre, entre l&#8217;1 i el 30 de novembre.<br \/>\nb) Per a la convocat\u00f2ria d&#8217;abril, entre l&#8217;1 i el 30 d&#8217;abril.<\/p>\n<p>Documents que cal presentar per poder-se matricular (cita pr\u00e8via si voleu presencial) o correu a vilusecre@inscanvilumara.cat s\u00f3n:<\/p>\n<ul>\n<li>Full de sol\u00b7licitud de matr\u00edcula que pot obtenir clicant <a href=\"https:\/\/agora.xtec.cat\/inscanvilumara\/wp-content\/uploads\/usu1655\/2025\/09\/INSCRIPCIONS-A-LES-PROVES-DAVALUACIO-PER-COMPLECIO.pdf\">INSCRIPCIONS A LES PROVES D\u2019AVALUACI\u00d3 PER COMPLECI\u00d3<\/a><\/li>\n<li>Fotoc\u00f2pia del DNI (annexada)<\/li>\n<li>Comprovant de l&#8217;ingr\u00e9s del preu p\u00fablic de 25\u20ac per UF als Cicles Formatius de Grau Superior + 5\u20ac pel total de la gesti\u00f3. En el cas de Cicles Formatius de Grau Mitj\u00e0 s\u00f3n 5\u20ac de gesti\u00f3,independentment de les UF&#8217;s a presentar-se . La ren\u00fancia a la convocat\u00f2ria d\u2019abril no implica la devoluci\u00f3 de la matr\u00edcula. Realitzeu el pagament entrant a <a href=\"https:\/\/tpv.inscanvilumara.taabolo.com\/tramits\">aqu\u00ed<\/a><\/li>\n<\/ul>\n<h5 align=\"center\"><\/h5>\n<h5 style=\"text-align: left;\" align=\"center\"><strong>EXPEDICI\u00d3 DE T\u00cdTOLS ACTUALS BATXILLERAT<\/strong><\/h5>\n<p>A partir del 5 de maig de 2025, per sol\u00b7licitar el t\u00edtol cal que entreu al seg\u00fcent enlla\u00e7: <strong><a href=\"https:\/\/web.gencat.cat\/ca\/tramits\/tramits-temes\/titols-academics-no-universitaris?category=742b7874-a82c-11e3-a972-000c29052e2c\" target=\"_blank\" rel=\"noopener\" data-saferedirecturl=\"https:\/\/www.google.com\/url?q=https:\/\/web.gencat.cat\/ca\/tramits\/tramits-temes\/titols-academics-no-universitaris?category%3D742b7874-a82c-11e3-a972-000c29052e2c&amp;source=gmail&amp;ust=1746603948293000&amp;usg=AOvVaw3zbu1vhHIwF1UdGL-Z7ycd\">Tramitaci\u00f3 de t\u00edtols acad\u00e8mics i professionals no universitaris<\/a><\/strong><\/p>\n<p><strong>IMPORTANT: <\/strong><\/p>\n<ul>\n<li>Abans de fer el tr\u00e0mit llegeix detingudament tota la informaci\u00f3 dels passos a fer clicant <a href=\"https:\/\/tramits.gencat.cat\/web\/shared\/OVT\/Departaments\/ENS\/TramitOVT\/tramitacio-titols\/sollicitud-primera-expedicio.pdf\">aqu\u00ed<\/a><\/li>\n<li>Un cop hagis pagat la taxa, haur\u00e0s d&#8217;avisar al teu centre per tal que tractin la teva sol\u00b7licitud. Quan ho hagin fet i s&#8217;hagi conciliat el pagament, que triga entre 24 i 48 hores des de la validaci\u00f3 de la sol\u00b7licitud per part del centre, podr\u00e0s descarregar-te el resguard del teu t\u00edtol, des de la pantalla principal.<\/li>\n<li>Posteriorment amb cita pr\u00e8via t&#8217;has d&#8217;adre\u00e7ar a la Secretaria de l&#8217;institut per registrar-lo.<\/li>\n<\/ul>\n<p>&nbsp;<\/p>\n<h5 style=\"text-align: left;\" align=\"center\"><strong>EXPEDICI\u00d3 DE T\u00cdTOLS DE CICLES FORMATIUS DE FORMACI\u00d3 PROFESSIONAL A PARTIR DEL CURS 1998-99<\/strong><\/h5>\n<p style=\"text-align: left;\"><strong style=\"font-family: inherit; font-size: 1em;\">Cicles Formatius de Formaci\u00f3 Professional<\/strong><span style=\"font-family: inherit; font-size: 1em;\">:<\/span><\/p>\n<p>A partir del 2 de febrer de 2026, per sol\u00b7licitar el t\u00edtol cal que entreu al seg\u00fcent enlla\u00e7: <strong><a href=\"https:\/\/web.gencat.cat\/ca\/tramits\/tramits-temes\/titols-academics-no-universitaris?category=742b7874-a82c-11e3-a972-000c29052e2c\" target=\"_blank\" rel=\"noopener\" data-saferedirecturl=\"https:\/\/www.google.com\/url?q=https:\/\/web.gencat.cat\/ca\/tramits\/tramits-temes\/titols-academics-no-universitaris?category%3D742b7874-a82c-11e3-a972-000c29052e2c&amp;source=gmail&amp;ust=1746603948293000&amp;usg=AOvVaw3zbu1vhHIwF1UdGL-Z7ycd\">Tramitaci\u00f3 de t\u00edtols acad\u00e8mics i professionals no universitaris<\/a><\/strong><\/p>\n<p><strong>IMPORTANT: <\/strong><\/p>\n<ul>\n<li>Abans de fer el tr\u00e0mit llegeix detingudament tota la informaci\u00f3 dels passos a fer clicant <a href=\"https:\/\/tramits.gencat.cat\/web\/shared\/OVT\/Departaments\/ENS\/TramitOVT\/tramitacio-titols\/sollicitud-primera-expedicio.pdf\">aqu\u00ed<\/a><\/li>\n<li>Un cop hagis pagat la taxa, haur\u00e0s d&#8217;avisar al teu centre per tal que tractin la teva sol\u00b7licitud. Quan ho hagin fet i s&#8217;hagi conciliat el pagament, que triga entre 24 i 48 hores des de la validaci\u00f3 de la sol\u00b7licitud per part del centre, podr\u00e0s descarregar-te el resguard del teu t\u00edtol, des de la pantalla principal.<\/li>\n<li>Posteriorment amb cita pr\u00e8via t&#8217;has d&#8217;adre\u00e7ar a la Secretaria de l&#8217;institut per registrar-lo.<\/li>\n<\/ul>\n<p><span style=\"color: #ff6600;\"><a style=\"color: #ff6600;\" href=\"https:\/\/agora.xtec.cat\/inscanvilumara\/wp-content\/uploads\/usu1655\/2020\/02\/autoritzaci\u00f3-lliurament.pdf\" target=\"_blank\" rel=\"noopener noreferrer\">Document: Autoritzaci\u00f3 de lliurament de t\u00edtol<\/a><\/span><\/p>\n<p><strong>Informaci\u00f3 de taxes:<\/strong><\/p>\n<p><a href=\"https:\/\/educacio.gencat.cat\/ca\/departament\/normativa\/taxes-preus-publics\/taxes\/index.html\">https:\/\/educacio.gencat.cat\/ca\/departament\/normativa\/taxes-preus-publics\/taxes\/index.html<\/a><\/p>\n<p><a href=\"https:\/\/educacio.gencat.cat\/ca\/departament\/normativa\/taxes-preus-publics\/exempcions-bonificacions\/\">https:\/\/educacio.gencat.cat\/ca\/departament\/normativa\/taxes-preus-publics\/exempcions-bonificacions\/<\/a><\/p>\n<p>&nbsp;<\/p>\n<h5 style=\"text-align: left;\" align=\"center\"><strong>EXPEDICI\u00d3 DE T\u00cdTOLS ANTICS: FP\/BUP ANTERIORS AL CURS 1998-99<\/strong><\/h5>\n<ul>\n<li><strong>FP-1 \/ FP-2 \/ BUP\/ M\u00f2dul Professional-3<\/strong><\/li>\n<\/ul>\n<p>&#8211; Original i fotoc\u00f2pia del DNI de l\u2019alumne\/a.<\/p>\n<p>&#8211; Original i fotoc\u00f2pia de les notes finals.<\/p>\n<p>&#8211; En el cas de BUP Llibre de qualificacions.<\/p>\n<p>&#8211; En el cas de l\u2019alumnat que pertanyi a una fam\u00edlia nombrosa, original i fotoc\u00f2pia del carnet <strong>vigent<\/strong> que ho acredita.<\/p>\n<p>&#8211; Pagament de les taxes.<\/p>\n<p><span style=\"color: #ff6600;\"><a style=\"color: #ff6600;\" href=\"https:\/\/agora.xtec.cat\/inscanvilumara\/wp-content\/uploads\/usu1655\/2020\/02\/autoritzaci\u00f3-lliurament.pdf\" target=\"_blank\" rel=\"noopener noreferrer\">Document: Autoritzaci\u00f3 de lliurament de t\u00edtol<\/a><\/span><\/p>\n<ul>\n<li><strong>Formulari liquidaci\u00f3 taxa t\u00edtols BUP\/FP i M\u00f2dul Professional-3<\/strong><\/li>\n<\/ul>\n<blockquote>\n<ul>\n<li>\n<p style=\"font-weight: 400;\">&#8211;\u00a0\u00a0\u00a0\u00a0\u00a0\u00a0\u00a0\u00a0\u00a0\u00a0Entrar a la p\u00e0gina d\u2019internet:\u00a0<a href=\"https:\/\/sede.administracionespublicas.gob.es\/pagina\/index\/directorio\/tasa059\/\" data-saferedirecturl=\"https:\/\/www.google.com\/url?q=https:\/\/sede.administracionespublicas.gob.es\/pagina\/index\/directorio\/tasa059\/&amp;source=gmail&amp;ust=1611992559778000&amp;usg=AFQjCNFmE-1r4O9OlkpVXV3ShZr9SompDA\">https:\/\/sede.administracionespublicas.gob.es\/pagina\/index\/directorio\/tasa059\/<\/a><\/p>\n<p style=\"font-weight: 400;\">&#8211;\u00a0\u00a0\u00a0\u00a0\u00a0\u00a0\u00a0\u00a0\u00a0\u00a0Accedir a \u201cRellenar e imprimir el formulario de la liquidaci\u00f3n de la tasa 059\u201d<\/p>\n<p style=\"font-weight: 400;\">&#8211;\u00a0\u00a0\u00a0\u00a0\u00a0\u00a0\u00a0\u00a0\u00a0\u00a0Seleccionar la provincia \u201cBarcelona\u201d<\/p>\n<p style=\"font-weight: 400;\">&#8211;\u00a0\u00a0\u00a0\u00a0\u00a0\u00a0\u00a0\u00a0\u00a0\u00a0Emplenar el formulari i en el camp autoliquidaci\u00f3 triar <em>estudis no universitaris.<\/em><\/p>\n<p style=\"font-weight: 400;\">&#8211;\u00a0\u00a0\u00a0\u00a0\u00a0\u00a0\u00a0\u00a0\u00a0\u00a0Obtenir el document PDF per \u201cObtenir Document\u201d del formulari i imprimir totes les p\u00e0gines<\/p>\n<p style=\"font-weight: 400;\">&#8211;\u00a0\u00a0\u00a0\u00a0\u00a0\u00a0\u00a0\u00a0\u00a0\u00a0Pagar l&#8217;import corresponent a l\u2019Entitat Financera<\/p>\n<p style=\"font-weight: 400;\">&#8211;\u00a0\u00a0\u00a0\u00a0\u00a0\u00a0\u00a0\u00a0\u00a0\u00a0Presentar el document a la Secretaria de l&#8217;institut junt amb la resta de documentaci\u00f3<\/p>\n<\/li>\n<\/ul>\n<\/blockquote>\n<p><span style=\"color: #ff6600;\"><a style=\"color: #ff6600;\" href=\"https:\/\/agora.xtec.cat\/inscanvilumara\/wp-content\/uploads\/usu1655\/2020\/02\/autoritzaci\u00f3-lliurament.pdf\" target=\"_blank\" rel=\"noopener noreferrer\">Document: Autoritzaci\u00f3 de lliurament de t\u00edtol<\/a><\/span><\/p>\n<p>&nbsp;<\/p>\n<h5><strong>CONVALIDACIONS CICLES FORMATIUS<\/strong><\/h5>\n<p>La <strong>sol\u00b7licitud<\/strong> s\u2019ha de lliurar emplenada a la secretaria del centre com a data\u00a0<strong>l\u00edmit el dia 31 d\u2019octubre.<\/strong><\/p>\n<p><strong>IMPORTANT<\/strong>:<\/p>\n<ul>\n<li>Si us plau, ompliu el formulari de manera digital, no a m\u00e0, i posteriorment feu la impressi\u00f3 per portar-ho en format paper a la secretaria del centre.<\/li>\n<li>Recordeu adjuntar la documentaci\u00f3 acreditativa dels estudis cursats que es demana en el mateix formulari (<strong>certificat<\/strong> <strong>original<\/strong> de qualificacions, no serveix informe de qualificacions).<\/li>\n<li>L&#8217;ordre dels cognoms ha de ser el que consta en el document d&#8217;identitat.<\/li>\n<\/ul>\n<p>El <strong>model de sol\u00b7licitud<\/strong> per alumnat del <strong>pla actual<\/strong> \u00e9s el seg\u00fcent:<\/p>\n<p><a href=\"https:\/\/agora.xtec.cat\/inscanvilumara\/wp-content\/uploads\/usu1655\/2025\/09\/Sollicitud-convalidacio-cicles-formatius.pdf\">Sol\u00b7licitud convalidaci\u00f3 cicles formatius<\/a><\/p>\n<p>&nbsp;<\/p>\n<p>&nbsp;<\/p>\n<p>El model de sol\u00b7licitud per alumnat del <strong>pla antic<\/strong> \u00e9s el seg\u00fcent:<\/p>\n<p><a href=\"https:\/\/agora.xtec.cat\/inscanvilumara\/wp-content\/uploads\/usu1655\/2025\/09\/ANTIC-Sollicitud-convalidacio-cicles-formatius.pdf\">ANTIC Sol\u00b7licitud convalidaci\u00f3 cicles formatius<\/a><\/p>\n<p>&nbsp;<\/p>\n<p>&nbsp;<\/p>\n<header class=\"entry-header\">\n<h2 class=\"entry-title\">Quotes<\/h2>\n<\/header>\n<div class=\"entry-content clearfix\">\n<div class=\"elementor elementor-1499\" data-elementor-type=\"post\" data-elementor-id=\"1499\" data-elementor-settings=\"[]\">\n<div class=\"elementor-inner\">\n<div class=\"elementor-section-wrap\">\n<section class=\"elementor-element elementor-element-444e092e elementor-section-boxed elementor-section-height-default elementor-section-height-default elementor-section elementor-top-section\" data-id=\"444e092e\" data-element_type=\"section\">\n<div class=\"elementor-container elementor-column-gap-default\">\n<div class=\"elementor-row\">\n<div class=\"elementor-element elementor-element-6f722c1e elementor-column elementor-col-100 elementor-top-column\" data-id=\"6f722c1e\" data-element_type=\"column\">\n<div class=\"elementor-column-wrap elementor-element-populated\">\n<div class=\"elementor-widget-wrap\">\n<div class=\"elementor-element elementor-element-36e365f elementor-widget elementor-widget-text-editor\" data-id=\"36e365f\" data-element_type=\"widget\" data-widget_type=\"text-editor.default\">\n<div class=\"elementor-widget-container\">\n<div class=\"elementor-text-editor elementor-clearfix\">\n<p>&nbsp;<\/p>\n<div class=\"gmail_default\">El Consell Escolar ha acordat dos conceptes:<\/div>\n<div class=\"gmail_default\"><b>1-Quota de s\u00f2cia\/soci de l\u2019Associaci\u00f3 de Familiar d\u2019Alumnes (AFA):\u00a0<\/b>Ser associades a l\u2019AFA permet a les fam\u00edlies participar d\u2019activitats a l\u2019institut, acompanyar-nos a les sortides programades per l&#8217;AFA i col\u00b7laborar en diversos aspectes.<\/div>\n<div><\/div>\n<div class=\"gmail_default\">\n<ul>\n<li style=\"list-style-type: none;\">\n<ul>\n<li style=\"list-style-type: none;\">\n<ul>\n<li><b>Import:\u00a0<\/b>25\u202f\u20ac per fam\u00edlia<\/li>\n<\/ul>\n<\/li>\n<\/ul>\n<\/li>\n<\/ul>\n<\/div>\n<div class=\"gmail_default\">\n<div class=\"gmail_default\"><b>2-Quota d&#8217;aportaci\u00f3 al curs: <\/b>S\u2019estableix una quota general, per a material a l\u2019institut (fotoc\u00f2pies, cartolines, material divers,&#8230;. adhesiva, fundes de pl\u00e0stic, adaptadors per a escriptura, fotoc\u00f2pies, enquadernacions, plastificacions, \u2026 aix\u00ed com el pagament de les sortides i els tallers que es realitzen fora del centre, com els que es realitzen dins del centre. De la mateixa manera, serveixen per l&#8217;organitzaci\u00f3 d&#8217;activitats l\u00fadiques al centre (Carnestoltes, Castanyada, &#8230;)<\/div>\n<\/div>\n<\/div>\n<\/div>\n<div><\/div>\n<div><\/div>\n<div><\/div>\n<div><strong>Curs 2026-27<\/strong><\/div>\n<div class=\"elementor-widget-container\">\n<div class=\"elementor-text-editor elementor-clearfix\">\n<div class=\"gmail_default\">\n<div class=\"gmail_default\">\n<p>&nbsp;<\/p>\n<ul>\n<li style=\"list-style-type: none;\">\n<ul>\n<li style=\"list-style-type: none;\">\n<ul>\n<li>1r ESO : 110 euros<\/li>\n<li>2n ESO: 110 euros<\/li>\n<li>3r ESO: 110 euros<\/li>\n<li>4t ESO : 110 euros<\/li>\n<li>1r Batxillerat: 110 euros<\/li>\n<li>2n Batxillerat: 110 euros<\/li>\n<li>Cicles Formatius de Grau B\u00e0sic: 155<\/li>\n<li>Cicles Formatius de Grau Mig (tots): 155<\/li>\n<li>Cicles Formatius de Grau Superior (tots): 155<\/li>\n<\/ul>\n<\/li>\n<\/ul>\n<\/li>\n<\/ul>\n<\/div>\n<\/div>\n<div class=\"gmail_default\">\n<ul>\n<li style=\"list-style-type: none;\">\n<ul>\n<li style=\"list-style-type: none;\"><\/li>\n<\/ul>\n<\/li>\n<\/ul>\n<p>S&#8217;organitzaran activitats de Treball de S\u00edntesi i de final de curs per 4t de l&#8217;ESO que tindran un cost espec\u00edfic per cada curs.<\/p>\n<\/div>\n<\/div>\n<\/div>\n<\/div>\n<\/div>\n<\/div>\n<\/div>\n<\/div>\n<\/div>\n<\/section>\n<\/div>\n<\/div>\n<\/div>\n<\/div>\n","protected":false},"excerpt":{"rendered":"<p>AV\u00cdS INFORMACI\u00d3 SECRETARIA<br \/>\nInformem que seguim en el proc\u00e9s de canvis interns. Per aquest motiu seguim reajustant els horaris de les cites pr\u00e8vies i d\u2019atenci\u00f3 telef\u00f2nica.<br \/>\nAgra\u00efm la vostra comprensi\u00f3 i disculpeu les mol\u00e8sties que aquests canvis puguin causar.<\/p>\n<p>HORARIS D&#8217;ATENCI\u00d3 AL P\u00daBLIC AMB CITA PR\u00c8VIA:<br \/>\n&#8211; D&#8217;1 d&#8217;octubre&hellip;  <a href=\"https:\/\/agora.xtec.cat\/inscanvilumara\/secretaria\/\" title=\"Read Secretaria\">Llegeix m\u00e9s\u00bb<\/a><\/p>\n","protected":false},"author":1,"featured_media":0,"parent":0,"menu_order":0,"comment_status":"closed","ping_status":"closed","template":"page-templates\/side-menu.php","meta":{"_bbp_topic_count":0,"_bbp_reply_count":0,"_bbp_total_topic_count":0,"_bbp_total_reply_count":0,"_bbp_voice_count":0,"_bbp_anonymous_reply_count":0,"_bbp_topic_count_hidden":0,"_bbp_reply_count_hidden":0,"_bbp_forum_subforum_count":0,"footnotes":""},"class_list":["post-81","page","type-page","status-publish","hentry"],"post_mailing_queue_ids":[],"_links":{"self":[{"href":"https:\/\/agora.xtec.cat\/inscanvilumara\/wp-json\/wp\/v2\/pages\/81","targetHints":{"allow":["GET"]}}],"collection":[{"href":"https:\/\/agora.xtec.cat\/inscanvilumara\/wp-json\/wp\/v2\/pages"}],"about":[{"href":"https:\/\/agora.xtec.cat\/inscanvilumara\/wp-json\/wp\/v2\/types\/page"}],"author":[{"embeddable":true,"href":"https:\/\/agora.xtec.cat\/inscanvilumara\/wp-json\/wp\/v2\/users\/1"}],"replies":[{"embeddable":true,"href":"https:\/\/agora.xtec.cat\/inscanvilumara\/wp-json\/wp\/v2\/comments?post=81"}],"version-history":[{"count":12,"href":"https:\/\/agora.xtec.cat\/inscanvilumara\/wp-json\/wp\/v2\/pages\/81\/revisions"}],"predecessor-version":[{"id":10336,"href":"https:\/\/agora.xtec.cat\/inscanvilumara\/wp-json\/wp\/v2\/pages\/81\/revisions\/10336"}],"wp:attachment":[{"href":"https:\/\/agora.xtec.cat\/inscanvilumara\/wp-json\/wp\/v2\/media?parent=81"}],"curies":[{"name":"wp","href":"https:\/\/api.w.org\/{rel}","templated":true}]}}