{"id":5278,"date":"2021-01-06T11:43:44","date_gmt":"2021-01-06T10:43:44","guid":{"rendered":"http:\/\/agora.xtec.cat\/inscanvilumara\/?page_id=5278"},"modified":"2021-01-08T12:54:59","modified_gmt":"2021-01-08T11:54:59","slug":"experiencies-2018","status":"publish","type":"page","link":"https:\/\/agora.xtec.cat\/inscanvilumara\/projectes\/erasmus\/experiencies\/experiencies-2018\/","title":{"rendered":"Experi\u00e8ncies 2018"},"content":{"rendered":"<p style=\"text-align: justify;\">Al setembre del 2018 sis alumnes de cicles formatius van anar a fer pr\u00e0ctiques a <strong>P\u00e0dua, It\u00e0lia<\/strong>: l&#8217;Adri\u00e0 va estar al <a href=\"http:\/\/www.progettogiovani.pd.it\" target=\"_blank\" rel=\"noopener noreferrer\">Progetto Giovanni<\/a>; l&#8217;Erika, la Macarena i la Laura a la <a href=\"https:\/\/www.irpea.it\/newsite\/\" target=\"_blank\" rel=\"noopener noreferrer\">Fundazione Irpea<\/a>; la Mar a <a href=\"http:\/\/www.bottegadeiragazzi.it\/\" target=\"_blank\" rel=\"noopener noreferrer\">La Bottega dei Ragazzi<\/a>; la Salom\u00e9 a l&#8217;<a href=\"https:\/\/www.facebook.com\/fantalica\/\" target=\"_blank\" rel=\"noopener noreferrer\">Associazione culturale Fantalica<\/a>. I dues alumnes van fer-tes a <strong>Dubl\u00edn, Irlanda<\/strong>: Aitana al <a href=\"https:\/\/www.parksidechildcare.ie\/\" target=\"_blank\" rel=\"noopener noreferrer\">Parkside Childcare Dublin<\/a>; Mariona a <a href=\"http:\/\/agora.xtec.cat\/inscanvilumara\/general\/alumnes-families-personal-profes-bon-nadal-a-tothom\/\" target=\"_blank\" rel=\"noopener noreferrer\">Silveracle Montessori and Childcare<\/a>.<\/p>\n<p>Aquesta \u00e9s l&#8217;experi\u00e8ncia de la Mariona:<\/p>\n<p style=\"text-align: justify;\"><em>La meva aventura en Erasmus va ser una de les millors de la meva vida. Vaig estar a Irlanda, a un barri del sud de Dubl\u00edn. Hi vaig anar amb una altra companya de TEI que no coneixia, ja que estava a l\u2019altra classe. Les dues vam anar a casa d\u2019una senyora que vivia sola. La dona ens va aportar totes les necessitats, com els esmorzars i els sopars, ens rentava la roba i ens deixava fer el que volgu\u00e9ssim sempre i quan l\u2019avis\u00e9ssim d&#8217;on an\u00e0vem i quan torn\u00e0vem. Dubl\u00edn \u00e9s meravell\u00f3s, vaig fer moltes excursions per visitar llocs fant\u00e0stics, amb una hist\u00f2ria darrera. Tamb\u00e9 vaig fer dos viatges, a Londres i a Esc\u00f2cia. \u00c9s a dir, vaig adquirir diverses maneres de veure la cultura, els paisatges, la gastronomia, etc.<\/em><\/p>\n<p style=\"text-align: justify;\"><em>L\u2019escola que em va tocar es diu Silveracre Montessori; em va ensenyar uns valors molt importants i a ser una petita fam\u00edlia. Estic molt agra\u00efda de poder haver fet les pr\u00e0ctiques all\u00e0, ja que cadascuna de les persones que hi treballaven aix\u00ed com els infants em van atorgar un petit trosset del seu cor. Les fam\u00edlies s\u00f3n molt agra\u00efdes amb el treball que realitzes amb els seus fills, i no nom\u00e9s aix\u00f2, sin\u00f3 que t\u2019aporten amor. Vaig tenir la sort de poder tornar a l\u2019escola durant tres mesos a l\u2019estiu per treballar. Tornava a un lloc al qual em vaig sentir estimada, valorada i acompanyada. En cap moment em vaig sentir inferior, ja que demostraven molta empatia amb el fet de no saber comunicar-me del tot b\u00e9 amb ells. No obstant vaig aprendre molt d\u2019angl\u00e8s, ja que la meva professora de la classe em corregia molt quan deia alguna cosa malament o l\u2019anotava de manera diversa a la que realment \u00e9s, i gr\u00e0cies aix\u00f2 vaig tornar amb molt bon nivell d\u2019angl\u00e8s. La meva companya i jo f\u00e8iem classes d\u2019angl\u00e8s els divendres amb la Lisa, que \u00e9s l\u2019encarregada de gestionar els Erasmus a Irlanda; ens va ajudar molt en la nostra estada, en cada problema que ten\u00edem ella estava all\u00e0 per ajudar-nos en tot moment. Em sento molt afortunada d&#8217;haver viscut aquesta aventura, la tornaria a repetir any rere any, ja que en molts pocs llocs laborals et pots sentir c\u00f2moda i en fam\u00edlia, i jo vaig tenir la sort de poder-me sentir aix\u00ed. A partir de llavors tinc la meta de poder tornar-hi, per quedar-me a viure all\u00e0, ja que aquell pa\u00eds, la seva gent, els carrers, el sol, em van omplir de vida, em van ensenyar a estimar, a voler arribar al meu objectiu, que avui dia estic construint poc a poc.<\/em><\/p>\n<p style=\"text-align: justify;\"><em>Recomano al 100% aquesta viv\u00e8ncia, ja que aprens molt a nivell personal i a nivell social, aprens a viure, descobreixes per tu mateixa qu\u00e8 \u00e9s el que vols per tu pel dia de dem\u00e0. A vegades fa por fer un salt tan gran i trencar amb la teva rutina, per\u00f2 si no t\u2019arrisques no guanyar\u00e0s pas. I jo vaig guanyar una fam\u00edlia, una germana i ser qui s\u00f3c avui dia.<\/em><\/p>\n<p>Algunes fotografies:<\/p>\n\r\n\t<div class=\"slideshow_container slideshow_container_slideshow-jquery-image-gallery-custom-styles_1\" style=\"height: 300px; \" data-slideshow-id=\"5324\" data-style-name=\"slideshow-jquery-image-gallery-custom-styles_1\" data-style-version=\"2.3.1\" >\r\n\r\n\t\t\t\t\t<div class=\"slideshow_loading_icon\"><\/div>\r\n\t\t\r\n\t\t<div class=\"slideshow_content\" style=\"display: none;\">\r\n\r\n\t\t\t<div class=\"slideshow_view\">\r\n\t\t\t\t<div class=\"slideshow_slide slideshow_slide_image\">\r\n\t\t\t\t\t\t\t\t\t\t\t<img src=\"https:\/\/agora.xtec.cat\/inscanvilumara\/wp-content\/uploads\/usu1655\/2021\/01\/20180907_124009-Copiar.jpg\" alt=\"20180907_124009 (Copiar)\" width=\"802\" height=\"452\" \/>\r\n\t\t\t\t\t\t\t\t\t\t<div class=\"slideshow_description_box slideshow_transparent\">\r\n\t\t\t\t\t\t<div class=\"slideshow_title\">20180907_124009 (Copiar)<\/div>\t\t\t\t\t\t\t\t\t\t\t<\/div>\r\n\t\t\t\t<\/div>\r\n\r\n\t\t\t\t\t\t<div style=\"clear: both;\"><\/div><\/div><div class=\"slideshow_view\">\r\n\t\t\t\t<div class=\"slideshow_slide slideshow_slide_image\">\r\n\t\t\t\t\t\t\t\t\t\t\t<img src=\"https:\/\/agora.xtec.cat\/inscanvilumara\/wp-content\/uploads\/usu1655\/2021\/01\/IMG-20180909-WA0005-Copiar.jpg\" alt=\"IMG-20180909-WA0005 (Copiar)\" width=\"802\" height=\"452\" \/>\r\n\t\t\t\t\t\t\t\t\t\t<div class=\"slideshow_description_box slideshow_transparent\">\r\n\t\t\t\t\t\t<div class=\"slideshow_title\">IMG-20180909-WA0005 (Copiar)<\/div>\t\t\t\t\t\t\t\t\t\t\t<\/div>\r\n\t\t\t\t<\/div>\r\n\r\n\t\t\t\t\t\t<div style=\"clear: both;\"><\/div><\/div><div class=\"slideshow_view\">\r\n\t\t\t\t<div class=\"slideshow_slide slideshow_slide_image\">\r\n\t\t\t\t\t\t\t\t\t\t\t<img src=\"https:\/\/agora.xtec.cat\/inscanvilumara\/wp-content\/uploads\/usu1655\/2021\/01\/IMG-20180909-WA0008-Copiar.jpg\" alt=\"IMG-20180909-WA0008 (Copiar)\" width=\"340\" height=\"602\" \/>\r\n\t\t\t\t\t\t\t\t\t\t<div class=\"slideshow_description_box slideshow_transparent\">\r\n\t\t\t\t\t\t<div class=\"slideshow_title\">IMG-20180909-WA0008 (Copiar)<\/div>\t\t\t\t\t\t\t\t\t\t\t<\/div>\r\n\t\t\t\t<\/div>\r\n\r\n\t\t\t\t\t\t<div style=\"clear: both;\"><\/div><\/div><div class=\"slideshow_view\">\r\n\t\t\t\t<div class=\"slideshow_slide slideshow_slide_image\">\r\n\t\t\t\t\t\t\t\t\t\t\t<img src=\"https:\/\/agora.xtec.cat\/inscanvilumara\/wp-content\/uploads\/usu1655\/2021\/01\/IMG-20180927-WA0014-Copiar.jpg\" alt=\"IMG-20180927-WA0014 (Copiar)\" width=\"802\" height=\"482\" \/>\r\n\t\t\t\t\t\t\t\t\t\t<div class=\"slideshow_description_box slideshow_transparent\">\r\n\t\t\t\t\t\t<div class=\"slideshow_title\">IMG-20180927-WA0014 (Copiar)<\/div>\t\t\t\t\t\t\t\t\t\t\t<\/div>\r\n\t\t\t\t<\/div>\r\n\r\n\t\t\t\t\t\t<div style=\"clear: both;\"><\/div><\/div><div class=\"slideshow_view\">\r\n\t\t\t\t<div class=\"slideshow_slide slideshow_slide_image\">\r\n\t\t\t\t\t\t\t\t\t\t\t<img src=\"https:\/\/agora.xtec.cat\/inscanvilumara\/wp-content\/uploads\/usu1655\/2021\/01\/IMG-20181015-WA0009-Copiar.jpg\" alt=\"IMG-20181015-WA0009 (Copiar)\" width=\"402\" height=\"602\" \/>\r\n\t\t\t\t\t\t\t\t\t\t<div class=\"slideshow_description_box slideshow_transparent\">\r\n\t\t\t\t\t\t<div class=\"slideshow_title\">IMG-20181015-WA0009 (Copiar)<\/div>\t\t\t\t\t\t\t\t\t\t\t<\/div>\r\n\t\t\t\t<\/div>\r\n\r\n\t\t\t\t\t\t<div style=\"clear: both;\"><\/div><\/div><div class=\"slideshow_view\">\r\n\t\t\t\t<div class=\"slideshow_slide slideshow_slide_image\">\r\n\t\t\t\t\t\t\t\t\t\t\t<img src=\"https:\/\/agora.xtec.cat\/inscanvilumara\/wp-content\/uploads\/usu1655\/2021\/01\/20181007_105519-Copiar.jpg\" alt=\"20181007_105519 (Copiar)\" width=\"802\" height=\"602\" \/>\r\n\t\t\t\t\t\t\t\t\t\t<div class=\"slideshow_description_box slideshow_transparent\">\r\n\t\t\t\t\t\t<div class=\"slideshow_title\">20181007_105519 (Copiar)<\/div>\t\t\t\t\t\t\t\t\t\t\t<\/div>\r\n\t\t\t\t<\/div>\r\n\r\n\t\t\t\t\t\t<div style=\"clear: both;\"><\/div><\/div><div class=\"slideshow_view\">\r\n\t\t\t\t<div class=\"slideshow_slide slideshow_slide_image\">\r\n\t\t\t\t\t\t\t\t\t\t\t<img src=\"https:\/\/agora.xtec.cat\/inscanvilumara\/wp-content\/uploads\/usu1655\/2021\/01\/20181010_103835-Copiar.jpg\" alt=\"20181010_103835 (Copiar)\" width=\"802\" height=\"602\" \/>\r\n\t\t\t\t\t\t\t\t\t\t<div class=\"slideshow_description_box slideshow_transparent\">\r\n\t\t\t\t\t\t<div class=\"slideshow_title\">20181010_103835 (Copiar)<\/div>\t\t\t\t\t\t\t\t\t\t\t<\/div>\r\n\t\t\t\t<\/div>\r\n\r\n\t\t\t\t\t\t<div style=\"clear: both;\"><\/div><\/div><div class=\"slideshow_view\">\r\n\t\t\t\t<div class=\"slideshow_slide slideshow_slide_image\">\r\n\t\t\t\t\t\t\t\t\t\t\t<img src=\"https:\/\/agora.xtec.cat\/inscanvilumara\/wp-content\/uploads\/usu1655\/2021\/01\/20181021_133956-Copiar.jpg\" alt=\"20181021_133956 (Copiar)\" width=\"802\" height=\"602\" \/>\r\n\t\t\t\t\t\t\t\t\t\t<div class=\"slideshow_description_box slideshow_transparent\">\r\n\t\t\t\t\t\t<div class=\"slideshow_title\">20181021_133956 (Copiar)<\/div>\t\t\t\t\t\t\t\t\t\t\t<\/div>\r\n\t\t\t\t<\/div>\r\n\r\n\t\t\t\t\t\t<div style=\"clear: both;\"><\/div><\/div><div class=\"slideshow_view\">\r\n\t\t\t\t<div class=\"slideshow_slide slideshow_slide_image\">\r\n\t\t\t\t\t\t\t\t\t\t\t<img src=\"https:\/\/agora.xtec.cat\/inscanvilumara\/wp-content\/uploads\/usu1655\/2021\/01\/20180915_124327-Copiar.jpg\" alt=\"20180915_124327 (Copiar)\" width=\"452\" height=\"602\" \/>\r\n\t\t\t\t\t\t\t\t\t\t<div class=\"slideshow_description_box slideshow_transparent\">\r\n\t\t\t\t\t\t<div class=\"slideshow_title\">20180915_124327 (Copiar)<\/div>\t\t\t\t\t\t\t\t\t\t\t<\/div>\r\n\t\t\t\t<\/div>\r\n\r\n\t\t\t\t\t\t<div style=\"clear: both;\"><\/div><\/div><div class=\"slideshow_view\">\r\n\t\t\t\t<div class=\"slideshow_slide slideshow_slide_image\">\r\n\t\t\t\t\t\t\t\t\t\t\t<img src=\"https:\/\/agora.xtec.cat\/inscanvilumara\/wp-content\/uploads\/usu1655\/2021\/01\/20181019_182317-Copiar.jpg\" alt=\"20181019_182317 (Copiar)\" width=\"452\" height=\"602\" \/>\r\n\t\t\t\t\t\t\t\t\t\t<div class=\"slideshow_description_box slideshow_transparent\">\r\n\t\t\t\t\t\t<div class=\"slideshow_title\">20181019_182317 (Copiar)<\/div>\t\t\t\t\t\t\t\t\t\t\t<\/div>\r\n\t\t\t\t<\/div>\r\n\r\n\t\t\t\t\t\t<div style=\"clear: both;\"><\/div><\/div><div class=\"slideshow_view\">\r\n\t\t\t\t<div class=\"slideshow_slide slideshow_slide_image\">\r\n\t\t\t\t\t\t\t\t\t\t\t<img src=\"https:\/\/agora.xtec.cat\/inscanvilumara\/wp-content\/uploads\/usu1655\/2021\/01\/20181026_114844-Copiar.jpg\" alt=\"20181026_114844 (Copiar)\" width=\"802\" height=\"602\" \/>\r\n\t\t\t\t\t\t\t\t\t\t<div class=\"slideshow_description_box slideshow_transparent\">\r\n\t\t\t\t\t\t<div class=\"slideshow_title\">20181026_114844 (Copiar)<\/div>\t\t\t\t\t\t\t\t\t\t\t<\/div>\r\n\t\t\t\t<\/div>\r\n\r\n\t\t\t\t\t\t<div style=\"clear: both;\"><\/div><\/div>\r\n\t\t<\/div>\r\n\r\n\t\t<div class=\"slideshow_controlPanel slideshow_transparent\" style=\"display: none;\"><ul><li class=\"slideshow_togglePlay\" data-play-text=\"Visualitza\" data-pause-text=\"Pausa\"><\/li><\/ul><\/div>\r\n\r\n\t\t<div class=\"slideshow_button slideshow_previous slideshow_transparent\" role=\"button\" data-previous-text=\"Anterior\" style=\"display: none;\"><\/div>\r\n\t\t<div class=\"slideshow_button slideshow_next slideshow_transparent\" role=\"button\" data-next-text=\"Seg\u00fcent\" style=\"display: none;\"><\/div>\r\n\r\n\t\t<div class=\"slideshow_pagination\" style=\"display: none;\" data-go-to-text=\"V\u00e9s a la diapositiva\"><div class=\"slideshow_pagination_center\"><\/div><\/div>\r\n\r\n\t\t<!-- WordPress Slideshow Version 2.3.1 -->\r\n\r\n\t\t\t<\/div>\r\n\r\n\n<p>&nbsp;<\/p>\n<p>&nbsp;<\/p>\n","protected":false},"excerpt":{"rendered":"<p>Al setembre del 2018 sis alumnes de cicles formatius van anar a fer pr\u00e0ctiques a P\u00e0dua, It\u00e0lia: l&#8217;Adri\u00e0 va estar al <a href=\"http:\/\/www.progettogiovani.pd.it\" target=\"_blank\" rel=\"noopener noreferrer\">Progetto Giovanni<\/a>; l&#8217;Erika, la Macarena i la Laura a la <a href=\"https:\/\/www.irpea.it\/newsite\/\" target=\"_blank\" rel=\"noopener noreferrer\">Fundazione Irpea<\/a>; la Mar a <a&hellip;  <a href=\"https:\/\/agora.xtec.cat\/inscanvilumara\/projectes\/erasmus\/experiencies\/experiencies-2018\/\" title=\"Read Experi\u00e8ncies 2018\">Llegeix m\u00e9s\u00bb<\/a><\/p>\n","protected":false},"author":12,"featured_media":0,"parent":3340,"menu_order":0,"comment_status":"closed","ping_status":"closed","template":"","meta":{"_bbp_topic_count":0,"_bbp_reply_count":0,"_bbp_total_topic_count":0,"_bbp_total_reply_count":0,"_bbp_voice_count":0,"_bbp_anonymous_reply_count":0,"_bbp_topic_count_hidden":0,"_bbp_reply_count_hidden":0,"_bbp_forum_subforum_count":0,"footnotes":""},"class_list":["post-5278","page","type-page","status-publish","hentry"],"post_mailing_queue_ids":[],"_links":{"self":[{"href":"https:\/\/agora.xtec.cat\/inscanvilumara\/wp-json\/wp\/v2\/pages\/5278","targetHints":{"allow":["GET"]}}],"collection":[{"href":"https:\/\/agora.xtec.cat\/inscanvilumara\/wp-json\/wp\/v2\/pages"}],"about":[{"href":"https:\/\/agora.xtec.cat\/inscanvilumara\/wp-json\/wp\/v2\/types\/page"}],"author":[{"embeddable":true,"href":"https:\/\/agora.xtec.cat\/inscanvilumara\/wp-json\/wp\/v2\/users\/12"}],"replies":[{"embeddable":true,"href":"https:\/\/agora.xtec.cat\/inscanvilumara\/wp-json\/wp\/v2\/comments?post=5278"}],"version-history":[{"count":4,"href":"https:\/\/agora.xtec.cat\/inscanvilumara\/wp-json\/wp\/v2\/pages\/5278\/revisions"}],"predecessor-version":[{"id":5339,"href":"https:\/\/agora.xtec.cat\/inscanvilumara\/wp-json\/wp\/v2\/pages\/5278\/revisions\/5339"}],"up":[{"embeddable":true,"href":"https:\/\/agora.xtec.cat\/inscanvilumara\/wp-json\/wp\/v2\/pages\/3340"}],"wp:attachment":[{"href":"https:\/\/agora.xtec.cat\/inscanvilumara\/wp-json\/wp\/v2\/media?parent=5278"}],"curies":[{"name":"wp","href":"https:\/\/api.w.org\/{rel}","templated":true}]}}