{"id":5139,"date":"2020-11-12T10:00:00","date_gmt":"2020-11-12T09:00:00","guid":{"rendered":"http:\/\/agora.xtec.cat\/inscanvilumara\/?page_id=5139"},"modified":"2024-02-09T10:49:31","modified_gmt":"2024-02-09T09:49:31","slug":"batxillerat-2","status":"publish","type":"page","link":"https:\/\/agora.xtec.cat\/inscanvilumara\/batxillerat-2\/","title":{"rendered":"BATXILLERAT"},"content":{"rendered":"<h4 style=\"text-align: center;\"><span style=\"text-decoration: underline;\">INFO GENERAL SOBRE EL BATXILLERAT<\/span><\/h4>\n<h5><\/h5>\n<h4><\/h4>\n<h4>Correu de coordinaci\u00f3 de batxillerat: coordbatxvilumara@gmail.com<\/h4>\n<p><b>El batxillerat a l\u2019Institut Can Vilumara<\/b><b><br \/>\n<\/b><span style=\"font-weight: 400;\">El batxillerat \u00e9s l\u2019etapa d\u2019estudis postobligatoris que t\u00e9 com a objectiu preparar l\u2019alumnat per als estudis superiors, ja siguin universitaris o cicles formatius de grau superior, que s\u00f3n dues vies d\u2019acc\u00e9s al m\u00f3n laboral.<\/span><span style=\"font-weight: 400;\"><br \/>\n<\/span><span style=\"font-weight: 400;\">El batxillerat consta de dos cursos acad\u00e8mics i s\u2019organitza en tres modalitats. En el nostre centre se\u2019n poden cursar dues: Ci\u00e8ncies i Tecnologia, i Humanitats i Ci\u00e8ncies socials.<\/span><span style=\"font-weight: 400;\"><br \/>\n<\/span><span style=\"font-weight: 400;\">El curr\u00edculum de batxillerat consta de mat\u00e8ries comunes, mat\u00e8ries de modalitat i mat\u00e8ries optatives, i tamb\u00e9 del treball de recerca. Les mat\u00e8ries comunes les han de cursar tots els alumnes.<\/span><\/p>\n<p><strong>Horaris i serveis<\/strong><strong>\u00a0<\/strong><\/p>\n<p>\u2022 Horari intensiu de 8.15 a 14.45 h.<br \/>\n\u2022 Serveis: biblioteca i cafeteria.<br \/>\n\u2022 P\u00e0gina web del centre amb informaci\u00f3 actualitzada de totes les\u00a0activitats del centre i informacions d\u2019inter\u00e8s, com la guia de\u00a0l\u2019alumnat i la guia de funcionament.<\/p>\n","protected":false},"excerpt":{"rendered":"<p>INFO GENERAL SOBRE EL BATXILLERAT<\/p>\n<p>Correu de coordinaci\u00f3 de batxillerat: coordbatxvilumara@gmail.com<br \/>\nEl batxillerat a l\u2019Institut Can Vilumara<br \/>\nEl batxillerat \u00e9s l\u2019etapa d\u2019estudis postobligatoris que t\u00e9 com a objectiu preparar l\u2019alumnat per als estudis superiors, ja siguin universitaris o cicles formatius de grau superior, que s\u00f3n dues vies d\u2019acc\u00e9s&hellip;  <a href=\"https:\/\/agora.xtec.cat\/inscanvilumara\/batxillerat-2\/\" title=\"Read BATXILLERAT\">Llegeix m\u00e9s\u00bb<\/a><\/p>\n","protected":false},"author":1,"featured_media":0,"parent":0,"menu_order":0,"comment_status":"closed","ping_status":"closed","template":"","meta":{"_bbp_topic_count":0,"_bbp_reply_count":0,"_bbp_total_topic_count":0,"_bbp_total_reply_count":0,"_bbp_voice_count":0,"_bbp_anonymous_reply_count":0,"_bbp_topic_count_hidden":0,"_bbp_reply_count_hidden":0,"_bbp_forum_subforum_count":0,"footnotes":""},"class_list":["post-5139","page","type-page","status-publish","hentry"],"post_mailing_queue_ids":[],"_links":{"self":[{"href":"https:\/\/agora.xtec.cat\/inscanvilumara\/wp-json\/wp\/v2\/pages\/5139","targetHints":{"allow":["GET"]}}],"collection":[{"href":"https:\/\/agora.xtec.cat\/inscanvilumara\/wp-json\/wp\/v2\/pages"}],"about":[{"href":"https:\/\/agora.xtec.cat\/inscanvilumara\/wp-json\/wp\/v2\/types\/page"}],"author":[{"embeddable":true,"href":"https:\/\/agora.xtec.cat\/inscanvilumara\/wp-json\/wp\/v2\/users\/1"}],"replies":[{"embeddable":true,"href":"https:\/\/agora.xtec.cat\/inscanvilumara\/wp-json\/wp\/v2\/comments?post=5139"}],"version-history":[{"count":7,"href":"https:\/\/agora.xtec.cat\/inscanvilumara\/wp-json\/wp\/v2\/pages\/5139\/revisions"}],"predecessor-version":[{"id":8598,"href":"https:\/\/agora.xtec.cat\/inscanvilumara\/wp-json\/wp\/v2\/pages\/5139\/revisions\/8598"}],"wp:attachment":[{"href":"https:\/\/agora.xtec.cat\/inscanvilumara\/wp-json\/wp\/v2\/media?parent=5139"}],"curies":[{"name":"wp","href":"https:\/\/api.w.org\/{rel}","templated":true}]}}