{"id":5044,"date":"2020-11-05T19:34:47","date_gmt":"2020-11-05T18:34:47","guid":{"rendered":"http:\/\/agora.xtec.cat\/inscanvilumara\/?page_id=5044"},"modified":"2026-04-10T15:07:15","modified_gmt":"2026-04-10T13:07:15","slug":"cicles-formatius-2","status":"publish","type":"page","link":"https:\/\/agora.xtec.cat\/inscanvilumara\/cicles-formatius-2\/","title":{"rendered":"FP: Cicles formatius"},"content":{"rendered":"<p><a href=\"https:\/\/agora.xtec.cat\/inscanvilumara\/cicles-formatius-2\/calendari-cicles-formatius\/\">Calendari Cicles formatius\u00a0<\/a><\/p>\n<table style=\"border-collapse: collapse; width: 100%; height: 192px;\">\n<tbody>\n<tr style=\"height: 32px;\">\n<td style=\"width: 100%; text-align: center; height: 32px;\"><a title=\"CFGM Atenci\u00f3 a persones en situaci\u00f3 de depend\u00e8ncia\" href=\"https:\/\/sites.google.com\/inscanvilumara.cat\/inscanvilumaratapsdependencia\/inici-el-cicle\">CFGM Atenci\u00f3 a persones en situaci\u00f3 de depend\u00e8ncia<\/a><\/td>\n<\/tr>\n<tr style=\"height: 32px;\">\n<td style=\"width: 100%; text-align: center; height: 32px;\"><a href=\"https:\/\/sites.google.com\/inscanvilumara.cat\/cures-auxiliars-infermeria\/inici-el-cicle\">CFGM Cures Auxiliars d&#8217;infermeria<\/a><\/td>\n<\/tr>\n<tr style=\"height: 32px;\">\n<td style=\"width: 100%; text-align: center; height: 32px;\"><a title=\"CFGS Animaci\u00f3 Sociocultural i Tur\u00edstica\" href=\"https:\/\/sites.google.com\/inscanvilumara.cat\/animaciosocioculturalturistica\/el-cicle\">CFGS Animaci\u00f3 Sociocultural i Tur\u00edstica<\/a><\/td>\n<\/tr>\n<tr style=\"height: 32px;\">\n<td style=\"width: 100%; text-align: center; height: 32px;\"><a title=\"CFGS Educaci\u00f3 Infantil\" href=\"https:\/\/sites.google.com\/inscanvilumara.cat\/educacio-infantil\/inici-el-cicle\">CFGS Educaci\u00f3 Infantil<\/a><\/td>\n<\/tr>\n<tr style=\"height: 32px;\">\n<td style=\"width: 100%; text-align: center; height: 32px;\"><a href=\"https:\/\/sites.google.com\/inscanvilumara.cat\/integracisocial?usp=sharing\">CFGS Integraci\u00f3 Social<\/a><\/td>\n<\/tr>\n<tr style=\"height: 32px;\">\n<td style=\"width: 100%; text-align: center; height: 32px;\"><a title=\"CFGS Promoci\u00f3 d'Igualtat de G\u00e8nere\" href=\"https:\/\/sites.google.com\/inscanvilumara.cat\/promocio-igualtat-de-genere\/el-cicle\">CFGS Promoci\u00f3 d&#8217;Igualtat de G\u00e8nere<\/a><\/td>\n<\/tr>\n<\/tbody>\n<\/table>\n","protected":false},"excerpt":{"rendered":"<p><a href=\"https:\/\/agora.xtec.cat\/inscanvilumara\/cicles-formatius-2\/calendari-cicles-formatius\/\">Calendari Cicles formatius\u00a0<\/a><\/p>\n<p><a title=\"CFGM Atenci\u00f3 a persones en situaci\u00f3 de depend\u00e8ncia\" href=\"https:\/\/sites.google.com\/inscanvilumara.cat\/inscanvilumaratapsdependencia\/inici-el-cicle\">CFGM Atenci\u00f3 a persones en situaci\u00f3 de depend\u00e8ncia<\/a><\/p>\n<p><a href=\"https:\/\/sites.google.com\/inscanvilumara.cat\/cures-auxiliars-infermeria\/inici-el-cicle\">CFGM Cures Auxiliars d&#8217;infermeria<\/a><\/p>\n<p><a title=\"CFGS Animaci\u00f3 Sociocultural i Tur\u00edstica\" href=\"https:\/\/sites.google.com\/inscanvilumara.cat\/animaciosocioculturalturistica\/el-cicle\">CFGS Animaci\u00f3 Sociocultural i Tur\u00edstica<\/a><\/p>\n<p><a title=\"CFGS Educaci\u00f3 Infantil\" href=\"https:\/\/sites.google.com\/inscanvilumara.cat\/educacio-infantil\/inici-el-cicle\">CFGS Educaci\u00f3 Infantil<\/a><\/p>\n<p><a href=\"https:\/\/sites.google.com\/inscanvilumara.cat\/integracisocial?usp=sharing\">CFGS Integraci\u00f3 Social<\/a><\/p>\n<p><a title=\"CFGS Promoci\u00f3&hellip;  <a href=\"https:\/\/agora.xtec.cat\/inscanvilumara\/cicles-formatius-2\/\" title=\"Read FP: Cicles formatius\">Llegeix m\u00e9s\u00bb<\/a><\/p>\n","protected":false},"author":12,"featured_media":0,"parent":0,"menu_order":0,"comment_status":"closed","ping_status":"closed","template":"page-templates\/side-menu.php","meta":{"_bbp_topic_count":0,"_bbp_reply_count":0,"_bbp_total_topic_count":0,"_bbp_total_reply_count":0,"_bbp_voice_count":0,"_bbp_anonymous_reply_count":0,"_bbp_topic_count_hidden":0,"_bbp_reply_count_hidden":0,"_bbp_forum_subforum_count":0,"footnotes":""},"class_list":["post-5044","page","type-page","status-publish","hentry"],"post_mailing_queue_ids":[],"_links":{"self":[{"href":"https:\/\/agora.xtec.cat\/inscanvilumara\/wp-json\/wp\/v2\/pages\/5044","targetHints":{"allow":["GET"]}}],"collection":[{"href":"https:\/\/agora.xtec.cat\/inscanvilumara\/wp-json\/wp\/v2\/pages"}],"about":[{"href":"https:\/\/agora.xtec.cat\/inscanvilumara\/wp-json\/wp\/v2\/types\/page"}],"author":[{"embeddable":true,"href":"https:\/\/agora.xtec.cat\/inscanvilumara\/wp-json\/wp\/v2\/users\/12"}],"replies":[{"embeddable":true,"href":"https:\/\/agora.xtec.cat\/inscanvilumara\/wp-json\/wp\/v2\/comments?post=5044"}],"version-history":[{"count":7,"href":"https:\/\/agora.xtec.cat\/inscanvilumara\/wp-json\/wp\/v2\/pages\/5044\/revisions"}],"predecessor-version":[{"id":10331,"href":"https:\/\/agora.xtec.cat\/inscanvilumara\/wp-json\/wp\/v2\/pages\/5044\/revisions\/10331"}],"wp:attachment":[{"href":"https:\/\/agora.xtec.cat\/inscanvilumara\/wp-json\/wp\/v2\/media?parent=5044"}],"curies":[{"name":"wp","href":"https:\/\/api.w.org\/{rel}","templated":true}]}}