{"id":4986,"date":"2020-11-05T13:21:56","date_gmt":"2020-11-05T12:21:56","guid":{"rendered":"http:\/\/agora.xtec.cat\/inscanvilumara\/?page_id=4986"},"modified":"2024-09-12T10:34:04","modified_gmt":"2024-09-12T08:34:04","slug":"cfgs-animacio-sociocultural-i-turistica","status":"publish","type":"page","link":"https:\/\/agora.xtec.cat\/inscanvilumara\/cicles-formatius-2\/cfgs-animacio-sociocultural-i-turistica\/","title":{"rendered":"CFGS Animaci\u00f3 Sociocultural i Tur\u00edstica"},"content":{"rendered":"<p>Acc\u00e9s al <a href=\"https:\/\/sites.google.com\/inscanvilumara.cat\/animaciosocioculturalturistica\/el-cicle\" target=\"_blank\" rel=\"noopener\">CFGS Animaci\u00f3 Sociocultural i Tur\u00edstica.<\/a><\/p>\n","protected":false},"excerpt":{"rendered":"<p>Acc\u00e9s al <a href=\"https:\/\/sites.google.com\/inscanvilumara.cat\/animaciosocioculturalturistica\/el-cicle\" target=\"_blank\" rel=\"noopener\">CFGS Animaci\u00f3 Sociocultural i Tur\u00edstica.<\/a><\/p>\n","protected":false},"author":12,"featured_media":0,"parent":5044,"menu_order":5,"comment_status":"closed","ping_status":"closed","template":"page-templates\/side-menu.php","meta":{"_bbp_topic_count":0,"_bbp_reply_count":0,"_bbp_total_topic_count":0,"_bbp_total_reply_count":0,"_bbp_voice_count":0,"_bbp_anonymous_reply_count":0,"_bbp_topic_count_hidden":0,"_bbp_reply_count_hidden":0,"_bbp_forum_subforum_count":0,"footnotes":""},"class_list":["post-4986","page","type-page","status-publish","hentry"],"post_mailing_queue_ids":[],"_links":{"self":[{"href":"https:\/\/agora.xtec.cat\/inscanvilumara\/wp-json\/wp\/v2\/pages\/4986","targetHints":{"allow":["GET"]}}],"collection":[{"href":"https:\/\/agora.xtec.cat\/inscanvilumara\/wp-json\/wp\/v2\/pages"}],"about":[{"href":"https:\/\/agora.xtec.cat\/inscanvilumara\/wp-json\/wp\/v2\/types\/page"}],"author":[{"embeddable":true,"href":"https:\/\/agora.xtec.cat\/inscanvilumara\/wp-json\/wp\/v2\/users\/12"}],"replies":[{"embeddable":true,"href":"https:\/\/agora.xtec.cat\/inscanvilumara\/wp-json\/wp\/v2\/comments?post=4986"}],"version-history":[{"count":4,"href":"https:\/\/agora.xtec.cat\/inscanvilumara\/wp-json\/wp\/v2\/pages\/4986\/revisions"}],"predecessor-version":[{"id":9172,"href":"https:\/\/agora.xtec.cat\/inscanvilumara\/wp-json\/wp\/v2\/pages\/4986\/revisions\/9172"}],"up":[{"embeddable":true,"href":"https:\/\/agora.xtec.cat\/inscanvilumara\/wp-json\/wp\/v2\/pages\/5044"}],"wp:attachment":[{"href":"https:\/\/agora.xtec.cat\/inscanvilumara\/wp-json\/wp\/v2\/media?parent=4986"}],"curies":[{"name":"wp","href":"https:\/\/api.w.org\/{rel}","templated":true}]}}