{"id":46,"date":"2014-09-17T16:53:45","date_gmt":"2014-09-17T14:53:45","guid":{"rendered":"http:\/\/agora.xtec.cat\/inscanvilumara\/?page_id=46"},"modified":"2025-07-07T13:57:12","modified_gmt":"2025-07-07T11:57:12","slug":"organigrama","status":"publish","type":"page","link":"https:\/\/agora.xtec.cat\/inscanvilumara\/linstitut\/organigrama\/","title":{"rendered":"Organigrama"},"content":{"rendered":"<h3>Director: Jordi Bas Garcia<\/h3>\n<h3>Cap d&#8217;estudis: Juan Carlos Casta\u00f1o Mart\u00ednez<\/h3>\n<h3>Cap d&#8217;estudis: Albert V\u00edlchez Garc\u00eda<\/h3>\n<h3>Secret\u00e0ria: Anna Bascu\u00f1ana Casas\u00fas<\/h3>\n<h3>Coordinadora Pedag\u00f2gica: Laia Garrof\u00e9 G\u00f3mez<\/h3>\n<p>&nbsp;<\/p>\n<p><a href=\"http:\/\/agora.xtec.cat\/inscanvilumara\/wp-content\/uploads\/usu1655\/2014\/09\/Organigrama.jpg\"><img loading=\"lazy\" decoding=\"async\" class=\"alignnone wp-image-597\" src=\"http:\/\/agora.xtec.cat\/inscanvilumara\/wp-content\/uploads\/usu1655\/2014\/09\/Organigrama.jpg\" alt=\"\" width=\"692\" height=\"417\" srcset=\"https:\/\/agora.xtec.cat\/inscanvilumara\/wp-content\/uploads\/usu1655\/2014\/09\/Organigrama.jpg 690w, https:\/\/agora.xtec.cat\/inscanvilumara\/wp-content\/uploads\/usu1655\/2014\/09\/Organigrama-300x181.jpg 300w\" sizes=\"auto, (max-width: 692px) 100vw, 692px\" \/><\/a><\/p>\n<p>&nbsp;<\/p>\n<p><strong>PERFIL PROFESSIONAL EQUIP DIRECTIU<\/strong><\/p>\n<p><a href=\"https:\/\/drive.google.com\/file\/d\/1xT2DTyloZpAaDUyJ74dXQvC-skoQiFeI\/view?usp=sharing\">Director<\/a><\/p>\n<p><a href=\"https:\/\/drive.google.com\/file\/d\/1jEStD8O1eJcL9jB6jgZ2hcFrmKkqezYg\/view?usp=sharing\">Secretaria<\/a><\/p>\n<p><a href=\"https:\/\/drive.google.com\/file\/d\/1hVZqduXbxoandp6Hm_e9xGoYuC8YGFZf\/view?usp=sharing\">Cap d&#8217;Estudis<\/a><\/p>\n","protected":false},"excerpt":{"rendered":"<p>Director: Jordi Bas Garcia<br \/>\nCap d&#8217;estudis: Juan Carlos Casta\u00f1o Mart\u00ednez<br \/>\nCap d&#8217;estudis: Albert V\u00edlchez Garc\u00eda<br \/>\nSecret\u00e0ria: Anna Bascu\u00f1ana Casas\u00fas<br \/>\nCoordinadora Pedag\u00f2gica: Laia Garrof\u00e9 G\u00f3mez<br \/>\n&nbsp;<br \/>\n<a href=\"http:\/\/agora.xtec.cat\/inscanvilumara\/wp-content\/uploads\/usu1655\/2014\/09\/Organigrama.jpg\"><\/a><br \/>\n&nbsp;<br \/>\nPERFIL PROFESSIONAL EQUIP DIRECTIU<br \/>\n<a href=\"https:\/\/drive.google.com\/file\/d\/1xT2DTyloZpAaDUyJ74dXQvC-skoQiFeI\/view?usp=sharing\">Director<\/a><br \/>\n<a href=\"https:\/\/drive.google.com\/file\/d\/1jEStD8O1eJcL9jB6jgZ2hcFrmKkqezYg\/view?usp=sharing\">Secretaria<\/a><br \/>\n<a href=\"https:\/\/drive.google.com\/file\/d\/1hVZqduXbxoandp6Hm_e9xGoYuC8YGFZf\/view?usp=sharing\">Cap d&#8217;Estudis<\/a><\/p>\n","protected":false},"author":1,"featured_media":0,"parent":19,"menu_order":4,"comment_status":"closed","ping_status":"closed","template":"page-templates\/side-menu.php","meta":{"_bbp_topic_count":0,"_bbp_reply_count":0,"_bbp_total_topic_count":0,"_bbp_total_reply_count":0,"_bbp_voice_count":0,"_bbp_anonymous_reply_count":0,"_bbp_topic_count_hidden":0,"_bbp_reply_count_hidden":0,"_bbp_forum_subforum_count":0,"footnotes":""},"class_list":["post-46","page","type-page","status-publish","hentry"],"post_mailing_queue_ids":[],"_links":{"self":[{"href":"https:\/\/agora.xtec.cat\/inscanvilumara\/wp-json\/wp\/v2\/pages\/46","targetHints":{"allow":["GET"]}}],"collection":[{"href":"https:\/\/agora.xtec.cat\/inscanvilumara\/wp-json\/wp\/v2\/pages"}],"about":[{"href":"https:\/\/agora.xtec.cat\/inscanvilumara\/wp-json\/wp\/v2\/types\/page"}],"author":[{"embeddable":true,"href":"https:\/\/agora.xtec.cat\/inscanvilumara\/wp-json\/wp\/v2\/users\/1"}],"replies":[{"embeddable":true,"href":"https:\/\/agora.xtec.cat\/inscanvilumara\/wp-json\/wp\/v2\/comments?post=46"}],"version-history":[{"count":6,"href":"https:\/\/agora.xtec.cat\/inscanvilumara\/wp-json\/wp\/v2\/pages\/46\/revisions"}],"predecessor-version":[{"id":9925,"href":"https:\/\/agora.xtec.cat\/inscanvilumara\/wp-json\/wp\/v2\/pages\/46\/revisions\/9925"}],"up":[{"embeddable":true,"href":"https:\/\/agora.xtec.cat\/inscanvilumara\/wp-json\/wp\/v2\/pages\/19"}],"wp:attachment":[{"href":"https:\/\/agora.xtec.cat\/inscanvilumara\/wp-json\/wp\/v2\/media?parent=46"}],"curies":[{"name":"wp","href":"https:\/\/api.w.org\/{rel}","templated":true}]}}