{"id":43,"date":"2014-09-17T16:45:07","date_gmt":"2014-09-17T14:45:07","guid":{"rendered":"http:\/\/agora.xtec.cat\/inscanvilumara\/?page_id=43"},"modified":"2026-03-04T20:21:30","modified_gmt":"2026-03-04T19:21:30","slug":"consell-escolar","status":"publish","type":"page","link":"https:\/\/agora.xtec.cat\/inscanvilumara\/linstitut\/consell-escolar\/","title":{"rendered":"Consell escolar"},"content":{"rendered":"<p>El consell escolar del centre \u00e9s l&#8217;\u00f2rgan col\u00b7legiat de participaci\u00f3 de la comunitat escolar en el govern del centre.<\/p>\n<p>En el consell escolar hi ha representats tots els col\u00b7lectius que intervenen en la comunitat educativa: director o directora, professors, alumnes, personal d&#8217;administraci\u00f3 i serveis, etc.<\/p>\n<p>En els centres p\u00fablics, la funci\u00f3 principal del consell escolar \u00e9s debatre i aprovar tots aquells temes importants per al funcionament i l&#8217;organitzaci\u00f3 del centre: el projecte educatiu, el pla i la mem\u00f2ria anual de centre, el pressupost, etc.<\/p>\n<p>En el cas dels centres privats concertats, el consell escolar debat i aprova els temes a proposta de la titularitat del centre.<\/p>\n<p>Les persones del consell escolar s\u00f3n elegides per un per\u00edode de quatre anys i es renoven per meitats cada dos anys.<\/p>\n<p>El nostre Consell Escolar per al curs 2025-2026 est\u00e0 format:<\/p>\n<p>&nbsp;<\/p>\n<table style=\"border-collapse: collapse; width: 96.5379%; height: 610px;\">\n<tbody>\n<tr style=\"height: 32px;\">\n<td style=\"width: 44.235%; height: 32px; background-color: #c5e4eb; text-align: center;\" colspan=\"2\"><strong>CONSELLERES I CONSELLERS CURS 2025-2026<\/strong><\/td>\n<\/tr>\n<tr style=\"height: 32px;\">\n<td style=\"width: 44.235%; height: 32px; text-align: left;\">President<\/td>\n<td style=\"width: 111.028%; height: 32px; text-align: left;\"><span style=\"font-weight: 400;\">Jordi Bas Garcia<\/span><\/td>\n<\/tr>\n<tr style=\"height: 32px;\">\n<td style=\"width: 44.235%; height: 32px; text-align: left;\">Secret\u00e0ria<\/td>\n<td style=\"width: 111.028%; height: 32px; text-align: left;\"><span style=\"font-weight: 400;\">Anna Bascu\u00f1ana Casas\u00fas<\/span><\/td>\n<\/tr>\n<tr style=\"height: 32px;\">\n<td style=\"width: 44.235%; height: 32px; text-align: left;\">Cap d&#8217;Estudis<\/td>\n<td style=\"width: 111.028%; height: 32px; text-align: left;\"><span style=\"font-weight: 400;\">Juan Carlos Casta\u00f1o Mart\u00ednez<\/span><\/td>\n<\/tr>\n<tr style=\"height: 32px;\">\n<td style=\"width: 44.235%; height: 32px; text-align: left;\">Representant sector professorat<\/td>\n<td style=\"width: 111.028%; height: 32px; text-align: left;\">Judit Aparici Aznar<\/td>\n<\/tr>\n<tr style=\"height: 32px;\">\n<td style=\"width: 44.235%; height: 32px; text-align: left;\">Representant sector professorat<\/td>\n<td style=\"width: 111.028%; height: 32px; text-align: left;\"><span style=\"font-weight: 400;\">Adri\u00e0 Rusin\u00e9s Plaza<\/span><\/td>\n<\/tr>\n<tr style=\"height: 32px;\">\n<td style=\"width: 44.235%; height: 32px; text-align: left;\">Representant sector professorat<\/td>\n<td style=\"width: 111.028%; height: 32px; text-align: left;\"><span style=\"font-weight: 400;\">Merc\u00e8 P\u00e9rez Calleja<\/span><\/td>\n<\/tr>\n<tr style=\"height: 32px;\">\n<td style=\"width: 44.235%; height: 32px; text-align: left;\">Representant sector professorat<\/td>\n<td style=\"width: 111.028%; height: 32px; text-align: left;\">Alicia Paco Calvin<\/td>\n<\/tr>\n<tr style=\"height: 32px;\">\n<td style=\"width: 44.235%; height: 32px; text-align: left;\">Representant sector professorat<\/td>\n<td style=\"width: 111.028%; height: 32px; text-align: left;\">Cristina Gonz\u00e1lez Monr\u00f3s<\/td>\n<\/tr>\n<tr style=\"height: 32px;\">\n<td style=\"width: 44.235%; height: 32px; text-align: left;\">Representant sector professorat<\/td>\n<td style=\"width: 111.028%; height: 32px; text-align: left;\"><span style=\"font-weight: 400;\">Laia Garrof\u00e9 G\u00f3mez<\/span><\/td>\n<\/tr>\n<tr style=\"height: 32px;\">\n<td style=\"width: 44.235%; height: 32px; text-align: left;\">Representant AFA<\/td>\n<td style=\"width: 111.028%; height: 32px; text-align: left;\">Susana Raig\u00f3n Serrano<\/td>\n<\/tr>\n<tr style=\"height: 32px;\">\n<td style=\"width: 44.235%; height: 34px; text-align: left;\">Representant sector fam\u00edlies<\/td>\n<td style=\"width: 111.028%; height: 34px; text-align: left;\">Mar\u00eda del Roc\u00edo Garc\u00eda Yuste<\/td>\n<\/tr>\n<tr style=\"height: 32px;\">\n<td style=\"width: 44.235%; height: 32px; text-align: left;\">Representant sector fam\u00edlies<\/td>\n<td style=\"width: 111.028%; height: 32px; text-align: left;\">Margarita Sobrino P\u00e9rez<\/td>\n<\/tr>\n<tr style=\"height: 32px;\">\n<td style=\"width: 44.235%; height: 32px; text-align: left;\">Representant sector alumnat<\/td>\n<td style=\"width: 111.028%; height: 32px; text-align: left;\">Samuel P\u00e9rez Mart\u00ednez<\/td>\n<\/tr>\n<tr style=\"height: 32px;\">\n<td style=\"width: 44.235%; height: 32px; text-align: left;\">Representant sector alumnat<\/td>\n<td style=\"width: 111.028%; height: 32px; text-align: left;\">\u00c1lvaro G\u00f3mez Contreras<\/td>\n<\/tr>\n<tr style=\"height: 32px;\">\n<td style=\"width: 44.235%; height: 32px; text-align: left;\">Representant sector alumnat<\/td>\n<td style=\"width: 111.028%; height: 32px; text-align: left;\">Ver\u00f3nica Michelle Salazar Oblitas<\/td>\n<\/tr>\n<tr style=\"height: 32px;\">\n<td style=\"width: 44.235%; height: 32px; text-align: left;\">Representant sector PAS<\/td>\n<td style=\"width: 111.028%; height: 32px; text-align: left;\">Maria Dolors Andreu A\u00f1or<\/td>\n<\/tr>\n<tr style=\"height: 32px;\">\n<td style=\"width: 44.235%; height: 32px; text-align: left;\">Representant sector PAS (educadora social)<\/td>\n<td style=\"width: 111.028%; height: 32px; text-align: left;\">Izaskun Reta Garc\u00eda<\/td>\n<\/tr>\n<tr style=\"height: 32px;\">\n<td style=\"width: 44.235%; height: 32px; text-align: left;\">Representant de l&#8217;Ajuntament de l&#8217;Hospitalet de Llobregat<\/td>\n<td style=\"width: 111.028%; height: 32px; text-align: left;\">Alicia S\u00e1nchez Valverde<\/td>\n<\/tr>\n<\/tbody>\n<\/table>\n<p>&nbsp;<\/p>\n<p><strong>ACORDS<\/strong><\/p>\n<p><em><strong>curs 2024-2025<\/strong><\/em><\/p>\n<p><strong>24-25. 27.11.24<\/strong><\/p>\n<p>1. S&#8217;aprova l&#8217;acta de la sessi\u00f3 anterior.<\/p>\n<p>2. S&#8217;aprova la Mem\u00f2ria Anual 2023-24.<\/p>\n<p>3. S\u2019aprova PGA 2024-25 per unanimitat.<\/p>\n<p>4. S\u2019aprova el tancament exercici econ\u00f2mic 2023 i pressupost 2024 per unanimitat.<\/p>\n<p>&nbsp;<\/p>\n<p><strong>24\/25. 29.01.25<\/strong><\/p>\n<p>1. Aprovat per unanimitat amb 8 vots a favor les modificacions de les NOFC<\/p>\n<p>2. Aprovat per unanimitat amb 8 vots a favor l\u2019addenda a la PGA en refer\u00e8ncia al Pla d&#8217;acci\u00f3 del programa GEP.<\/p>\n<p>3. S\u2019accepta la filmaci\u00f3 del curtmetratge.<\/p>\n<p>4. S\u2019acorda fer la propera reuni\u00f3 telem\u00e0tica i si hi ha algun inconvenient es demana que es comuniqui.<\/p>\n<p>&nbsp;<\/p>\n<p><strong>24\/25. 12.03.25<\/strong><\/p>\n<p>1. S\u2019aprova l\u2019acta del consell escolar ordinari anterior amb l\u2019esmena rectificant el nom d\u2019Anna Maria Ferrer per Anna Bel\u00e9n Ferrer<\/p>\n<p>2. S\u2019aprova l\u2019acta del consell escolar extraordinari anterior.<\/p>\n<p>3. S\u2019aprova la liquidaci\u00f3 del 2024.<\/p>\n<p>4. S\u2019aprova el pressupost 2025.<\/p>\n<p>5. S\u2019aprova les aportacions de les fam\u00edlies curs 2025-2026.<\/p>\n<p>6. S\u2019aprova la cessi\u00f3 del centre Xerrades Feministes.<\/p>\n<p>&nbsp;<\/p>\n<p><strong>24\/25. 07.05.25<\/strong><\/p>\n<p>0. Acords: Unanimitat per recolzar el nomenament com a director al senyor Jordi Bas i Garcia.<\/p>\n<p>1. S\u2019aprova la modificaci\u00f3 del pressupost 2025<\/p>\n<p>2. S\u2019aproven les quotes de cicles formatius curs 2025-26<\/p>\n<p>3. S\u2019aprova no acceptar el Casal d\u2019Estiu a l\u2019institut Can Vilumara per aquest estiu amb l\u2019entitat assignada.<\/p>\n<p>4. S\u2019aprova la prioritat per les activitats extraescolars organitzades per l\u2019AFA i en el cas de les privades obtenir una compensaci\u00f3.<\/p>\n<p>5. S\u2019aprova la sortida de l\u2019aula d\u2019acollida no recollida en la PGA.<\/p>\n<p>&nbsp;<\/p>\n<p><strong>24\/25. 26\/06\/25<\/strong><\/p>\n<p>1. Aprovaci\u00f3 de l\u2019acta anterior<\/p>\n<p>2. Aprovaci\u00f3 del Pla LIC<\/p>\n<p>3. Aprovaci\u00f3 del PAT de 1r i 2n ESO i BAT<\/p>\n<p>4. Aprovaci\u00f3 del calendari per al curs 2025-2026. Dies de lliure disposici\u00f3<\/p>\n<p>5. Aprovaci\u00f3 de la reducci\u00f3 de jornada de l\u2019alumnat 19\/12 de 8:15h a les 12:45h<\/p>\n<p>6. Aprovaci\u00f3 de la reducci\u00f3 de jornada de l\u2019alumnat del 8 al 19 de juny<\/p>\n<p>7. Aprovaci\u00f3 de la modificaci\u00f3 del pressupost.<\/p>\n<p>&nbsp;<\/p>\n<p><em><strong>curs 2025-2026<\/strong><\/em><\/p>\n<ul>\n<li><strong>15.10.25: <\/strong><a href=\"https:\/\/drive.google.com\/file\/d\/1kqpj-lw1tBlcXpd5CdFZO-sNB6wmMOdj\/view?usp=sharing\">Acords 15.10.25<\/a><\/li>\n<li><strong>26.11.25<\/strong>: <a href=\"https:\/\/drive.google.com\/file\/d\/1aq_wf37R2Ckrfgn3A0VdwMr3ni_tZaoK\/view?usp=sharing\">Acords 26.11.25<\/a><\/li>\n<li><strong>28.01.26<\/strong>: <a href=\"https:\/\/drive.google.com\/file\/d\/1u1S56FYtTlaxoYrf4nF8IvaTrX26P7Bt\/view?usp=sharing\">Acords 28.01.26<\/a><\/li>\n<li><strong>04.03.26:<\/strong> <a href=\"https:\/\/drive.google.com\/file\/d\/19qR4Zfx-d55zuZTrBTIN-cBsBjF4HWhX\/view?usp=sharing\">Acords 04.03.26<\/a><\/li>\n<\/ul>\n","protected":false},"excerpt":{"rendered":"<p>El consell escolar del centre \u00e9s l&#8217;\u00f2rgan col\u00b7legiat de participaci\u00f3 de la comunitat escolar en el govern del centre.<br \/>\nEn el consell escolar hi ha representats tots els col\u00b7lectius que intervenen en la comunitat educativa: director o directora, professors, alumnes, personal d&#8217;administraci\u00f3 i serveis, etc.<br \/>\nEn els&hellip;  <a href=\"https:\/\/agora.xtec.cat\/inscanvilumara\/linstitut\/consell-escolar\/\" title=\"Read Consell escolar\">Llegeix m\u00e9s\u00bb<\/a><\/p>\n","protected":false},"author":1,"featured_media":0,"parent":19,"menu_order":5,"comment_status":"closed","ping_status":"closed","template":"page-templates\/side-menu.php","meta":{"_bbp_topic_count":0,"_bbp_reply_count":0,"_bbp_total_topic_count":0,"_bbp_total_reply_count":0,"_bbp_voice_count":0,"_bbp_anonymous_reply_count":0,"_bbp_topic_count_hidden":0,"_bbp_reply_count_hidden":0,"_bbp_forum_subforum_count":0,"footnotes":""},"class_list":["post-43","page","type-page","status-publish","hentry"],"post_mailing_queue_ids":[],"_links":{"self":[{"href":"https:\/\/agora.xtec.cat\/inscanvilumara\/wp-json\/wp\/v2\/pages\/43","targetHints":{"allow":["GET"]}}],"collection":[{"href":"https:\/\/agora.xtec.cat\/inscanvilumara\/wp-json\/wp\/v2\/pages"}],"about":[{"href":"https:\/\/agora.xtec.cat\/inscanvilumara\/wp-json\/wp\/v2\/types\/page"}],"author":[{"embeddable":true,"href":"https:\/\/agora.xtec.cat\/inscanvilumara\/wp-json\/wp\/v2\/users\/1"}],"replies":[{"embeddable":true,"href":"https:\/\/agora.xtec.cat\/inscanvilumara\/wp-json\/wp\/v2\/comments?post=43"}],"version-history":[{"count":10,"href":"https:\/\/agora.xtec.cat\/inscanvilumara\/wp-json\/wp\/v2\/pages\/43\/revisions"}],"predecessor-version":[{"id":10255,"href":"https:\/\/agora.xtec.cat\/inscanvilumara\/wp-json\/wp\/v2\/pages\/43\/revisions\/10255"}],"up":[{"embeddable":true,"href":"https:\/\/agora.xtec.cat\/inscanvilumara\/wp-json\/wp\/v2\/pages\/19"}],"wp:attachment":[{"href":"https:\/\/agora.xtec.cat\/inscanvilumara\/wp-json\/wp\/v2\/media?parent=43"}],"curies":[{"name":"wp","href":"https:\/\/api.w.org\/{rel}","templated":true}]}}