{"id":39,"date":"2014-09-17T16:36:44","date_gmt":"2014-09-17T14:36:44","guid":{"rendered":"http:\/\/agora.xtec.cat\/inscanvilumara\/?page_id=39"},"modified":"2020-11-05T19:22:25","modified_gmt":"2020-11-05T18:22:25","slug":"instal%c2%b7lacions","status":"publish","type":"page","link":"https:\/\/agora.xtec.cat\/inscanvilumara\/linstitut\/instal%c2%b7lacions\/","title":{"rendered":"Instal\u00b7lacions"},"content":{"rendered":"<p>Les instal\u00b7lacions i els edificis escolars dels centres educatius p\u00fablics constitueixen un<br \/>\npatrimoni p\u00fablic al servei de la ciutadania. Aquests equipaments es caracteritzen per la<br \/>\nseva polival\u00e8ncia, que els fa aptes per ser utilitzats per a activitats de diversa \u00edndole.<br \/>\nEl seu \u00fas m\u00e9s enll\u00e0 del temps escolar per part d&#8217;entitats culturals, art\u00edstiques, l\u00fadiques,<br \/>\nesportives o altres de caire social, representa en molts contextos una interessant oferta<br \/>\nd&#8217;activitats que afavoreixen la cohesi\u00f3 social i enforteixen el teixit social de l&#8217;entorn del<br \/>\ncentre.<\/p>\n\r\n\t<div class=\"slideshow_container slideshow_container_style-light\" style=\"height: 300px; \" data-slideshow-id=\"567\" data-style-name=\"style-light\" data-style-version=\"2.3.1\" >\r\n\r\n\t\t\t\t\t<div class=\"slideshow_loading_icon\"><\/div>\r\n\t\t\r\n\t\t<div class=\"slideshow_content\" style=\"display: none;\">\r\n\r\n\t\t\t<div class=\"slideshow_view\">\r\n\t\t\t\t<div class=\"slideshow_slide slideshow_slide_image\">\r\n\t\t\t\t\t\t\t\t\t\t\t<img src=\"https:\/\/agora.xtec.cat\/inscanvilumara\/wp-content\/uploads\/usu1655\/2017\/11\/unnamed.jpg\" alt=\"unnamed\" width=\"880\" height=\"586\" \/>\r\n\t\t\t\t\t\t\t\t\t\t<div class=\"slideshow_description_box slideshow_transparent\">\r\n\t\t\t\t\t\t<div class=\"slideshow_title\">unnamed<\/div>\t\t\t\t\t\t\t\t\t\t\t<\/div>\r\n\t\t\t\t<\/div>\r\n\r\n\t\t\t\t\t\t<div style=\"clear: both;\"><\/div><\/div><div class=\"slideshow_view\">\r\n\t\t\t\t<div class=\"slideshow_slide slideshow_slide_image\">\r\n\t\t\t\t\t\t\t\t\t\t\t<img src=\"https:\/\/agora.xtec.cat\/inscanvilumara\/wp-content\/uploads\/usu1655\/2017\/11\/Ies_vi19web.jpg\" alt=\"Ies_vi19web\" width=\"500\" height=\"332\" \/>\r\n\t\t\t\t\t\t\t\t\t\t<div class=\"slideshow_description_box slideshow_transparent\">\r\n\t\t\t\t\t\t<div class=\"slideshow_title\">Ies_vi19web<\/div>\t\t\t\t\t\t\t\t\t\t\t<\/div>\r\n\t\t\t\t<\/div>\r\n\r\n\t\t\t\t\t\t<div style=\"clear: both;\"><\/div><\/div><div class=\"slideshow_view\">\r\n\t\t\t\t<div class=\"slideshow_slide slideshow_slide_image\">\r\n\t\t\t\t\t\t\t\t\t\t\t<img src=\"https:\/\/agora.xtec.cat\/inscanvilumara\/wp-content\/uploads\/usu1655\/2017\/11\/116_1639web.jpg\" alt=\"116_1639web\" width=\"500\" height=\"331\" \/>\r\n\t\t\t\t\t\t\t\t\t\t<div class=\"slideshow_description_box slideshow_transparent\">\r\n\t\t\t\t\t\t<div class=\"slideshow_title\">116_1639web<\/div>\t\t\t\t\t\t\t\t\t\t\t<\/div>\r\n\t\t\t\t<\/div>\r\n\r\n\t\t\t\t\t\t<div style=\"clear: both;\"><\/div><\/div><div class=\"slideshow_view\">\r\n\t\t\t\t<div class=\"slideshow_slide slideshow_slide_image\">\r\n\t\t\t\t\t\t\t\t\t\t\t<img src=\"https:\/\/agora.xtec.cat\/inscanvilumara\/wp-content\/uploads\/usu1655\/2017\/11\/Ies_vi66web.jpg\" alt=\"Ies_vi66web\" width=\"1536\" height=\"1024\" \/>\r\n\t\t\t\t\t\t\t\t\t\t<div class=\"slideshow_description_box slideshow_transparent\">\r\n\t\t\t\t\t\t<div class=\"slideshow_title\">Ies_vi66web<\/div>\t\t\t\t\t\t\t\t\t\t\t<\/div>\r\n\t\t\t\t<\/div>\r\n\r\n\t\t\t\t\t\t<div style=\"clear: both;\"><\/div><\/div><div class=\"slideshow_view\">\r\n\t\t\t\t<div class=\"slideshow_slide slideshow_slide_image\">\r\n\t\t\t\t\t\t\t\t\t\t\t<img src=\"https:\/\/agora.xtec.cat\/inscanvilumara\/wp-content\/uploads\/usu1655\/2017\/11\/Ies_vi53web.jpg\" alt=\"Ies_vi53web\" width=\"880\" height=\"586\" \/>\r\n\t\t\t\t\t\t\t\t\t\t<div class=\"slideshow_description_box slideshow_transparent\">\r\n\t\t\t\t\t\t<div class=\"slideshow_title\">Ies_vi53web<\/div>\t\t\t\t\t\t\t\t\t\t\t<\/div>\r\n\t\t\t\t<\/div>\r\n\r\n\t\t\t\t\t\t<div style=\"clear: both;\"><\/div><\/div>\r\n\t\t<\/div>\r\n\r\n\t\t<div class=\"slideshow_controlPanel slideshow_transparent\" style=\"display: none;\"><ul><li class=\"slideshow_togglePlay\" data-play-text=\"Visualitza\" data-pause-text=\"Pausa\"><\/li><\/ul><\/div>\r\n\r\n\t\t<div class=\"slideshow_button slideshow_previous slideshow_transparent\" role=\"button\" data-previous-text=\"Anterior\" style=\"display: none;\"><\/div>\r\n\t\t<div class=\"slideshow_button slideshow_next slideshow_transparent\" role=\"button\" data-next-text=\"Seg\u00fcent\" style=\"display: none;\"><\/div>\r\n\r\n\t\t<div class=\"slideshow_pagination\" style=\"display: none;\" data-go-to-text=\"V\u00e9s a la diapositiva\"><div class=\"slideshow_pagination_center\"><\/div><\/div>\r\n\r\n\t\t<!-- WordPress Slideshow Version 2.3.1 -->\r\n\r\n\t\t\t<\/div>\r\n\r\n\n<p>L&#8217;Institut Vilumara t\u00e9 per 4 edificis:<\/p>\n<p>&#8211; Edifici 1: SERVEIS D&#8217;ADMINISTRACI\u00d3, DIRECCI\u00d3 I CONSERGERIA<\/p>\n<p>&#8211; Edifici 2: ESO i BATXILLERAT<\/p>\n<p>&#8211; Edifici 3: CICLES FORMATIUS<\/p>\n<p>&#8211; Edifici 4: CAFETERIA I MENJADOR.<\/p>\n<p>A m\u00e9s de les aules ordin\u00e0ries disposem d&#8217;aula de m\u00fasica, d&#8217;idiomes, de psicomotricitat, aules d&#8217;inform\u00e0tica, de refor\u00e7, de Visual i Pl\u00e0stica, laboratoris de F\u00edsica, de Qu\u00edmica, de Ci\u00e8ncies Naturals i de Ci\u00e8ncies Socials, Tallers de Tecnologia, biblioteca, pistes esportives i d&#8217;un ampli gimn\u00e0s.<\/p>\n<p>El centre compta amb diferents patis dintre del recinte escolar.<\/p>\n","protected":false},"excerpt":{"rendered":"<p>Les instal\u00b7lacions i els edificis escolars dels centres educatius p\u00fablics constitueixen un<br \/>\npatrimoni p\u00fablic al servei de la ciutadania. Aquests equipaments es caracteritzen per la<br \/>\nseva polival\u00e8ncia, que els fa aptes per ser utilitzats per a activitats de diversa \u00edndole.<br \/>\nEl seu \u00fas m\u00e9s enll\u00e0 del temps escolar&hellip;  <a href=\"https:\/\/agora.xtec.cat\/inscanvilumara\/linstitut\/instal%c2%b7lacions\/\" title=\"Read Instal\u00b7lacions\">Llegeix m\u00e9s\u00bb<\/a><\/p>\n","protected":false},"author":1,"featured_media":0,"parent":19,"menu_order":3,"comment_status":"closed","ping_status":"closed","template":"page-templates\/side-menu.php","meta":{"_bbp_topic_count":0,"_bbp_reply_count":0,"_bbp_total_topic_count":0,"_bbp_total_reply_count":0,"_bbp_voice_count":0,"_bbp_anonymous_reply_count":0,"_bbp_topic_count_hidden":0,"_bbp_reply_count_hidden":0,"_bbp_forum_subforum_count":0,"footnotes":""},"class_list":["post-39","page","type-page","status-publish","hentry"],"post_mailing_queue_ids":[],"_links":{"self":[{"href":"https:\/\/agora.xtec.cat\/inscanvilumara\/wp-json\/wp\/v2\/pages\/39","targetHints":{"allow":["GET"]}}],"collection":[{"href":"https:\/\/agora.xtec.cat\/inscanvilumara\/wp-json\/wp\/v2\/pages"}],"about":[{"href":"https:\/\/agora.xtec.cat\/inscanvilumara\/wp-json\/wp\/v2\/types\/page"}],"author":[{"embeddable":true,"href":"https:\/\/agora.xtec.cat\/inscanvilumara\/wp-json\/wp\/v2\/users\/1"}],"replies":[{"embeddable":true,"href":"https:\/\/agora.xtec.cat\/inscanvilumara\/wp-json\/wp\/v2\/comments?post=39"}],"version-history":[{"count":3,"href":"https:\/\/agora.xtec.cat\/inscanvilumara\/wp-json\/wp\/v2\/pages\/39\/revisions"}],"predecessor-version":[{"id":1644,"href":"https:\/\/agora.xtec.cat\/inscanvilumara\/wp-json\/wp\/v2\/pages\/39\/revisions\/1644"}],"up":[{"embeddable":true,"href":"https:\/\/agora.xtec.cat\/inscanvilumara\/wp-json\/wp\/v2\/pages\/19"}],"wp:attachment":[{"href":"https:\/\/agora.xtec.cat\/inscanvilumara\/wp-json\/wp\/v2\/media?parent=39"}],"curies":[{"name":"wp","href":"https:\/\/api.w.org\/{rel}","templated":true}]}}