{"id":3380,"date":"2019-12-23T14:16:41","date_gmt":"2019-12-23T13:16:41","guid":{"rendered":"http:\/\/agora.xtec.cat\/inscanvilumara\/?page_id=3380"},"modified":"2025-09-10T08:56:45","modified_gmt":"2025-09-10T06:56:45","slug":"guia-de-lalumnat-fp","status":"publish","type":"page","link":"https:\/\/agora.xtec.cat\/inscanvilumara\/cicles-formatius-2\/guia-de-lalumnat-fp\/","title":{"rendered":"Guia de l&#8217;alumnat FP"},"content":{"rendered":"<p style=\"text-align: justify;\">A la <em>Guia de l&#8217;Alumnat<\/em> hi trobareu informaci\u00f3 sobre les caracter\u00edstiques dels cicles formatius que cursem al centre, els seus criteris d&#8217;avaluaci\u00f3 generals, aspectes sobre la formaci\u00f3 en centres de treball, les normes de conviv\u00e8ncia, horaris i \u00fas d&#8217;espais, etc. Cliqueu a l&#8217;enlla\u00e7:<\/p>\n<p><a href=\"https:\/\/drive.google.com\/file\/d\/1iyMdVs2a8wXpqnSEg7ejEkgn_dJPyYZp\/view?usp=drive_link\">Guia de l&#8217;alumnat curs 2526<\/a><\/p>\n<p>&nbsp;<\/p>\n","protected":false},"excerpt":{"rendered":"<p>A la Guia de l&#8217;Alumnat hi trobareu informaci\u00f3 sobre les caracter\u00edstiques dels cicles formatius que cursem al centre, els seus criteris d&#8217;avaluaci\u00f3 generals, aspectes sobre la formaci\u00f3 en centres de treball, les normes de conviv\u00e8ncia, horaris i \u00fas d&#8217;espais, etc. Cliqueu a l&#8217;enlla\u00e7:<br \/>\n<a href=\"https:\/\/drive.google.com\/file\/d\/1iyMdVs2a8wXpqnSEg7ejEkgn_dJPyYZp\/view?usp=drive_link\">Guia de&hellip;  <a href=\"https:\/\/agora.xtec.cat\/inscanvilumara\/cicles-formatius-2\/guia-de-lalumnat-fp\/\" title=\"Read Guia de l&#8217;alumnat FP\">Llegeix m\u00e9s\u00bb<\/a><\/p>\n","protected":false},"author":12,"featured_media":0,"parent":5044,"menu_order":10,"comment_status":"closed","ping_status":"closed","template":"page-templates\/side-menu.php","meta":{"_bbp_topic_count":0,"_bbp_reply_count":0,"_bbp_total_topic_count":0,"_bbp_total_reply_count":0,"_bbp_voice_count":0,"_bbp_anonymous_reply_count":0,"_bbp_topic_count_hidden":0,"_bbp_reply_count_hidden":0,"_bbp_forum_subforum_count":0,"footnotes":""},"class_list":["post-3380","page","type-page","status-publish","hentry"],"post_mailing_queue_ids":[],"_links":{"self":[{"href":"https:\/\/agora.xtec.cat\/inscanvilumara\/wp-json\/wp\/v2\/pages\/3380","targetHints":{"allow":["GET"]}}],"collection":[{"href":"https:\/\/agora.xtec.cat\/inscanvilumara\/wp-json\/wp\/v2\/pages"}],"about":[{"href":"https:\/\/agora.xtec.cat\/inscanvilumara\/wp-json\/wp\/v2\/types\/page"}],"author":[{"embeddable":true,"href":"https:\/\/agora.xtec.cat\/inscanvilumara\/wp-json\/wp\/v2\/users\/12"}],"replies":[{"embeddable":true,"href":"https:\/\/agora.xtec.cat\/inscanvilumara\/wp-json\/wp\/v2\/comments?post=3380"}],"version-history":[{"count":6,"href":"https:\/\/agora.xtec.cat\/inscanvilumara\/wp-json\/wp\/v2\/pages\/3380\/revisions"}],"predecessor-version":[{"id":10020,"href":"https:\/\/agora.xtec.cat\/inscanvilumara\/wp-json\/wp\/v2\/pages\/3380\/revisions\/10020"}],"up":[{"embeddable":true,"href":"https:\/\/agora.xtec.cat\/inscanvilumara\/wp-json\/wp\/v2\/pages\/5044"}],"wp:attachment":[{"href":"https:\/\/agora.xtec.cat\/inscanvilumara\/wp-json\/wp\/v2\/media?parent=3380"}],"curies":[{"name":"wp","href":"https:\/\/api.w.org\/{rel}","templated":true}]}}