{"id":3378,"date":"2019-12-23T14:14:24","date_gmt":"2019-12-23T13:14:24","guid":{"rendered":"http:\/\/agora.xtec.cat\/inscanvilumara\/?page_id=3378"},"modified":"2020-11-05T21:32:41","modified_gmt":"2020-11-05T20:32:41","slug":"documentacio-de-cicles-formatius","status":"publish","type":"page","link":"https:\/\/agora.xtec.cat\/inscanvilumara\/cicles-formatius\/documentacio-de-cicles-formatius\/","title":{"rendered":"Documents FP"},"content":{"rendered":"<p><img loading=\"lazy\" decoding=\"async\" class=\"wp-image-3651 size-medium alignleft\" src=\"https:\/\/agora.xtec.cat\/inscanvilumara\/wp-content\/uploads\/usu1655\/2020\/01\/Documents-300x169.png\" alt=\"\" width=\"300\" height=\"169\" srcset=\"https:\/\/agora.xtec.cat\/inscanvilumara\/wp-content\/uploads\/usu1655\/2020\/01\/Documents-300x169.png 300w, https:\/\/agora.xtec.cat\/inscanvilumara\/wp-content\/uploads\/usu1655\/2020\/01\/Documents.png 560w\" sizes=\"auto, (max-width: 300px) 100vw, 300px\" \/><\/p>\n<p>&nbsp;<\/p>\n<p>&nbsp;<\/p>\n<p>&nbsp;<\/p>\n<p><strong>DOCUMENTS DE L&#8217;FP<\/strong><\/p>\n<p>LLIBRES DE TEXT<\/p>\n<p style=\"text-align: justify;\">Aqu\u00ed trobareu la llista de llibres de text que necessitareu comprar si feu un cicle formatiu el proper curs 2020-21. Cliqueu sobre la imatge per accedir-hi.<\/p>\n<p>Nota: Aquest mes de setembre estem ampliant el llistat de llibres de text. Consulteu de nou el document perqu\u00e8 no us en falti cap!<\/p>\n<p><a href=\"https:\/\/agora.xtec.cat\/inscanvilumara\/wp-content\/uploads\/usu1655\/2020\/07\/2021-llibres-de-text-FP-Versi\u00f34.pdf\" target=\"_blank\" rel=\"noopener noreferrer\"><img loading=\"lazy\" decoding=\"async\" class=\"aligncenter wp-image-4706 size-medium\" src=\"https:\/\/agora.xtec.cat\/inscanvilumara\/wp-content\/uploads\/usu1655\/2020\/07\/Foto-llibres-text-FP-Copiar-260x300.jpg\" alt=\"\" width=\"260\" height=\"300\" \/><\/a><\/p>\n<hr \/>\n<p>GUIA DE L&#8217;ALUMNAT<\/p>\n<p style=\"text-align: justify;\">A la\u00a0<em>Guia de l\u2019Alumnat<\/em>\u00a0hi trobareu informaci\u00f3 sobre les caracter\u00edstiques dels cicles formatius que cursem al centre, els seus criteris d\u2019avaluaci\u00f3 generals, aspectes sobre la formaci\u00f3 en centres de treball, les normes de conviv\u00e8ncia, horaris i \u00fas d\u2019espais, etc. Cliqueu a la imatge per accedir-hi:<\/p>\n<p><a href=\"https:\/\/agora.xtec.cat\/inscanvilumara\/wp-content\/uploads\/usu1655\/2020\/09\/GUIA-ALUMNAT-FP-2020-21.docx.pdf\"><img loading=\"lazy\" decoding=\"async\" class=\"aligncenter wp-image-4892 size-medium\" src=\"https:\/\/agora.xtec.cat\/inscanvilumara\/wp-content\/uploads\/usu1655\/2020\/09\/Imatge-Guia-Alumnat-FP-1-300x283.jpg\" alt=\"\" width=\"300\" height=\"283\" \/><\/a><\/p>\n<p>&nbsp;<\/p>\n<hr \/>\n<p>FULL D&#8217;AUTORITZACI\u00d3 PER A SORTIDES I MODIFICACIONS HOR\u00c0RIES<\/p>\n<p style=\"text-align: justify;\">Aqu\u00ed us podeu descarregar el full d\u2019autoritzaci\u00f3 per a les sortides i per a les modificacions hor\u00e0ries, en cas que l\u2019alumne\/a sigui menor d\u2019edat.<\/p>\n<p><a href=\"https:\/\/agora.xtec.cat\/inscanvilumara\/cicles-formatius\/documentacio-de-cicles-formatius\/autoritzacio-per-a-sortides-i-modificacions-horaries-fp\/\" target=\"_blank\" rel=\"noopener noreferrer\"><img loading=\"lazy\" decoding=\"async\" class=\"aligncenter wp-image-4726 size-medium\" src=\"https:\/\/agora.xtec.cat\/inscanvilumara\/wp-content\/uploads\/usu1655\/2020\/07\/Foto-autoritzacions-FP-Copiar-212x300.jpg\" alt=\"\" width=\"212\" height=\"300\" srcset=\"https:\/\/agora.xtec.cat\/inscanvilumara\/wp-content\/uploads\/usu1655\/2020\/07\/Foto-autoritzacions-FP-Copiar-212x300.jpg 212w, https:\/\/agora.xtec.cat\/inscanvilumara\/wp-content\/uploads\/usu1655\/2020\/07\/Foto-autoritzacions-FP-Copiar.jpg 425w\" sizes=\"auto, (max-width: 212px) 100vw, 212px\" \/><\/a><\/p>\n<hr \/>\n","protected":false},"excerpt":{"rendered":"<p>&nbsp;<br \/>\n&nbsp;<br \/>\n&nbsp;<br \/>\nDOCUMENTS DE L&#8217;FP<br \/>\nLLIBRES DE TEXT<br \/>\nAqu\u00ed trobareu la llista de llibres de text que necessitareu comprar si feu un cicle formatiu el proper curs 2020-21. Cliqueu sobre la imatge per accedir-hi.<br \/>\nNota: Aquest mes de setembre estem ampliant el llistat de llibres de text. Consulteu de nou&hellip;  <a href=\"https:\/\/agora.xtec.cat\/inscanvilumara\/cicles-formatius\/documentacio-de-cicles-formatius\/\" title=\"Read Documents FP\">Llegeix m\u00e9s\u00bb<\/a><\/p>\n","protected":false},"author":12,"featured_media":0,"parent":3221,"menu_order":3,"comment_status":"closed","ping_status":"closed","template":"page-templates\/side-menu.php","meta":{"_bbp_topic_count":0,"_bbp_reply_count":0,"_bbp_total_topic_count":0,"_bbp_total_reply_count":0,"_bbp_voice_count":0,"_bbp_anonymous_reply_count":0,"_bbp_topic_count_hidden":0,"_bbp_reply_count_hidden":0,"_bbp_forum_subforum_count":0,"footnotes":""},"class_list":["post-3378","page","type-page","status-publish","hentry"],"post_mailing_queue_ids":[],"_links":{"self":[{"href":"https:\/\/agora.xtec.cat\/inscanvilumara\/wp-json\/wp\/v2\/pages\/3378","targetHints":{"allow":["GET"]}}],"collection":[{"href":"https:\/\/agora.xtec.cat\/inscanvilumara\/wp-json\/wp\/v2\/pages"}],"about":[{"href":"https:\/\/agora.xtec.cat\/inscanvilumara\/wp-json\/wp\/v2\/types\/page"}],"author":[{"embeddable":true,"href":"https:\/\/agora.xtec.cat\/inscanvilumara\/wp-json\/wp\/v2\/users\/12"}],"replies":[{"embeddable":true,"href":"https:\/\/agora.xtec.cat\/inscanvilumara\/wp-json\/wp\/v2\/comments?post=3378"}],"version-history":[{"count":4,"href":"https:\/\/agora.xtec.cat\/inscanvilumara\/wp-json\/wp\/v2\/pages\/3378\/revisions"}],"predecessor-version":[{"id":5078,"href":"https:\/\/agora.xtec.cat\/inscanvilumara\/wp-json\/wp\/v2\/pages\/3378\/revisions\/5078"}],"up":[{"embeddable":true,"href":"https:\/\/agora.xtec.cat\/inscanvilumara\/wp-json\/wp\/v2\/pages\/3221"}],"wp:attachment":[{"href":"https:\/\/agora.xtec.cat\/inscanvilumara\/wp-json\/wp\/v2\/media?parent=3378"}],"curies":[{"name":"wp","href":"https:\/\/api.w.org\/{rel}","templated":true}]}}