{"id":3363,"date":"2019-12-23T13:40:07","date_gmt":"2019-12-23T12:40:07","guid":{"rendered":"http:\/\/agora.xtec.cat\/inscanvilumara\/?page_id=3363"},"modified":"2020-01-18T10:55:29","modified_gmt":"2020-01-18T09:55:29","slug":"que-es-lfct-intensiva","status":"publish","type":"page","link":"https:\/\/agora.xtec.cat\/inscanvilumara\/cicles-formatius-2\/fct-intensiva\/que-es-lfct-intensiva\/","title":{"rendered":"Qu\u00e8 \u00e9s l&#8217;FCT intensiva?"},"content":{"rendered":"<p style=\"text-align: justify;\">A partir del curs 2019-2020, s&#8217;impartir\u00e0 el m\u00f2dul de Formaci\u00f3 en Centres de Treball (FCT) en modalitat intensiva, a tots els cicles. L&#8217;FCT intensiva implica que l&#8217;alumnat de primer curs inicia les pr\u00e0ctiques la setmana seg\u00fcent de finalitzar les classes, al mes de maig, i fins el 30 de juny. Es realitzen entre 5 i 6 hores di\u00e0ries de pr\u00e0ctiques (depenent del cicle), de dilluns a divendres. D&#8217;aquesta manera l&#8217;alumnat de primer fa una primera presa de contacte amb l&#8217;empresa, coneix l&#8217;equip de professionals i el seu funcionament i organitzaci\u00f3. Aquest horari es mant\u00e9 a partir de l&#8217;1 de setembre i fins que comencen les classes de segon, a mitjans de setembre. Amb l&#8217;inici de les classes, es redueix l&#8217;horari de pr\u00e0ctiques, en un m\u00e0xim de 4 hores di\u00e0ries, per tal de fer-ho compatible a l&#8217;estudi de la resta de m\u00f2duls del cicle. Aproximadament, amb l&#8217;inici de les vacances de Nadal s&#8217;acaben les pr\u00e0ctiques. Els alumnes que han sol\u00b7licitat exempci\u00f3 parcial de FCT, del 25% o del 50%, finalitzen, 1 mes o dos mesos abans, respectivament.<\/p>\n<p style=\"text-align: justify;\">L&#8217;Institut Can Vilumara disposa d&#8217;una borsa de centres de pr\u00e0ctiques amb qui col\u00b7labora fa anys, els coneix i en fa el seguiment cada curs per valorar-los anualment. Amb aquests centres hi ha uns plans d&#8217;activitats pactats. Si algun alumne\/a vol fer les pr\u00e0ctiques a un centre fora de la borsa, pot fer la proposta per escrit, justificant aquesta sol\u00b7licitud, a la coordinaci\u00f3 de FP-FCT que ho estudiar\u00e0 i donar\u00e0 resposta. Els tutors\/es de pr\u00e0ctiques de l&#8217;institut realitzen almenys dues visites i contacten amb els tutors\/es de les empreses per a garantir un bon aprofitament de les pr\u00e0ctiques per part de l&#8217;alumnat. La FCT finalitza quan han realitzat el nombre total d&#8217;hores del m\u00f2dul, data que queda reflectida en l&#8217;acord de pr\u00e0ctiques que signen les tres parts, a l&#8217;inici de les pr\u00e0ctiques. El qBID \u00e9s la plataforma virtual on, tant l&#8217;alumnat de FCT, com el tutor\/a de l&#8217;institut i el tutor\/a de l&#8217;empresa, van introduint el seguiment i valoraci\u00f3 de les pr\u00e0ctiques. D&#8217;aquesta manera les tres parts estan connectades en tot moment. Els alumnes realitzen una mem\u00f2ria final que, juntament amb la seva actuaci\u00f3 a les pr\u00e0ctiques, serveix d&#8217;eina d&#8217;avaluaci\u00f3 del m\u00f2dul per part del tutor\/a de FCT.<\/p>\n<p style=\"text-align: justify;\">Al gener-febrer els alumnes de primer, en una sessi\u00f3 de tutoria, trien els centres de pr\u00e0ctiques, mitjan\u00e7ant un formulari de Moodle. Des de la coordinaci\u00f3 de FP-FCT s&#8217;intenta adjudicar els centres que han sol\u00b7licitat, en funci\u00f3 de la disponibilitat de places i el nombre de peticions dels alumnes.<\/p>\n","protected":false},"excerpt":{"rendered":"<p>A partir del curs 2019-2020, s&#8217;impartir\u00e0 el m\u00f2dul de Formaci\u00f3 en Centres de Treball (FCT) en modalitat intensiva, a tots els cicles. L&#8217;FCT intensiva implica que l&#8217;alumnat de primer curs inicia les pr\u00e0ctiques la setmana seg\u00fcent de finalitzar les classes, al mes de maig, i&hellip;  <a href=\"https:\/\/agora.xtec.cat\/inscanvilumara\/cicles-formatius-2\/fct-intensiva\/que-es-lfct-intensiva\/\" title=\"Read Qu\u00e8 \u00e9s l&#8217;FCT intensiva?\">Llegeix m\u00e9s\u00bb<\/a><\/p>\n","protected":false},"author":12,"featured_media":0,"parent":3360,"menu_order":0,"comment_status":"closed","ping_status":"closed","template":"","meta":{"_bbp_topic_count":0,"_bbp_reply_count":0,"_bbp_total_topic_count":0,"_bbp_total_reply_count":0,"_bbp_voice_count":0,"_bbp_anonymous_reply_count":0,"_bbp_topic_count_hidden":0,"_bbp_reply_count_hidden":0,"_bbp_forum_subforum_count":0,"footnotes":""},"class_list":["post-3363","page","type-page","status-publish","hentry"],"post_mailing_queue_ids":[],"_links":{"self":[{"href":"https:\/\/agora.xtec.cat\/inscanvilumara\/wp-json\/wp\/v2\/pages\/3363","targetHints":{"allow":["GET"]}}],"collection":[{"href":"https:\/\/agora.xtec.cat\/inscanvilumara\/wp-json\/wp\/v2\/pages"}],"about":[{"href":"https:\/\/agora.xtec.cat\/inscanvilumara\/wp-json\/wp\/v2\/types\/page"}],"author":[{"embeddable":true,"href":"https:\/\/agora.xtec.cat\/inscanvilumara\/wp-json\/wp\/v2\/users\/12"}],"replies":[{"embeddable":true,"href":"https:\/\/agora.xtec.cat\/inscanvilumara\/wp-json\/wp\/v2\/comments?post=3363"}],"version-history":[{"count":3,"href":"https:\/\/agora.xtec.cat\/inscanvilumara\/wp-json\/wp\/v2\/pages\/3363\/revisions"}],"predecessor-version":[{"id":3722,"href":"https:\/\/agora.xtec.cat\/inscanvilumara\/wp-json\/wp\/v2\/pages\/3363\/revisions\/3722"}],"up":[{"embeddable":true,"href":"https:\/\/agora.xtec.cat\/inscanvilumara\/wp-json\/wp\/v2\/pages\/3360"}],"wp:attachment":[{"href":"https:\/\/agora.xtec.cat\/inscanvilumara\/wp-json\/wp\/v2\/media?parent=3363"}],"curies":[{"name":"wp","href":"https:\/\/api.w.org\/{rel}","templated":true}]}}