{"id":3329,"date":"2019-12-23T12:54:38","date_gmt":"2019-12-23T11:54:38","guid":{"rendered":"http:\/\/agora.xtec.cat\/inscanvilumara\/?page_id=3329"},"modified":"2021-11-24T14:22:15","modified_gmt":"2021-11-24T13:22:15","slug":"erasmus","status":"publish","type":"page","link":"https:\/\/agora.xtec.cat\/inscanvilumara\/projectes\/erasmus\/","title":{"rendered":"Erasmus+"},"content":{"rendered":"<p><a href=\"https:\/\/agora.xtec.cat\/inscanvilumara\/wp-content\/uploads\/usu1655\/2019\/12\/cofinanciadoEN-1024x223-1.png\"><img loading=\"lazy\" decoding=\"async\" class=\"aligncenter size-large wp-image-3334\" src=\"https:\/\/agora.xtec.cat\/inscanvilumara\/wp-content\/uploads\/usu1655\/2019\/12\/cofinanciadoEN-1024x223-1-1024x223.png\" alt=\"\" width=\"1024\" height=\"223\" srcset=\"https:\/\/agora.xtec.cat\/inscanvilumara\/wp-content\/uploads\/usu1655\/2019\/12\/cofinanciadoEN-1024x223-1.png 1024w, https:\/\/agora.xtec.cat\/inscanvilumara\/wp-content\/uploads\/usu1655\/2019\/12\/cofinanciadoEN-1024x223-1-300x65.png 300w, https:\/\/agora.xtec.cat\/inscanvilumara\/wp-content\/uploads\/usu1655\/2019\/12\/cofinanciadoEN-1024x223-1-768x167.png 768w\" sizes=\"auto, (max-width: 1024px) 100vw, 1024px\" \/><\/a><\/p>\n<p>L&#8217;Erasmus + \u00e9s el programa de la UE per a donar suport a l&#8217;educaci\u00f3, la formaci\u00f3, la joventut i l&#8217;esport a Europa. L\u2019Institut Can Vilumara treballa per a la possibilitat de la mobilitat transnacional d\u2019alumnat i professorat.<\/p>\n<p>Per a saber-ne m\u00e9s:<\/p>\n<p><a href=\"https:\/\/agora.xtec.cat\/inscanvilumara\/projectes\/erasmus\/erasmus-2\/\" target=\"_blank\" rel=\"noopener\"><img loading=\"lazy\" decoding=\"async\" class=\"aligncenter wp-image-6422\" src=\"https:\/\/agora.xtec.cat\/inscanvilumara\/wp-content\/uploads\/usu1655\/2021\/11\/Erasmus-a-Can-Vilumara.jpg\" alt=\"\" width=\"577\" height=\"71\" srcset=\"https:\/\/agora.xtec.cat\/inscanvilumara\/wp-content\/uploads\/usu1655\/2021\/11\/Erasmus-a-Can-Vilumara.jpg 728w, https:\/\/agora.xtec.cat\/inscanvilumara\/wp-content\/uploads\/usu1655\/2021\/11\/Erasmus-a-Can-Vilumara-300x37.jpg 300w\" sizes=\"auto, (max-width: 577px) 100vw, 577px\" \/><\/a><\/p>\n<p><a href=\"https:\/\/agora.xtec.cat\/inscanvilumara\/projectes\/erasmus\/persones-destinataries\/\" target=\"_blank\" rel=\"noopener\"><img loading=\"lazy\" decoding=\"async\" class=\"aligncenter wp-image-6427\" src=\"https:\/\/agora.xtec.cat\/inscanvilumara\/wp-content\/uploads\/usu1655\/2021\/11\/Persones-destinataries.jpg\" alt=\"\" width=\"577\" height=\"71\" srcset=\"https:\/\/agora.xtec.cat\/inscanvilumara\/wp-content\/uploads\/usu1655\/2021\/11\/Persones-destinataries.jpg 728w, https:\/\/agora.xtec.cat\/inscanvilumara\/wp-content\/uploads\/usu1655\/2021\/11\/Persones-destinataries-300x37.jpg 300w\" sizes=\"auto, (max-width: 577px) 100vw, 577px\" \/><\/a><\/p>\n<p><a href=\"https:\/\/agora.xtec.cat\/inscanvilumara\/projectes\/erasmus\/requisits-dacces\/\" target=\"_blank\" rel=\"noopener\"><img loading=\"lazy\" decoding=\"async\" class=\"aligncenter wp-image-6430\" src=\"https:\/\/agora.xtec.cat\/inscanvilumara\/wp-content\/uploads\/usu1655\/2021\/11\/Requisits-dacces.jpg\" alt=\"\" width=\"577\" height=\"71\" srcset=\"https:\/\/agora.xtec.cat\/inscanvilumara\/wp-content\/uploads\/usu1655\/2021\/11\/Requisits-dacces.jpg 728w, https:\/\/agora.xtec.cat\/inscanvilumara\/wp-content\/uploads\/usu1655\/2021\/11\/Requisits-dacces-300x37.jpg 300w\" sizes=\"auto, (max-width: 577px) 100vw, 577px\" \/><\/a><\/p>\n<p><a href=\"https:\/\/agora.xtec.cat\/inscanvilumara\/projectes\/erasmus\/proces-de-seleccio\/\" target=\"_blank\" rel=\"noopener\"><img loading=\"lazy\" decoding=\"async\" class=\"aligncenter wp-image-6433\" src=\"https:\/\/agora.xtec.cat\/inscanvilumara\/wp-content\/uploads\/usu1655\/2021\/11\/Proces-de-seleccio.jpg\" alt=\"\" width=\"577\" height=\"71\" srcset=\"https:\/\/agora.xtec.cat\/inscanvilumara\/wp-content\/uploads\/usu1655\/2021\/11\/Proces-de-seleccio.jpg 728w, https:\/\/agora.xtec.cat\/inscanvilumara\/wp-content\/uploads\/usu1655\/2021\/11\/Proces-de-seleccio-300x37.jpg 300w\" sizes=\"auto, (max-width: 577px) 100vw, 577px\" \/><\/a><\/p>\n<p><a href=\"https:\/\/agora.xtec.cat\/inscanvilumara\/projectes\/erasmus\/experiencies\/\" target=\"_blank\" rel=\"noopener\"><img loading=\"lazy\" decoding=\"async\" class=\"aligncenter wp-image-6436\" src=\"https:\/\/agora.xtec.cat\/inscanvilumara\/wp-content\/uploads\/usu1655\/2021\/11\/Experiencies.jpg\" alt=\"\" width=\"577\" height=\"71\" srcset=\"https:\/\/agora.xtec.cat\/inscanvilumara\/wp-content\/uploads\/usu1655\/2021\/11\/Experiencies.jpg 728w, https:\/\/agora.xtec.cat\/inscanvilumara\/wp-content\/uploads\/usu1655\/2021\/11\/Experiencies-300x37.jpg 300w\" sizes=\"auto, (max-width: 577px) 100vw, 577px\" \/><\/a><\/p>\n<p><a href=\"https:\/\/agora.xtec.cat\/inscanvilumara\/projectes\/erasmus\/contacta-amb-nosaltres\/\" target=\"_blank\" rel=\"noopener\"><img loading=\"lazy\" decoding=\"async\" class=\"aligncenter wp-image-6438\" src=\"https:\/\/agora.xtec.cat\/inscanvilumara\/wp-content\/uploads\/usu1655\/2021\/11\/Contactans.jpg\" alt=\"\" width=\"577\" height=\"71\" srcset=\"https:\/\/agora.xtec.cat\/inscanvilumara\/wp-content\/uploads\/usu1655\/2021\/11\/Contactans.jpg 728w, https:\/\/agora.xtec.cat\/inscanvilumara\/wp-content\/uploads\/usu1655\/2021\/11\/Contactans-300x37.jpg 300w\" sizes=\"auto, (max-width: 577px) 100vw, 577px\" \/><\/a><\/p>\n","protected":false},"excerpt":{"rendered":"<p><a href=\"https:\/\/agora.xtec.cat\/inscanvilumara\/wp-content\/uploads\/usu1655\/2019\/12\/cofinanciadoEN-1024x223-1.png\"><\/a><br \/>\nL&#8217;Erasmus + \u00e9s el programa de la UE per a donar suport a l&#8217;educaci\u00f3, la formaci\u00f3, la joventut i l&#8217;esport a Europa. L\u2019Institut Can Vilumara treballa per a la possibilitat de la mobilitat transnacional d\u2019alumnat i professorat.<br \/>\nPer a saber-ne m\u00e9s:<br \/>\n<a href=\"https:\/\/agora.xtec.cat\/inscanvilumara\/projectes\/erasmus\/erasmus-2\/\" target=\"_blank\" rel=\"noopener\"><\/a><br \/>\n<a href=\"https:\/\/agora.xtec.cat\/inscanvilumara\/projectes\/erasmus\/persones-destinataries\/\"&hellip;  <a href=\"https:\/\/agora.xtec.cat\/inscanvilumara\/projectes\/erasmus\/\" title=\"Read Erasmus+\">Llegeix m\u00e9s\u00bb<\/a><\/p>\n","protected":false},"author":12,"featured_media":0,"parent":590,"menu_order":1,"comment_status":"closed","ping_status":"closed","template":"page-templates\/side-menu.php","meta":{"_bbp_topic_count":0,"_bbp_reply_count":0,"_bbp_total_topic_count":0,"_bbp_total_reply_count":0,"_bbp_voice_count":0,"_bbp_anonymous_reply_count":0,"_bbp_topic_count_hidden":0,"_bbp_reply_count_hidden":0,"_bbp_forum_subforum_count":0,"footnotes":""},"class_list":["post-3329","page","type-page","status-publish","hentry"],"post_mailing_queue_ids":[],"_links":{"self":[{"href":"https:\/\/agora.xtec.cat\/inscanvilumara\/wp-json\/wp\/v2\/pages\/3329","targetHints":{"allow":["GET"]}}],"collection":[{"href":"https:\/\/agora.xtec.cat\/inscanvilumara\/wp-json\/wp\/v2\/pages"}],"about":[{"href":"https:\/\/agora.xtec.cat\/inscanvilumara\/wp-json\/wp\/v2\/types\/page"}],"author":[{"embeddable":true,"href":"https:\/\/agora.xtec.cat\/inscanvilumara\/wp-json\/wp\/v2\/users\/12"}],"replies":[{"embeddable":true,"href":"https:\/\/agora.xtec.cat\/inscanvilumara\/wp-json\/wp\/v2\/comments?post=3329"}],"version-history":[{"count":4,"href":"https:\/\/agora.xtec.cat\/inscanvilumara\/wp-json\/wp\/v2\/pages\/3329\/revisions"}],"predecessor-version":[{"id":6453,"href":"https:\/\/agora.xtec.cat\/inscanvilumara\/wp-json\/wp\/v2\/pages\/3329\/revisions\/6453"}],"up":[{"embeddable":true,"href":"https:\/\/agora.xtec.cat\/inscanvilumara\/wp-json\/wp\/v2\/pages\/590"}],"wp:attachment":[{"href":"https:\/\/agora.xtec.cat\/inscanvilumara\/wp-json\/wp\/v2\/media?parent=3329"}],"curies":[{"name":"wp","href":"https:\/\/api.w.org\/{rel}","templated":true}]}}