{"id":3321,"date":"2019-12-23T12:40:14","date_gmt":"2019-12-23T11:40:14","guid":{"rendered":"http:\/\/agora.xtec.cat\/inscanvilumara\/?page_id=3321"},"modified":"2021-01-06T12:03:33","modified_gmt":"2021-01-06T11:03:33","slug":"experiencies-2017","status":"publish","type":"page","link":"https:\/\/agora.xtec.cat\/inscanvilumara\/projectes\/erasmus\/experiencies\/experiencies-2017\/","title":{"rendered":"Experi\u00e8ncies 2017"},"content":{"rendered":"<p style=\"text-align: justify;\">L\u2019Institut Can Vilumara continua amb l\u2019experi\u00e8ncia de la mobilitat europea d\u2019estudiants amb el Programa Erasmus+.<\/p>\n<p style=\"text-align: justify;\">Set alumnes del Cicle Formatiu de Grau Superior han iniciat la seva Formaci\u00f3 en Centres de Treball a diferents entitats d\u2019It\u00e0lia.<\/p>\n<p style=\"text-align: justify;\">Tres alumnes del Cicle Formatiu de Grau Superior d\u2019Educaci\u00f3 Infantil i una del Cicle Formatiu d\u2019Integraci\u00f3 Social realitzen la seva estada formativa a la Fondazione IRPEA a P\u00e0dua.<\/p>\n<p style=\"text-align: justify;\">Tres alumnes del Cicle Formatiu de T\u00e8cnic en Animaci\u00f3 Sociocultural i Tur\u00edstica realitzen les seva estada formativa a Sic\u00edlia, 2 a \u201cl\u2019Associaci\u00f3 Cultural BIOS\u201d i l\u2019altra a la ludoteca \u201cBaby\u2019s world\u201d.<\/p>\n<p style=\"text-align: justify;\">Per fer-ho, pr\u00e8viament a l\u2019estada, van assistir a un curset d\u2019iniciaci\u00f3 a l\u2019itali\u00e0.<\/p>\n<p style=\"text-align: justify;\"><span style=\"color: #808080;\"><em>Can Vilumara Institute continues with the experience of European mobility of students with the Erasmus + Program.<\/em><\/span><\/p>\n<p style=\"text-align: justify;\"><span style=\"color: #808080;\"><em><span style=\"color: #808080;\">Seven students of<\/span> the Upper Intermediate Cycle have begun their Training in Work Centers in different entities of Italy.<\/em><\/span><\/p>\n<p style=\"text-align: justify;\"><span style=\"color: #808080;\"><em>Three students of <\/em><em>Upper Intermediate in Pre-Primary School (upper Grade Vocational Training <\/em><em>and one of the Upper Intermediate in Social Integration (Upper Grade Vocational Training) perform their training in the Fondazione IRPEA in Padua.<\/em><\/span><\/p>\n<p style=\"text-align: justify;\"><span style=\"color: #808080;\"><em>Three students of the Upper Intermediate in Sociocultural and Tourism Activities (Upper Grade Vocational Training) realize their educational stay in Sicily, 2 in &#8220;the Cultural Association BIOS&#8221; and the other in the &#8220;Baby&#8217;s world&#8221; toy library.<\/em><\/span><\/p>\n<p style=\"text-align: justify;\"><span style=\"color: #808080;\"><em>To do this, before the stay, they have participated in an Italian initiation course.<\/em><\/span><\/p>\n<p><img loading=\"lazy\" decoding=\"async\" class=\"aligncenter wp-image-2686\" src=\"https:\/\/agora.xtec.cat\/inscanvilumara\/wp-content\/uploads\/usu1655\/2019\/06\/A-300x212.jpg\" alt=\"\" width=\"500\" height=\"353\" srcset=\"https:\/\/agora.xtec.cat\/inscanvilumara\/wp-content\/uploads\/usu1655\/2019\/06\/A-300x212.jpg 300w, https:\/\/agora.xtec.cat\/inscanvilumara\/wp-content\/uploads\/usu1655\/2019\/06\/A-768x543.jpg 768w, https:\/\/agora.xtec.cat\/inscanvilumara\/wp-content\/uploads\/usu1655\/2019\/06\/A-1024x724.jpg 1024w, https:\/\/agora.xtec.cat\/inscanvilumara\/wp-content\/uploads\/usu1655\/2019\/06\/A.jpg 1184w\" sizes=\"auto, (max-width: 500px) 100vw, 500px\" \/><\/p>\n<p>La seva estada ha estat del 11 de setembre fins al 26 de novembre del 2017.<\/p>\n<p><span style=\"color: #808080;\"><em>Their stay has been from September 11th to November 26th 2017<\/em><\/span><\/p>\n<p>A continuaci\u00f3 us mostrem algunes fotos de l\u2019acollida i l\u2019estada:<\/p>\n<p><span style=\"color: #808080;\"><em>Here some pictures of the reception and the stay are showed:<\/em><\/span><\/p>\n<p><img loading=\"lazy\" decoding=\"async\" class=\"aligncenter wp-image-2687\" src=\"https:\/\/agora.xtec.cat\/inscanvilumara\/wp-content\/uploads\/usu1655\/2019\/06\/AA-240x300.jpg\" alt=\"\" width=\"350\" height=\"437\" srcset=\"https:\/\/agora.xtec.cat\/inscanvilumara\/wp-content\/uploads\/usu1655\/2019\/06\/AA-240x300.jpg 240w, https:\/\/agora.xtec.cat\/inscanvilumara\/wp-content\/uploads\/usu1655\/2019\/06\/AA-768x959.jpg 768w, https:\/\/agora.xtec.cat\/inscanvilumara\/wp-content\/uploads\/usu1655\/2019\/06\/AA-820x1024.jpg 820w, https:\/\/agora.xtec.cat\/inscanvilumara\/wp-content\/uploads\/usu1655\/2019\/06\/AA.jpg 1280w\" sizes=\"auto, (max-width: 350px) 100vw, 350px\" \/><\/p>\n<p style=\"text-align: center;\"><em>Messina,&#8221;The Cultural Association BIOS&#8221; <\/em><\/p>\n<p><img loading=\"lazy\" decoding=\"async\" class=\"aligncenter wp-image-2688\" src=\"https:\/\/agora.xtec.cat\/inscanvilumara\/wp-content\/uploads\/usu1655\/2019\/06\/BB-169x300.jpg\" alt=\"\" width=\"300\" height=\"534\" srcset=\"https:\/\/agora.xtec.cat\/inscanvilumara\/wp-content\/uploads\/usu1655\/2019\/06\/BB-169x300.jpg 169w, https:\/\/agora.xtec.cat\/inscanvilumara\/wp-content\/uploads\/usu1655\/2019\/06\/BB-768x1366.jpg 768w, https:\/\/agora.xtec.cat\/inscanvilumara\/wp-content\/uploads\/usu1655\/2019\/06\/BB-576x1024.jpg 576w, https:\/\/agora.xtec.cat\/inscanvilumara\/wp-content\/uploads\/usu1655\/2019\/06\/BB.jpg 899w\" sizes=\"auto, (max-width: 300px) 100vw, 300px\" \/><\/p>\n<p style=\"text-align: center;\"><em>Messina, &#8220;Baby&#8217;s world&#8221;<\/em><\/p>\n<p><img loading=\"lazy\" decoding=\"async\" class=\"aligncenter wp-image-2689\" src=\"https:\/\/agora.xtec.cat\/inscanvilumara\/wp-content\/uploads\/usu1655\/2019\/06\/CC-300x225.jpg\" alt=\"\" width=\"500\" height=\"375\" srcset=\"https:\/\/agora.xtec.cat\/inscanvilumara\/wp-content\/uploads\/usu1655\/2019\/06\/CC-300x225.jpg 300w, https:\/\/agora.xtec.cat\/inscanvilumara\/wp-content\/uploads\/usu1655\/2019\/06\/CC-768x576.jpg 768w, https:\/\/agora.xtec.cat\/inscanvilumara\/wp-content\/uploads\/usu1655\/2019\/06\/CC-1024x768.jpg 1024w, https:\/\/agora.xtec.cat\/inscanvilumara\/wp-content\/uploads\/usu1655\/2019\/06\/CC-200x150.jpg 200w, https:\/\/agora.xtec.cat\/inscanvilumara\/wp-content\/uploads\/usu1655\/2019\/06\/CC.jpg 1600w\" sizes=\"auto, (max-width: 500px) 100vw, 500px\" \/><\/p>\n<p style=\"text-align: center;\"><em>Fondazione IRPEA in Padua<\/em><\/p>\n<p><img loading=\"lazy\" decoding=\"async\" class=\"aligncenter wp-image-2690\" src=\"https:\/\/agora.xtec.cat\/inscanvilumara\/wp-content\/uploads\/usu1655\/2019\/06\/DD-300x225.jpg\" alt=\"\" width=\"500\" height=\"375\" srcset=\"https:\/\/agora.xtec.cat\/inscanvilumara\/wp-content\/uploads\/usu1655\/2019\/06\/DD-300x225.jpg 300w, https:\/\/agora.xtec.cat\/inscanvilumara\/wp-content\/uploads\/usu1655\/2019\/06\/DD-768x576.jpg 768w, https:\/\/agora.xtec.cat\/inscanvilumara\/wp-content\/uploads\/usu1655\/2019\/06\/DD-1024x768.jpg 1024w, https:\/\/agora.xtec.cat\/inscanvilumara\/wp-content\/uploads\/usu1655\/2019\/06\/DD-200x150.jpg 200w, https:\/\/agora.xtec.cat\/inscanvilumara\/wp-content\/uploads\/usu1655\/2019\/06\/DD.jpg 1599w\" sizes=\"auto, (max-width: 500px) 100vw, 500px\" \/><\/p>\n<p style=\"text-align: center;\"><em>Fondazione IRPEA in Padua<\/em><\/p>\n<p><img loading=\"lazy\" decoding=\"async\" class=\"aligncenter wp-image-2691\" src=\"https:\/\/agora.xtec.cat\/inscanvilumara\/wp-content\/uploads\/usu1655\/2019\/06\/EE-300x225.jpg\" alt=\"\" width=\"500\" height=\"375\" srcset=\"https:\/\/agora.xtec.cat\/inscanvilumara\/wp-content\/uploads\/usu1655\/2019\/06\/EE-300x225.jpg 300w, https:\/\/agora.xtec.cat\/inscanvilumara\/wp-content\/uploads\/usu1655\/2019\/06\/EE-768x576.jpg 768w, https:\/\/agora.xtec.cat\/inscanvilumara\/wp-content\/uploads\/usu1655\/2019\/06\/EE-1024x768.jpg 1024w, https:\/\/agora.xtec.cat\/inscanvilumara\/wp-content\/uploads\/usu1655\/2019\/06\/EE-200x150.jpg 200w, https:\/\/agora.xtec.cat\/inscanvilumara\/wp-content\/uploads\/usu1655\/2019\/06\/EE.jpg 1280w\" sizes=\"auto, (max-width: 500px) 100vw, 500px\" \/><\/p>\n<p style=\"text-align: center;\"><em>Messina<\/em><\/p>\n<p><img loading=\"lazy\" decoding=\"async\" class=\"aligncenter wp-image-2692\" src=\"https:\/\/agora.xtec.cat\/inscanvilumara\/wp-content\/uploads\/usu1655\/2019\/06\/FF-300x225.jpg\" alt=\"\" width=\"500\" height=\"375\" srcset=\"https:\/\/agora.xtec.cat\/inscanvilumara\/wp-content\/uploads\/usu1655\/2019\/06\/FF-300x225.jpg 300w, https:\/\/agora.xtec.cat\/inscanvilumara\/wp-content\/uploads\/usu1655\/2019\/06\/FF-768x576.jpg 768w, https:\/\/agora.xtec.cat\/inscanvilumara\/wp-content\/uploads\/usu1655\/2019\/06\/FF-1024x768.jpg 1024w, https:\/\/agora.xtec.cat\/inscanvilumara\/wp-content\/uploads\/usu1655\/2019\/06\/FF-200x150.jpg 200w, https:\/\/agora.xtec.cat\/inscanvilumara\/wp-content\/uploads\/usu1655\/2019\/06\/FF.jpg 1600w\" sizes=\"auto, (max-width: 500px) 100vw, 500px\" \/><\/p>\n<p style=\"text-align: center;\"><em>Volc\u00e0 Etna<\/em><\/p>\n<p><img loading=\"lazy\" decoding=\"async\" class=\"aligncenter wp-image-2693\" src=\"https:\/\/agora.xtec.cat\/inscanvilumara\/wp-content\/uploads\/usu1655\/2019\/06\/GG-300x200.jpg\" alt=\"\" width=\"500\" height=\"333\" srcset=\"https:\/\/agora.xtec.cat\/inscanvilumara\/wp-content\/uploads\/usu1655\/2019\/06\/GG-300x200.jpg 300w, https:\/\/agora.xtec.cat\/inscanvilumara\/wp-content\/uploads\/usu1655\/2019\/06\/GG-768x512.jpg 768w, https:\/\/agora.xtec.cat\/inscanvilumara\/wp-content\/uploads\/usu1655\/2019\/06\/GG-1024x683.jpg 1024w, https:\/\/agora.xtec.cat\/inscanvilumara\/wp-content\/uploads\/usu1655\/2019\/06\/GG.jpg 1600w\" sizes=\"auto, (max-width: 500px) 100vw, 500px\" \/><\/p>\n<p style=\"text-align: center;\"><em>Ven\u00e8cia<\/em><\/p>\n<p style=\"text-align: justify;\"><img loading=\"lazy\" decoding=\"async\" class=\"aligncenter wp-image-2694\" src=\"https:\/\/agora.xtec.cat\/inscanvilumara\/wp-content\/uploads\/usu1655\/2019\/06\/HH-300x225.jpg\" alt=\"\" width=\"500\" height=\"375\" srcset=\"https:\/\/agora.xtec.cat\/inscanvilumara\/wp-content\/uploads\/usu1655\/2019\/06\/HH-300x225.jpg 300w, https:\/\/agora.xtec.cat\/inscanvilumara\/wp-content\/uploads\/usu1655\/2019\/06\/HH-768x576.jpg 768w, https:\/\/agora.xtec.cat\/inscanvilumara\/wp-content\/uploads\/usu1655\/2019\/06\/HH-1024x768.jpg 1024w, https:\/\/agora.xtec.cat\/inscanvilumara\/wp-content\/uploads\/usu1655\/2019\/06\/HH-200x150.jpg 200w, https:\/\/agora.xtec.cat\/inscanvilumara\/wp-content\/uploads\/usu1655\/2019\/06\/HH.jpg 1599w\" sizes=\"auto, (max-width: 500px) 100vw, 500px\" \/><\/p>\n<p style=\"text-align: center;\"><em>Vaporetto de Ven\u00e8cia<\/em><\/p>\n<p style=\"text-align: justify;\">Volem expressar el nostre agra\u00efment a les entitats que han acollit al nostre alumnat en pr\u00e0ctiques, la Fondazione IRPEA, l\u2019Associacione Culturale BIOS i la ludoteca Baby\u2019s world.<\/p>\n<p style=\"text-align: justify;\"><span style=\"color: #808080;\"><em>We would like to thank the collaboration to the organizations that have welcomed our students in practice, Fondazione IRPEA, Associacione Culturale BIOS and the Baby&#8217;s world library.<\/em><\/span><\/p>\n<p><img loading=\"lazy\" decoding=\"async\" class=\"aligncenter wp-image-2695\" src=\"https:\/\/agora.xtec.cat\/inscanvilumara\/wp-content\/uploads\/usu1655\/2019\/06\/aaa-1-1024x369.png\" alt=\"\" width=\"327\" height=\"118\" srcset=\"https:\/\/agora.xtec.cat\/inscanvilumara\/wp-content\/uploads\/usu1655\/2019\/06\/aaa-1-1024x369.png 1024w, https:\/\/agora.xtec.cat\/inscanvilumara\/wp-content\/uploads\/usu1655\/2019\/06\/aaa-1-300x108.png 300w, https:\/\/agora.xtec.cat\/inscanvilumara\/wp-content\/uploads\/usu1655\/2019\/06\/aaa-1-768x277.png 768w, https:\/\/agora.xtec.cat\/inscanvilumara\/wp-content\/uploads\/usu1655\/2019\/06\/aaa-1.png 1691w\" sizes=\"auto, (max-width: 327px) 100vw, 327px\" \/><\/p>\n<p><img loading=\"lazy\" decoding=\"async\" class=\"aligncenter wp-image-2696\" src=\"https:\/\/agora.xtec.cat\/inscanvilumara\/wp-content\/uploads\/usu1655\/2019\/06\/bbbb.jpg\" alt=\"\" width=\"203\" height=\"203\" srcset=\"https:\/\/agora.xtec.cat\/inscanvilumara\/wp-content\/uploads\/usu1655\/2019\/06\/bbbb.jpg 400w, https:\/\/agora.xtec.cat\/inscanvilumara\/wp-content\/uploads\/usu1655\/2019\/06\/bbbb-150x150.jpg 150w, https:\/\/agora.xtec.cat\/inscanvilumara\/wp-content\/uploads\/usu1655\/2019\/06\/bbbb-300x300.jpg 300w\" sizes=\"auto, (max-width: 203px) 100vw, 203px\" \/><\/p>\n<p><img loading=\"lazy\" decoding=\"async\" class=\"aligncenter wp-image-2697\" src=\"https:\/\/agora.xtec.cat\/inscanvilumara\/wp-content\/uploads\/usu1655\/2019\/06\/cccc.png\" alt=\"\" width=\"220\" height=\"142\" \/><\/p>\n<p>Una professora de Formaci\u00f3 Professional el 20 i 21 de mar\u00e7 del 2019 va participar al col\u00b7loqui internacional \u201cNe pas avoir d\u2019enfants\u201d organitzat per la Universitat de Li\u00e8ge (B\u00e8lgica).<\/p>\n<p><span style=\"color: #808080;\"><em>A professor of Vocational Training on March 20 and 21, 2019, participated in the international colloquium &#8220;Ne pas avoir d&#8217;enfants&#8221; organized by the University of Li\u00e8ge (Belgium).<\/em><\/span><\/p>\n<p><img loading=\"lazy\" decoding=\"async\" class=\"aligncenter wp-image-2698\" src=\"https:\/\/agora.xtec.cat\/inscanvilumara\/wp-content\/uploads\/usu1655\/2019\/06\/zza-300x225.jpg\" alt=\"\" width=\"500\" height=\"375\" srcset=\"https:\/\/agora.xtec.cat\/inscanvilumara\/wp-content\/uploads\/usu1655\/2019\/06\/zza-300x225.jpg 300w, https:\/\/agora.xtec.cat\/inscanvilumara\/wp-content\/uploads\/usu1655\/2019\/06\/zza-768x576.jpg 768w, https:\/\/agora.xtec.cat\/inscanvilumara\/wp-content\/uploads\/usu1655\/2019\/06\/zza-1024x768.jpg 1024w, https:\/\/agora.xtec.cat\/inscanvilumara\/wp-content\/uploads\/usu1655\/2019\/06\/zza-200x150.jpg 200w, https:\/\/agora.xtec.cat\/inscanvilumara\/wp-content\/uploads\/usu1655\/2019\/06\/zza.jpg 1600w\" sizes=\"auto, (max-width: 500px) 100vw, 500px\" \/><\/p>\n<p style=\"text-align: center;\"><em>University of Li\u00e8ge (Belgium)<\/em><\/p>\n<p><img loading=\"lazy\" decoding=\"async\" class=\"aligncenter wp-image-2699\" src=\"https:\/\/agora.xtec.cat\/inscanvilumara\/wp-content\/uploads\/usu1655\/2019\/06\/professorat-300x225.jpg\" alt=\"\" width=\"500\" height=\"375\" srcset=\"https:\/\/agora.xtec.cat\/inscanvilumara\/wp-content\/uploads\/usu1655\/2019\/06\/professorat-300x225.jpg 300w, https:\/\/agora.xtec.cat\/inscanvilumara\/wp-content\/uploads\/usu1655\/2019\/06\/professorat-768x576.jpg 768w, https:\/\/agora.xtec.cat\/inscanvilumara\/wp-content\/uploads\/usu1655\/2019\/06\/professorat-1024x768.jpg 1024w, https:\/\/agora.xtec.cat\/inscanvilumara\/wp-content\/uploads\/usu1655\/2019\/06\/professorat-200x150.jpg 200w, https:\/\/agora.xtec.cat\/inscanvilumara\/wp-content\/uploads\/usu1655\/2019\/06\/professorat.jpg 1600w\" sizes=\"auto, (max-width: 500px) 100vw, 500px\" \/><\/p>\n<p style=\"text-align: center;\">Li\u00e8ge (Belgium)<\/p>\n","protected":false},"excerpt":{"rendered":"<p>L\u2019Institut Can Vilumara continua amb l\u2019experi\u00e8ncia de la mobilitat europea d\u2019estudiants amb el Programa Erasmus+.<br \/>\nSet alumnes del Cicle Formatiu de Grau Superior han iniciat la seva Formaci\u00f3 en Centres de Treball a diferents entitats d\u2019It\u00e0lia.<br \/>\nTres alumnes del Cicle Formatiu de Grau Superior d\u2019Educaci\u00f3 Infantil i&hellip;  <a href=\"https:\/\/agora.xtec.cat\/inscanvilumara\/projectes\/erasmus\/experiencies\/experiencies-2017\/\" title=\"Read Experi\u00e8ncies 2017\">Llegeix m\u00e9s\u00bb<\/a><\/p>\n","protected":false},"author":12,"featured_media":0,"parent":3340,"menu_order":0,"comment_status":"closed","ping_status":"closed","template":"","meta":{"_bbp_topic_count":0,"_bbp_reply_count":0,"_bbp_total_topic_count":0,"_bbp_total_reply_count":0,"_bbp_voice_count":0,"_bbp_anonymous_reply_count":0,"_bbp_topic_count_hidden":0,"_bbp_reply_count_hidden":0,"_bbp_forum_subforum_count":0,"footnotes":""},"class_list":["post-3321","page","type-page","status-publish","hentry"],"post_mailing_queue_ids":[],"_links":{"self":[{"href":"https:\/\/agora.xtec.cat\/inscanvilumara\/wp-json\/wp\/v2\/pages\/3321","targetHints":{"allow":["GET"]}}],"collection":[{"href":"https:\/\/agora.xtec.cat\/inscanvilumara\/wp-json\/wp\/v2\/pages"}],"about":[{"href":"https:\/\/agora.xtec.cat\/inscanvilumara\/wp-json\/wp\/v2\/types\/page"}],"author":[{"embeddable":true,"href":"https:\/\/agora.xtec.cat\/inscanvilumara\/wp-json\/wp\/v2\/users\/12"}],"replies":[{"embeddable":true,"href":"https:\/\/agora.xtec.cat\/inscanvilumara\/wp-json\/wp\/v2\/comments?post=3321"}],"version-history":[{"count":3,"href":"https:\/\/agora.xtec.cat\/inscanvilumara\/wp-json\/wp\/v2\/pages\/3321\/revisions"}],"predecessor-version":[{"id":5284,"href":"https:\/\/agora.xtec.cat\/inscanvilumara\/wp-json\/wp\/v2\/pages\/3321\/revisions\/5284"}],"up":[{"embeddable":true,"href":"https:\/\/agora.xtec.cat\/inscanvilumara\/wp-json\/wp\/v2\/pages\/3340"}],"wp:attachment":[{"href":"https:\/\/agora.xtec.cat\/inscanvilumara\/wp-json\/wp\/v2\/media?parent=3321"}],"curies":[{"name":"wp","href":"https:\/\/api.w.org\/{rel}","templated":true}]}}