{"id":3318,"date":"2019-12-23T12:37:05","date_gmt":"2019-12-23T11:37:05","guid":{"rendered":"http:\/\/agora.xtec.cat\/inscanvilumara\/?page_id=3318"},"modified":"2021-01-06T12:03:07","modified_gmt":"2021-01-06T11:03:07","slug":"experiencies-2016","status":"publish","type":"page","link":"https:\/\/agora.xtec.cat\/inscanvilumara\/projectes\/erasmus\/experiencies\/experiencies-2016\/","title":{"rendered":"Experi\u00e8ncies 2016"},"content":{"rendered":"<p style=\"text-align: justify;\"><span style=\"font-family: inherit; font-size: 1em;\">L\u2019Institut Can Vilumara ha iniciat la mobilitat europea d\u2019estudiants i professorat amb el Programa Erasmus +.<\/span><\/p>\n<p style=\"text-align: justify;\">Tres alumnes del Cicle Formatiu de T\u00e8cnic\/a en Educaci\u00f3 Infantil han iniciat la seva Formaci\u00f3 en Centres de Treball a la Fondazione IRPEA a P\u00e0dua (It\u00e0lia).<\/p>\n<p style=\"text-align: justify;\">Per fer-ho, pr\u00e8viament a l\u2019estada, van haver d\u2019assistir a un curset d\u2019iniciaci\u00f3 a l\u2019itali\u00e0.<\/p>\n<p style=\"text-align: justify;\"><span style=\"color: #808080;\"><em>Can Vilumara Secondary School has initiated the European Student\u2019s Mobility with the Erasmus + Programme.<\/em><\/span><\/p>\n<p style=\"text-align: justify;\"><span style=\"color: #808080;\"><em>Three students of Upper Intermediate in Pre-Primary School (upper Grade Vocational Training) have initiated their training in Work Centres in the Fondazione IRPEA in Padova (Italy).<\/em><\/span><\/p>\n<p style=\"text-align: justify;\"><span style=\"color: #808080;\"><em>To do this, before the stay, they have participated in an initiation Italian course.<\/em><\/span><\/p>\n<p><img loading=\"lazy\" decoding=\"async\" class=\"aligncenter wp-image-2676\" src=\"https:\/\/agora.xtec.cat\/inscanvilumara\/wp-content\/uploads\/usu1655\/2019\/06\/Erasmus-2016-300x225.jpg\" alt=\"\" width=\"500\" height=\"375\" srcset=\"https:\/\/agora.xtec.cat\/inscanvilumara\/wp-content\/uploads\/usu1655\/2019\/06\/Erasmus-2016-300x225.jpg 300w, https:\/\/agora.xtec.cat\/inscanvilumara\/wp-content\/uploads\/usu1655\/2019\/06\/Erasmus-2016-768x576.jpg 768w, https:\/\/agora.xtec.cat\/inscanvilumara\/wp-content\/uploads\/usu1655\/2019\/06\/Erasmus-2016-200x150.jpg 200w, https:\/\/agora.xtec.cat\/inscanvilumara\/wp-content\/uploads\/usu1655\/2019\/06\/Erasmus-2016.jpg 903w\" sizes=\"auto, (max-width: 500px) 100vw, 500px\" \/><\/p>\n<p>La seva estada a P\u00e0dua ser\u00e0 del 12 de setembre fins al 25 de novembre del 2016.<\/p>\n<p><span style=\"color: #808080;\"><em>Their stay in Padova wil be from September 12th to November 25th 2016.<\/em><\/span><\/p>\n<p>A continuaci\u00f3 us mostrem algunes fotos de l\u2019acollida i l\u2019estada:<\/p>\n<p><span style=\"color: #808080;\"><em>Here some pictures of the reception and the stay are showed:<\/em><\/span><\/p>\n<p><img loading=\"lazy\" decoding=\"async\" class=\"aligncenter wp-image-2677\" src=\"https:\/\/agora.xtec.cat\/inscanvilumara\/wp-content\/uploads\/usu1655\/2019\/06\/1-300x225.jpg\" alt=\"\" width=\"500\" height=\"375\" srcset=\"https:\/\/agora.xtec.cat\/inscanvilumara\/wp-content\/uploads\/usu1655\/2019\/06\/1-300x225.jpg 300w, https:\/\/agora.xtec.cat\/inscanvilumara\/wp-content\/uploads\/usu1655\/2019\/06\/1-200x150.jpg 200w, https:\/\/agora.xtec.cat\/inscanvilumara\/wp-content\/uploads\/usu1655\/2019\/06\/1.jpg 320w\" sizes=\"auto, (max-width: 500px) 100vw, 500px\" \/><\/p>\n<p><img loading=\"lazy\" decoding=\"async\" class=\"aligncenter wp-image-2678\" src=\"https:\/\/agora.xtec.cat\/inscanvilumara\/wp-content\/uploads\/usu1655\/2019\/06\/2-300x169.jpg\" alt=\"\" width=\"500\" height=\"281\" srcset=\"https:\/\/agora.xtec.cat\/inscanvilumara\/wp-content\/uploads\/usu1655\/2019\/06\/2-300x169.jpg 300w, https:\/\/agora.xtec.cat\/inscanvilumara\/wp-content\/uploads\/usu1655\/2019\/06\/2.jpg 727w\" sizes=\"auto, (max-width: 500px) 100vw, 500px\" \/><\/p>\n<p><img loading=\"lazy\" decoding=\"async\" class=\"aligncenter wp-image-2680\" src=\"https:\/\/agora.xtec.cat\/inscanvilumara\/wp-content\/uploads\/usu1655\/2019\/06\/4-300x168.jpg\" alt=\"\" width=\"500\" height=\"280\" srcset=\"https:\/\/agora.xtec.cat\/inscanvilumara\/wp-content\/uploads\/usu1655\/2019\/06\/4-300x168.jpg 300w, https:\/\/agora.xtec.cat\/inscanvilumara\/wp-content\/uploads\/usu1655\/2019\/06\/4-768x430.jpg 768w, https:\/\/agora.xtec.cat\/inscanvilumara\/wp-content\/uploads\/usu1655\/2019\/06\/4.jpg 769w\" sizes=\"auto, (max-width: 500px) 100vw, 500px\" \/><\/p>\n<p><img loading=\"lazy\" decoding=\"async\" class=\"aligncenter wp-image-2679\" src=\"https:\/\/agora.xtec.cat\/inscanvilumara\/wp-content\/uploads\/usu1655\/2019\/06\/3-169x300.jpg\" alt=\"\" width=\"300\" height=\"534\" srcset=\"https:\/\/agora.xtec.cat\/inscanvilumara\/wp-content\/uploads\/usu1655\/2019\/06\/3-169x300.jpg 169w, https:\/\/agora.xtec.cat\/inscanvilumara\/wp-content\/uploads\/usu1655\/2019\/06\/3.jpg 375w\" sizes=\"auto, (max-width: 300px) 100vw, 300px\" \/><\/p>\n<p>Volem agrair a la Fondazione IRPEA per l\u2019acollida del nostre alumnat.<\/p>\n<p><span style=\"color: #808080;\"><em>We want to express our thanks to Fondazione IRPEA for hosting our students.<\/em><\/span><\/p>\n<p><img loading=\"lazy\" decoding=\"async\" class=\"aligncenter wp-image-2681 \" src=\"https:\/\/agora.xtec.cat\/inscanvilumara\/wp-content\/uploads\/usu1655\/2019\/06\/aaa.png\" alt=\"\" width=\"299\" height=\"108\" srcset=\"https:\/\/agora.xtec.cat\/inscanvilumara\/wp-content\/uploads\/usu1655\/2019\/06\/aaa.png 1691w, https:\/\/agora.xtec.cat\/inscanvilumara\/wp-content\/uploads\/usu1655\/2019\/06\/aaa-300x108.png 300w, https:\/\/agora.xtec.cat\/inscanvilumara\/wp-content\/uploads\/usu1655\/2019\/06\/aaa-768x277.png 768w, https:\/\/agora.xtec.cat\/inscanvilumara\/wp-content\/uploads\/usu1655\/2019\/06\/aaa-1024x369.png 1024w\" sizes=\"auto, (max-width: 299px) 100vw, 299px\" \/><\/p>\n<p><img loading=\"lazy\" decoding=\"async\" class=\"aligncenter wp-image-2682 \" src=\"https:\/\/agora.xtec.cat\/inscanvilumara\/wp-content\/uploads\/usu1655\/2019\/06\/bbb.jpg\" alt=\"\" width=\"227\" height=\"150\" \/><\/p>\n<p style=\"text-align: justify;\">Una professora de Formaci\u00f3 Professional del 15 al 19 de maig del 2017 ha realitzat una estada formativa coordinada per Progetti Infanzia Bassa Reggiana a Guastalla (It\u00e0lia) juntament amb professorat d\u2019altres centres. El tema de la formaci\u00f3 era \u201cDIALOG &amp; EXCHANGE ABOUT EDUCATION\u201d es van intercalar diverses xerrades pedag\u00f2giques amb visites a Escoles bressol.<\/p>\n<p style=\"text-align: justify;\"><span style=\"color: #808080;\"><em>A Professional Training teacher from the 15th to the 19th of May of 2017 has completed a training session coordinated by Progetti Infanzia Bassa Reggiana in Guastalla (Italy) with teachers from other centers. The topic of the training was &#8220;DIALOG &amp; EXCHANGE ABOUT EDUCATION&#8221; several pedagogical talks were included with visits to nursery schools.<\/em><\/span><\/p>\n<p><img loading=\"lazy\" decoding=\"async\" class=\"aligncenter wp-image-2683\" src=\"https:\/\/agora.xtec.cat\/inscanvilumara\/wp-content\/uploads\/usu1655\/2019\/06\/5-300x225.jpg\" alt=\"\" width=\"500\" height=\"375\" srcset=\"https:\/\/agora.xtec.cat\/inscanvilumara\/wp-content\/uploads\/usu1655\/2019\/06\/5-300x225.jpg 300w, https:\/\/agora.xtec.cat\/inscanvilumara\/wp-content\/uploads\/usu1655\/2019\/06\/5-768x576.jpg 768w, https:\/\/agora.xtec.cat\/inscanvilumara\/wp-content\/uploads\/usu1655\/2019\/06\/5-1024x768.jpg 1024w, https:\/\/agora.xtec.cat\/inscanvilumara\/wp-content\/uploads\/usu1655\/2019\/06\/5-200x150.jpg 200w, https:\/\/agora.xtec.cat\/inscanvilumara\/wp-content\/uploads\/usu1655\/2019\/06\/5.jpg 1600w\" sizes=\"auto, (max-width: 500px) 100vw, 500px\" \/><\/p>\n<p style=\"text-align: center;\">The infant toddler center Iride in Guastalla<\/p>\n","protected":false},"excerpt":{"rendered":"<p>L\u2019Institut Can Vilumara ha iniciat la mobilitat europea d\u2019estudiants i professorat amb el Programa Erasmus +.<br \/>\nTres alumnes del Cicle Formatiu de T\u00e8cnic\/a en Educaci\u00f3 Infantil han iniciat la seva Formaci\u00f3 en Centres de Treball a la Fondazione IRPEA a P\u00e0dua (It\u00e0lia).<br \/>\nPer fer-ho, pr\u00e8viament a l\u2019estada,&hellip;  <a href=\"https:\/\/agora.xtec.cat\/inscanvilumara\/projectes\/erasmus\/experiencies\/experiencies-2016\/\" title=\"Read Experi\u00e8ncies 2016\">Llegeix m\u00e9s\u00bb<\/a><\/p>\n","protected":false},"author":12,"featured_media":0,"parent":3340,"menu_order":0,"comment_status":"closed","ping_status":"closed","template":"","meta":{"_bbp_topic_count":0,"_bbp_reply_count":0,"_bbp_total_topic_count":0,"_bbp_total_reply_count":0,"_bbp_voice_count":0,"_bbp_anonymous_reply_count":0,"_bbp_topic_count_hidden":0,"_bbp_reply_count_hidden":0,"_bbp_forum_subforum_count":0,"footnotes":""},"class_list":["post-3318","page","type-page","status-publish","hentry"],"post_mailing_queue_ids":[],"_links":{"self":[{"href":"https:\/\/agora.xtec.cat\/inscanvilumara\/wp-json\/wp\/v2\/pages\/3318","targetHints":{"allow":["GET"]}}],"collection":[{"href":"https:\/\/agora.xtec.cat\/inscanvilumara\/wp-json\/wp\/v2\/pages"}],"about":[{"href":"https:\/\/agora.xtec.cat\/inscanvilumara\/wp-json\/wp\/v2\/types\/page"}],"author":[{"embeddable":true,"href":"https:\/\/agora.xtec.cat\/inscanvilumara\/wp-json\/wp\/v2\/users\/12"}],"replies":[{"embeddable":true,"href":"https:\/\/agora.xtec.cat\/inscanvilumara\/wp-json\/wp\/v2\/comments?post=3318"}],"version-history":[{"count":3,"href":"https:\/\/agora.xtec.cat\/inscanvilumara\/wp-json\/wp\/v2\/pages\/3318\/revisions"}],"predecessor-version":[{"id":5283,"href":"https:\/\/agora.xtec.cat\/inscanvilumara\/wp-json\/wp\/v2\/pages\/3318\/revisions\/5283"}],"up":[{"embeddable":true,"href":"https:\/\/agora.xtec.cat\/inscanvilumara\/wp-json\/wp\/v2\/pages\/3340"}],"wp:attachment":[{"href":"https:\/\/agora.xtec.cat\/inscanvilumara\/wp-json\/wp\/v2\/media?parent=3318"}],"curies":[{"name":"wp","href":"https:\/\/api.w.org\/{rel}","templated":true}]}}