{"id":3316,"date":"2019-12-23T12:35:14","date_gmt":"2019-12-23T11:35:14","guid":{"rendered":"http:\/\/agora.xtec.cat\/inscanvilumara\/?page_id=3316"},"modified":"2024-01-10T17:30:06","modified_gmt":"2024-01-10T16:30:06","slug":"proces-de-seleccio","status":"publish","type":"page","link":"https:\/\/agora.xtec.cat\/inscanvilumara\/projectes\/erasmus\/proces-de-seleccio\/","title":{"rendered":"Proc\u00e9s de selecci\u00f3"},"content":{"rendered":"<h4><img loading=\"lazy\" decoding=\"async\" class=\"aligncenter wp-image-3334 size-full\" src=\"https:\/\/agora.xtec.cat\/inscanvilumara\/wp-content\/uploads\/usu1655\/2019\/12\/cofinanciadoEN-1024x223-1.png\" alt=\"\" width=\"1024\" height=\"223\" srcset=\"https:\/\/agora.xtec.cat\/inscanvilumara\/wp-content\/uploads\/usu1655\/2019\/12\/cofinanciadoEN-1024x223-1.png 1024w, https:\/\/agora.xtec.cat\/inscanvilumara\/wp-content\/uploads\/usu1655\/2019\/12\/cofinanciadoEN-1024x223-1-300x65.png 300w, https:\/\/agora.xtec.cat\/inscanvilumara\/wp-content\/uploads\/usu1655\/2019\/12\/cofinanciadoEN-1024x223-1-768x167.png 768w\" sizes=\"auto, (max-width: 1024px) 100vw, 1024px\" \/><\/h4>\n<h4><strong>PROC\u00c9S DE SELECCI\u00d3<\/strong><\/h4>\n<h4>A) SELECCI\u00d3 DE L\u2019ALUMNAT<\/h4>\n<p style=\"text-align: justify;\"><strong>1.- Presentaci\u00f3 de documentaci\u00f3:<\/strong><\/p>\n<p style=\"text-align: justify;\">L\u2019alumnat interessat haur\u00e0 de presentar la seg\u00fcent documentaci\u00f3 al correu electr\u00f2nic de la Coordinaci\u00f3 de Mobilitat ( erasmuscanvilumara@gmail.com )<\/p>\n<ul>\n<li style=\"text-align: justify;\">Sol\u00b7licitud per fer les pr\u00e0ctiques a l\u2019estranger<\/li>\n<li style=\"text-align: justify;\"><em>Curr\u00edculum Vitae<\/em> format Europass en llengua anglesa<\/li>\n<li style=\"text-align: justify;\">Carta de motivaci\u00f3 explicant perqu\u00e8 voleu participar en el programa Erasmus.<\/li>\n<\/ul>\n<p style=\"text-align: justify;\">Data final de lliurament de la documentaci\u00f3: <strong>22 de gener.<\/strong><\/p>\n<p style=\"text-align: justify;\"><strong>2.- Entrevista personal:<\/strong><\/p>\n<p style=\"text-align: justify;\">Es realitzar\u00e0 una entrevista personal amb l\u2019alumne\/a que hagi lliurat la documentaci\u00f3<strong>. <\/strong>Es convocar\u00e0 de forma individual a partir del 25 de gener. <strong>Una part de l\u2019entrevista podr\u00e0 ser realitzada en angl\u00e8s.<\/strong><\/p>\n<p style=\"text-align: justify;\"><strong>3.- Selecci\u00f3 final:<\/strong><\/p>\n<p style=\"text-align: justify;\">Els equips docents, conjuntament amb la Coordinaci\u00f3 de Mobilitat, es reuniran i seleccionaran les persones benefici\u00e0ries de les beques tenint en compte el seg\u00fcent barem:<\/p>\n<table style=\"width: 1015px; height: 442px;\" width=\"903\">\n<tbody>\n<tr style=\"height: 58px;\">\n<td style=\"width: 144px; height: 58px;\"><em>Curr\u00edculum vitae<\/em><\/td>\n<td style=\"width: 506px; height: 58px;\"><a href=\"https:\/\/europass.cedefop.europa.eu\/en\/documents\/curriculum-vitae\">https:\/\/europass.cedefop.europa.eu\/en\/documents\/curriculum-vitae<\/a><\/td>\n<td style=\"width: 355px; height: 58px;\">2 punts (-0,25 per cada error ortogr\u00e0fic)<\/p>\n<p>(-0,50 per cada<br \/>\napartat om\u00e8s)<\/td>\n<\/tr>\n<tr style=\"height: 39px;\">\n<td style=\"width: 144px; height: 39px;\"><strong>Idiomes<\/strong><\/td>\n<td style=\"width: 506px; height: 39px;\">Certificats oficials de qualsevol idioma de la UE (segons el Marc Com\u00fa Europeu de Refer\u00e8ncia)<\/td>\n<td style=\"width: 355px; height: 39px;\">\uf0b7 (B1): 1 punt<br \/>\n\uf0b7 (B2, C1 \u00f3 C2): 2<br \/>\npunts<\/td>\n<\/tr>\n<tr style=\"height: 58px;\">\n<td style=\"width: 144px; height: 58px;\"><strong>Carta Motivaci\u00f3<\/strong><\/td>\n<td style=\"width: 506px; height: 58px;\"><\/td>\n<td style=\"width: 355px; height: 58px;\">2 punts (-0,25 per<br \/>\ncada error ortogr\u00e0fic<br \/>\ni\/o d\u2019expressi\u00f3).<br \/>\nEs t\u00e9 en compte la<br \/>\nrellev\u00e0ncia i<br \/>\ncoher\u00e8ncia del<br \/>\ncontingut de la carta<br \/>\n(en cas d\u2019escassa<br \/>\nrellev\u00e0ncia o<br \/>\ncoher\u00e8ncia, -1 punt)<\/td>\n<\/tr>\n<tr style=\"height: 58px;\">\n<td style=\"width: 144px; height: 58px;\"><strong>Qualificacions<\/strong><\/td>\n<td style=\"width: 506px; height: 58px;\">Notes de les UF aprovades (mitjana<br \/>\nponderada de les notes obtingudes)<\/td>\n<td style=\"width: 355px; height: 58px;\">Nota obtinguda (de 1<br \/>\na 10 punts)<\/td>\n<\/tr>\n<tr style=\"height: 96px;\">\n<td style=\"width: 144px; height: 96px;\"><strong>Valoraci\u00f3 de l\u2019equip docent<\/strong><\/td>\n<td style=\"width: 506px; height: 96px;\">Vinculat amb les Compet\u00e8ncies Professionals del CF<\/td>\n<td style=\"width: 355px; height: 96px;\">\uf0b7 Assist\u00e8ncia regular:<br \/>\n3 punts<br \/>\n\uf0b7 Puntualitat: 1 punt<br \/>\n\uf0b7 Participaci\u00f3<br \/>\nresponsable i activa a<br \/>\nles classes: 3 punts<br \/>\n\uf0b7 Treball en equip: 3<br \/>\npunts<\/td>\n<\/tr>\n<tr style=\"height: 77px;\">\n<td style=\"width: 144px; height: 77px;\"><strong>Experi\u00e8ncia<\/strong><\/td>\n<td style=\"width: 506px; height: 77px;\">En activitats interculturals i\/o vinculades al CF<\/td>\n<td style=\"width: 355px; height: 77px;\">Haver participat en:<\/p>\n<ul>\n<li>Activitats de Mobilitat: 1 punt<\/li>\n<li>Activitats vinculades amb el CF: 2 punts<\/li>\n<\/ul>\n<\/td>\n<\/tr>\n<tr style=\"height: 56px;\">\n<td style=\"width: 144px; height: 56px;\"><strong>Entrevista<\/strong><\/td>\n<td style=\"width: 506px; height: 56px;\">Una part de l\u2019entrevista ser\u00e0 realitzada en angl\u00e8s<\/td>\n<td style=\"width: 355px; height: 56px;\">3 punts<\/td>\n<\/tr>\n<\/tbody>\n<\/table>\n<p><strong>DOCUMENT SOL\u00b7LICITUD ERASMUS+ PER A L&#8217;ALUMNAT<\/strong><\/p>\n<p>Cal descarregar i omplir la sol.licitud que trobareu en <a href=\"https:\/\/agora.xtec.cat\/inscanvilumara\/wp-content\/uploads\/usu1655\/2019\/06\/Sol.licitud-Erasmus-Alumnat-1.doc\" rel=\"attachment wp-att-1802\">Sol\u00b7licitud Erasmus+ alumnat<\/a>.<\/p>\n<h4>B) SELECCI\u00d3 DEL PROFESSORAT (Professorat d&#8217;FP de Grau Superior)<\/h4>\n<p>El professorat d&#8217;FP de Grau Superior que vulgui participar en el proc\u00e9s haur\u00e0 de presentar complimentada abans de l&#8217;\u00faltima setmana de desembre la sol\u00b7licitud penjada al web de l&#8217;institut.<\/p>\n<p><strong>1.- Presentaci\u00f3 de documentaci\u00f3:<\/strong><\/p>\n<p>El professorat interessat haur\u00e0 de presentar la seg\u00fcent documentaci\u00f3 a Coordinaci\u00f3 de Mobilitat (es pot deixar a la b\u00fastia 68 de l\u2019edifici 3 o b\u00e9 enviar al seg\u00fcent mail <a href=\"mailto:erasmuscanvilumara@gmail.com\">erasmuscanvilumara@gmail.com<\/a>):<\/p>\n<ul>\n<li>Sol.licitud per fer la formaci\u00f3 a l\u2019estranger<\/li>\n<li>Certificats d\u2019idiomes<\/li>\n<\/ul>\n<p><strong>2.- Selecci\u00f3:<\/strong><\/p>\n<p>Es seleccionar\u00e0 al professor\/a beneficiari de les beques seguint el seg\u00fcent barem:<\/p>\n<table style=\"width: 928px; height: 536px;\">\n<tbody>\n<tr style=\"height: 43px;\">\n<td style=\"width: 430px; height: 43px;\">Antiguitat al centre<\/td>\n<td style=\"width: 283px; height: 43px;\">1 punt per any treballat<\/td>\n<td style=\"width: 205px; height: 43px;\">M\u00e0xim, 4 punts<\/td>\n<\/tr>\n<tr style=\"height: 69px;\">\n<td style=\"width: 430px; height: 69px;\">Pla\u00e7a definitiva al centre<\/td>\n<td style=\"width: 283px; height: 69px;\">2 punts<\/td>\n<td style=\"width: 205px; height: 69px;\"><\/td>\n<\/tr>\n<tr style=\"height: 108px;\">\n<td style=\"width: 430px; height: 108px;\">Idiomes estrangers: Nivell m\u00e9s alt acreditat de cada idioma<\/td>\n<td style=\"width: 283px; height: 108px;\">\n<ul>\n<li>B1: 0,5 punts<\/li>\n<li>B2: 1 punt<\/li>\n<li>C1: 1,5 punts<\/li>\n<li>C2: 2 punts<\/li>\n<\/ul>\n<\/td>\n<td style=\"width: 205px; height: 108px;\"><\/td>\n<\/tr>\n<tr style=\"height: 109px;\">\n<td style=\"width: 430px; height: 109px;\">Tutories de grup, tutories t\u00e8cniques, coordinaci\u00f3 de cicles, caps de seminari al centre<\/td>\n<td style=\"width: 283px; height: 109px;\">0,25 punts per any treballat en els darrers 6 anys<\/td>\n<td style=\"width: 205px; height: 109px;\">M\u00e0xim,1 punt<\/td>\n<\/tr>\n<tr style=\"height: 69px;\">\n<td style=\"width: 430px; height: 69px;\">Coordinaci\u00f3 de projectes d\u2019FP al centre<\/td>\n<td style=\"width: 283px; height: 69px;\">0,5 punts per any<\/td>\n<td style=\"width: 205px; height: 69px;\">M\u00e0xim, 2 punts<\/td>\n<\/tr>\n<tr style=\"height: 69px;\">\n<td style=\"width: 430px; height: 69px;\">Cap Departament i Coordinaci\u00f3 d\u2019FP al centre<\/td>\n<td style=\"width: 283px; height: 69px;\">0,75 punts per any<\/td>\n<td style=\"width: 205px; height: 69px;\">M\u00e0xim, 3 punts<\/td>\n<\/tr>\n<tr style=\"height: 69px;\">\n<td style=\"width: 430px; height: 69px;\">C\u00e0rrec en l\u2019equip Directiu del centre<\/td>\n<td style=\"width: 283px; height: 69px;\">1 punt per any<\/td>\n<td style=\"width: 205px; height: 69px;\">M\u00e0xim, 4 punts<\/td>\n<\/tr>\n<\/tbody>\n<\/table>\n<p><span style=\"font-family: inherit; font-size: 1em;\"><strong>DOCUMENT SOL\u00b7LICITUD ERASMUS+ PER AL PROFESSORAT<\/strong><br \/>\nCal descarregar i omplir la sol.licitud que trobareu en <\/span><a style=\"font-family: inherit; font-size: 1em;\" href=\"https:\/\/agora.xtec.cat\/inscanvilumara\/wp-content\/uploads\/usu1655\/2019\/06\/sol.licitud-professorat.doc\" rel=\"attachment wp-att-1802\">Sol\u00b7licitud Erasmus+ Professorat<\/a><span style=\"font-family: inherit; font-size: 1em;\">.<\/span><\/p>\n","protected":false},"excerpt":{"rendered":"<p>PROC\u00c9S DE SELECCI\u00d3<br \/>\nA) SELECCI\u00d3 DE L\u2019ALUMNAT<br \/>\n1.- Presentaci\u00f3 de documentaci\u00f3:<br \/>\nL\u2019alumnat interessat haur\u00e0 de presentar la seg\u00fcent documentaci\u00f3 al correu electr\u00f2nic de la Coordinaci\u00f3 de Mobilitat ( erasmuscanvilumara@gmail.com )<\/p>\n<ul>\n<li style=\"text-align: justify;\">Sol\u00b7licitud per fer les pr\u00e0ctiques a l\u2019estranger<\/li>\n<li style=\"text-align: justify;\">Curr\u00edculum Vitae format Europass en llengua anglesa<\/li>\n<li style=\"text-align: justify;\">Carta&hellip;  <a href=\"https:\/\/agora.xtec.cat\/inscanvilumara\/projectes\/erasmus\/proces-de-seleccio\/\" title=\"Read Proc\u00e9s de selecci\u00f3\">Llegeix m\u00e9s\u00bb<\/a><br \/>\n","protected":false},"author":12,"featured_media":0,"parent":3329,"menu_order":0,"comment_status":"closed","ping_status":"closed","template":"","meta":{"_bbp_topic_count":0,"_bbp_reply_count":0,"_bbp_total_topic_count":0,"_bbp_total_reply_count":0,"_bbp_voice_count":0,"_bbp_anonymous_reply_count":0,"_bbp_topic_count_hidden":0,"_bbp_reply_count_hidden":0,"_bbp_forum_subforum_count":0,"footnotes":""},"class_list":["post-3316","page","type-page","status-publish","hentry"],"post_mailing_queue_ids":[],"_links":{"self":[{"href":"https:\/\/agora.xtec.cat\/inscanvilumara\/wp-json\/wp\/v2\/pages\/3316","targetHints":{"allow":["GET"]}}],"collection":[{"href":"https:\/\/agora.xtec.cat\/inscanvilumara\/wp-json\/wp\/v2\/pages"}],"about":[{"href":"https:\/\/agora.xtec.cat\/inscanvilumara\/wp-json\/wp\/v2\/types\/page"}],"author":[{"embeddable":true,"href":"https:\/\/agora.xtec.cat\/inscanvilumara\/wp-json\/wp\/v2\/users\/12"}],"replies":[{"embeddable":true,"href":"https:\/\/agora.xtec.cat\/inscanvilumara\/wp-json\/wp\/v2\/comments?post=3316"}],"version-history":[{"count":5,"href":"https:\/\/agora.xtec.cat\/inscanvilumara\/wp-json\/wp\/v2\/pages\/3316\/revisions"}],"predecessor-version":[{"id":8556,"href":"https:\/\/agora.xtec.cat\/inscanvilumara\/wp-json\/wp\/v2\/pages\/3316\/revisions\/8556"}],"up":[{"embeddable":true,"href":"https:\/\/agora.xtec.cat\/inscanvilumara\/wp-json\/wp\/v2\/pages\/3329"}],"wp:attachment":[{"href":"https:\/\/agora.xtec.cat\/inscanvilumara\/wp-json\/wp\/v2\/media?parent=3316"}],"curies":[{"name":"wp","href":"https:\/\/api.w.org\/{rel}","templated":true}]}}