{"id":3305,"date":"2019-12-23T12:14:44","date_gmt":"2019-12-23T11:14:44","guid":{"rendered":"http:\/\/agora.xtec.cat\/inscanvilumara\/?page_id=3305"},"modified":"2023-02-15T10:53:41","modified_gmt":"2023-02-15T09:53:41","slug":"erasmus-2","status":"publish","type":"page","link":"https:\/\/agora.xtec.cat\/inscanvilumara\/projectes\/erasmus\/erasmus-2\/","title":{"rendered":"L&#8217;Erasmus+ a Can Vilumara"},"content":{"rendered":"<p><img loading=\"lazy\" decoding=\"async\" class=\"aligncenter wp-image-2926 size-large\" src=\"https:\/\/agora.xtec.cat\/inscanvilumara\/wp-content\/uploads\/usu1655\/2019\/06\/cofinanciadoEN-1024x223-1-1024x223.png\" alt=\"\" width=\"1024\" height=\"223\" srcset=\"https:\/\/agora.xtec.cat\/inscanvilumara\/wp-content\/uploads\/usu1655\/2019\/06\/cofinanciadoEN-1024x223-1.png 1024w, https:\/\/agora.xtec.cat\/inscanvilumara\/wp-content\/uploads\/usu1655\/2019\/06\/cofinanciadoEN-1024x223-1-300x65.png 300w, https:\/\/agora.xtec.cat\/inscanvilumara\/wp-content\/uploads\/usu1655\/2019\/06\/cofinanciadoEN-1024x223-1-768x167.png 768w\" sizes=\"auto, (max-width: 1024px) 100vw, 1024px\" \/><\/p>\n<p style=\"text-align: justify;\"><strong>ERASMUS+ A CAN VILUMARA<\/strong><\/p>\n<p style=\"text-align: justify;\">L\u2019Institut Can Vilumara treballa per a la possibilitat de la mobilitat transnacional d\u2019alumnat i professorat. La mobilitat en els processos de formaci\u00f3 \u00e9s una estrat\u00e8gia fonamental que permet que les persones s\u2019impliquin per millorar les seves habilitats professionals i personals, aix\u00ed com millorar la seva qualificaci\u00f3 en el treball i en la seva compet\u00e8ncia ling\u00fc\u00edstica.<\/p>\n<p style=\"text-align: justify;\">El nostre centre porta 3 cursos participant del Projecte Erasmus Plus amb 17 alumnes.<\/p>\n<p style=\"text-align: justify;\">L\u2019alumnat gaudeix d\u2019una beca remunerada per a una estada de dos mesos a un pa\u00eds estranger, fent pr\u00e0ctiques en una entitat col\u00b7laboradora.<\/p>\n<p style=\"text-align: justify;\">Les estades s\u2019han realitzat en aquestes ciutats europees:<\/p>\n<ul style=\"text-align: justify;\">\n<li>Messina (It\u00e0lia)<\/li>\n<li>P\u00e0dua (It\u00e0lia)<\/li>\n<li>Dubl\u00edn (Irlanda)<\/li>\n<\/ul>\n<p style=\"text-align: justify;\"><span style=\"color: #808080;\"><em><strong>ERASMUS+ CAN VILUMARA<\/strong><\/em><\/span><\/p>\n<p style=\"text-align: justify;\"><span style=\"color: #808080;\"><em>Can Vilumara Secondary School works for the possibility of transnational mobility of students and teachers. Mobility in training processes is a fundamental strategy that allows people to get involved in improving their professional and personal skills, as well as their qualification at work and in their linguistic competence.<\/em><\/span><\/p>\n<p style=\"text-align: justify;\"><span style=\"color: #808080;\"><em>Our center has 3 courses participating in the Erasmus Plus Project with 17 students.<\/em><\/span><\/p>\n<p style=\"text-align: justify;\"><span style=\"color: #808080;\"><em>Students have a paid scholarship for a two month stay in a foreign country, doing internships in a collaborating entity.<\/em><\/span><\/p>\n<p style=\"text-align: justify;\"><span style=\"color: #808080;\"><em>Stages have been made in these European cities:<\/em><\/span><\/p>\n<p style=\"text-align: justify;\"><span style=\"color: #808080;\"><em>\u2013 Messina (Italy)<\/em><\/span><\/p>\n<p style=\"text-align: justify;\"><span style=\"color: #808080;\"><em>\u2013 Padua (Italy)<\/em><\/span><\/p>\n<p style=\"text-align: justify;\"><span style=\"color: #808080;\"><em>\u2013 Dublin (Ireland)<\/em><\/span><\/p>\n<p style=\"text-align: justify;\"><span style=\"color: #333333;\"><strong>CARTA ERASMUS+<\/strong><\/span><\/p>\n<p style=\"text-align: justify;\"><span style=\"color: #333333;\">Aqu\u00ed trobareu la Carta Erasmus del nostre centre:<\/span><\/p>\n<p style=\"text-align: justify;\"><a href=\"https:\/\/agora.xtec.cat\/inscanvilumara\/wp-content\/uploads\/usu1655\/2021\/05\/Erasmus-Charter.pdf\" target=\"_blank\" rel=\"noopener\"><img loading=\"lazy\" decoding=\"async\" class=\"aligncenter wp-image-5872 size-full\" src=\"https:\/\/agora.xtec.cat\/inscanvilumara\/wp-content\/uploads\/usu1655\/2021\/05\/Imagen1.png\" alt=\"\" width=\"603\" height=\"109\" srcset=\"https:\/\/agora.xtec.cat\/inscanvilumara\/wp-content\/uploads\/usu1655\/2021\/05\/Imagen1.png 603w, https:\/\/agora.xtec.cat\/inscanvilumara\/wp-content\/uploads\/usu1655\/2021\/05\/Imagen1-300x54.png 300w\" sizes=\"auto, (max-width: 603px) 100vw, 603px\" \/><\/a><\/p>\n<p><strong>Erasmus Policy Statement (Overall Strategy)<\/strong><\/p>\n<p>Can Vilumara Secondary School is located in Hospitalet de Llobregat, a city to the immediate southwest of Barcelona. It has a heterogeneous population, with a wide range of social, cultural and economic characteristics. Vilumara School attends to 329 students of ESO, 111 of higher secondary-education and 490 of Vocational and Education Training (VET), the new school management team has decided to bet on different projects to motivate students and their respective families in the value of education.<br \/>\nThey have launched several programs, among them is the experimental Group Multilinguistic GEP and the Erasmus +.<\/p>\n<p>The Erasmus Charter will allow us to improve our teaching strategy through the transnational mobility of students and staff. It will also have a different perspective of the working world, different from the one we know in our country. It will provide the knowledge of other cultures and languages and obviously, it will enhance the personal and professional competences, which we consider relevant aspects in the training of students who will be given the opportunities to adapt to different situations and social contexts in the future.<\/p>\n<p>If we have the chance of participating in a KA2 project \u201cPartnerships for Cooperation and exchanges of practices\u201d, it will allow the school staff to Exchange educational experiences with other European schools. That will boost the teacher\u2019s pedagogic resources and improve their professional, social and intercultural capabilities. In short, it is a way of enriching the human resources of Can Vilumara High School.<\/p>\n<p>The objectives that we establish for 2027 are:<\/p>\n<p>&#8211; To maintain and\/or increase the international mobilities of traineeships sending at least 6 or 8 students per year.<br \/>\n&#8211; To maintain or expand the school staff mobilities to get training by sending at least 1 or 2 people per year so as to improve their professional competences.<br \/>\n&#8211; Acquire experience in KA2 projects: Partnerships for Cooperation exchanges of practices.<br \/>\n&#8211; To develop cooperation with new partners in the same country where we are collaborating now, and other new countries in the framework of a clear strategy for internationalization.<br \/>\n&#8211; To promote and support student and staff mobility, especially for individuals with fewer opportunities<br \/>\n&#8211; To promote and facilitate the learning of foreign languages to our students and school staff partaking in Erasmus+ project.<\/p>\n<p>These goals will be reviewed every two years, extending them as much as possible. Intern strategies and the Erasmus Self-Assessment tool will do this review of the Erasmus + objectives.<\/p>\n<p>In order to promote that the experience spreads to the rest of the students and staff, we will prompt the students and staff who have participated in the experience that they present it to the rest of the education community of the school\u00a0 Erasmus Charter is part of our strategy for modernization; also, it will allow us to open the door at the European dimension. This will facilitate increasing attainment levels for our students and staff. We<br \/>\nbelieve that mobility in training processes is a fundamental strategy that allows people involved to improve their professional and personal skills, as well as improving their employability and language skills. For this reason, Can Vilumara Higher School will promote mobility and cross-border cooperation.<br \/>\nWe are committed to the mobility of students and staff as one of the fundamental tools for the updating of education and the improvement of education quality.<\/p>\n<p>Our participation in the Erasmus project will contribute towards technologically modernising our institution because the school is adapted to the new ICT technologies, so that it has the necessary infrastructure in order to facilitate the proper follow-up with students who participate in the Erasmus project. To do this follow up, apart from using the sBid computer program that marks the Department of Education, the school will use the media such as the mail, video conference platforms or social networks to do follow-ups with the student and the mentor of the company.<\/p>\n<p>&nbsp;<\/p>\n<p>&nbsp;<\/p>\n<p>&nbsp;<\/p>\n","protected":false},"excerpt":{"rendered":"<p>ERASMUS+ A CAN VILUMARA<br \/>\nL\u2019Institut Can Vilumara treballa per a la possibilitat de la mobilitat transnacional d\u2019alumnat i professorat. La mobilitat en els processos de formaci\u00f3 \u00e9s una estrat\u00e8gia fonamental que permet que les persones s\u2019impliquin per millorar les seves habilitats professionals i personals, aix\u00ed com&hellip;  <a href=\"https:\/\/agora.xtec.cat\/inscanvilumara\/projectes\/erasmus\/erasmus-2\/\" title=\"Read L&#8217;Erasmus+ a Can Vilumara\">Llegeix m\u00e9s\u00bb<\/a><\/p>\n","protected":false},"author":12,"featured_media":0,"parent":3329,"menu_order":0,"comment_status":"closed","ping_status":"closed","template":"","meta":{"_bbp_topic_count":0,"_bbp_reply_count":0,"_bbp_total_topic_count":0,"_bbp_total_reply_count":0,"_bbp_voice_count":0,"_bbp_anonymous_reply_count":0,"_bbp_topic_count_hidden":0,"_bbp_reply_count_hidden":0,"_bbp_forum_subforum_count":0,"footnotes":""},"class_list":["post-3305","page","type-page","status-publish","hentry"],"post_mailing_queue_ids":[],"_links":{"self":[{"href":"https:\/\/agora.xtec.cat\/inscanvilumara\/wp-json\/wp\/v2\/pages\/3305","targetHints":{"allow":["GET"]}}],"collection":[{"href":"https:\/\/agora.xtec.cat\/inscanvilumara\/wp-json\/wp\/v2\/pages"}],"about":[{"href":"https:\/\/agora.xtec.cat\/inscanvilumara\/wp-json\/wp\/v2\/types\/page"}],"author":[{"embeddable":true,"href":"https:\/\/agora.xtec.cat\/inscanvilumara\/wp-json\/wp\/v2\/users\/12"}],"replies":[{"embeddable":true,"href":"https:\/\/agora.xtec.cat\/inscanvilumara\/wp-json\/wp\/v2\/comments?post=3305"}],"version-history":[{"count":4,"href":"https:\/\/agora.xtec.cat\/inscanvilumara\/wp-json\/wp\/v2\/pages\/3305\/revisions"}],"predecessor-version":[{"id":7754,"href":"https:\/\/agora.xtec.cat\/inscanvilumara\/wp-json\/wp\/v2\/pages\/3305\/revisions\/7754"}],"up":[{"embeddable":true,"href":"https:\/\/agora.xtec.cat\/inscanvilumara\/wp-json\/wp\/v2\/pages\/3329"}],"wp:attachment":[{"href":"https:\/\/agora.xtec.cat\/inscanvilumara\/wp-json\/wp\/v2\/media?parent=3305"}],"curies":[{"name":"wp","href":"https:\/\/api.w.org\/{rel}","templated":true}]}}