{"id":3221,"date":"2019-12-21T12:25:37","date_gmt":"2019-12-21T11:25:37","guid":{"rendered":"http:\/\/agora.xtec.cat\/inscanvilumara\/?page_id=3221"},"modified":"2020-11-03T12:56:41","modified_gmt":"2020-11-03T11:56:41","slug":"cicles-formatius","status":"publish","type":"page","link":"https:\/\/agora.xtec.cat\/inscanvilumara\/cicles-formatius\/","title":{"rendered":"CICLES FORMATIUS"},"content":{"rendered":"<p style=\"text-align: justify;\"><span style=\"font-family: inherit; font-size: 1em; font-weight: normal;\">La formaci\u00f3 professional capacita per a l\u2019exercici qualificat de diverses professions i proporciona la formaci\u00f3 necess\u00e0ria per adquirir la compet\u00e8ncia professional i el coneixement propis de cada sector. S&#8217;organitza<\/span><span style=\"font-family: inherit; font-size: 1em;\">\u00a0per <\/span><strong style=\"font-family: inherit; font-size: 1em;\">fam\u00edlies\u00a0professionals<\/strong><span style=\"font-family: inherit; font-size: 1em;\">\u00a0que ordenen els ensenyaments en cicles de\u00a0<\/span><strong style=\"font-family: inherit; font-size: 1em;\">grau mitj\u00e0<\/strong><span style=\"font-family: inherit; font-size: 1em;\">\u00a0o de\u00a0<\/span><strong style=\"font-family: inherit; font-size: 1em;\">grau superior<\/strong><span style=\"font-family: inherit; font-size: 1em;\">; amb la superaci\u00f3 dels primers s\u2019obt\u00e9 el t\u00edtol de t\u00e8cnic\/a i, amb la superaci\u00f3 dels segons, el de t\u00e8cnic\/a superior.<\/span><\/p>\n<h3>Benvinguda al curs 2020-21<\/h3>\n<p>Amb aquest v\u00eddeo tan simp\u00e0tic els diferents equips docents de la Formaci\u00f3 Professional us volem donar la benvinguda a l&#8217;institut Can Vilumara desitjant-vos una bona estada entre nosaltres.<\/p>\n<p style=\"padding-left: 200px;\"><iframe loading=\"lazy\" src=\"https:\/\/www.youtube.com\/embed\/D9P0vdtqAxQ\" width=\"560\" height=\"315\" frameborder=\"0\"><\/iframe><\/p>\n<p>&nbsp;<\/p>\n<hr \/>\n<h2>CICLES FORMATIUS DE GRAU MITJ\u00c0<\/h2>\n<p style=\"text-align: justify;\">A Can Vilumara pots cursar un cicle de grau mitj\u00e0: <span style=\"color: #000000;\"><strong><em>CFGM Atenci\u00f3 a persones en situaci\u00f3 de depend\u00e8ncia<\/em><\/strong>. <\/span>Clica damunt la imatge per veure la informaci\u00f3 relacionada amb aquest cicle.<\/p>\n<p><a href=\"https:\/\/agora.xtec.cat\/inscanvilumara\/categoria\/cicles\/grau-mitja\/atencio-a-persones-en-situacio-de-dependencia\/\"><img loading=\"lazy\" decoding=\"async\" class=\"aligncenter wp-image-3649 size-thumbnail\" src=\"https:\/\/agora.xtec.cat\/inscanvilumara\/wp-content\/uploads\/usu1655\/2020\/01\/CFGM-150x150.png\" alt=\"\" width=\"150\" height=\"150\" \/><\/a><\/p>\n<hr \/>\n<h2>CICLES FORMATIUS DE GRAU SUPERIOR<\/h2>\n<p style=\"text-align: justify;\">Aquests s\u00f3n els cicles formatius de grau superior que pots cursar al nostre centre: <em><strong>C<span style=\"color: #000000;\">FGS Animaci\u00f3 sociocultural i tur\u00edstica<\/span><\/strong><span style=\"color: #000000;\">; <\/span><\/em><span style=\"color: #000000;\"><strong><em>CFGS Educaci\u00f3 Infantil; <\/em><em>CFGS Promoci\u00f3 d&#8217;igualtat de g\u00e8nere; <\/em><\/strong><em><strong>CFGS Integraci\u00f3 social<\/strong>. <\/em>Clica damunt la imatge per veure la informaci\u00f3<\/span> relacionada amb aquests cicles.<\/p>\n<p><a href=\"https:\/\/agora.xtec.cat\/inscanvilumara\/categoria\/cicles\/grau-superior\/\"><img loading=\"lazy\" decoding=\"async\" class=\"aligncenter wp-image-3650 size-thumbnail\" src=\"https:\/\/agora.xtec.cat\/inscanvilumara\/wp-content\/uploads\/usu1655\/2020\/01\/CFGS-150x150.png\" alt=\"\" width=\"150\" height=\"150\" \/><\/a><\/p>\n<hr \/>\n<h2>FCT INTENSIVA<\/h2>\n<p style=\"text-align: justify;\">L&#8217;<strong>FCT<\/strong> consisteix en pr\u00e0ctiques i estades formatives no laborals que realitza l\u2019alumnat dels cicles formatius en centres de treball mitjan\u00e7ant un acord de col\u00b7laboraci\u00f3 que subscriuen l\u2019escola i l\u2019empresa. Aquestes pr\u00e0ctiques i estades formen part del programa formatiu (curricular) d\u2019aquests ensenyaments. Per veure el funcionament de l&#8217;FCT al nostre centre, que es fa de forma intensiva parcialment,\u00a0clica damunt la imatge:<\/p>\n<p><a href=\"https:\/\/agora.xtec.cat\/inscanvilumara\/cicles-formatius\/fct-intensiva\/\"><img loading=\"lazy\" decoding=\"async\" class=\"aligncenter wp-image-3653 size-thumbnail\" src=\"https:\/\/agora.xtec.cat\/inscanvilumara\/wp-content\/uploads\/usu1655\/2020\/01\/FCT-intensiva-150x150.png\" alt=\"\" width=\"150\" height=\"150\" \/><\/a><\/p>\n<hr \/>\n<h2>FP DUAL<\/h2>\n<p style=\"text-align: justify;\"><strong>La formaci\u00f3 dual<\/strong> \u00e9s la modalitat de la formaci\u00f3 professional (FP) en la qual l&#8217;estudiant esdev\u00e9 aprenent i combina la formaci\u00f3 en el centre educatiu amb l&#8217;activitat productiva en l&#8217;empresa. Per veure el funcionament de l&#8217;FP dual a Can Vilumara, clica damunt la imatge:<\/p>\n<p><a href=\"https:\/\/agora.xtec.cat\/inscanvilumara\/cicles-formatius\/fp-dual\/\"><img loading=\"lazy\" decoding=\"async\" class=\"aligncenter wp-image-3654 size-thumbnail\" src=\"https:\/\/agora.xtec.cat\/inscanvilumara\/wp-content\/uploads\/usu1655\/2020\/01\/FP-dual-150x150.png\" alt=\"\" width=\"150\" height=\"150\" \/><\/a><\/p>\n<hr \/>\n<h2>ERASMUS +<\/h2>\n<p style=\"text-align: justify;\"><strong>Erasmus+<\/strong> \u00e9s el programa de la UE que\u00a0 permet que estudiants dels nostres cicles puguin formar-se i adquirir experi\u00e8ncia &#8211; relacionada amb el cicle format <span style=\"font-family: inherit; font-size: 1em;\">&#8211; a l&#8217;estranger.\u00a0<\/span>Per saber el funcionament de l&#8217;Erasmus + al nostre centre, clica damunt la imatge:<\/p>\n<p style=\"text-align: justify;\"><a href=\"https:\/\/agora.xtec.cat\/inscanvilumara\/cicles-formatius\/erasmus\/\"><img loading=\"lazy\" decoding=\"async\" class=\"aligncenter wp-image-3652 size-thumbnail\" src=\"https:\/\/agora.xtec.cat\/inscanvilumara\/wp-content\/uploads\/usu1655\/2020\/01\/Erasmus--150x150.png\" alt=\"\" width=\"150\" height=\"150\" \/><\/a><\/p>\n<hr \/>\n<h2>DOCUMENTS<\/h2>\n<p style=\"text-align: justify;\">Clica damunt la imatge si necessites informaci\u00f3 sobre algun d&#8217;aquests temes:<\/p>\n<ul>\n<li style=\"list-style-type: none;\">\n<ul>\n<li style=\"text-align: justify;\"><em>Llibres de text<\/em><\/li>\n<li style=\"text-align: justify;\"><em>Guia de l&#8217;alumnat<\/em><\/li>\n<li style=\"text-align: justify;\"><em>Full d&#8217;autoritzaci\u00f3 per a sortides i modificacions hor\u00e0ries (en el cas de menors d&#8217;edat)<\/em><\/li>\n<\/ul>\n<\/li>\n<\/ul>\n<p><a href=\"https:\/\/agora.xtec.cat\/inscanvilumara\/cicles-formatius\/documentacio-de-cicles-formatius\/\"><img loading=\"lazy\" decoding=\"async\" class=\"aligncenter wp-image-3651 size-thumbnail\" src=\"https:\/\/agora.xtec.cat\/inscanvilumara\/wp-content\/uploads\/usu1655\/2020\/01\/Documents-150x150.png\" alt=\"\" width=\"150\" height=\"150\" \/><\/a><\/p>\n<hr \/>\n<h2>EL BLOG DE L&#8217;FP<\/h2>\n<p style=\"text-align: justify;\">Als cicles formatius fem nombroses sortides i xerrades relacionades amb l&#8217;\u00e0mbit professional que s&#8217;hi estudia. A m\u00e9s, fem jornades especials de tipus transversal. Perqu\u00e8 et facis una idea del que fem, comptem amb &#8220;<strong><em>El blog de Serveis de Can Vilumara<\/em><\/strong>&#8220;. Clica damunt la imatge per veure aquestes activitats:<\/p>\n<p><a href=\"https:\/\/fpcanvilumara.blogspot.com\/\"><img loading=\"lazy\" decoding=\"async\" class=\"aligncenter wp-image-3648 size-thumbnail\" src=\"https:\/\/agora.xtec.cat\/inscanvilumara\/wp-content\/uploads\/usu1655\/2020\/01\/Blog-150x150.png\" alt=\"\" width=\"150\" height=\"150\" \/><\/a><\/p>\n<hr \/>\n<h2>NOT\u00cdCIES<\/h2>\n<p style=\"text-align: justify;\">Hi ha informaci\u00f3 que volem que t&#8217;arribi i que no pertany a cap dels apartats anteriors. Clica damunt la imatge per saber-ne\u00a0 m\u00e9s.<\/p>\n<p><a href=\"https:\/\/agora.xtec.cat\/inscanvilumara\/categoria\/cicles\/\"><img loading=\"lazy\" decoding=\"async\" class=\"aligncenter wp-image-3655 size-thumbnail\" src=\"https:\/\/agora.xtec.cat\/inscanvilumara\/wp-content\/uploads\/usu1655\/2020\/01\/Not\u00edcies-150x150.png\" alt=\"\" width=\"150\" height=\"150\" \/><\/a><\/p>\n<p>&nbsp;<\/p>\n","protected":false},"excerpt":{"rendered":"<p>La formaci\u00f3 professional capacita per a l\u2019exercici qualificat de diverses professions i proporciona la formaci\u00f3 necess\u00e0ria per adquirir la compet\u00e8ncia professional i el coneixement propis de cada sector. S&#8217;organitza\u00a0per fam\u00edlies\u00a0professionals\u00a0que ordenen els ensenyaments en cicles de\u00a0grau mitj\u00e0\u00a0o de\u00a0grau superior; amb la superaci\u00f3 dels primers s\u2019obt\u00e9&hellip;  <a href=\"https:\/\/agora.xtec.cat\/inscanvilumara\/cicles-formatius\/\" title=\"Read CICLES FORMATIUS\">Llegeix m\u00e9s\u00bb<\/a><\/p>\n","protected":false},"author":12,"featured_media":0,"parent":0,"menu_order":1,"comment_status":"closed","ping_status":"closed","template":"page-templates\/side-menu.php","meta":{"_bbp_topic_count":0,"_bbp_reply_count":0,"_bbp_total_topic_count":0,"_bbp_total_reply_count":0,"_bbp_voice_count":0,"_bbp_anonymous_reply_count":0,"_bbp_topic_count_hidden":0,"_bbp_reply_count_hidden":0,"_bbp_forum_subforum_count":0,"footnotes":""},"class_list":["post-3221","page","type-page","status-publish","hentry"],"post_mailing_queue_ids":[],"_links":{"self":[{"href":"https:\/\/agora.xtec.cat\/inscanvilumara\/wp-json\/wp\/v2\/pages\/3221","targetHints":{"allow":["GET"]}}],"collection":[{"href":"https:\/\/agora.xtec.cat\/inscanvilumara\/wp-json\/wp\/v2\/pages"}],"about":[{"href":"https:\/\/agora.xtec.cat\/inscanvilumara\/wp-json\/wp\/v2\/types\/page"}],"author":[{"embeddable":true,"href":"https:\/\/agora.xtec.cat\/inscanvilumara\/wp-json\/wp\/v2\/users\/12"}],"replies":[{"embeddable":true,"href":"https:\/\/agora.xtec.cat\/inscanvilumara\/wp-json\/wp\/v2\/comments?post=3221"}],"version-history":[{"count":4,"href":"https:\/\/agora.xtec.cat\/inscanvilumara\/wp-json\/wp\/v2\/pages\/3221\/revisions"}],"predecessor-version":[{"id":4955,"href":"https:\/\/agora.xtec.cat\/inscanvilumara\/wp-json\/wp\/v2\/pages\/3221\/revisions\/4955"}],"wp:attachment":[{"href":"https:\/\/agora.xtec.cat\/inscanvilumara\/wp-json\/wp\/v2\/media?parent=3221"}],"curies":[{"name":"wp","href":"https:\/\/api.w.org\/{rel}","templated":true}]}}