{"id":3218,"date":"2019-12-21T12:18:24","date_gmt":"2019-12-21T11:18:24","guid":{"rendered":"http:\/\/agora.xtec.cat\/inscanvilumara\/?page_id=3218"},"modified":"2019-12-31T14:40:18","modified_gmt":"2019-12-31T13:40:18","slug":"presentacio-fp-dual","status":"publish","type":"page","link":"https:\/\/agora.xtec.cat\/inscanvilumara\/projectes\/fp-dual\/presentacio-fp-dual\/","title":{"rendered":"Qu\u00e8 \u00e9s l&#8217;FP dual?"},"content":{"rendered":"<h4><a href=\"https:\/\/agora.xtec.cat\/inscanvilumara\/wp-content\/uploads\/usu1655\/2019\/03\/1r_fp_dual_junto_texto.jpg\"><img loading=\"lazy\" decoding=\"async\" class=\"alignnone wp-image-2244\" src=\"https:\/\/agora.xtec.cat\/inscanvilumara\/wp-content\/uploads\/usu1655\/2019\/03\/1r_fp_dual_junto_texto.jpg\" alt=\"\" width=\"205\" height=\"205\" srcset=\"https:\/\/agora.xtec.cat\/inscanvilumara\/wp-content\/uploads\/usu1655\/2019\/03\/1r_fp_dual_junto_texto.jpg 500w, https:\/\/agora.xtec.cat\/inscanvilumara\/wp-content\/uploads\/usu1655\/2019\/03\/1r_fp_dual_junto_texto-150x150.jpg 150w, https:\/\/agora.xtec.cat\/inscanvilumara\/wp-content\/uploads\/usu1655\/2019\/03\/1r_fp_dual_junto_texto-300x300.jpg 300w\" sizes=\"auto, (max-width: 205px) 100vw, 205px\" \/><\/a><\/h4>\n<h4><\/h4>\n<h4 style=\"text-align: justify;\"><strong>FP Dual<\/strong><\/h4>\n<p style=\"text-align: justify;\">La formaci\u00f3 DUAL \u00e9s la modalitat de Cicle Formatiu de Grau Superior (CFGS) en la qual l\u2019estudiant apr\u00e8n tot combinant la formaci\u00f3 que rep al centre educatiu amb la que resulta de l\u2019experi\u00e8ncia que adquireix en un entorn laboral real.<\/p>\n<p style=\"text-align: justify;\">Aix\u00ed doncs, els centres educatius i les empreses i entitats col\u00b7laboradores comparteixen les\u00a0<strong>responsabilitats formatives<\/strong>,\u00a0per tal que els ensenyaments professionals s\u2019adeq\u00fcin a les necessitats del mercat laboral.<\/p>\n<p style=\"text-align: justify;\">L&#8217;empresa incorpora l\u2019alumnat mitjan\u00e7ant beques o contractes, perqu\u00e8 es formi tot participant en activitats productives, de conformitat amb un\u00a0<strong>pla pr\u00e8viament acordat<\/strong>\u00a0amb el centre docent.<\/p>\n<p style=\"text-align: justify;\">L&#8217;empresa instrueix, tutela i avalua l&#8217;alumnat, en col\u00b7laboraci\u00f3 amb el centre docent.<\/p>\n<p style=\"text-align: justify;\">L&#8217;estudiant en modalitat Dual disposar\u00e0 d&#8217;un contracte de treball (contracte per a la formaci\u00f3 i l&#8217;aprenentatge), o d\u2019una beca de formaci\u00f3 remunerada. En ambd\u00f3s casos, l&#8217;alumnat ser\u00e0 donat d\u2019alta a la Seguretat Social, amb les bonificacions i exempcions previstes.<\/p>\n<h4 style=\"text-align: justify;\"><strong>Soc una empresa i vull acollir alumnes en mode FP DUAL<\/strong><strong>, q<\/strong><strong>u\u00e8 haig de fer?<\/strong><\/h4>\n<p style=\"text-align: justify;\">Si ets una empresa i vols acollir un\/a o m\u00e9s alumnes en\u00a0<strong>FP DUAL<\/strong><strong>,<\/strong>\u00a0cal que envi\u00efs un correu electr\u00f2nic a\u00a0<a href=\"mailto:dualvilumara@gmail.com\">dualvilumara@gmail.com<\/a><\/p>\n<h4 style=\"text-align: justify;\"><strong>\u00a0<\/strong><strong>Com a possible alumne\/a d\u2019FP DUAL, vols saber-ne m\u00e9s?<\/strong><\/h4>\n<p style=\"text-align: justify;\">Escriu-nos a <a href=\"mailto:dualvilumara@gmail.com\">dualvilumara@gmail.com<\/a> i respondrem els teus dubtes.<\/p>\n<p>&nbsp;<\/p>\n<p>&nbsp;<\/p>\n","protected":false},"excerpt":{"rendered":"<p><a href=\"https:\/\/agora.xtec.cat\/inscanvilumara\/wp-content\/uploads\/usu1655\/2019\/03\/1r_fp_dual_junto_texto.jpg\"><\/a><\/p>\n<p>FP Dual<br \/>\nLa formaci\u00f3 DUAL \u00e9s la modalitat de Cicle Formatiu de Grau Superior (CFGS) en la qual l\u2019estudiant apr\u00e8n tot combinant la formaci\u00f3 que rep al centre educatiu amb la que resulta de l\u2019experi\u00e8ncia que adquireix en un entorn laboral real.<br \/>\nAix\u00ed doncs, els centres&hellip;  <a href=\"https:\/\/agora.xtec.cat\/inscanvilumara\/projectes\/fp-dual\/presentacio-fp-dual\/\" title=\"Read Qu\u00e8 \u00e9s l&#8217;FP dual?\">Llegeix m\u00e9s\u00bb<\/a><\/p>\n","protected":false},"author":12,"featured_media":0,"parent":3228,"menu_order":0,"comment_status":"closed","ping_status":"closed","template":"","meta":{"_bbp_topic_count":0,"_bbp_reply_count":0,"_bbp_total_topic_count":0,"_bbp_total_reply_count":0,"_bbp_voice_count":0,"_bbp_anonymous_reply_count":0,"_bbp_topic_count_hidden":0,"_bbp_reply_count_hidden":0,"_bbp_forum_subforum_count":0,"footnotes":""},"class_list":["post-3218","page","type-page","status-publish","hentry"],"post_mailing_queue_ids":[],"_links":{"self":[{"href":"https:\/\/agora.xtec.cat\/inscanvilumara\/wp-json\/wp\/v2\/pages\/3218","targetHints":{"allow":["GET"]}}],"collection":[{"href":"https:\/\/agora.xtec.cat\/inscanvilumara\/wp-json\/wp\/v2\/pages"}],"about":[{"href":"https:\/\/agora.xtec.cat\/inscanvilumara\/wp-json\/wp\/v2\/types\/page"}],"author":[{"embeddable":true,"href":"https:\/\/agora.xtec.cat\/inscanvilumara\/wp-json\/wp\/v2\/users\/12"}],"replies":[{"embeddable":true,"href":"https:\/\/agora.xtec.cat\/inscanvilumara\/wp-json\/wp\/v2\/comments?post=3218"}],"version-history":[{"count":4,"href":"https:\/\/agora.xtec.cat\/inscanvilumara\/wp-json\/wp\/v2\/pages\/3218\/revisions"}],"predecessor-version":[{"id":3591,"href":"https:\/\/agora.xtec.cat\/inscanvilumara\/wp-json\/wp\/v2\/pages\/3218\/revisions\/3591"}],"up":[{"embeddable":true,"href":"https:\/\/agora.xtec.cat\/inscanvilumara\/wp-json\/wp\/v2\/pages\/3228"}],"wp:attachment":[{"href":"https:\/\/agora.xtec.cat\/inscanvilumara\/wp-json\/wp\/v2\/media?parent=3218"}],"curies":[{"name":"wp","href":"https:\/\/api.w.org\/{rel}","templated":true}]}}