{"id":1260,"date":"2018-03-23T10:57:44","date_gmt":"2018-03-23T09:57:44","guid":{"rendered":"http:\/\/agora.xtec.cat\/inscanvilumara\/?page_id=1260"},"modified":"2025-09-11T10:14:42","modified_gmt":"2025-09-11T08:14:42","slug":"afa","status":"publish","type":"page","link":"https:\/\/agora.xtec.cat\/inscanvilumara\/linstitut\/serveis\/afa\/","title":{"rendered":"AFA"},"content":{"rendered":"<p>&nbsp;<\/p>\n<p>A continuaci\u00f3 trobareu un enlla\u00e7 a la informaci\u00f3 de l&#8217;AFA del centre i contacte:<\/p>\n<p><a href=\"https:\/\/agora.xtec.cat\/inscanvilumara\/wp-content\/uploads\/usu1655\/2025\/09\/AFA-Informacio-curs-25_26.pdf\">AFA &#8211; Informaci\u00f3 curs 25_26<\/a><\/p>\n<p>En aquest enlla\u00e7 trobareu la informaci\u00f3 que es va facilitar a les fam\u00edlies de 1r de l&#8217;ESO durant el mes de juliol de 2025:<\/p>\n<p><a href=\"https:\/\/agora.xtec.cat\/inscanvilumara\/wp-content\/uploads\/usu1655\/2025\/07\/Reunio-1r-ESO-25-26.pptx.pdf\">Informacions Reuni\u00f3 1r ESO 25-26<\/a><\/p>\n","protected":false},"excerpt":{"rendered":"<p>&nbsp;<br \/>\nA continuaci\u00f3 trobareu un enlla\u00e7 a la informaci\u00f3 de l&#8217;AFA del centre i contacte:<br \/>\n<a href=\"https:\/\/agora.xtec.cat\/inscanvilumara\/wp-content\/uploads\/usu1655\/2025\/09\/AFA-Informacio-curs-25_26.pdf\">AFA &#8211; Informaci\u00f3 curs 25_26<\/a><br \/>\nEn aquest enlla\u00e7 trobareu la informaci\u00f3 que es va facilitar a les fam\u00edlies de 1r de l&#8217;ESO durant el mes de juliol de 2025:<br \/>\n<a href=\"https:\/\/agora.xtec.cat\/inscanvilumara\/wp-content\/uploads\/usu1655\/2025\/07\/Reunio-1r-ESO-25-26.pptx.pdf\">Informacions Reuni\u00f3 1r&hellip;  <a href=\"https:\/\/agora.xtec.cat\/inscanvilumara\/linstitut\/serveis\/afa\/\" title=\"Read AFA\">Llegeix m\u00e9s\u00bb<\/a><\/p>\n","protected":false},"author":1,"featured_media":0,"parent":63,"menu_order":5,"comment_status":"closed","ping_status":"closed","template":"page-templates\/side-menu.php","meta":{"_bbp_topic_count":0,"_bbp_reply_count":0,"_bbp_total_topic_count":0,"_bbp_total_reply_count":0,"_bbp_voice_count":0,"_bbp_anonymous_reply_count":0,"_bbp_topic_count_hidden":0,"_bbp_reply_count_hidden":0,"_bbp_forum_subforum_count":0,"footnotes":""},"class_list":["post-1260","page","type-page","status-publish","hentry"],"post_mailing_queue_ids":[],"_links":{"self":[{"href":"https:\/\/agora.xtec.cat\/inscanvilumara\/wp-json\/wp\/v2\/pages\/1260","targetHints":{"allow":["GET"]}}],"collection":[{"href":"https:\/\/agora.xtec.cat\/inscanvilumara\/wp-json\/wp\/v2\/pages"}],"about":[{"href":"https:\/\/agora.xtec.cat\/inscanvilumara\/wp-json\/wp\/v2\/types\/page"}],"author":[{"embeddable":true,"href":"https:\/\/agora.xtec.cat\/inscanvilumara\/wp-json\/wp\/v2\/users\/1"}],"replies":[{"embeddable":true,"href":"https:\/\/agora.xtec.cat\/inscanvilumara\/wp-json\/wp\/v2\/comments?post=1260"}],"version-history":[{"count":6,"href":"https:\/\/agora.xtec.cat\/inscanvilumara\/wp-json\/wp\/v2\/pages\/1260\/revisions"}],"predecessor-version":[{"id":10029,"href":"https:\/\/agora.xtec.cat\/inscanvilumara\/wp-json\/wp\/v2\/pages\/1260\/revisions\/10029"}],"up":[{"embeddable":true,"href":"https:\/\/agora.xtec.cat\/inscanvilumara\/wp-json\/wp\/v2\/pages\/63"}],"wp:attachment":[{"href":"https:\/\/agora.xtec.cat\/inscanvilumara\/wp-json\/wp\/v2\/media?parent=1260"}],"curies":[{"name":"wp","href":"https:\/\/api.w.org\/{rel}","templated":true}]}}