{"id":10350,"date":"2026-04-15T16:53:49","date_gmt":"2026-04-15T14:53:49","guid":{"rendered":"https:\/\/agora.xtec.cat\/inscanvilumara\/?page_id=10350"},"modified":"2026-04-15T16:53:49","modified_gmt":"2026-04-15T14:53:49","slug":"preinscripcio-i-matricula-grau-mitja-2026-27","status":"publish","type":"page","link":"https:\/\/agora.xtec.cat\/inscanvilumara\/preinscripcio-i-matricula-grau-mitja-2026-27\/","title":{"rendered":"Preinscripci\u00f3 i matr\u00edcula Grau Mitj\u00e0 2026-27"},"content":{"rendered":"","protected":false},"excerpt":{"rendered":"","protected":false},"author":48,"featured_media":0,"parent":0,"menu_order":0,"comment_status":"closed","ping_status":"closed","template":"","meta":{"_bbp_topic_count":0,"_bbp_reply_count":0,"_bbp_total_topic_count":0,"_bbp_total_reply_count":0,"_bbp_voice_count":0,"_bbp_anonymous_reply_count":0,"_bbp_topic_count_hidden":0,"_bbp_reply_count_hidden":0,"_bbp_forum_subforum_count":0,"footnotes":""},"class_list":["post-10350","page","type-page","status-publish","hentry"],"post_mailing_queue_ids":[],"_links":{"self":[{"href":"https:\/\/agora.xtec.cat\/inscanvilumara\/wp-json\/wp\/v2\/pages\/10350","targetHints":{"allow":["GET"]}}],"collection":[{"href":"https:\/\/agora.xtec.cat\/inscanvilumara\/wp-json\/wp\/v2\/pages"}],"about":[{"href":"https:\/\/agora.xtec.cat\/inscanvilumara\/wp-json\/wp\/v2\/types\/page"}],"author":[{"embeddable":true,"href":"https:\/\/agora.xtec.cat\/inscanvilumara\/wp-json\/wp\/v2\/users\/48"}],"replies":[{"embeddable":true,"href":"https:\/\/agora.xtec.cat\/inscanvilumara\/wp-json\/wp\/v2\/comments?post=10350"}],"version-history":[{"count":1,"href":"https:\/\/agora.xtec.cat\/inscanvilumara\/wp-json\/wp\/v2\/pages\/10350\/revisions"}],"predecessor-version":[{"id":10352,"href":"https:\/\/agora.xtec.cat\/inscanvilumara\/wp-json\/wp\/v2\/pages\/10350\/revisions\/10352"}],"wp:attachment":[{"href":"https:\/\/agora.xtec.cat\/inscanvilumara\/wp-json\/wp\/v2\/media?parent=10350"}],"curies":[{"name":"wp","href":"https:\/\/api.w.org\/{rel}","templated":true}]}}