{"id":10055,"date":"2025-09-27T10:25:49","date_gmt":"2025-09-27T08:25:49","guid":{"rendered":"https:\/\/agora.xtec.cat\/inscanvilumara\/?page_id=10055"},"modified":"2025-09-27T10:25:49","modified_gmt":"2025-09-27T08:25:49","slug":"cicle-formatiu-grau-basic","status":"publish","type":"page","link":"https:\/\/agora.xtec.cat\/inscanvilumara\/cicle-formatiu-grau-basic\/","title":{"rendered":"Cicle Formatiu Grau B\u00e0sic"},"content":{"rendered":"<p>Aqu\u00ed teniu informaci\u00f3 sobre el nostre CFGB<\/p>\n<p>&nbsp;<\/p>\n<p><a href=\"https:\/\/agora.xtec.cat\/inscanvilumara\/wp-content\/uploads\/usu1655\/2025\/05\/Captura-de-pantalla-2025-05-13-124644.jpg\"><img loading=\"lazy\" decoding=\"async\" class=\"alignnone size-large wp-image-9796\" src=\"https:\/\/agora.xtec.cat\/inscanvilumara\/wp-content\/uploads\/usu1655\/2025\/05\/Captura-de-pantalla-2025-05-13-124644-1024x559.jpg\" alt=\"\" width=\"1024\" height=\"559\" srcset=\"https:\/\/agora.xtec.cat\/inscanvilumara\/wp-content\/uploads\/usu1655\/2025\/05\/Captura-de-pantalla-2025-05-13-124644-1024x559.jpg 1024w, https:\/\/agora.xtec.cat\/inscanvilumara\/wp-content\/uploads\/usu1655\/2025\/05\/Captura-de-pantalla-2025-05-13-124644-300x164.jpg 300w, https:\/\/agora.xtec.cat\/inscanvilumara\/wp-content\/uploads\/usu1655\/2025\/05\/Captura-de-pantalla-2025-05-13-124644-768x419.jpg 768w, https:\/\/agora.xtec.cat\/inscanvilumara\/wp-content\/uploads\/usu1655\/2025\/05\/Captura-de-pantalla-2025-05-13-124644.jpg 1204w\" sizes=\"auto, (max-width: 1024px) 100vw, 1024px\" \/><\/a><\/p>\n","protected":false},"excerpt":{"rendered":"<p>Aqu\u00ed teniu informaci\u00f3 sobre el nostre CFGB<br \/>\n&nbsp;<br \/>\n<a href=\"https:\/\/agora.xtec.cat\/inscanvilumara\/wp-content\/uploads\/usu1655\/2025\/05\/Captura-de-pantalla-2025-05-13-124644.jpg\"><\/a><\/p>\n","protected":false},"author":48,"featured_media":0,"parent":0,"menu_order":0,"comment_status":"closed","ping_status":"closed","template":"","meta":{"_bbp_topic_count":0,"_bbp_reply_count":0,"_bbp_total_topic_count":0,"_bbp_total_reply_count":0,"_bbp_voice_count":0,"_bbp_anonymous_reply_count":0,"_bbp_topic_count_hidden":0,"_bbp_reply_count_hidden":0,"_bbp_forum_subforum_count":0,"footnotes":""},"class_list":["post-10055","page","type-page","status-publish","hentry"],"post_mailing_queue_ids":[],"_links":{"self":[{"href":"https:\/\/agora.xtec.cat\/inscanvilumara\/wp-json\/wp\/v2\/pages\/10055","targetHints":{"allow":["GET"]}}],"collection":[{"href":"https:\/\/agora.xtec.cat\/inscanvilumara\/wp-json\/wp\/v2\/pages"}],"about":[{"href":"https:\/\/agora.xtec.cat\/inscanvilumara\/wp-json\/wp\/v2\/types\/page"}],"author":[{"embeddable":true,"href":"https:\/\/agora.xtec.cat\/inscanvilumara\/wp-json\/wp\/v2\/users\/48"}],"replies":[{"embeddable":true,"href":"https:\/\/agora.xtec.cat\/inscanvilumara\/wp-json\/wp\/v2\/comments?post=10055"}],"version-history":[{"count":1,"href":"https:\/\/agora.xtec.cat\/inscanvilumara\/wp-json\/wp\/v2\/pages\/10055\/revisions"}],"predecessor-version":[{"id":10056,"href":"https:\/\/agora.xtec.cat\/inscanvilumara\/wp-json\/wp\/v2\/pages\/10055\/revisions\/10056"}],"wp:attachment":[{"href":"https:\/\/agora.xtec.cat\/inscanvilumara\/wp-json\/wp\/v2\/media?parent=10055"}],"curies":[{"name":"wp","href":"https:\/\/api.w.org\/{rel}","templated":true}]}}