{"id":771,"date":"2022-07-20T00:55:27","date_gmt":"2022-07-19T22:55:27","guid":{"rendered":"https:\/\/agora.xtec.cat\/inscanroca\/?page_id=771"},"modified":"2026-02-24T12:12:19","modified_gmt":"2026-02-24T11:12:19","slug":"quotes-de-material","status":"publish","type":"page","link":"https:\/\/agora.xtec.cat\/inscanroca\/secretaria\/quotes-de-material\/","title":{"rendered":"Aportacions de les fam\u00edlies pel material escolar i sortides i documents de fraccionament"},"content":{"rendered":"<p>Us adjuntem les aportacions de les fam\u00edlies pel <span style=\"text-decoration: underline;\"><strong>MATERIAL ESCOLAR del curs 2025\/2026<\/strong><\/span>:<\/p>\n<h2><strong>ESO<\/strong><\/h2>\n<p><strong>IMPORTANT<\/strong>: Les fam\u00edlies de 1r d&#8217;ESO han de fer aquest pagament per ingr\u00e9s o transfer\u00e8ncia banc\u00e0ria al n\u00famero de compte que podran consultar en els documents adjunts. Les fam\u00edlies de 2n, 3r i 4t d&#8217;ESO que han informat de les dades banc\u00e0ries se&#8217;ls domiciliar\u00e0 i en cas contrari hauran de fer l&#8217;ingr\u00e9s o transfer\u00e8ncia.<\/p>\n<ul>\n<li><strong><a href=\"https:\/\/agora.xtec.cat\/inscanroca\/wp-content\/uploads\/usu1085\/2025\/07\/1r-ESO-INS-Can-Roca-Material-.pdf\">Aportacions fam\u00edlies de 1r d&#8217;ESO<\/a><\/strong><\/li>\n<li><strong><a href=\"https:\/\/agora.xtec.cat\/inscanroca\/wp-content\/uploads\/usu1085\/2025\/07\/2n-ESO-INS-Can-Roca-Material-.pdf\">Aportacions fam\u00edlies de 2n d&#8217;ESO<\/a><\/strong><\/li>\n<li><strong><a href=\"https:\/\/agora.xtec.cat\/inscanroca\/wp-content\/uploads\/usu1085\/2025\/07\/3r-ESO-INS-Can-Roca-Material-.pdf\">Aportacions fam\u00edlies de 3r d&#8217;ESO<\/a><\/strong><\/li>\n<li><strong><a href=\"https:\/\/agora.xtec.cat\/inscanroca\/wp-content\/uploads\/usu1085\/2025\/07\/4t-ESO-INS-Can-Roca-Material.pdf\">Aportacions fam\u00edlies de 4t d&#8217;ESO<\/a><\/strong><\/li>\n<\/ul>\n<p><span style=\"text-decoration: underline;\">Document de fraccionament<\/span><\/p>\n<ul>\n<li><a href=\"https:\/\/agora.xtec.cat\/inscanroca\/wp-content\/uploads\/usu1085\/2025\/07\/1-ESO-Compromis-pagament-aportacio-material-fraccionada-1-1.pdf\">Fraccionament 1r ESO<\/a><\/li>\n<li><a href=\"https:\/\/agora.xtec.cat\/inscanroca\/wp-content\/uploads\/usu1085\/2025\/07\/2-ESO-Compromis-pagament-aportacio-material-fraccionada.pdf\">Fraccionament 2n ESO<\/a><\/li>\n<li><a href=\"https:\/\/agora.xtec.cat\/inscanroca\/wp-content\/uploads\/usu1085\/2025\/07\/3-ESO-Compromis-pagament-aportacio-material-fraccionada.pdf\">Fraccionament 3r ESO<\/a><\/li>\n<li><a href=\"https:\/\/agora.xtec.cat\/inscanroca\/wp-content\/uploads\/usu1085\/2025\/07\/4-ESO-Compromis-pagament-aportacio-material-fraccionada-.pdf\">Fraccionament\u00a04t ESO<\/a><\/li>\n<\/ul>\n<h2><strong>BATXILLERAT<\/strong><\/h2>\n<ul>\n<li><strong><a href=\"https:\/\/agora.xtec.cat\/inscanroca\/wp-content\/uploads\/usu1085\/2025\/07\/1r-BAT-INS-Can-Roca-Material-.pdf\">Aportacions fam\u00edlies 1r Batxillerat<\/a><\/strong><\/li>\n<li><strong><a href=\"https:\/\/agora.xtec.cat\/inscanroca\/wp-content\/uploads\/usu1085\/2025\/07\/2n-BAT-INS-Can-Roca-Material-.pdf\">Aportacions fam\u00edlies 2n Batxillerat<\/a><\/strong><\/li>\n<\/ul>\n<p><span style=\"text-decoration: underline;\">Document de fraccionament<\/span><\/p>\n<ul>\n<li><a href=\"https:\/\/agora.xtec.cat\/inscanroca\/wp-content\/uploads\/usu1085\/2025\/07\/1-BAT-Compromis-pagament-aportacio-material-fraccionada-.pdf\">Fraccionament 1r Batxillerat<\/a><\/li>\n<li><a href=\"https:\/\/agora.xtec.cat\/inscanroca\/wp-content\/uploads\/usu1085\/2024\/07\/2-BAT-Compromis-pagament-aportacio-material-fraccionada-.pdf\">Fra<\/a><a href=\"https:\/\/agora.xtec.cat\/inscanroca\/wp-content\/uploads\/usu1085\/2025\/07\/2n-BAT-INS-Can-Roca-Material-.pdf\">ccionament 2n Batxillerat<\/a><\/li>\n<\/ul>\n<p>&nbsp;<\/p>\n<p><span style=\"text-decoration: underline;\">Document\u00a0 de Sortides<\/span><\/p>\n<p>Recordeu que s&#8217;ha de fer la tranfer\u00e8ncia abans del 31 de mar\u00e7<\/p>\n<p><a href=\"https:\/\/agora.xtec.cat\/inscanroca\/wp-content\/uploads\/usu1085\/2026\/02\/SORTIDES-I-ACTIVITATS-CURRICULARS-25-26.pdf\">Sortides 25-26<\/a><\/p>\n<p><span style=\"text-decoration: underline;\">Document de fraccionament<\/span><\/p>\n<p><a href=\"https:\/\/agora.xtec.cat\/inscanroca\/wp-content\/uploads\/usu1085\/2026\/02\/1-ESO-Compromis-pagament-aportacio-de-sortides-fraccionada-.pdf\">1 ESO Comprom\u00eds pagament aportaci\u00f3 de sortides fraccionada<\/a><\/p>\n<p><a href=\"https:\/\/agora.xtec.cat\/inscanroca\/wp-content\/uploads\/usu1085\/2026\/02\/2-ESO-Compromis-pagament-aportacio-de-sortides-fraccionada.pdf\">2 ESO Comprom\u00eds pagament aportaci\u00f3 de sortides fraccionada<\/a><\/p>\n<p><a href=\"https:\/\/agora.xtec.cat\/inscanroca\/wp-content\/uploads\/usu1085\/2026\/02\/3-ESO-Compromis-pagament-aportacio-de-sortides-fraccionada.pdf\">3 ESO Comprom\u00eds pagament aportaci\u00f3 de sortides fraccionada<\/a><\/p>\n<p><a href=\"https:\/\/agora.xtec.cat\/inscanroca\/wp-content\/uploads\/usu1085\/2026\/02\/4-ESO-Compromis-pagament-aportacio-de-sortides-fraccionada-1.pdf\">4 ESO Comprom\u00eds pagament aportaci\u00f3 de sortides fraccionada<\/a><\/p>\n","protected":false},"excerpt":{"rendered":"<p>Us adjuntem les aportacions de les fam\u00edlies pel MATERIAL ESCOLAR del curs 2025\/2026:<br \/>\nESO<br \/>\nIMPORTANT: Les fam\u00edlies de 1r d&#8217;ESO han de fer aquest pagament per ingr\u00e9s o transfer\u00e8ncia banc\u00e0ria al n\u00famero de compte que podran consultar en els documents adjunts. Les fam\u00edlies de 2n, 3r i&hellip;  <a href=\"https:\/\/agora.xtec.cat\/inscanroca\/secretaria\/quotes-de-material\/\" title=\"Read Aportacions de les fam\u00edlies pel material escolar i sortides i documents de fraccionament\">Llegeix m\u00e9s\u00bb<\/a><\/p>\n","protected":false},"author":1,"featured_media":0,"parent":81,"menu_order":40,"comment_status":"closed","ping_status":"closed","template":"page-templates\/side-menu.php","meta":{"_bbp_topic_count":0,"_bbp_reply_count":0,"_bbp_total_topic_count":0,"_bbp_total_reply_count":0,"_bbp_voice_count":0,"_bbp_anonymous_reply_count":0,"_bbp_topic_count_hidden":0,"_bbp_reply_count_hidden":0,"_bbp_forum_subforum_count":0,"footnotes":""},"class_list":["post-771","page","type-page","status-publish","hentry"],"post_mailing_queue_ids":[],"_links":{"self":[{"href":"https:\/\/agora.xtec.cat\/inscanroca\/wp-json\/wp\/v2\/pages\/771","targetHints":{"allow":["GET"]}}],"collection":[{"href":"https:\/\/agora.xtec.cat\/inscanroca\/wp-json\/wp\/v2\/pages"}],"about":[{"href":"https:\/\/agora.xtec.cat\/inscanroca\/wp-json\/wp\/v2\/types\/page"}],"author":[{"embeddable":true,"href":"https:\/\/agora.xtec.cat\/inscanroca\/wp-json\/wp\/v2\/users\/1"}],"replies":[{"embeddable":true,"href":"https:\/\/agora.xtec.cat\/inscanroca\/wp-json\/wp\/v2\/comments?post=771"}],"version-history":[{"count":6,"href":"https:\/\/agora.xtec.cat\/inscanroca\/wp-json\/wp\/v2\/pages\/771\/revisions"}],"predecessor-version":[{"id":2511,"href":"https:\/\/agora.xtec.cat\/inscanroca\/wp-json\/wp\/v2\/pages\/771\/revisions\/2511"}],"up":[{"embeddable":true,"href":"https:\/\/agora.xtec.cat\/inscanroca\/wp-json\/wp\/v2\/pages\/81"}],"wp:attachment":[{"href":"https:\/\/agora.xtec.cat\/inscanroca\/wp-json\/wp\/v2\/media?parent=771"}],"curies":[{"name":"wp","href":"https:\/\/api.w.org\/{rel}","templated":true}]}}