{"id":658,"date":"2020-08-21T12:56:38","date_gmt":"2020-08-21T10:56:38","guid":{"rendered":"https:\/\/agora.xtec.cat\/inscanroca\/?page_id=658"},"modified":"2020-08-21T12:56:45","modified_gmt":"2020-08-21T10:56:45","slug":"ambit-deducacio-fisica","status":"publish","type":"page","link":"https:\/\/agora.xtec.cat\/inscanroca\/ambits-educatius\/ambit-deducacio-fisica\/","title":{"rendered":"\u00c0mbit d&#8217;educaci\u00f3 f\u00edsica"},"content":{"rendered":"<p><a href=\"https:\/\/agora.xtec.cat\/inscanroca\/wp-content\/uploads\/usu1085\/2020\/08\/en_construccio.gif\"><img loading=\"lazy\" decoding=\"async\" class=\"alignnone size-full wp-image-590\" src=\"https:\/\/agora.xtec.cat\/inscanroca\/wp-content\/uploads\/usu1085\/2020\/08\/en_construccio.gif\" alt=\"\" width=\"799\" height=\"599\" \/><\/a><\/p>\n","protected":false},"excerpt":{"rendered":"<p><a href=\"https:\/\/agora.xtec.cat\/inscanroca\/wp-content\/uploads\/usu1085\/2020\/08\/en_construccio.gif\"><\/a><\/p>\n","protected":false},"author":1,"featured_media":0,"parent":642,"menu_order":90,"comment_status":"closed","ping_status":"closed","template":"","meta":{"_bbp_topic_count":0,"_bbp_reply_count":0,"_bbp_total_topic_count":0,"_bbp_total_reply_count":0,"_bbp_voice_count":0,"_bbp_anonymous_reply_count":0,"_bbp_topic_count_hidden":0,"_bbp_reply_count_hidden":0,"_bbp_forum_subforum_count":0,"footnotes":""},"class_list":["post-658","page","type-page","status-publish","hentry"],"post_mailing_queue_ids":[],"_links":{"self":[{"href":"https:\/\/agora.xtec.cat\/inscanroca\/wp-json\/wp\/v2\/pages\/658","targetHints":{"allow":["GET"]}}],"collection":[{"href":"https:\/\/agora.xtec.cat\/inscanroca\/wp-json\/wp\/v2\/pages"}],"about":[{"href":"https:\/\/agora.xtec.cat\/inscanroca\/wp-json\/wp\/v2\/types\/page"}],"author":[{"embeddable":true,"href":"https:\/\/agora.xtec.cat\/inscanroca\/wp-json\/wp\/v2\/users\/1"}],"replies":[{"embeddable":true,"href":"https:\/\/agora.xtec.cat\/inscanroca\/wp-json\/wp\/v2\/comments?post=658"}],"version-history":[{"count":1,"href":"https:\/\/agora.xtec.cat\/inscanroca\/wp-json\/wp\/v2\/pages\/658\/revisions"}],"predecessor-version":[{"id":659,"href":"https:\/\/agora.xtec.cat\/inscanroca\/wp-json\/wp\/v2\/pages\/658\/revisions\/659"}],"up":[{"embeddable":true,"href":"https:\/\/agora.xtec.cat\/inscanroca\/wp-json\/wp\/v2\/pages\/642"}],"wp:attachment":[{"href":"https:\/\/agora.xtec.cat\/inscanroca\/wp-json\/wp\/v2\/media?parent=658"}],"curies":[{"name":"wp","href":"https:\/\/api.w.org\/{rel}","templated":true}]}}