{"id":592,"date":"2020-08-21T12:30:24","date_gmt":"2020-08-21T10:30:24","guid":{"rendered":"https:\/\/agora.xtec.cat\/inscanroca\/?page_id=592"},"modified":"2023-09-28T09:41:09","modified_gmt":"2023-09-28T07:41:09","slug":"ampa","status":"publish","type":"page","link":"https:\/\/agora.xtec.cat\/inscanroca\/comunitat-educativa\/ampa\/","title":{"rendered":"AMPA"},"content":{"rendered":"<p style=\"text-align: justify;\"><strong>Benvolguts socis i s\u00f2cies de l\u2019AMPA INS Can Roca, la Junta Directiva de l\u2019AMPA posa a la vostra disposici\u00f3 el correu electr\u00f2nic:<\/strong><\/p>\n<ul>\n<li style=\"text-align: justify;\">B\u00fastia de correu electr\u00f2nic:<a href=\"mailto:ampa@inscanroca.com\">ampa@inscanroca.com<\/a><\/li>\n<\/ul>\n<p><strong>Tamb\u00e9 us podrem atendre personalment a l&#8217;oficina de l&#8217;AMPA els dilluns de les 17.30 a les 18.30 durant el mes d&#8217;octubre on podreu pagar l&#8217;Ampa en efectiu.<\/strong><\/p>\n<p><strong>Com fer-se soci?<\/strong><\/p>\n<p>Formulari per fer-se soci de l&#8217;AMPA: <a href=\"https:\/\/forms.gle\/Mg5fHf9CgZPLuVLP7\" target=\"_blank\" rel=\"noopener\">enlla\u00e7<\/a><\/p>\n<p>Quota per fam\u00edlia: 20\u20ac<\/p>\n<p>Cada curs, cal fer una transfer\u00e8ncia banc\u00e0ria al n\u00famero: BANC DE SABADELL: ES31 0081 5348 0600 0115 9922<\/p>\n","protected":false},"excerpt":{"rendered":"<p>Benvolguts socis i s\u00f2cies de l\u2019AMPA INS Can Roca, la Junta Directiva de l\u2019AMPA posa a la vostra disposici\u00f3 el correu electr\u00f2nic:<\/p>\n<ul>\n<li style=\"text-align: justify;\">B\u00fastia de correu electr\u00f2nic:<a href=\"mailto:ampa@inscanroca.com\">ampa@inscanroca.com<\/a><\/li>\n<\/ul>\n<p>Tamb\u00e9 us podrem atendre personalment a l&#8217;oficina de l&#8217;AMPA els dilluns de les 17.30 a les 18.30 durant&hellip;  <a href=\"https:\/\/agora.xtec.cat\/inscanroca\/comunitat-educativa\/ampa\/\" title=\"Read AMPA\">Llegeix m\u00e9s\u00bb<\/a><\/p>\n","protected":false},"author":1,"featured_media":0,"parent":589,"menu_order":0,"comment_status":"closed","ping_status":"closed","template":"page-templates\/side-menu.php","meta":{"_bbp_topic_count":0,"_bbp_reply_count":0,"_bbp_total_topic_count":0,"_bbp_total_reply_count":0,"_bbp_voice_count":0,"_bbp_anonymous_reply_count":0,"_bbp_topic_count_hidden":0,"_bbp_reply_count_hidden":0,"_bbp_forum_subforum_count":0,"footnotes":""},"class_list":["post-592","page","type-page","status-publish","hentry"],"post_mailing_queue_ids":[],"_links":{"self":[{"href":"https:\/\/agora.xtec.cat\/inscanroca\/wp-json\/wp\/v2\/pages\/592","targetHints":{"allow":["GET"]}}],"collection":[{"href":"https:\/\/agora.xtec.cat\/inscanroca\/wp-json\/wp\/v2\/pages"}],"about":[{"href":"https:\/\/agora.xtec.cat\/inscanroca\/wp-json\/wp\/v2\/types\/page"}],"author":[{"embeddable":true,"href":"https:\/\/agora.xtec.cat\/inscanroca\/wp-json\/wp\/v2\/users\/1"}],"replies":[{"embeddable":true,"href":"https:\/\/agora.xtec.cat\/inscanroca\/wp-json\/wp\/v2\/comments?post=592"}],"version-history":[{"count":3,"href":"https:\/\/agora.xtec.cat\/inscanroca\/wp-json\/wp\/v2\/pages\/592\/revisions"}],"predecessor-version":[{"id":1436,"href":"https:\/\/agora.xtec.cat\/inscanroca\/wp-json\/wp\/v2\/pages\/592\/revisions\/1436"}],"up":[{"embeddable":true,"href":"https:\/\/agora.xtec.cat\/inscanroca\/wp-json\/wp\/v2\/pages\/589"}],"wp:attachment":[{"href":"https:\/\/agora.xtec.cat\/inscanroca\/wp-json\/wp\/v2\/media?parent=592"}],"curies":[{"name":"wp","href":"https:\/\/api.w.org\/{rel}","templated":true}]}}