{"id":509,"date":"2019-10-10T09:17:40","date_gmt":"2019-10-10T07:17:40","guid":{"rendered":"https:\/\/agora.xtec.cat\/inscanroca\/?page_id=509"},"modified":"2026-02-21T18:41:12","modified_gmt":"2026-02-21T17:41:12","slug":"contacte","status":"publish","type":"page","link":"https:\/\/agora.xtec.cat\/inscanroca\/linstitut\/contacte\/","title":{"rendered":"L&#8217;equip"},"content":{"rendered":"<p><strong>Centre<\/strong><\/p>\n<ul>\n<li>B\u00fastia General: <a href=\"mailto:a8071196@xtec.cat\">a8071196<span class=\"\">@xtec.cat<\/span><\/a><\/li>\n<li>Director: Daniel Garreta Jaume (direccio@inscanroca.com)<\/li>\n<li>Cap d\u2019Estudis: Jordi Ortiz de Antonio (cap.estudis@inscanroca.com)<\/li>\n<li>Coordinadora Pedag\u00f2gica: Anna Rusi\u00f1ol P\u00e9rez (anna.rusinol@inscanroca.com)<\/li>\n<li>Secret\u00e0ria: Maria Jes\u00fas Tom\u00e0s Barber\u00e0 (secretaria.direccio@inscanroca.com)<\/li>\n<\/ul>\n<p><strong>Coordinadors\/es<\/strong><\/p>\n<ul>\n<li>Coordinaci\u00f3 1rESO: Maite Merino Camarena<\/li>\n<li>Coordinaci\u00f3 2nESO: Lupe Ortega Morcillo<\/li>\n<li>Coordinaci\u00f3 3rESO: Jordi Salv\u00e0 G\u00fcell<\/li>\n<li>Coordinaci\u00f3 4tESO: Jordi Ortiz de Antonio<\/li>\n<li>Coordinaci\u00f3 Batxillerat: Idoia Ruiz Sosa<\/li>\n<\/ul>\n<p><strong>ESO Tutors\/es<\/strong><\/p>\n<ul>\n<li>Tutor 1rA: Jos\u00e9 Ignacio Llombart Cant\u00f3<\/li>\n<li>Tutor 1rB: Pablo Parets Pi\u00f1ol<\/li>\n<li>Tutora 1rC: Isabel G\u00f3mez Gal\u00e1n<\/li>\n<li>Tutor 1rD: Toni Artesero Figueras<\/li>\n<\/ul>\n<p>&nbsp;<\/p>\n<ul>\n<li>Tutor 2nA: Xavi Castillo Hinojosa<\/li>\n<li>Tutor 2nB<em>: <\/em>Jos\u00e9 Manuel J\u00e1imez Moreno<\/li>\n<li>Tutora 2nC: Lui Amella Guti\u00e9rrez<\/li>\n<li>Tutor 2nD: David Alonso Prieto<\/li>\n<li>Tutora 2nE: N\u00faria Nieto T\u00f3<\/li>\n<li>Turora 2nF: Marien Palau Farr\u00e9 i D\u00e0maris Ropero Borrego<\/li>\n<\/ul>\n<p>&nbsp;<\/p>\n<ul>\n<li>Tutor 3rA: H\u00e9ctor Jover Jara<\/li>\n<li>Tutora 3rB: Vicenta Fuster Mart\u00ednez<\/li>\n<li>Tutora 3rC: Marina Puente Matas<\/li>\n<li>Tutora 3rD: Aina Rios Vall\u00e8s<\/li>\n<li>Tutora 3rE: Cristina Arinero Aparicio<\/li>\n<li>Tutora 3r PDC: Ester Montolio del Olmo<\/li>\n<\/ul>\n<ul>\n<li>Tutora 4tA: Maribel Soriano Mari<\/li>\n<li>Tutora 4tB: Merc\u00e8 Fern\u00e1ndez Vila<\/li>\n<li>Tutor 4tC: Manuel Garc\u00eda Mart\u00ednez<\/li>\n<li>Tutora 4tD: N\u00faria Romero Segura<\/li>\n<li>Tutor 4t PDC: Jos\u00e9 Navajas Ad\u00e1n<\/li>\n<\/ul>\n<p><strong>BATXILLERAT<\/strong><\/p>\n<ul>\n<li>Tutora 1r BTX A: Joan Barber\u00e0 Ibiza<\/li>\n<li>Tutor 1r BTX B: Merc\u00e8 Sancerni Gim\u00e9nez<\/li>\n<li>Tutor 1r BTX C: Miquel Orts Guarner<\/li>\n<li>Tutor 2n BTX A: Maria Jes\u00fas Tom\u00e0s Barber\u00e0<\/li>\n<li>Tutor 2n BTX B: Marta S\u00e1nchez Castro<\/li>\n<li>Tutor 2n BTX C: Ferran Cruz Ropero<\/li>\n<\/ul>\n<p><strong>\u00c0MBITS PEDAG\u00d2GICS<\/strong><\/p>\n<ul>\n<li>Cap d&#8217;\u00e0mbit Lleng\u00fces: Oriol Prat Plans<\/li>\n<li>Cap d&#8217;\u00e0mbit Lleng\u00fces estrangeres: Mila Blasco Llopis<\/li>\n<li>Cap d&#8217;\u00e0mbit Matem\u00e0tiques: Bea Briones Fern\u00e1ndez<\/li>\n<li>Cap d&#8217;\u00e0mbit social: Dani Vega Cobos<\/li>\n<li>Cap d&#8217;\u00e0mbit cient\u00edfic: Carlos Mart\u00edn Morales<\/li>\n<li>Cap d&#8217;\u00e0mbit tecnol\u00f2gic: Ester Montolio del Olmo<\/li>\n<li>Cap d&#8217;\u00e0mbit art\u00edstic i educaci\u00f3 f\u00edsica: Berta Puig Lleix\u00e0<\/li>\n<\/ul>\n<p><strong>ALTRES CONTACTES:<\/strong><\/p>\n<ul>\n<li>Cap del departament d&#8217;orientaci\u00f3: Montse L\u00f3pez Mart\u00ednez<\/li>\n<li>Coordinaci\u00f3 Llengua, interculturalitat i cohesi\u00f3 social del centre: Marta S\u00e1nchez Castro<\/li>\n<li>Coordinaci\u00f3 digital: Miguel G\u00f3mez Reinaldo i Oriol Calpe Blanch<\/li>\n<li>Coordinaci\u00f3 de riscos laborals: N\u00faria Miralles Torregrosa<\/li>\n<li>Coordinaci\u00f3 d&#8217;alumnat delegat: Anna Serra Peralta<\/li>\n<\/ul>\n","protected":false},"excerpt":{"rendered":"<p>Centre<\/p>\n<ul>\n<li>B\u00fastia General: <a href=\"mailto:a8071196@xtec.cat\">a8071196@xtec.cat<\/a><\/li>\n<li>Director: Daniel Garreta Jaume (direccio@inscanroca.com)<\/li>\n<li>Cap d\u2019Estudis: Jordi Ortiz de Antonio (cap.estudis@inscanroca.com)<\/li>\n<li>Coordinadora Pedag\u00f2gica: Anna Rusi\u00f1ol P\u00e9rez (anna.rusinol@inscanroca.com)<\/li>\n<li>Secret\u00e0ria: Maria Jes\u00fas Tom\u00e0s Barber\u00e0 (secretaria.direccio@inscanroca.com)<\/li>\n<\/ul>\n<p>Coordinadors\/es<\/p>\n<ul>\n<li>Coordinaci\u00f3 1rESO: Maite Merino Camarena<\/li>\n<li>Coordinaci\u00f3 2nESO: Lupe Ortega Morcillo<\/li>\n<li>Coordinaci\u00f3 3rESO: Jordi Salv\u00e0 G\u00fcell<\/li>\n<li>Coordinaci\u00f3 4tESO: Jordi Ortiz de Antonio<\/li>\n<li>Coordinaci\u00f3 Batxillerat: Idoia Ruiz Sosa<\/li>\n<\/ul>\n<p>ESO&hellip;  <a href=\"https:\/\/agora.xtec.cat\/inscanroca\/linstitut\/contacte\/\" title=\"Read L&#8217;equip\">Llegeix m\u00e9s\u00bb<\/a><\/p>\n","protected":false},"author":1,"featured_media":0,"parent":19,"menu_order":30,"comment_status":"closed","ping_status":"closed","template":"page-templates\/side-menu.php","meta":{"_bbp_topic_count":0,"_bbp_reply_count":0,"_bbp_total_topic_count":0,"_bbp_total_reply_count":0,"_bbp_voice_count":0,"_bbp_anonymous_reply_count":0,"_bbp_topic_count_hidden":0,"_bbp_reply_count_hidden":0,"_bbp_forum_subforum_count":0,"footnotes":""},"class_list":["post-509","page","type-page","status-publish","hentry"],"post_mailing_queue_ids":[],"_links":{"self":[{"href":"https:\/\/agora.xtec.cat\/inscanroca\/wp-json\/wp\/v2\/pages\/509","targetHints":{"allow":["GET"]}}],"collection":[{"href":"https:\/\/agora.xtec.cat\/inscanroca\/wp-json\/wp\/v2\/pages"}],"about":[{"href":"https:\/\/agora.xtec.cat\/inscanroca\/wp-json\/wp\/v2\/types\/page"}],"author":[{"embeddable":true,"href":"https:\/\/agora.xtec.cat\/inscanroca\/wp-json\/wp\/v2\/users\/1"}],"replies":[{"embeddable":true,"href":"https:\/\/agora.xtec.cat\/inscanroca\/wp-json\/wp\/v2\/comments?post=509"}],"version-history":[{"count":6,"href":"https:\/\/agora.xtec.cat\/inscanroca\/wp-json\/wp\/v2\/pages\/509\/revisions"}],"predecessor-version":[{"id":2501,"href":"https:\/\/agora.xtec.cat\/inscanroca\/wp-json\/wp\/v2\/pages\/509\/revisions\/2501"}],"up":[{"embeddable":true,"href":"https:\/\/agora.xtec.cat\/inscanroca\/wp-json\/wp\/v2\/pages\/19"}],"wp:attachment":[{"href":"https:\/\/agora.xtec.cat\/inscanroca\/wp-json\/wp\/v2\/media?parent=509"}],"curies":[{"name":"wp","href":"https:\/\/api.w.org\/{rel}","templated":true}]}}