{"id":21,"date":"2014-09-17T16:14:14","date_gmt":"2014-09-17T16:14:14","guid":{"rendered":"http:\/\/agora.xtec.cat\/inscanroca\/?page_id=21"},"modified":"2025-06-27T16:24:52","modified_gmt":"2025-06-27T14:24:52","slug":"on-som","status":"publish","type":"page","link":"https:\/\/agora.xtec.cat\/inscanroca\/linstitut\/on-som\/","title":{"rendered":"On ens pots trobar"},"content":{"rendered":"<p><span style=\"color: #333333;\"><strong>Institut Can Roca<\/strong><\/span><br \/>\n<span style=\"color: #333333;\">C\/F\u00e0tima 12<\/span><br \/>\n<span style=\"color: #333333;\">08225 Terrassa<\/span><\/p>\n<p><strong>Tel\u00e8fon:<\/strong> 93 857 33 01<\/p>\n<p><strong>Correu electr\u00f2nic:<\/strong> a8071196<span class=\"\">@xtec.cat<\/span><\/p>\n<p><iframe loading=\"lazy\" src=\"https:\/\/www.google.com\/maps\/embed?pb=!1m14!1m8!1m3!1d2984.4575664052586!2d2.011418!3d41.580983!3m2!1i1024!2i768!4f13.1!3m3!1m2!1s0x12a492cb9f7ebe17%3A0x702efb24b957047a!2sCarrer%20de%20F%C3%A0tima%2C%2012%2C%2008225%20Terrassa%2C%20Barcelona!5e0!3m2!1sca!2ses!4v1570606568075!5m2!1sca!2ses\" width=\"600\" height=\"450\" frameborder=\"0\"><\/iframe><\/p>\n<p><strong>Com arribar-hi:<br \/>\n<\/strong><\/p>\n<ul>\n<li>Per tren: Estaci\u00f3 Nacions Unides FGC l\u00ednia &#8220;Barcelona-Vall\u00e8s&#8221;<\/li>\n<li>Per bus: L\u00ednia 5 parada Sant Eloi (just a la porta de l&#8217;Institut)<\/li>\n<\/ul>\n<p><strong>Escoles adscrites a l&#8217;institut:<br \/>\n<\/strong><\/p>\n<ul>\n<li>Escola Abat Marcet<\/li>\n<li>Escola El Vapor<\/li>\n<li>Escola Enxaneta<\/li>\n<li>Escola Font de l&#8217;Alba<\/li>\n<li>Escola Lanaspa-Giralt<\/li>\n<li>Escola La Roda<\/li>\n<li>Escola Serra de l&#8217;Obac<\/li>\n<\/ul>\n","protected":false},"excerpt":{"rendered":"<p>Institut Can Roca<br \/>\nC\/F\u00e0tima 12<br \/>\n08225 Terrassa<br \/>\nTel\u00e8fon: 93 857 33 01<br \/>\nCorreu electr\u00f2nic: a8071196@xtec.cat<\/p>\n<p>Com arribar-hi:<\/p>\n<ul>\n<li>Per tren: Estaci\u00f3 Nacions Unides FGC l\u00ednia &#8220;Barcelona-Vall\u00e8s&#8221;<\/li>\n<li>Per bus: L\u00ednia 5 parada Sant Eloi (just a la porta de l&#8217;Institut)<\/li>\n<\/ul>\n<p>Escoles adscrites a l&#8217;institut:<\/p>\n<ul>\n<li>Escola Abat Marcet<\/li>\n<li>Escola El Vapor<\/li>\n<li>Escola Enxaneta<\/li>\n<li>Escola Font de l&#8217;Alba<\/li>\n<li>Escola Lanaspa-Giralt<\/li>\n<li>Escola La Roda<\/li>\n<li>Escola&hellip;  <a href=\"https:\/\/agora.xtec.cat\/inscanroca\/linstitut\/on-som\/\" title=\"Read On ens pots trobar\">Llegeix m\u00e9s\u00bb<\/a><br \/>\n","protected":false},"author":1,"featured_media":0,"parent":19,"menu_order":10,"comment_status":"closed","ping_status":"closed","template":"page-templates\/side-menu.php","meta":{"_bbp_topic_count":0,"_bbp_reply_count":0,"_bbp_total_topic_count":0,"_bbp_total_reply_count":0,"_bbp_voice_count":0,"_bbp_anonymous_reply_count":0,"_bbp_topic_count_hidden":0,"_bbp_reply_count_hidden":0,"_bbp_forum_subforum_count":0,"footnotes":""},"class_list":["post-21","page","type-page","status-publish","hentry"],"post_mailing_queue_ids":[],"_links":{"self":[{"href":"https:\/\/agora.xtec.cat\/inscanroca\/wp-json\/wp\/v2\/pages\/21","targetHints":{"allow":["GET"]}}],"collection":[{"href":"https:\/\/agora.xtec.cat\/inscanroca\/wp-json\/wp\/v2\/pages"}],"about":[{"href":"https:\/\/agora.xtec.cat\/inscanroca\/wp-json\/wp\/v2\/types\/page"}],"author":[{"embeddable":true,"href":"https:\/\/agora.xtec.cat\/inscanroca\/wp-json\/wp\/v2\/users\/1"}],"replies":[{"embeddable":true,"href":"https:\/\/agora.xtec.cat\/inscanroca\/wp-json\/wp\/v2\/comments?post=21"}],"version-history":[{"count":4,"href":"https:\/\/agora.xtec.cat\/inscanroca\/wp-json\/wp\/v2\/pages\/21\/revisions"}],"predecessor-version":[{"id":2281,"href":"https:\/\/agora.xtec.cat\/inscanroca\/wp-json\/wp\/v2\/pages\/21\/revisions\/2281"}],"up":[{"embeddable":true,"href":"https:\/\/agora.xtec.cat\/inscanroca\/wp-json\/wp\/v2\/pages\/19"}],"wp:attachment":[{"href":"https:\/\/agora.xtec.cat\/inscanroca\/wp-json\/wp\/v2\/media?parent=21"}],"curies":[{"name":"wp","href":"https:\/\/api.w.org\/{rel}","templated":true}]}}