{"id":1190,"date":"2024-06-11T09:50:24","date_gmt":"2024-06-11T07:50:24","guid":{"rendered":"https:\/\/agora.xtec.cat\/inscanroca\/?page_id=1190"},"modified":"2025-06-18T13:04:49","modified_gmt":"2025-06-18T11:04:49","slug":"matricula-eso-2025-26","status":"publish","type":"page","link":"https:\/\/agora.xtec.cat\/inscanroca\/secretaria\/preinscripcio-i-matricula\/matricula-eso-2025-26\/","title":{"rendered":"Matr\u00edcula ESO 2025-2026"},"content":{"rendered":"<header class=\"entry-header\">\n<h1 class=\"entry-title\"><b>CALENDARI MATR\u00cdCULA ESO<\/b><\/h1>\n<\/header>\n<p>L\u2019<strong>alumnat nou del centre<\/strong> formalitzar\u00e0 la matr\u00edcula del <strong>25<\/strong> <b>de juny al 3 de juliol via telem\u00e0tica (El 18 de juny rebreu un correu electr\u00f2nic amb les instruccions).<\/b><\/p>\n<div class=\"entry-content\">\n<p>Us adjuntem el procediment que cal seguir per <strong>formalitzar la matr\u00edcula a l\u2019ESO.<\/strong>\u00a0Aquest nom\u00e9s afecta l\u2019alumnat que s\u2019incorpora per primer cop a 1r d\u2019ESO.<\/p>\n<p>IMPORTANT: A continuaci\u00f3 teniu la documentaci\u00f3\u00a0que cal, <strong>descarregar, emplenar i adjuntar al correu de matr\u00edcula<\/strong>\u00a0(al correu\u00a0<strong>a8071196@xtec.cat<\/strong>). Si us plau,\u00a0<strong>utilitzeu l\u2019assumpte que us indiquem a les instruccions<\/strong>:<\/p>\n<\/div>\n<div class=\"entry-content\">\n<ul>\n<li><a href=\"https:\/\/agora.xtec.cat\/inscanroca\/wp-content\/uploads\/usu1085\/2025\/06\/1.-DocumentsMatricula-ESO.pdf\">1. Documents per formalitzar la matr\u00edcula<\/a><\/li>\n<li><a href=\"https:\/\/agora.xtec.cat\/inscanroca\/wp-content\/uploads\/usu1085\/2025\/06\/2.-Autoritzacions-matricula-ESO.pdf\">2. Autoritzacions matr\u00edcula ESO<\/a><\/li>\n<li><a href=\"https:\/\/agora.xtec.cat\/inscanroca\/wp-content\/uploads\/usu1085\/2025\/06\/3.-ACCEPTACIO-DE-RESPONSABILITAT-ordinador-signat.pdf\">3. Acceptaci\u00f3 de responsabilitat ordinador<\/a><\/li>\n<li><a href=\"https:\/\/agora.xtec.cat\/inscanroca\/wp-content\/uploads\/usu1085\/2025\/06\/4.-Carta-de-compromis-educatiu.pdf\">4. Carta de comprom\u00eds educatiu<\/a><\/li>\n<li><a href=\"https:\/\/agora.xtec.cat\/inscanroca\/wp-content\/uploads\/usu1085\/2025\/06\/5.-Autoritzacio-recollir-alumnes-diferents-personeseditable-editable.pdf\">5. Autoritzaci\u00f3 recollir alumnes<\/a><\/li>\n<li><a href=\"https:\/\/agora.xtec.cat\/inscanroca\/wp-content\/uploads\/usu1085\/2025\/06\/Carta-ordinadors-ESO.pdf\">Carta Informaci\u00f3 ordinadors<\/a> i <a href=\"https:\/\/agora.xtec.cat\/inscanroca\/wp-content\/uploads\/usu1085\/2025\/06\/Informacio-ordinadors.pdf\">informaci\u00f3 ordinadors<\/a><\/li>\n<li style=\"text-align: left;\"><a href=\"https:\/\/agora.xtec.cat\/inscanroca\/wp-content\/uploads\/usu1085\/2025\/06\/1r-ESO-INS-Can-Roca-Material-.pdf\">Aportacions de les fam\u00edlies per al curs 2025-2026<\/a><\/li>\n<li><a href=\"https:\/\/agora.xtec.cat\/inscanroca\/wp-content\/uploads\/usu1085\/2025\/06\/1-ESO-Compromis-pagament-aportacio-material-fraccionada-.pdf\">Comprom\u00eds pagament aportaci\u00f3 material fraccionada <\/a><\/li>\n<li>Documents a aportar:\n<ol style=\"list-style-type: lower-alpha;\">\n<li><span style=\"font-family: arial, sans-serif;\">\u00a0Fotoc\u00f2pia dels DNI dels progenitors (o tutors\/es legals)<\/span>\u00a0per les dues cares.<\/li>\n<li><span style=\"font-family: arial, sans-serif;\">\u00a0Fotoc\u00f2pia del DNI de l&#8217;alumne\/a (si en t\u00e9) per les dues cares.<\/span><\/li>\n<li><span style=\"font-family: arial, sans-serif;\">\u00a0Fotoc\u00f2pia de la targeta individual sanit\u00e0ria de l&#8217;alumne (TIS).<\/span><\/li>\n<li><span style=\"font-family: arial, sans-serif;\">\u00a0Fotoc\u00f2pia llibre de fam\u00edlia (Full dels pares, del fill i germans si n&#8217;hi ha).<\/span><\/li>\n<li><span style=\"font-family: arial, sans-serif;\">\u00a0Fotoc\u00f2pia carnet de vacunes.<\/span><\/li>\n<\/ol>\n<\/li>\n<\/ul>\n<p><strong><span style=\"text-decoration: underline;\">Opcions per omplir els documents:\u00a0<\/span><\/strong><\/p>\n<p>&#8211; Omplir directament els PDF que s\u2019adjunten, guardar, signar amb certificat digital i enviar-los.<\/p>\n<p>&#8211; Descarregar els documents, omplir-los, imprimir-los, signar-los manuscritament i enviar-los escanejats..<\/p>\n<\/div>\n<p>Si no teniu mitjans per fer la reserva per via telem\u00e0tica podeu sol\u00b7licitar\u00a0<strong><a href=\"https:\/\/aplicacions.gestioeducativa.gencat.cat\/pls\/apex\/f?p=CITA_PREVIA:4::::4:P4_TIPUS_CALENDARI,P4_DOMINI:03_Oblig,08071196\">Reserva de cita pr\u00e8via<\/a>\u00a0<\/strong>per fer el tr\u00e0mit presencialment.\u00a0<strong>Cal dur tota la documentaci\u00f3 sol\u00b7licitada.<\/strong>\u00a0<strong>No s\u2019atendr\u00e0 presencialment ning\u00fa que no hagi fet la reserva de cita pr\u00e8via.<\/strong><\/p>\n<p>Documents per afiliar-se a l\u2019<strong>AMPA<\/strong> del centre: <a href=\"https:\/\/docs.google.com\/forms\/d\/e\/1FAIpQLSfiEXjx8NpWgeZqDHUFhiIexU754Ecgo5EYJVpJL-mxGCH0Zw\/viewform?pli=1\">FORMULARI<\/a>.<\/p>\n<p><a href=\"https:\/\/agora.xtec.cat\/inscanroca\/wp-content\/uploads\/usu1085\/2025\/06\/Extraescolars-angles-25-26.pdf\">Informaci\u00f3 extraescolars del centre<\/a><\/p>\n<div class=\"entry-content\">\n<p><a href=\"https:\/\/agora.xtec.cat\/inscanroca\/wp-content\/uploads\/usu1085\/2025\/06\/6.-Deures-estiu-per-6e-prim.pdf\">DOSSIER DEURES D&#8217;ESTIU<\/a><em>\u00a0<\/em>Si voleu recollir el dossier de deures d\u2019estiu, podeu fer-ho al centre de <b>9:00 a 13.00 hores de dilluns a divendres durant el per\u00edode de matr\u00edcula<\/b>. <b>IMPORTANT:<\/b> <b>Si la vostra escola us ha proporcionat un dossier de deures d\u2019estiu, no cal que vingueu a recollir-lo, cal que facin el que us han donat.<\/b><\/p>\n<h4 style=\"text-align: center;\"><em><strong><span style=\"text-decoration: underline;\">Es far\u00e0 una reuni\u00f3 inicial per les fam\u00edlies de l\u2019alumnat de 1r d\u2019ESO el 3 de setembre a les 18:30h.<\/span><\/strong><\/em><\/h4>\n<\/div>\n","protected":false},"excerpt":{"rendered":"<p>CALENDARI MATR\u00cdCULA ESO<\/p>\n<p>L\u2019alumnat nou del centre formalitzar\u00e0 la matr\u00edcula del 25 de juny al 3 de juliol via telem\u00e0tica (El 18 de juny rebreu un correu electr\u00f2nic amb les instruccions).<\/p>\n<p>Us adjuntem el procediment que cal seguir per formalitzar la matr\u00edcula a l\u2019ESO.\u00a0Aquest nom\u00e9s afecta l\u2019alumnat&hellip;  <a href=\"https:\/\/agora.xtec.cat\/inscanroca\/secretaria\/preinscripcio-i-matricula\/matricula-eso-2025-26\/\" title=\"Read Matr\u00edcula ESO 2025-2026\">Llegeix m\u00e9s\u00bb<\/a><\/p>\n","protected":false},"author":1,"featured_media":0,"parent":608,"menu_order":10,"comment_status":"closed","ping_status":"closed","template":"page-templates\/side-menu.php","meta":{"_bbp_topic_count":0,"_bbp_reply_count":0,"_bbp_total_topic_count":0,"_bbp_total_reply_count":0,"_bbp_voice_count":0,"_bbp_anonymous_reply_count":0,"_bbp_topic_count_hidden":0,"_bbp_reply_count_hidden":0,"_bbp_forum_subforum_count":0,"footnotes":""},"class_list":["post-1190","page","type-page","status-publish","hentry"],"post_mailing_queue_ids":[],"_links":{"self":[{"href":"https:\/\/agora.xtec.cat\/inscanroca\/wp-json\/wp\/v2\/pages\/1190","targetHints":{"allow":["GET"]}}],"collection":[{"href":"https:\/\/agora.xtec.cat\/inscanroca\/wp-json\/wp\/v2\/pages"}],"about":[{"href":"https:\/\/agora.xtec.cat\/inscanroca\/wp-json\/wp\/v2\/types\/page"}],"author":[{"embeddable":true,"href":"https:\/\/agora.xtec.cat\/inscanroca\/wp-json\/wp\/v2\/users\/1"}],"replies":[{"embeddable":true,"href":"https:\/\/agora.xtec.cat\/inscanroca\/wp-json\/wp\/v2\/comments?post=1190"}],"version-history":[{"count":6,"href":"https:\/\/agora.xtec.cat\/inscanroca\/wp-json\/wp\/v2\/pages\/1190\/revisions"}],"predecessor-version":[{"id":2250,"href":"https:\/\/agora.xtec.cat\/inscanroca\/wp-json\/wp\/v2\/pages\/1190\/revisions\/2250"}],"up":[{"embeddable":true,"href":"https:\/\/agora.xtec.cat\/inscanroca\/wp-json\/wp\/v2\/pages\/608"}],"wp:attachment":[{"href":"https:\/\/agora.xtec.cat\/inscanroca\/wp-json\/wp\/v2\/media?parent=1190"}],"curies":[{"name":"wp","href":"https:\/\/api.w.org\/{rel}","templated":true}]}}