{"id":1152,"date":"2022-05-03T10:13:28","date_gmt":"2022-05-03T08:13:28","guid":{"rendered":"https:\/\/agora.xtec.cat\/inscanroca\/?page_id=1152"},"modified":"2024-05-03T09:54:06","modified_gmt":"2024-05-03T07:54:06","slug":"beques","status":"publish","type":"page","link":"https:\/\/agora.xtec.cat\/inscanroca\/secretaria\/beques\/","title":{"rendered":"Beques"},"content":{"rendered":"<p>Les beques i la seva convocat\u00f2ria no depenen del centre, en cada un dels enlla\u00e7os que adjuntem a continuaci\u00f3 est\u00e0 l&#8217;explicaci\u00f3 de cada beca, qui la concedeix i com accedir a la seva tramitaci\u00f3. Cal estar atents als enlla\u00e7os per a con\u00e8ixer els calendaris en que es convoquen.<\/p>\n<p>&#8211;<a href=\"https:\/\/educacio.gencat.cat\/ca\/tramits\/tramits-temes\/358-ajuts-ministerio-NEE\">Beques alumnes amb necessitats espec\u00edfica de suport educatiu<\/a><\/p>\n<p>&#8211;<a href=\"https:\/\/educacio.gencat.cat\/ca\/serveis-tramits\/beques\/beques-postobligatoris\/\">Beques alumnes de Batxillerat<\/a><\/p>\n<p>&#8211; <a href=\"https:\/\/educacio.gencat.cat\/ca\/tramits\/tramits-temes\/Ajuts-per-a-alumnes-amb-necessitat-especifica-de-suport-educatiu\">Ajuts i subsidis per a alumnes amb necessitat espec\u00edfica<\/a><\/p>\n<p>&nbsp;<\/p>\n","protected":false},"excerpt":{"rendered":"<p>Les beques i la seva convocat\u00f2ria no depenen del centre, en cada un dels enlla\u00e7os que adjuntem a continuaci\u00f3 est\u00e0 l&#8217;explicaci\u00f3 de cada beca, qui la concedeix i com accedir a la seva tramitaci\u00f3. Cal estar atents als enlla\u00e7os per a con\u00e8ixer els calendaris en&hellip;  <a href=\"https:\/\/agora.xtec.cat\/inscanroca\/secretaria\/beques\/\" title=\"Read Beques\">Llegeix m\u00e9s\u00bb<\/a><\/p>\n","protected":false},"author":1,"featured_media":0,"parent":81,"menu_order":0,"comment_status":"closed","ping_status":"closed","template":"page-templates\/side-menu.php","meta":{"_bbp_topic_count":0,"_bbp_reply_count":0,"_bbp_total_topic_count":0,"_bbp_total_reply_count":0,"_bbp_voice_count":0,"_bbp_anonymous_reply_count":0,"_bbp_topic_count_hidden":0,"_bbp_reply_count_hidden":0,"_bbp_forum_subforum_count":0,"footnotes":""},"class_list":["post-1152","page","type-page","status-publish","hentry"],"post_mailing_queue_ids":[],"_links":{"self":[{"href":"https:\/\/agora.xtec.cat\/inscanroca\/wp-json\/wp\/v2\/pages\/1152","targetHints":{"allow":["GET"]}}],"collection":[{"href":"https:\/\/agora.xtec.cat\/inscanroca\/wp-json\/wp\/v2\/pages"}],"about":[{"href":"https:\/\/agora.xtec.cat\/inscanroca\/wp-json\/wp\/v2\/types\/page"}],"author":[{"embeddable":true,"href":"https:\/\/agora.xtec.cat\/inscanroca\/wp-json\/wp\/v2\/users\/1"}],"replies":[{"embeddable":true,"href":"https:\/\/agora.xtec.cat\/inscanroca\/wp-json\/wp\/v2\/comments?post=1152"}],"version-history":[{"count":3,"href":"https:\/\/agora.xtec.cat\/inscanroca\/wp-json\/wp\/v2\/pages\/1152\/revisions"}],"predecessor-version":[{"id":1572,"href":"https:\/\/agora.xtec.cat\/inscanroca\/wp-json\/wp\/v2\/pages\/1152\/revisions\/1572"}],"up":[{"embeddable":true,"href":"https:\/\/agora.xtec.cat\/inscanroca\/wp-json\/wp\/v2\/pages\/81"}],"wp:attachment":[{"href":"https:\/\/agora.xtec.cat\/inscanroca\/wp-json\/wp\/v2\/media?parent=1152"}],"curies":[{"name":"wp","href":"https:\/\/api.w.org\/{rel}","templated":true}]}}