{"id":57,"date":"2017-07-05T12:00:07","date_gmt":"2017-07-05T10:00:07","guid":{"rendered":"http:\/\/agora.xtec.cat\/inscanperiquet\/?page_id=57"},"modified":"2025-06-06T08:41:55","modified_gmt":"2025-06-06T06:41:55","slug":"projecte-educatiu","status":"publish","type":"page","link":"https:\/\/agora.xtec.cat\/inscanperiquet\/linstitut\/projecte-educatiu\/","title":{"rendered":"Projecte educatiu"},"content":{"rendered":"<p><span style=\"font-weight: 400;\">L\u2019Institut Can Periquet \u00e9s un centre que comen\u00e7a la seva vida el curs 2017-2018. El dia 14 de setembre de 2017 va obrir les seves portes a un grup de 62 alumnes de primer de l\u2019ESO que van caminar junt a un Equip de 9 professors, il\u00b7lusionats, implicats i amb ganes d\u2019iniciar un nou Projecte pedag\u00f2gic i hum\u00e0.<\/span><\/p>\n<p>A dia d&#8217;avui, som uns 240 alumnes entre primer i quart de l&#8217;ESO i l&#8217;Equip Docent d&#8217;una trentena de professors i professores, personal PAS i TEI<\/p>\n<p><span style=\"font-weight: 400;\">El dia de la Presentaci\u00f3 del Projecte a la Comunitat Educativa de Palau-solit\u00e0 i Plegamans (el dia 22 de mar\u00e7 de 2017) vam transmetre el comprom\u00eds d\u2019aportar la nostra experi\u00e8ncia professional com a docents i la nostra capacitat de treballar en equip per sumar i garantir una bona formaci\u00f3 integral de tots els nois i noies que vinguin al nostre Institut. Per aix\u00f2 les tres frases que van emmarcar la presentaci\u00f3 eren, s\u00f3n i seran :<\/span><\/p>\n<ul>\n<li><b><i><b><i>\u201cViure per conviure\u201d<\/i><\/b><\/i><\/b><\/li>\n<\/ul>\n<ul>\n<li><b><i>\u201cAprendre \u00e9s descobrir que quelcom \u00e9s possible\u201d<\/i><\/b><\/li>\n<\/ul>\n<ul>\n<li><b><i>\u201cAprendre i viure per conviure\u201d<\/i><\/b><\/li>\n<\/ul>\n<p><span style=\"font-weight: 400;\">El Projecte Educatiu de Centre (PEC) \u00e9s el document estrat\u00e8gic marc de la instituci\u00f3 escolar que concreta, interpreta i aplica les previsions de la normativa vigent als trets caracter\u00edstics del centre, d\u2019acord amb les necessitats educatives dels alumnes i els objectius del centre. La Llei 12\/2009, del 10 de juliol, d\u2019educaci\u00f3 estableix que tots els centres vinculats al Servei d\u2019 Educaci\u00f3 de Catalunya han de disposar de projecte educatiu.<\/span><\/p>\n<p><span style=\"font-weight: 400;\">Tot i que l\u2019Institut Can Periquet dep\u00e8n del Departament d\u2019Ensenyament i, per tant, ha de seguir-ne les seves directrius, \u00a0entenent que el projecte educatiu \u00e9s la m\u00e0xima expressi\u00f3 de l\u2019autonomia de centres, volem definir la nostra singularitat i el nostre car\u00e0cter propi, desplegant el funcionament en l\u2019\u00e0mbit curricular i organitzatiu adaptat a la realitat dels nostres alumnes i a l\u2019entorn.<\/span><\/p>\n<p>Llegiu el document sencer: <a href=\"https:\/\/drive.google.com\/file\/d\/1QdPPPSL8D_QmphESO3GPar_zdxT321qq\/view?usp=drive_link\">PEC_INSCANPERIQUET (REV 09\/23)<\/a><\/p>\n","protected":false},"excerpt":{"rendered":"<p>L\u2019Institut Can Periquet \u00e9s un centre que comen\u00e7a la seva vida el curs 2017-2018. El dia 14 de setembre de 2017 va obrir les seves portes a un grup de 62 alumnes de primer de l\u2019ESO que van caminar junt a un Equip de 9 professors, il\u00b7lusionats, implicats i amb ganes d\u2019iniciar un nou Projecte [&hellip;]<\/p>\n","protected":false},"author":1,"featured_media":0,"parent":19,"menu_order":0,"comment_status":"closed","ping_status":"closed","template":"","meta":{"_bbp_topic_count":0,"_bbp_reply_count":0,"_bbp_total_topic_count":0,"_bbp_total_reply_count":0,"_bbp_voice_count":0,"_bbp_anonymous_reply_count":0,"_bbp_topic_count_hidden":0,"_bbp_reply_count_hidden":0,"_bbp_forum_subforum_count":0,"site-sidebar-layout":"default","site-content-layout":"","ast-site-content-layout":"default","site-content-style":"default","site-sidebar-style":"default","ast-global-header-display":"","ast-banner-title-visibility":"","ast-main-header-display":"","ast-hfb-above-header-display":"","ast-hfb-below-header-display":"","ast-hfb-mobile-header-display":"","site-post-title":"","ast-breadcrumbs-content":"","ast-featured-img":"","footer-sml-layout":"","theme-transparent-header-meta":"","adv-header-id-meta":"","stick-header-meta":"","header-above-stick-meta":"","header-main-stick-meta":"","header-below-stick-meta":"","astra-migrate-meta-layouts":"set","ast-page-background-enabled":"default","ast-page-background-meta":{"desktop":{"background-color":"var(--ast-global-color-4)","background-image":"","background-repeat":"repeat","background-position":"center center","background-size":"auto","background-attachment":"scroll","background-type":"","background-media":"","overlay-type":"","overlay-color":"","overlay-opacity":"","overlay-gradient":""},"tablet":{"background-color":"","background-image":"","background-repeat":"repeat","background-position":"center center","background-size":"auto","background-attachment":"scroll","background-type":"","background-media":"","overlay-type":"","overlay-color":"","overlay-opacity":"","overlay-gradient":""},"mobile":{"background-color":"","background-image":"","background-repeat":"repeat","background-position":"center center","background-size":"auto","background-attachment":"scroll","background-type":"","background-media":"","overlay-type":"","overlay-color":"","overlay-opacity":"","overlay-gradient":""}},"ast-content-background-meta":{"desktop":{"background-color":"var(--ast-global-color-5)","background-image":"","background-repeat":"repeat","background-position":"center center","background-size":"auto","background-attachment":"scroll","background-type":"","background-media":"","overlay-type":"","overlay-color":"","overlay-opacity":"","overlay-gradient":""},"tablet":{"background-color":"var(--ast-global-color-5)","background-image":"","background-repeat":"repeat","background-position":"center center","background-size":"auto","background-attachment":"scroll","background-type":"","background-media":"","overlay-type":"","overlay-color":"","overlay-opacity":"","overlay-gradient":""},"mobile":{"background-color":"var(--ast-global-color-5)","background-image":"","background-repeat":"repeat","background-position":"center center","background-size":"auto","background-attachment":"scroll","background-type":"","background-media":"","overlay-type":"","overlay-color":"","overlay-opacity":"","overlay-gradient":""}},"footnotes":""},"class_list":["post-57","page","type-page","status-publish","hentry"],"post_mailing_queue_ids":[],"_links":{"self":[{"href":"https:\/\/agora.xtec.cat\/inscanperiquet\/wp-json\/wp\/v2\/pages\/57","targetHints":{"allow":["GET"]}}],"collection":[{"href":"https:\/\/agora.xtec.cat\/inscanperiquet\/wp-json\/wp\/v2\/pages"}],"about":[{"href":"https:\/\/agora.xtec.cat\/inscanperiquet\/wp-json\/wp\/v2\/types\/page"}],"author":[{"embeddable":true,"href":"https:\/\/agora.xtec.cat\/inscanperiquet\/wp-json\/wp\/v2\/users\/1"}],"replies":[{"embeddable":true,"href":"https:\/\/agora.xtec.cat\/inscanperiquet\/wp-json\/wp\/v2\/comments?post=57"}],"version-history":[{"count":4,"href":"https:\/\/agora.xtec.cat\/inscanperiquet\/wp-json\/wp\/v2\/pages\/57\/revisions"}],"predecessor-version":[{"id":3631,"href":"https:\/\/agora.xtec.cat\/inscanperiquet\/wp-json\/wp\/v2\/pages\/57\/revisions\/3631"}],"up":[{"embeddable":true,"href":"https:\/\/agora.xtec.cat\/inscanperiquet\/wp-json\/wp\/v2\/pages\/19"}],"wp:attachment":[{"href":"https:\/\/agora.xtec.cat\/inscanperiquet\/wp-json\/wp\/v2\/media?parent=57"}],"curies":[{"name":"wp","href":"https:\/\/api.w.org\/{rel}","templated":true}]}}