{"id":517,"date":"2017-07-05T21:21:32","date_gmt":"2017-07-05T19:21:32","guid":{"rendered":"http:\/\/agora.xtec.cat\/inscanperiquet\/?page_id=517"},"modified":"2017-07-06T12:58:28","modified_gmt":"2017-07-06T10:58:28","slug":"estrategies-de-difusio","status":"publish","type":"page","link":"https:\/\/agora.xtec.cat\/inscanperiquet\/linstitut\/projecte-educatiu\/estrategies-de-difusio\/","title":{"rendered":"ESTRAT\u00c8GIES DE DIFUSI\u00d3"},"content":{"rendered":"<p><span style=\"font-weight: 400;\">L\u2019esquelet del nostre Projecte pedag\u00f2gic es va donar a con\u00e8ixer a tota la comunitat educativa de Palau-solit\u00e0 i Plegamans amb una exposici\u00f3(presentaci\u00f3) a la Masia de Can Cort\u00e9s. Actualment estem iniciant la nostra p\u00e0gina web que ja est\u00e0 activa i on, a partir del dia 1 de juliol es penjar\u00e0 el PEC per tal que, pares i mares i qualsevol persona interessada en pugui tenir acc\u00e9s. <\/span><\/p>\n<p><span style=\"font-weight: 400;\">Actuacions previstes al llarg de l\u2019any:<\/span><\/p>\n<ul>\n<li style=\"font-weight: 400;\"><span style=\"font-weight: 400;\">Reuni\u00f3 amb els pares i mares, a l\u2019inici de curs per tal d\u2019explicar les bases del projecte i el funcionament del centre.<\/span><\/li>\n<li style=\"font-weight: 400;\"><span style=\"font-weight: 400;\">Preparaci\u00f3 d\u2019una Jornada de Portes Obertes participativa i tamb\u00e9 informativa (organitzada pels alumnes i els professors).<\/span><\/li>\n<li style=\"font-weight: 400;\"><span style=\"font-weight: 400;\">Informar a la r\u00e0dio local del poble que, el Projecte est\u00e0 elaborat i podem tenir una entrevista per concretar aspectes rellevants. <\/span><\/li>\n<\/ul>\n<p>&nbsp;<\/p>\n<p style=\"text-align: center;\"><span style=\"font-weight: 400;\"> \u00a0\u00a0\u00a0\u00a0<\/span><i><span style=\"font-weight: 400;\">Si em preguntes quin \u00e9s el tresor m\u00e9s gran del m\u00f3n?<\/span><\/i><\/p>\n<p style=\"text-align: center;\"><i><span style=\"font-weight: 400;\"> \u00a0\u00a0\u00a0Jo et respondr\u00e9, s\u00f3n les persones, s\u00f3n les persones, s\u00f3n les persones<\/span><\/i><\/p>\n<p style=\"text-align: center;\"><i><span style=\"font-weight: 400;\"> \u00a0\u00a0\u00a0\u00a0\u00a0\u00a0\u00a0\u00a0\u00a0\u00a0\u00a0\u00a0\u00a0\u00a0\u00a0\u00a0\u00a0\u00a0\u00a0\u00a0\u00a0\u00a0\u00a0\u00a0\u00a0\u00a0\u00a0\u00a0\u00a0\u00a0\u00a0\u00a0\u00a0\u00a0\u00a0\u00a0\u00a0\u00a0\u00a0\u00a0\u00a0\u00a0\u00a0\u00a0\u00a0\u00a0\u00a0\u00a0\u00a0\u00a0\u00a0\u00a0\u00a0\u00a0\u00a0\u00a0\u00a0\u00a0\u00a0\u00a0\u00a0\u00a0\u00a0\u00a0\u00a0\u00a0\u00a0\u00a0\u00a0\u00a0\u00a0\u00a0\u00a0\u00a0\u00a0\u00a0\u00a0\u00a0\u00a0\u00a0( Proverbi maori)<\/span><\/i><\/p>\n<p>&nbsp;<\/p>\n<p>&nbsp;<\/p>\n<p><i><span style=\"font-weight: 400;\">\u201cCorrespon al director\/a del centre la compet\u00e8ncia d\u2019aprovar la proposta de projecte educatiu \u00a0pr\u00e8via consulta preceptiva al consell escolar de centre(quan s\u2019hagi constitu\u00eft)-\u00f2rgan de participaci\u00f3 de la comunitat escolar en el govern del centre-,el qual expressa el seu suport al projecte per una majoria de tres cinquenes parts dels seus membres\u201d.<\/span><\/i><\/p>\n<p>&nbsp;<\/p>\n<p><span style=\"font-weight: 400;\">9 de juny de 2017<\/span><\/p>\n<p><span style=\"font-weight: 400;\">Montserrat Pedrol LLirin\u00f3s<\/span><\/p>\n<p><span style=\"font-weight: 400;\">Directora de l\u2019Institut Can Periquet de Palau-solit\u00e0 i Plegamans <\/span><\/p>\n","protected":false},"excerpt":{"rendered":"<p>L\u2019esquelet del nostre Projecte pedag\u00f2gic es va donar a con\u00e8ixer a tota la comunitat educativa de Palau-solit\u00e0 i Plegamans amb una exposici\u00f3(presentaci\u00f3) a la Masia de Can Cort\u00e9s. Actualment estem iniciant la nostra p\u00e0gina web que ja est\u00e0 activa i on, a partir del dia 1 de juliol es penjar\u00e0 el PEC per tal que, [&hellip;]<\/p>\n","protected":false},"author":1,"featured_media":0,"parent":57,"menu_order":7,"comment_status":"closed","ping_status":"closed","template":"page-templates\/side-menu.php","meta":{"_bbp_topic_count":0,"_bbp_reply_count":0,"_bbp_total_topic_count":0,"_bbp_total_reply_count":0,"_bbp_voice_count":0,"_bbp_anonymous_reply_count":0,"_bbp_topic_count_hidden":0,"_bbp_reply_count_hidden":0,"_bbp_forum_subforum_count":0,"site-sidebar-layout":"default","site-content-layout":"","ast-site-content-layout":"","site-content-style":"default","site-sidebar-style":"default","ast-global-header-display":"","ast-banner-title-visibility":"","ast-main-header-display":"","ast-hfb-above-header-display":"","ast-hfb-below-header-display":"","ast-hfb-mobile-header-display":"","site-post-title":"","ast-breadcrumbs-content":"","ast-featured-img":"","footer-sml-layout":"","theme-transparent-header-meta":"","adv-header-id-meta":"","stick-header-meta":"","header-above-stick-meta":"","header-main-stick-meta":"","header-below-stick-meta":"","astra-migrate-meta-layouts":"default","ast-page-background-enabled":"default","ast-page-background-meta":{"desktop":{"background-color":"var(--ast-global-color-4)","background-image":"","background-repeat":"repeat","background-position":"center center","background-size":"auto","background-attachment":"scroll","background-type":"","background-media":"","overlay-type":"","overlay-color":"","overlay-opacity":"","overlay-gradient":""},"tablet":{"background-color":"","background-image":"","background-repeat":"repeat","background-position":"center center","background-size":"auto","background-attachment":"scroll","background-type":"","background-media":"","overlay-type":"","overlay-color":"","overlay-opacity":"","overlay-gradient":""},"mobile":{"background-color":"","background-image":"","background-repeat":"repeat","background-position":"center center","background-size":"auto","background-attachment":"scroll","background-type":"","background-media":"","overlay-type":"","overlay-color":"","overlay-opacity":"","overlay-gradient":""}},"ast-content-background-meta":{"desktop":{"background-color":"var(--ast-global-color-5)","background-image":"","background-repeat":"repeat","background-position":"center center","background-size":"auto","background-attachment":"scroll","background-type":"","background-media":"","overlay-type":"","overlay-color":"","overlay-opacity":"","overlay-gradient":""},"tablet":{"background-color":"var(--ast-global-color-5)","background-image":"","background-repeat":"repeat","background-position":"center center","background-size":"auto","background-attachment":"scroll","background-type":"","background-media":"","overlay-type":"","overlay-color":"","overlay-opacity":"","overlay-gradient":""},"mobile":{"background-color":"var(--ast-global-color-5)","background-image":"","background-repeat":"repeat","background-position":"center center","background-size":"auto","background-attachment":"scroll","background-type":"","background-media":"","overlay-type":"","overlay-color":"","overlay-opacity":"","overlay-gradient":""}},"footnotes":""},"class_list":["post-517","page","type-page","status-publish","hentry"],"post_mailing_queue_ids":[],"_links":{"self":[{"href":"https:\/\/agora.xtec.cat\/inscanperiquet\/wp-json\/wp\/v2\/pages\/517","targetHints":{"allow":["GET"]}}],"collection":[{"href":"https:\/\/agora.xtec.cat\/inscanperiquet\/wp-json\/wp\/v2\/pages"}],"about":[{"href":"https:\/\/agora.xtec.cat\/inscanperiquet\/wp-json\/wp\/v2\/types\/page"}],"author":[{"embeddable":true,"href":"https:\/\/agora.xtec.cat\/inscanperiquet\/wp-json\/wp\/v2\/users\/1"}],"replies":[{"embeddable":true,"href":"https:\/\/agora.xtec.cat\/inscanperiquet\/wp-json\/wp\/v2\/comments?post=517"}],"version-history":[{"count":3,"href":"https:\/\/agora.xtec.cat\/inscanperiquet\/wp-json\/wp\/v2\/pages\/517\/revisions"}],"predecessor-version":[{"id":535,"href":"https:\/\/agora.xtec.cat\/inscanperiquet\/wp-json\/wp\/v2\/pages\/517\/revisions\/535"}],"up":[{"embeddable":true,"href":"https:\/\/agora.xtec.cat\/inscanperiquet\/wp-json\/wp\/v2\/pages\/57"}],"wp:attachment":[{"href":"https:\/\/agora.xtec.cat\/inscanperiquet\/wp-json\/wp\/v2\/media?parent=517"}],"curies":[{"name":"wp","href":"https:\/\/api.w.org\/{rel}","templated":true}]}}