{"id":499,"date":"2017-06-30T20:40:43","date_gmt":"2017-06-30T18:40:43","guid":{"rendered":"http:\/\/agora.xtec.cat\/inscanperiquet\/?page_id=499"},"modified":"2025-11-04T14:29:59","modified_gmt":"2025-11-04T13:29:59","slug":"qui-som","status":"publish","type":"page","link":"https:\/\/agora.xtec.cat\/inscanperiquet\/linstitut\/qui-som\/","title":{"rendered":"Qui som"},"content":{"rendered":"\n<p class=\"has-medium-font-size\"><strong>Aquest \u00e9s el nostre claustre:<\/strong><\/p>\n\n\n<blockquote>\n<p><a href=\"https:\/\/agora.xtec.cat\/inscanperiquet\/wp-content\/uploads\/usu695\/2025\/11\/2098b48d-79ce-4fc0-b30d-1c9e2ae784d5-1.jpg\"><img loading=\"lazy\" decoding=\"async\" class=\"alignright size-large wp-image-3665\" src=\"https:\/\/agora.xtec.cat\/inscanperiquet\/wp-content\/uploads\/usu695\/2025\/11\/2098b48d-79ce-4fc0-b30d-1c9e2ae784d5-1-1024x576.jpg\" alt=\"\" width=\"1024\" height=\"576\" srcset=\"https:\/\/agora.xtec.cat\/inscanperiquet\/wp-content\/uploads\/usu695\/2025\/11\/2098b48d-79ce-4fc0-b30d-1c9e2ae784d5-1-1024x576.jpg 1024w, https:\/\/agora.xtec.cat\/inscanperiquet\/wp-content\/uploads\/usu695\/2025\/11\/2098b48d-79ce-4fc0-b30d-1c9e2ae784d5-1-300x169.jpg 300w, https:\/\/agora.xtec.cat\/inscanperiquet\/wp-content\/uploads\/usu695\/2025\/11\/2098b48d-79ce-4fc0-b30d-1c9e2ae784d5-1-768x432.jpg 768w, https:\/\/agora.xtec.cat\/inscanperiquet\/wp-content\/uploads\/usu695\/2025\/11\/2098b48d-79ce-4fc0-b30d-1c9e2ae784d5-1-1536x864.jpg 1536w, https:\/\/agora.xtec.cat\/inscanperiquet\/wp-content\/uploads\/usu695\/2025\/11\/2098b48d-79ce-4fc0-b30d-1c9e2ae784d5-1.jpg 2040w\" sizes=\"auto, (max-width: 1024px) 100vw, 1024px\" \/><\/a><\/p>\n<\/blockquote>\n<p>\u00a0<\/p>\n\n\n<p class=\"has-medium-font-size\"><strong>L&#8217;Equip Directiu el formen:<\/strong><\/p>\n\n\n\n<p>Directora: Montserrat Pedrol Llirin\u00f3s<\/p>\n\n\n\n<p>Cap d&#8217;Estudis: N\u00faria Pros Fierro<\/p>\n\n\n\n<p>Secret\u00e0ria: M\u00f2nica Rodr\u00edguez Pedragosa<\/p>\n\n\n\n<p>Coordinadora Pedag\u00f2gica: Irene Mir Aiguad\u00e9<\/p>\n","protected":false},"excerpt":{"rendered":"<p>Aquest \u00e9s el nostre claustre: \u00a0 L&#8217;Equip Directiu el formen: Directora: Montserrat Pedrol Llirin\u00f3s Cap d&#8217;Estudis: N\u00faria Pros Fierro Secret\u00e0ria: M\u00f2nica Rodr\u00edguez Pedragosa Coordinadora Pedag\u00f2gica: Irene Mir Aiguad\u00e9<\/p>\n","protected":false},"author":1,"featured_media":0,"parent":19,"menu_order":1,"comment_status":"closed","ping_status":"closed","template":"","meta":{"_bbp_topic_count":0,"_bbp_reply_count":0,"_bbp_total_topic_count":0,"_bbp_total_reply_count":0,"_bbp_voice_count":0,"_bbp_anonymous_reply_count":0,"_bbp_topic_count_hidden":0,"_bbp_reply_count_hidden":0,"_bbp_forum_subforum_count":0,"site-sidebar-layout":"default","site-content-layout":"","ast-site-content-layout":"default","site-content-style":"default","site-sidebar-style":"default","ast-global-header-display":"","ast-banner-title-visibility":"","ast-main-header-display":"","ast-hfb-above-header-display":"","ast-hfb-below-header-display":"","ast-hfb-mobile-header-display":"","site-post-title":"","ast-breadcrumbs-content":"","ast-featured-img":"","footer-sml-layout":"","theme-transparent-header-meta":"","adv-header-id-meta":"","stick-header-meta":"","header-above-stick-meta":"","header-main-stick-meta":"","header-below-stick-meta":"","astra-migrate-meta-layouts":"set","ast-page-background-enabled":"default","ast-page-background-meta":{"desktop":{"background-color":"var(--ast-global-color-4)","background-image":"","background-repeat":"repeat","background-position":"center center","background-size":"auto","background-attachment":"scroll","background-type":"","background-media":"","overlay-type":"","overlay-color":"","overlay-opacity":"","overlay-gradient":""},"tablet":{"background-color":"","background-image":"","background-repeat":"repeat","background-position":"center center","background-size":"auto","background-attachment":"scroll","background-type":"","background-media":"","overlay-type":"","overlay-color":"","overlay-opacity":"","overlay-gradient":""},"mobile":{"background-color":"","background-image":"","background-repeat":"repeat","background-position":"center center","background-size":"auto","background-attachment":"scroll","background-type":"","background-media":"","overlay-type":"","overlay-color":"","overlay-opacity":"","overlay-gradient":""}},"ast-content-background-meta":{"desktop":{"background-color":"var(--ast-global-color-5)","background-image":"","background-repeat":"repeat","background-position":"center center","background-size":"auto","background-attachment":"scroll","background-type":"","background-media":"","overlay-type":"","overlay-color":"","overlay-opacity":"","overlay-gradient":""},"tablet":{"background-color":"var(--ast-global-color-5)","background-image":"","background-repeat":"repeat","background-position":"center center","background-size":"auto","background-attachment":"scroll","background-type":"","background-media":"","overlay-type":"","overlay-color":"","overlay-opacity":"","overlay-gradient":""},"mobile":{"background-color":"var(--ast-global-color-5)","background-image":"","background-repeat":"repeat","background-position":"center center","background-size":"auto","background-attachment":"scroll","background-type":"","background-media":"","overlay-type":"","overlay-color":"","overlay-opacity":"","overlay-gradient":""}},"footnotes":""},"class_list":["post-499","page","type-page","status-publish","hentry"],"post_mailing_queue_ids":[],"_links":{"self":[{"href":"https:\/\/agora.xtec.cat\/inscanperiquet\/wp-json\/wp\/v2\/pages\/499","targetHints":{"allow":["GET"]}}],"collection":[{"href":"https:\/\/agora.xtec.cat\/inscanperiquet\/wp-json\/wp\/v2\/pages"}],"about":[{"href":"https:\/\/agora.xtec.cat\/inscanperiquet\/wp-json\/wp\/v2\/types\/page"}],"author":[{"embeddable":true,"href":"https:\/\/agora.xtec.cat\/inscanperiquet\/wp-json\/wp\/v2\/users\/1"}],"replies":[{"embeddable":true,"href":"https:\/\/agora.xtec.cat\/inscanperiquet\/wp-json\/wp\/v2\/comments?post=499"}],"version-history":[{"count":4,"href":"https:\/\/agora.xtec.cat\/inscanperiquet\/wp-json\/wp\/v2\/pages\/499\/revisions"}],"predecessor-version":[{"id":3667,"href":"https:\/\/agora.xtec.cat\/inscanperiquet\/wp-json\/wp\/v2\/pages\/499\/revisions\/3667"}],"up":[{"embeddable":true,"href":"https:\/\/agora.xtec.cat\/inscanperiquet\/wp-json\/wp\/v2\/pages\/19"}],"wp:attachment":[{"href":"https:\/\/agora.xtec.cat\/inscanperiquet\/wp-json\/wp\/v2\/media?parent=499"}],"curies":[{"name":"wp","href":"https:\/\/api.w.org\/{rel}","templated":true}]}}