{"id":1465,"date":"2019-05-10T08:54:45","date_gmt":"2019-05-10T06:54:45","guid":{"rendered":"http:\/\/agora.xtec.cat\/inscanperiquet\/?page_id=1465"},"modified":"2024-01-17T17:48:43","modified_gmt":"2024-01-17T16:48:43","slug":"projecte-de-convivencia","status":"publish","type":"page","link":"https:\/\/agora.xtec.cat\/inscanperiquet\/linstitut\/projecte-de-convivencia\/","title":{"rendered":"Projecte de Conviv\u00e8ncia"},"content":{"rendered":"<p align=\"center\"><span style=\"font-family: Trebuchet MS, serif;\"><span style=\"font-size: x-large;\"><u><b>CAN PERIQUET: UN INSTITUT RESTAURATIU<\/b><\/u><\/span><\/span><\/p>\n<p align=\"justify\"><span style=\"font-family: Trebuchet MS, serif;\">Un institut restauratiu \u00e9s un lloc on les relacions s\u00f3n importants. Com millors siguin les relacions a l\u2019aula, entre els professors i els alumnes i entre els mateixos alumnes, millor ser\u00e0 l\u2019aprenentatge i alhora abordarem els dos objectius generals de la nostra educaci\u00f3: l\u2019\u00e8xit escolar i l\u2019excel\u00b7l\u00e8ncia educativa juntament amb la cohesi\u00f3 social de tots els nois i noies.<\/span><\/p>\n<p align=\"justify\"><span style=\"font-family: Trebuchet MS, serif;\">Un educador restauratiu \u00e9s alg\u00fa que aposta per les relacions, crea oportunitats i comparteix responsabilitats amb els seus alumnes. Durant el proc\u00e9s d\u2019aprenentatge el mestre \u00e9s un facilitador, un conductor que acompanya l\u2019alumne i un generador d\u2019oportunitats.<\/span><\/p>\n<p align=\"justify\">Continuar llegint el document complet en PDF:<\/p>\n<p align=\"justify\"><a href=\"https:\/\/drive.google.com\/file\/d\/1GRTJPdcfvqABNjOONPwxArY14Bwxqe67\/view?usp=sharing\">PROJECTE DE CONVIV\u00c8NCIA. INSTITUT CAN PERIQUET (REV 11\/23)<\/a><\/p>\n<p align=\"justify\"><a href=\"https:\/\/agora.xtec.cat\/inscanperiquet\/wp-content\/uploads\/usu695\/2019\/05\/IMG_1029.jpg\"><img loading=\"lazy\" decoding=\"async\" class=\"alignnone size-large wp-image-1467\" src=\"https:\/\/agora.xtec.cat\/inscanperiquet\/wp-content\/uploads\/usu695\/2019\/05\/IMG_1029-1024x768.jpg\" alt=\"\" width=\"1024\" height=\"768\" srcset=\"https:\/\/agora.xtec.cat\/inscanperiquet\/wp-content\/uploads\/usu695\/2019\/05\/IMG_1029-1024x768.jpg 1024w, https:\/\/agora.xtec.cat\/inscanperiquet\/wp-content\/uploads\/usu695\/2019\/05\/IMG_1029-300x225.jpg 300w, https:\/\/agora.xtec.cat\/inscanperiquet\/wp-content\/uploads\/usu695\/2019\/05\/IMG_1029-768x576.jpg 768w, https:\/\/agora.xtec.cat\/inscanperiquet\/wp-content\/uploads\/usu695\/2019\/05\/IMG_1029-200x150.jpg 200w\" sizes=\"auto, (max-width: 1024px) 100vw, 1024px\" \/><\/a><\/p>\n","protected":false},"excerpt":{"rendered":"<p>CAN PERIQUET: UN INSTITUT RESTAURATIU Un institut restauratiu \u00e9s un lloc on les relacions s\u00f3n importants. Com millors siguin les relacions a l\u2019aula, entre els professors i els alumnes i entre els mateixos alumnes, millor ser\u00e0 l\u2019aprenentatge i alhora abordarem els dos objectius generals de la nostra educaci\u00f3: l\u2019\u00e8xit escolar i l\u2019excel\u00b7l\u00e8ncia educativa juntament amb [&hellip;]<\/p>\n","protected":false},"author":3,"featured_media":0,"parent":19,"menu_order":0,"comment_status":"closed","ping_status":"closed","template":"","meta":{"_bbp_topic_count":0,"_bbp_reply_count":0,"_bbp_total_topic_count":0,"_bbp_total_reply_count":0,"_bbp_voice_count":0,"_bbp_anonymous_reply_count":0,"_bbp_topic_count_hidden":0,"_bbp_reply_count_hidden":0,"_bbp_forum_subforum_count":0,"site-sidebar-layout":"default","site-content-layout":"","ast-site-content-layout":"","site-content-style":"default","site-sidebar-style":"default","ast-global-header-display":"","ast-banner-title-visibility":"","ast-main-header-display":"","ast-hfb-above-header-display":"","ast-hfb-below-header-display":"","ast-hfb-mobile-header-display":"","site-post-title":"","ast-breadcrumbs-content":"","ast-featured-img":"","footer-sml-layout":"","theme-transparent-header-meta":"","adv-header-id-meta":"","stick-header-meta":"","header-above-stick-meta":"","header-main-stick-meta":"","header-below-stick-meta":"","astra-migrate-meta-layouts":"default","ast-page-background-enabled":"default","ast-page-background-meta":{"desktop":{"background-color":"var(--ast-global-color-4)","background-image":"","background-repeat":"repeat","background-position":"center center","background-size":"auto","background-attachment":"scroll","background-type":"","background-media":"","overlay-type":"","overlay-color":"","overlay-opacity":"","overlay-gradient":""},"tablet":{"background-color":"","background-image":"","background-repeat":"repeat","background-position":"center center","background-size":"auto","background-attachment":"scroll","background-type":"","background-media":"","overlay-type":"","overlay-color":"","overlay-opacity":"","overlay-gradient":""},"mobile":{"background-color":"","background-image":"","background-repeat":"repeat","background-position":"center center","background-size":"auto","background-attachment":"scroll","background-type":"","background-media":"","overlay-type":"","overlay-color":"","overlay-opacity":"","overlay-gradient":""}},"ast-content-background-meta":{"desktop":{"background-color":"var(--ast-global-color-5)","background-image":"","background-repeat":"repeat","background-position":"center center","background-size":"auto","background-attachment":"scroll","background-type":"","background-media":"","overlay-type":"","overlay-color":"","overlay-opacity":"","overlay-gradient":""},"tablet":{"background-color":"var(--ast-global-color-5)","background-image":"","background-repeat":"repeat","background-position":"center center","background-size":"auto","background-attachment":"scroll","background-type":"","background-media":"","overlay-type":"","overlay-color":"","overlay-opacity":"","overlay-gradient":""},"mobile":{"background-color":"var(--ast-global-color-5)","background-image":"","background-repeat":"repeat","background-position":"center center","background-size":"auto","background-attachment":"scroll","background-type":"","background-media":"","overlay-type":"","overlay-color":"","overlay-opacity":"","overlay-gradient":""}},"footnotes":""},"class_list":["post-1465","page","type-page","status-publish","hentry"],"post_mailing_queue_ids":[],"_links":{"self":[{"href":"https:\/\/agora.xtec.cat\/inscanperiquet\/wp-json\/wp\/v2\/pages\/1465","targetHints":{"allow":["GET"]}}],"collection":[{"href":"https:\/\/agora.xtec.cat\/inscanperiquet\/wp-json\/wp\/v2\/pages"}],"about":[{"href":"https:\/\/agora.xtec.cat\/inscanperiquet\/wp-json\/wp\/v2\/types\/page"}],"author":[{"embeddable":true,"href":"https:\/\/agora.xtec.cat\/inscanperiquet\/wp-json\/wp\/v2\/users\/3"}],"replies":[{"embeddable":true,"href":"https:\/\/agora.xtec.cat\/inscanperiquet\/wp-json\/wp\/v2\/comments?post=1465"}],"version-history":[{"count":4,"href":"https:\/\/agora.xtec.cat\/inscanperiquet\/wp-json\/wp\/v2\/pages\/1465\/revisions"}],"predecessor-version":[{"id":3334,"href":"https:\/\/agora.xtec.cat\/inscanperiquet\/wp-json\/wp\/v2\/pages\/1465\/revisions\/3334"}],"up":[{"embeddable":true,"href":"https:\/\/agora.xtec.cat\/inscanperiquet\/wp-json\/wp\/v2\/pages\/19"}],"wp:attachment":[{"href":"https:\/\/agora.xtec.cat\/inscanperiquet\/wp-json\/wp\/v2\/media?parent=1465"}],"curies":[{"name":"wp","href":"https:\/\/api.w.org\/{rel}","templated":true}]}}