{"id":5930,"date":"2025-05-21T13:24:41","date_gmt":"2025-05-21T11:24:41","guid":{"rendered":"https:\/\/agora.xtec.cat\/inscanoriac\/?page_id=5930"},"modified":"2025-05-21T16:27:16","modified_gmt":"2025-05-21T14:27:16","slug":"radioriac","status":"publish","type":"page","link":"https:\/\/agora.xtec.cat\/inscanoriac\/estudis\/eso-2\/radioriac\/","title":{"rendered":"R\u00e0diOriac"},"content":{"rendered":"\n<div class=\"wp-block-getwid-banner has-animation-style4 has-text-animation-opacity-bottom alignfull\"><a href=\"#\" class=\"wp-block-getwid-banner__link\"><div class=\"wp-block-getwid-banner__wrapper\"><img loading=\"lazy\" decoding=\"async\" width=\"1920\" height=\"1280\" src=\"https:\/\/agora.xtec.cat\/inscanoriac\/wp-content\/uploads\/usu1850\/2025\/05\/jukka-aalho-gKKB13zJ1ss-unsplash-1.jpg\" alt=\"\" class=\"wp-block-getwid-banner__image wp-block-getwid-banner__source wp-image-5933\" srcset=\"https:\/\/agora.xtec.cat\/inscanoriac\/wp-content\/uploads\/usu1850\/2025\/05\/jukka-aalho-gKKB13zJ1ss-unsplash-1.jpg 1920w, https:\/\/agora.xtec.cat\/inscanoriac\/wp-content\/uploads\/usu1850\/2025\/05\/jukka-aalho-gKKB13zJ1ss-unsplash-1-300x200.jpg 300w, https:\/\/agora.xtec.cat\/inscanoriac\/wp-content\/uploads\/usu1850\/2025\/05\/jukka-aalho-gKKB13zJ1ss-unsplash-1-1024x683.jpg 1024w, https:\/\/agora.xtec.cat\/inscanoriac\/wp-content\/uploads\/usu1850\/2025\/05\/jukka-aalho-gKKB13zJ1ss-unsplash-1-768x512.jpg 768w, https:\/\/agora.xtec.cat\/inscanoriac\/wp-content\/uploads\/usu1850\/2025\/05\/jukka-aalho-gKKB13zJ1ss-unsplash-1-1536x1024.jpg 1536w\" sizes=\"auto, (max-width: 1920px) 100vw, 1920px\" \/><div class=\"wp-block-getwid-banner__caption\"><div class=\"wp-block-getwid-banner__caption-wrapper\"><span class=\"wp-block-getwid-banner__title\">R\u00e0dioOriac<\/span><\/div><\/div><\/div><\/a><\/div>\n\n\n\n<p>R\u00e0dioOriac \u00e9s un projecte de r\u00e0dio fet pels i per les alumnes de l&#8217;institut Ca n&#8217;Oriac (Sabadell).<\/p>\n\n\n\n<p>Posar-nos davant d&#8217;un micr\u00f2fon ens empeny a millorar la producci\u00f3 oral, fent un \u00e8mfasi especial en la vocalitzaci\u00f3 i l&#8217;entonaci\u00f3. Aprenem a planificar un missatge, fomentem principis de cooperaci\u00f3, esperit cr\u00edtic i pertinen\u00e7a al centre i treballem per millorar la comprensi\u00f3, expressi\u00f3 i interacci\u00f3 oral de l&#8217;alumnat.<\/p>\n\n\n\n<div class=\"wp-block-cover is-light\"><span aria-hidden=\"true\" class=\"wp-block-cover__background has-background-dim\" style=\"background-color:#FFF\"><\/span><div class=\"wp-block-cover__inner-container is-layout-constrained wp-block-cover-is-layout-constrained\">\n<p class=\"has-text-align-center has-large-font-size\">Temporada 1<\/p>\n<\/div><\/div>\n\n\n\n<figure class=\"wp-block-embed aligncenter is-type-rich is-provider-spotify wp-block-embed-spotify wp-embed-aspect-21-9 wp-has-aspect-ratio\"><div class=\"wp-block-embed__wrapper\">\n<div class=\"ast-oembed-container \" style=\"height: 100%;\"><iframe title=\"Spotify Embed: Entrevista a Yolanda Morales\" style=\"border-radius: 12px\" width=\"100%\" height=\"152\" frameborder=\"0\" allowfullscreen allow=\"autoplay; clipboard-write; encrypted-media; fullscreen; picture-in-picture\" loading=\"lazy\" src=\"https:\/\/open.spotify.com\/embed\/episode\/5YsY15CWgFZInT9xdQjDij?si=d177cd85f5304a96&#038;utm_source=oembed\"><\/iframe><\/div>\n<\/div><\/figure>\n","protected":false},"excerpt":{"rendered":"<p>R\u00e0dioOriac \u00e9s un projecte de r\u00e0dio fet pels i per les alumnes de l&#8217;institut Ca n&#8217;Oriac (Sabadell). Posar-nos davant d&#8217;un [&hellip;]<\/p>\n","protected":false},"author":1,"featured_media":0,"parent":4307,"menu_order":5,"comment_status":"closed","ping_status":"close","template":"","meta":{"site-sidebar-layout":"no-sidebar","site-content-layout":"","ast-site-content-layout":"default","site-content-style":"default","site-sidebar-style":"default","ast-global-header-display":"","ast-banner-title-visibility":"","ast-main-header-display":"","ast-hfb-above-header-display":"","ast-hfb-below-header-display":"","ast-hfb-mobile-header-display":"","site-post-title":"","ast-breadcrumbs-content":"","ast-featured-img":"","footer-sml-layout":"","theme-transparent-header-meta":"","adv-header-id-meta":"","stick-header-meta":"","header-above-stick-meta":"","header-main-stick-meta":"","header-below-stick-meta":"","astra-migrate-meta-layouts":"set","ast-page-background-enabled":"default","ast-page-background-meta":{"desktop":{"background-color":"var(--ast-global-color-4)","background-image":"","background-repeat":"repeat","background-position":"center center","background-size":"auto","background-attachment":"scroll","background-type":"","background-media":"","overlay-type":"","overlay-color":"","overlay-opacity":"","overlay-gradient":""},"tablet":{"background-color":"","background-image":"","background-repeat":"repeat","background-position":"center center","background-size":"auto","background-attachment":"scroll","background-type":"","background-media":"","overlay-type":"","overlay-color":"","overlay-opacity":"","overlay-gradient":""},"mobile":{"background-color":"","background-image":"","background-repeat":"repeat","background-position":"center center","background-size":"auto","background-attachment":"scroll","background-type":"","background-media":"","overlay-type":"","overlay-color":"","overlay-opacity":"","overlay-gradient":""}},"ast-content-background-meta":{"desktop":{"background-color":"var(--ast-global-color-5)","background-image":"","background-repeat":"repeat","background-position":"center center","background-size":"auto","background-attachment":"scroll","background-type":"","background-media":"","overlay-type":"","overlay-color":"","overlay-opacity":"","overlay-gradient":""},"tablet":{"background-color":"var(--ast-global-color-5)","background-image":"","background-repeat":"repeat","background-position":"center center","background-size":"auto","background-attachment":"scroll","background-type":"","background-media":"","overlay-type":"","overlay-color":"","overlay-opacity":"","overlay-gradient":""},"mobile":{"background-color":"var(--ast-global-color-5)","background-image":"","background-repeat":"repeat","background-position":"center center","background-size":"auto","background-attachment":"scroll","background-type":"","background-media":"","overlay-type":"","overlay-color":"","overlay-opacity":"","overlay-gradient":""}},"footnotes":""},"class_list":["post-5930","page","type-page","status-publish","hentry"],"post_mailing_queue_ids":[],"_links":{"self":[{"href":"https:\/\/agora.xtec.cat\/inscanoriac\/wp-json\/wp\/v2\/pages\/5930","targetHints":{"allow":["GET"]}}],"collection":[{"href":"https:\/\/agora.xtec.cat\/inscanoriac\/wp-json\/wp\/v2\/pages"}],"about":[{"href":"https:\/\/agora.xtec.cat\/inscanoriac\/wp-json\/wp\/v2\/types\/page"}],"author":[{"embeddable":true,"href":"https:\/\/agora.xtec.cat\/inscanoriac\/wp-json\/wp\/v2\/users\/1"}],"replies":[{"embeddable":true,"href":"https:\/\/agora.xtec.cat\/inscanoriac\/wp-json\/wp\/v2\/comments?post=5930"}],"version-history":[{"count":7,"href":"https:\/\/agora.xtec.cat\/inscanoriac\/wp-json\/wp\/v2\/pages\/5930\/revisions"}],"predecessor-version":[{"id":5942,"href":"https:\/\/agora.xtec.cat\/inscanoriac\/wp-json\/wp\/v2\/pages\/5930\/revisions\/5942"}],"up":[{"embeddable":true,"href":"https:\/\/agora.xtec.cat\/inscanoriac\/wp-json\/wp\/v2\/pages\/4307"}],"wp:attachment":[{"href":"https:\/\/agora.xtec.cat\/inscanoriac\/wp-json\/wp\/v2\/media?parent=5930"}],"curies":[{"name":"wp","href":"https:\/\/api.w.org\/{rel}","templated":true}]}}