{"id":570,"date":"2018-07-29T20:24:18","date_gmt":"2018-07-29T18:24:18","guid":{"rendered":"http:\/\/agora.xtec.cat\/inscanoriac\/?page_id=570"},"modified":"2026-02-05T19:47:01","modified_gmt":"2026-02-05T18:47:01","slug":"documentacio-estrategica","status":"publish","type":"page","link":"https:\/\/agora.xtec.cat\/inscanoriac\/projecte-educatiu\/documentacio\/documentacio-estrategica\/","title":{"rendered":"Documentaci\u00f3 estrat\u00e8gica"},"content":{"rendered":"\n<figure class=\"wp-block-table\">\n<table style=\"width: 100%; height: 1025px;\">\n<tbody>\n<tr style=\"height: 23px;\">\n<td style=\"height: 23px; width: 23.9167%;\"><strong>Document<\/strong><\/td>\n<td style=\"height: 23px; width: 76%;\"><strong>Definici\u00f3<\/strong><\/td>\n<\/tr>\n<tr style=\"height: 100px;\">\n<td style=\"height: 100px; width: 23.9167%;\">\n<h6><a href=\"https:\/\/drive.google.com\/file\/d\/1jM0ZbtmMXBMO7oGJVEizSijpY6Pn4x5t\/view?usp=drive_link\">Projecte educatiu de centre<\/a><\/h6>\n<\/td>\n<td style=\"height: 100px; width: 76%;\">El projecte educatiu de centre \u00e9s el document que recull l\u2019ess\u00e8ncia de l\u2019institut i els trets caracter\u00edstics del nostre dia a dia. Aquest document es va aprovar per Consell Escolar el 30-01-2023.<\/td>\n<\/tr>\n<tr style=\"height: 121px;\">\n<td style=\"height: 121px; width: 23.9167%;\">\n<h6><a href=\"https:\/\/drive.google.com\/file\/d\/1QgjrwXpm08zsIYdi0jS4gQslNVMX0qVF\/view?usp=drive_link\">Normativa \u00fas del m\u00f2bil<\/a><\/h6>\n<\/td>\n<td style=\"height: 121px; width: 76%;\">Ens considerem un centre lliure de m\u00f2bils, per\u00f2 la realitat ens evidencia que hi ha alumnat que porta el m\u00f2bil al centre i, per tant, hem vist la necessitat de crear aquesta normativa d\u2019\u00fas dels m\u00f2bils per concretar les accions a seguir en cas que un\/a alumne\/a no segueixi les indicacions establertes. Aquest document es va aprovar per Consell escolar amb data 25-10-2022.<\/td>\n<\/tr>\n<tr style=\"height: 163px;\">\n<td style=\"height: 163px; width: 23.9167%;\">\n<h6><a href=\"https:\/\/drive.google.com\/file\/d\/1QTWbeJPBDgWWX1QTgC7otPvgCLKjZx0-\/view?usp=sharing_eil_se_dm&amp;ts=686f7c82\">Projecte Ling\u00fc\u00edstic<\/a><\/h6>\n<\/td>\n<td style=\"height: 163px; width: 76%;\">El projecte ling\u00fc\u00edstic \u00e9s el document que recull els aspectes relatius a l&#8217;ensenyament i a l&#8217;\u00fas de les lleng\u00fces en el centre educatiu. En aquest document queden definits el tractament de la llengua catalana com a llengua vehicular i d&#8217;aprenentatge, el proc\u00e9s d&#8217;ensenyament i aprenentatge de la llengua castellana, les diferents opcions amb refer\u00e8ncia a les lleng\u00fces estrangeres i els criteris generals per a les adequacions de les lleng\u00fces a la realitat socioling\u00fc\u00edstica del centre. Amb data 17 d\u2019octubre de 2019, aquest document roman en situaci\u00f3 provisional, pendent de modificaci\u00f3.<\/td>\n<\/tr>\n<tr style=\"height: 164px;\">\n<td style=\"height: 164px; width: 23.9167%;\">\n<h6><a href=\"https:\/\/drive.google.com\/file\/d\/1OVJU7VUQn_qsmox1zxXa21CIISDxrQ-R\/view?usp=sharing\">Normes d&#8217;organitzaci\u00f3 i funcionament del centre (NOFC)<\/a><\/h6>\n<\/td>\n<td style=\"height: 164px; width: 76%;\">Normes d\u2019Organitzaci\u00f3 i Funcionament de Centre (NOFC). La Llei d\u2019educaci\u00f3 de Catalunya (LEC) estableix que un dels principis organitzatius pel qual s\u2019ha de regir el sistema educatiu ha de ser el de l\u2019autonomia de cada centre. Aix\u00ed doncs, la present Normativa d\u2019Organitzaci\u00f3 i Funcionament de Centre ha estat elaborada per l\u2019Equip Directiu amb l\u2019aportaci\u00f3 de criteris i propostes per part dels docents, degudament aprovat en sessi\u00f3 de Claustre.<\/td>\n<\/tr>\n<tr style=\"height: 100px;\">\n<td style=\"height: 100px; width: 23.9167%;\">\n<h6><a href=\"https:\/\/drive.google.com\/file\/d\/1H97_9Gb0Km8qFUuJoY_uTJqAFqUP_y8-\/view?usp=drive_link\">Pla d&#8217;acollida<\/a><\/h6>\n<\/td>\n<td style=\"height: 100px; width: 76%;\">L\u2019acollida \u00e9s el conjunt sistem\u00e0tic d\u2019actituds i actuacions que el centre educatiu posa en funcionament per acompanyar els nous membres de la comunitat escolar, o els que s\u2019incorporen despr\u00e9s de processos d\u2019abs\u00e8ncia, en la vida i la cultura del centre i, alhora, fer-los part\u00edcips dels projectes que s\u2019hi desenvolupen.<\/td>\n<\/tr>\n<tr style=\"height: 121px;\">\n<td style=\"height: 121px; width: 23.9167%;\">\n<h6><a href=\"https:\/\/drive.google.com\/file\/d\/1EUP27LQV87SO7or3f4DJYXtv364GuhTu\/view?usp=drive_link\">Projecte de conviv\u00e8ncia<\/a><\/h6>\n<\/td>\n<td style=\"height: 121px; width: 76%;\">El Projecte de conviv\u00e8ncia \u00e9s l\u2019instrument on es reflecteixen les accions que el centre docent desenvolupa per capacitar tot l&#8217;alumnat i la resta de la comunitat educativa per a la conviv\u00e8ncia i la gesti\u00f3 positiva dels conflictes.<\/td>\n<\/tr>\n<tr style=\"height: 46px;\">\n<td style=\"height: 46px; width: 23.9167%;\"><a href=\"https:\/\/sites.google.com\/inscanoriac.cat\/edc-inscanoriac\/inici\" target=\"_blank\" rel=\"noreferrer noopener\">Estrategia digital de centre<\/a><\/td>\n<td style=\"height: 46px; width: 76%;\">L\u2019Estrat\u00e8gia Digital de Centre defineix i concreta les l\u00ednies d\u2019actuaci\u00f3 del centre i fan possible que docents, alumnat i comunitat educativa assoleixin o millorin la seva compet\u00e8ncia digital.\u00a0<\/td>\n<\/tr>\n<tr style=\"height: 70px;\">\n<td style=\"height: 141px; width: 23.9167%;\"><a href=\"https:\/\/agora.xtec.cat\/inscanoriac\/linstitut\/organigrama\/consell-escolar\/#:~:text=Acta%20p%C3%BAblica%20de%20les%20reunions%20del%20Consell%20Escolar\">Acta p\u00fablica Consell Escolar <\/a><\/td>\n<td style=\"height: 141px; width: 76%;\">El Consell Escolar del centre \u00e9s l\u2019\u00f2rgan de participaci\u00f3 de la comunitat escolar en el control i gesti\u00f3 dels centres docents, amb funcions en l\u2019\u00e0mbit de la programaci\u00f3 general, i en el seguiment i avaluaci\u00f3 de les seves activitats.<\/td>\n<\/tr>\n<tr style=\"height: 46px;\">\n<td style=\"width: 23.9167%; height: 46px;\"><a href=\"https:\/\/drive.google.com\/file\/d\/1OVJU7VUQn_qsmox1zxXa21CIISDxrQ-R\/view?usp=sharing\">Protocol_intern_absentisme<\/a><\/td>\n<td style=\"width: 76%; height: 46px;\">El protocol d&#8217;absentisme del nostre institut \u00e9s una eina comunit\u00e0ria dissenyada per prevenir, detectar i intervenir davant situacions d&#8217;absentisme i abandonament escolar al nostre centre.\u00a0<\/td>\n<\/tr>\n<\/tbody>\n<\/table>\n<\/figure>\n\n\n\n<p>&nbsp;<\/p>\n\n\n\n<p><\/p>\n","protected":false},"excerpt":{"rendered":"<p>Document Definici\u00f3 Projecte educatiu de centre El projecte educatiu de centre \u00e9s el document que recull l\u2019ess\u00e8ncia de l\u2019institut i [&hellip;]<\/p>\n","protected":false},"author":1,"featured_media":0,"parent":4979,"menu_order":1,"comment_status":"closed","ping_status":"closed","template":"","meta":{"site-sidebar-layout":"no-sidebar","site-content-layout":"","ast-site-content-layout":"default","site-content-style":"default","site-sidebar-style":"default","ast-global-header-display":"","ast-banner-title-visibility":"","ast-main-header-display":"","ast-hfb-above-header-display":"","ast-hfb-below-header-display":"","ast-hfb-mobile-header-display":"","site-post-title":"","ast-breadcrumbs-content":"","ast-featured-img":"","footer-sml-layout":"","theme-transparent-header-meta":"","adv-header-id-meta":"","stick-header-meta":"","header-above-stick-meta":"","header-main-stick-meta":"","header-below-stick-meta":"","astra-migrate-meta-layouts":"set","ast-page-background-enabled":"default","ast-page-background-meta":{"desktop":{"background-color":"var(--ast-global-color-4)","background-image":"","background-repeat":"repeat","background-position":"center center","background-size":"auto","background-attachment":"scroll","background-type":"","background-media":"","overlay-type":"","overlay-color":"","overlay-opacity":"","overlay-gradient":""},"tablet":{"background-color":"","background-image":"","background-repeat":"repeat","background-position":"center center","background-size":"auto","background-attachment":"scroll","background-type":"","background-media":"","overlay-type":"","overlay-color":"","overlay-opacity":"","overlay-gradient":""},"mobile":{"background-color":"","background-image":"","background-repeat":"repeat","background-position":"center center","background-size":"auto","background-attachment":"scroll","background-type":"","background-media":"","overlay-type":"","overlay-color":"","overlay-opacity":"","overlay-gradient":""}},"ast-content-background-meta":{"desktop":{"background-color":"var(--ast-global-color-5)","background-image":"","background-repeat":"repeat","background-position":"center center","background-size":"auto","background-attachment":"scroll","background-type":"","background-media":"","overlay-type":"","overlay-color":"","overlay-opacity":"","overlay-gradient":""},"tablet":{"background-color":"var(--ast-global-color-5)","background-image":"","background-repeat":"repeat","background-position":"center center","background-size":"auto","background-attachment":"scroll","background-type":"","background-media":"","overlay-type":"","overlay-color":"","overlay-opacity":"","overlay-gradient":""},"mobile":{"background-color":"var(--ast-global-color-5)","background-image":"","background-repeat":"repeat","background-position":"center center","background-size":"auto","background-attachment":"scroll","background-type":"","background-media":"","overlay-type":"","overlay-color":"","overlay-opacity":"","overlay-gradient":""}},"footnotes":""},"class_list":["post-570","page","type-page","status-publish","hentry"],"post_mailing_queue_ids":[],"_links":{"self":[{"href":"https:\/\/agora.xtec.cat\/inscanoriac\/wp-json\/wp\/v2\/pages\/570","targetHints":{"allow":["GET"]}}],"collection":[{"href":"https:\/\/agora.xtec.cat\/inscanoriac\/wp-json\/wp\/v2\/pages"}],"about":[{"href":"https:\/\/agora.xtec.cat\/inscanoriac\/wp-json\/wp\/v2\/types\/page"}],"author":[{"embeddable":true,"href":"https:\/\/agora.xtec.cat\/inscanoriac\/wp-json\/wp\/v2\/users\/1"}],"replies":[{"embeddable":true,"href":"https:\/\/agora.xtec.cat\/inscanoriac\/wp-json\/wp\/v2\/comments?post=570"}],"version-history":[{"count":6,"href":"https:\/\/agora.xtec.cat\/inscanoriac\/wp-json\/wp\/v2\/pages\/570\/revisions"}],"predecessor-version":[{"id":6315,"href":"https:\/\/agora.xtec.cat\/inscanoriac\/wp-json\/wp\/v2\/pages\/570\/revisions\/6315"}],"up":[{"embeddable":true,"href":"https:\/\/agora.xtec.cat\/inscanoriac\/wp-json\/wp\/v2\/pages\/4979"}],"wp:attachment":[{"href":"https:\/\/agora.xtec.cat\/inscanoriac\/wp-json\/wp\/v2\/media?parent=570"}],"curies":[{"name":"wp","href":"https:\/\/api.w.org\/{rel}","templated":true}]}}