{"id":5615,"date":"2025-03-24T10:02:18","date_gmt":"2025-03-24T09:02:18","guid":{"rendered":"https:\/\/agora.xtec.cat\/inscanoriac\/?page_id=5615"},"modified":"2025-03-24T16:11:39","modified_gmt":"2025-03-24T15:11:39","slug":"programes-de-formacio-i-insercio","status":"publish","type":"page","link":"https:\/\/agora.xtec.cat\/inscanoriac\/estudis\/eso-4\/orientacio-eso4\/programes-de-formacio-i-insercio\/","title":{"rendered":"Programes de Formaci\u00f3 i Inserci\u00f3"},"content":{"rendered":"\n<h1 class=\"wp-block-heading has-ast-global-color-0-color has-text-color has-link-color wp-elements-b3fe697e83418d3d5d195e02d5eb8db9\">Marc general<\/h1>\n\n\n\n<p>Els programes de formaci\u00f3 i inserci\u00f3 s\u00f3n voluntaris i estan adre\u00e7ats als i les joves que compleixin com a m\u00ednim 16 anys d&#8217;edat i com a m\u00e0xim 21 en l&#8217;any d&#8217;inici del programa, que hagin deixat l&#8217;educaci\u00f3 secund\u00e0ria obligat\u00f2ria (ESO) sense obtenir-ne el t\u00edtol i que, en el moment d&#8217;iniciar els programes, no segueixin estudis en el sistema educatiu ni participin en altres accions de formaci\u00f3.<\/p>\n\n\n\n<p>La finalitat d&#8217;aquests programes \u00e9s proporcionar a aquests joves la possibilitat d&#8217;incorporar-se de nou al sistema educatiu per continuar estudis de formaci\u00f3 professional. Han de facilitar, tamb\u00e9, l&#8217;aprenentatge imprescindible per accedir al mercat de treball amb millors possibilitats d&#8217;obtenir una ocupaci\u00f3 qualificada i duradora. Tenen una durada total de 1.000 hores, un curs acad\u00e8mic.<\/p>\n\n\n\n<div data-wp-interactive=\"core\/file\" class=\"wp-block-file\"><object data-wp-bind--hidden=\"!state.hasPdfPreview\" hidden class=\"wp-block-file__embed\" data=\"https:\/\/agora.xtec.cat\/inscanoriac\/wp-content\/uploads\/usu1850\/2025\/03\/cartell-pfi.pdf\" type=\"application\/pdf\" style=\"width:100%;height:600px\" aria-label=\"Incrustaci\u00f3 del fitxer cartell-pfi.\"><\/object><a id=\"wp-block-file--media-a23c1b6d-316b-4d0e-b71e-91ccef12422d\" href=\"https:\/\/agora.xtec.cat\/inscanoriac\/wp-content\/uploads\/usu1850\/2025\/03\/cartell-pfi.pdf\">cartell-pfi<\/a><a href=\"https:\/\/agora.xtec.cat\/inscanoriac\/wp-content\/uploads\/usu1850\/2025\/03\/cartell-pfi.pdf\" class=\"wp-block-file__button wp-element-button\" download aria-describedby=\"wp-block-file--media-a23c1b6d-316b-4d0e-b71e-91ccef12422d\">Baixa<\/a><\/div>\n\n\n\n<div data-wp-interactive=\"core\/file\" class=\"wp-block-file\"><object data-wp-bind--hidden=\"!state.hasPdfPreview\" hidden class=\"wp-block-file__embed\" data=\"https:\/\/agora.xtec.cat\/inscanoriac\/wp-content\/uploads\/usu1850\/2025\/03\/guia-pfi-itineraris-1.pdf\" type=\"application\/pdf\" style=\"width:100%;height:600px\" aria-label=\"Incrustaci\u00f3 del fitxer guia-pfi-itineraris-1.\"><\/object><a id=\"wp-block-file--media-92592ea3-3cec-4044-988e-baae7176d83d\" href=\"https:\/\/agora.xtec.cat\/inscanoriac\/wp-content\/uploads\/usu1850\/2025\/03\/guia-pfi-itineraris-1.pdf\">guia-pfi-itineraris-1<\/a><a href=\"https:\/\/agora.xtec.cat\/inscanoriac\/wp-content\/uploads\/usu1850\/2025\/03\/guia-pfi-itineraris-1.pdf\" class=\"wp-block-file__button wp-element-button\" download aria-describedby=\"wp-block-file--media-92592ea3-3cec-4044-988e-baae7176d83d\">Baixa<\/a><\/div>\n\n\n\n<h1 class=\"wp-block-heading has-ast-global-color-0-color has-text-color has-link-color wp-elements-5d88a9e48f778b8204b17388fb54d0e7\">Estructura<\/h1>\n\n\n\n<p>Els programes de formaci\u00f3 i inserci\u00f3 s&#8217;estructuren en: <\/p>\n\n\n\n<ul class=\"wp-block-list\">\n<li>M\u00f2duls de formaci\u00f3 professional, per a l&#8217;assoliment de les compet\u00e8ncies professionals, que inclouen un m\u00f2dul de pr\u00e0ctiques en alternan\u00e7a en centres de treball. <\/li>\n\n\n\n<li>M\u00f2duls de formaci\u00f3 general per a l&#8217;adquisici\u00f3 de compet\u00e8ncies instrumentals b\u00e0siques. <\/li>\n\n\n\n<li>Accions de seguiment i orientaci\u00f3 de l&#8217;alumne.<\/li>\n<\/ul>\n\n\n\n<h1 class=\"wp-block-heading has-ast-global-color-0-color has-text-color has-link-color wp-elements-e288c8ed21b0549593844bf9c57e50fc\">Acc\u00e9s<\/h1>\n\n\n\n<p>Poden accedir a aquest programa de formaci\u00f3 i inserci\u00f3 (PFI) els joves que compleixin com a m\u00ednim 16 anys d&#8217;edat i com a m\u00e0xim 21 en l&#8217;any d\u2019inici del programa i que no hagin obtingut el graduat en ESO. Els tr\u00e0mits s\u00f3n: <\/p>\n\n\n\n<ul class=\"wp-block-list\">\n<li>Per cursar un programa de formaci\u00f3 i inserci\u00f3 organitzat pel Departament d&#8217;Educaci\u00f3 (PTT, FIAP i PIP en institut) cal fer la preinscripci\u00f3 i matr\u00edcula segons les directrius d&#8217;aquest Departament.<\/li>\n\n\n\n<li>Per cursar un programa de formaci\u00f3 i inserci\u00f3 (PFI) organitzat per centres docents privats o establiments, cal informar-se&#8217;n en el mateix centre o establiment.<\/li>\n<\/ul>\n\n\n\n<h1 class=\"wp-block-heading has-ast-global-color-0-color has-text-color has-link-color wp-elements-1f76798307c465efd2dfd7c1afbbe4dd\">Modalitats<\/h1>\n\n\n\n<p>Els programes s&#8217;ofereixen en 3 modalitats, segons la seva organitzaci\u00f3:<\/p>\n\n\n\n<ul class=\"wp-block-list\">\n<li>Plans d&#8217;iniciaci\u00f3 professional (PIP), que es realitzen en instituts de titularitat del Departament d&#8217;Educaci\u00f3 i en centres docents privats i establiments de formaci\u00f3 autoritzats.<\/li>\n\n\n\n<li>Plans de transici\u00f3 al treball (PTT), organitzats en col\u00b7laboraci\u00f3 entre el Departament d&#8217;Educaci\u00f3 i les administracions locals.<\/li>\n\n\n\n<li>Programes de formaci\u00f3 i aprenentatge professional (FIAP), realitzats en els instituts de titularitat del Departament d&#8217;Educaci\u00f3.<\/li>\n<\/ul>\n\n\n\n<h1 class=\"wp-block-heading has-ast-global-color-0-color has-text-color has-link-color wp-elements-fc948e8f2e1972bc84e7b3822c9e0cb7\">Continu\u00eftat<\/h1>\n\n\n\n<p>La superaci\u00f3 d&#8217;aquest programa de formaci\u00f3 i inserci\u00f3 (PFI) comporta el seg\u00fcent:<\/p>\n\n\n\n<ul class=\"wp-block-list\">\n<li>Certificat acad\u00e8mic i professional, que cont\u00e9 la qualificaci\u00f3 final obtinguda en el PFI i acredita les compet\u00e8ncies professionals assolides.<\/li>\n\n\n\n<li>Certificat del Curs d\u2019acc\u00e9s als cicles formatius de grau mitj\u00e0 (CAM), si el PFI s\u2019ha cursat en un centre autoritzat a impartir aquest Curs d\u2019acc\u00e9s. <\/li>\n\n\n\n<li>Acc\u00e9s als cicles formatius de grau mitj\u00e0, d\u2019acord amb la Resoluci\u00f3 EDU\/2638\/2020, de 26 d&#8217;octubre.<\/li>\n\n\n\n<li>Reconeixement dels m\u00f2duls professionals superats en el PFI per a l&#8217;obtenci\u00f3 del t\u00edtol professional b\u00e0sic associat al perfil.<\/li>\n\n\n\n<li>Certificat de professionalitat que emet l&#8217;Administraci\u00f3 laboral.<\/li>\n\n\n\n<li>Acc\u00e9s als centres de formaci\u00f3 d&#8217;adults per obtenir el graduat en educaci\u00f3 secund\u00e0ria obligat\u00f2ria (GESO), sense complir el requisit de tenir 18 anys.<\/li>\n<\/ul>\n","protected":false},"excerpt":{"rendered":"<p>Marc general Els programes de formaci\u00f3 i inserci\u00f3 s\u00f3n voluntaris i estan adre\u00e7ats als i les joves que compleixin com [&hellip;]<\/p>\n","protected":false},"author":1,"featured_media":0,"parent":5498,"menu_order":3,"comment_status":"closed","ping_status":"close","template":"","meta":{"site-sidebar-layout":"left-sidebar","site-content-layout":"","ast-site-content-layout":"default","site-content-style":"default","site-sidebar-style":"default","ast-global-header-display":"","ast-banner-title-visibility":"","ast-main-header-display":"","ast-hfb-above-header-display":"","ast-hfb-below-header-display":"","ast-hfb-mobile-header-display":"","site-post-title":"","ast-breadcrumbs-content":"","ast-featured-img":"","footer-sml-layout":"","theme-transparent-header-meta":"","adv-header-id-meta":"","stick-header-meta":"","header-above-stick-meta":"","header-main-stick-meta":"","header-below-stick-meta":"","astra-migrate-meta-layouts":"set","ast-page-background-enabled":"default","ast-page-background-meta":{"desktop":{"background-color":"var(--ast-global-color-4)","background-image":"","background-repeat":"repeat","background-position":"center center","background-size":"auto","background-attachment":"scroll","background-type":"","background-media":"","overlay-type":"","overlay-color":"","overlay-opacity":"","overlay-gradient":""},"tablet":{"background-color":"","background-image":"","background-repeat":"repeat","background-position":"center center","background-size":"auto","background-attachment":"scroll","background-type":"","background-media":"","overlay-type":"","overlay-color":"","overlay-opacity":"","overlay-gradient":""},"mobile":{"background-color":"","background-image":"","background-repeat":"repeat","background-position":"center center","background-size":"auto","background-attachment":"scroll","background-type":"","background-media":"","overlay-type":"","overlay-color":"","overlay-opacity":"","overlay-gradient":""}},"ast-content-background-meta":{"desktop":{"background-color":"var(--ast-global-color-5)","background-image":"","background-repeat":"repeat","background-position":"center center","background-size":"auto","background-attachment":"scroll","background-type":"","background-media":"","overlay-type":"","overlay-color":"","overlay-opacity":"","overlay-gradient":""},"tablet":{"background-color":"var(--ast-global-color-5)","background-image":"","background-repeat":"repeat","background-position":"center center","background-size":"auto","background-attachment":"scroll","background-type":"","background-media":"","overlay-type":"","overlay-color":"","overlay-opacity":"","overlay-gradient":""},"mobile":{"background-color":"var(--ast-global-color-5)","background-image":"","background-repeat":"repeat","background-position":"center center","background-size":"auto","background-attachment":"scroll","background-type":"","background-media":"","overlay-type":"","overlay-color":"","overlay-opacity":"","overlay-gradient":""}},"footnotes":""},"class_list":["post-5615","page","type-page","status-publish","hentry"],"post_mailing_queue_ids":[],"_links":{"self":[{"href":"https:\/\/agora.xtec.cat\/inscanoriac\/wp-json\/wp\/v2\/pages\/5615","targetHints":{"allow":["GET"]}}],"collection":[{"href":"https:\/\/agora.xtec.cat\/inscanoriac\/wp-json\/wp\/v2\/pages"}],"about":[{"href":"https:\/\/agora.xtec.cat\/inscanoriac\/wp-json\/wp\/v2\/types\/page"}],"author":[{"embeddable":true,"href":"https:\/\/agora.xtec.cat\/inscanoriac\/wp-json\/wp\/v2\/users\/1"}],"replies":[{"embeddable":true,"href":"https:\/\/agora.xtec.cat\/inscanoriac\/wp-json\/wp\/v2\/comments?post=5615"}],"version-history":[{"count":6,"href":"https:\/\/agora.xtec.cat\/inscanoriac\/wp-json\/wp\/v2\/pages\/5615\/revisions"}],"predecessor-version":[{"id":5658,"href":"https:\/\/agora.xtec.cat\/inscanoriac\/wp-json\/wp\/v2\/pages\/5615\/revisions\/5658"}],"up":[{"embeddable":true,"href":"https:\/\/agora.xtec.cat\/inscanoriac\/wp-json\/wp\/v2\/pages\/5498"}],"wp:attachment":[{"href":"https:\/\/agora.xtec.cat\/inscanoriac\/wp-json\/wp\/v2\/media?parent=5615"}],"curies":[{"name":"wp","href":"https:\/\/api.w.org\/{rel}","templated":true}]}}