{"id":5593,"date":"2025-03-23T18:06:53","date_gmt":"2025-03-23T17:06:53","guid":{"rendered":"https:\/\/agora.xtec.cat\/inscanoriac\/?page_id=5593"},"modified":"2025-03-23T18:31:51","modified_gmt":"2025-03-23T17:31:51","slug":"cicles-formatius","status":"publish","type":"page","link":"https:\/\/agora.xtec.cat\/inscanoriac\/estudis\/eso-4\/orientacio-eso4\/cicles-formatius\/","title":{"rendered":"Cicles Formatius de Grau Mitj\u00e0 i Superior"},"content":{"rendered":"\n<h1 class=\"wp-block-heading has-ast-global-color-0-color has-text-color has-link-color wp-elements-b3fe697e83418d3d5d195e02d5eb8db9\">Marc general<\/h1>\n\n\n\n<h1 class=\"wp-block-heading has-ast-global-color-0-color has-text-color has-link-color wp-elements-25274f8d4511ab8fa4a78d5de929741b\">Preinscripci\u00f3 i matr\u00edcula<\/h1>\n\n\n\n<div data-wp-interactive=\"core\/file\" class=\"wp-block-file\"><object data-wp-bind--hidden=\"!state.hasPdfPreview\" hidden class=\"wp-block-file__embed\" data=\"https:\/\/agora.xtec.cat\/inscanoriac\/wp-content\/uploads\/usu1850\/2025\/03\/33-preinscripcio-fpgm.pdf\" type=\"application\/pdf\" style=\"width:100%;height:600px\" aria-label=\"Incrustaci\u00f3 del fitxer 33-preinscripcio-fpgm.\"><\/object><a id=\"wp-block-file--media-ae3d93e3-c2c0-40cc-a073-2eae9fa451f1\" href=\"https:\/\/agora.xtec.cat\/inscanoriac\/wp-content\/uploads\/usu1850\/2025\/03\/33-preinscripcio-fpgm.pdf\">33-preinscripcio-fpgm<\/a><a href=\"https:\/\/agora.xtec.cat\/inscanoriac\/wp-content\/uploads\/usu1850\/2025\/03\/33-preinscripcio-fpgm.pdf\" class=\"wp-block-file__button wp-element-button\" download aria-describedby=\"wp-block-file--media-ae3d93e3-c2c0-40cc-a073-2eae9fa451f1\">Baixa<\/a><\/div>\n\n\n\n<h1 class=\"wp-block-heading has-ast-global-color-0-color has-text-color has-link-color wp-elements-212f0ff45dcc5f4c6e4ed321ebf4e737\">Notes de tall de cicles d&#8217;FP 2024-2025<\/h1>\n\n\n\n<p>El&nbsp;cercador de notes de tall de cicles d\u2019FP de grau mitj\u00e0 \u00e9s una de les&nbsp;novetats de&nbsp;millora del procediment d\u2019acc\u00e9s i d\u2019assignaci\u00f3 de pla\u00e7a&nbsp;a la formaci\u00f3 professional&nbsp;del curs 2025-2026.<\/p>\n\n\n\n<h5 class=\"wp-block-heading\">Notes de tall de cicles d&#8217;FP de grau mitj\u00e0<\/h5>\n\n\n\n<p>Les places de cadascun dels centres s&#8217;assignen per nota fins que s&#8217;acaben. Per tant, la nota de tall correspon a la de l&#8217;\u00faltim o \u00faltima estudiant que ha obtingut pla\u00e7a en un centre, cicle i torn, tenint en compte els estudis des dels quals hi va optar (via d&#8217;acc\u00e9s). <strong>\u00c9s una informaci\u00f3 orientativa<\/strong>.&nbsp;No es tracta d&#8217;una nota prefixada, sin\u00f3 que pot variar cada any, ja que resulta de la relaci\u00f3 entre les places disponibles i el nombre d\u2019estudiants que les sol\u00b7liciten en la preinscripci\u00f3. Si el cicle va quedar amb places vacants un cop tancada la preinscripci\u00f3, la nota de tall \u00e9s la m\u00ednima; \u00e9s a dir, un 5.<\/p>\n\n\n\n<p>Consulta el cercador amb el personal orientador del teu centre o amb la fam\u00edlia.&nbsp;Pots fer la consulta per centre, cicle, torn o pels estudis des dels quals hi vols accedir. Una bona tria facilitar\u00e0 que se t&#8217;assigni l&#8217;opci\u00f3 demanada.<\/p>\n\n\n\n<p><a href=\"https:\/\/preinscripcio.gencat.cat\/ca\/estudis\/fp-grau-mitja\/informat\/consulta-notes-tall\/\">Notes de tall de cicles d&#8217;FP de grau mitj\u00e0<\/a><\/p>\n\n\n\n<h5 class=\"wp-block-heading\">Notes de tall de cicles d&#8217;FP de grau superior<\/h5>\n\n\n\n<p>Les places de cadascun dels centres s&#8217;assignen per nota fins que s&#8217;acaben. Per tant, la nota de tall correspon a la de l&#8217;\u00faltim o \u00faltima estudiant que ha obtingut pla\u00e7a en un centre, cicle i torn, tenint en compte els estudis des dels quals hi va optar (via d&#8217;acc\u00e9s). <strong>\u00c9s una informaci\u00f3 orientativa.&nbsp;<\/strong>No es tracta d&#8217;una nota prefixada, sin\u00f3 que pot variar cada any, ja que resulta de la relaci\u00f3 entre les places disponibles i el nombre d\u2019estudiants que les sol\u00b7liciten en la preinscripci\u00f3.<\/p>\n\n\n\n<p>Si el cicle va quedar amb places vacants un cop tancada la preinscripci\u00f3, la nota de tall \u00e9s la m\u00ednima; \u00e9s a dir, un 5.&nbsp;En canvi, en alguns casos, la nota pot ser superior a 10. Aix\u00f2 passa perqu\u00e8&nbsp;<strong>es multiplica per 1,7<\/strong>&nbsp;la nota mitjana tant dels alumnes que provenen d&#8217;una&nbsp;<a href=\"https:\/\/triaeducativa.gencat.cat\/ca\/batxillerat\/prioritat-admissio-fp-gs\/\" target=\"_blank\" rel=\"noreferrer noopener\"><strong>modalitat de batxillerat d&#8217;acc\u00e9s prioritari<\/strong><\/a>&nbsp;per al cicle sol\u00b7licitat, com per als que provenen d&#8217;un grau mitj\u00e0 i volen accedir a un cicle superior d&#8217;una&nbsp;<a href=\"https:\/\/triaeducativa.gencat.cat\/ca\/fp\/afinitat-families-professionals\/\" target=\"_blank\" rel=\"noreferrer noopener\"><strong>fam\u00edlia professional af\u00ed<\/strong><\/a>.&nbsp;&nbsp;<\/p>\n\n\n\n<p>Consulta el cercador amb el personal orientador del teu centre o amb la fam\u00edlia.&nbsp;Pots fer la consulta per centre, cicle, torn o pels estudis des dels quals hi vols accedir. Una bona tria facilitar\u00e0 que se t&#8217;assigni l&#8217;opci\u00f3 demanada.<\/p>\n\n\n\n<p><a href=\"https:\/\/preinscripcio.gencat.cat\/ca\/estudis\/fp-grau-superior\/informat\/consulta-notes-tall\/\">Notes de tall de cicles d&#8217;FP de grau superior<\/a><\/p>\n","protected":false},"excerpt":{"rendered":"<p>Marc general Preinscripci\u00f3 i matr\u00edcula Notes de tall de cicles d&#8217;FP 2024-2025 El&nbsp;cercador de notes de tall de cicles d\u2019FP [&hellip;]<\/p>\n","protected":false},"author":1,"featured_media":0,"parent":5498,"menu_order":2,"comment_status":"closed","ping_status":"close","template":"","meta":{"site-sidebar-layout":"left-sidebar","site-content-layout":"","ast-site-content-layout":"default","site-content-style":"default","site-sidebar-style":"default","ast-global-header-display":"","ast-banner-title-visibility":"","ast-main-header-display":"","ast-hfb-above-header-display":"","ast-hfb-below-header-display":"","ast-hfb-mobile-header-display":"","site-post-title":"","ast-breadcrumbs-content":"","ast-featured-img":"","footer-sml-layout":"","theme-transparent-header-meta":"","adv-header-id-meta":"","stick-header-meta":"","header-above-stick-meta":"","header-main-stick-meta":"","header-below-stick-meta":"","astra-migrate-meta-layouts":"set","ast-page-background-enabled":"default","ast-page-background-meta":{"desktop":{"background-color":"var(--ast-global-color-4)","background-image":"","background-repeat":"repeat","background-position":"center center","background-size":"auto","background-attachment":"scroll","background-type":"","background-media":"","overlay-type":"","overlay-color":"","overlay-opacity":"","overlay-gradient":""},"tablet":{"background-color":"","background-image":"","background-repeat":"repeat","background-position":"center center","background-size":"auto","background-attachment":"scroll","background-type":"","background-media":"","overlay-type":"","overlay-color":"","overlay-opacity":"","overlay-gradient":""},"mobile":{"background-color":"","background-image":"","background-repeat":"repeat","background-position":"center center","background-size":"auto","background-attachment":"scroll","background-type":"","background-media":"","overlay-type":"","overlay-color":"","overlay-opacity":"","overlay-gradient":""}},"ast-content-background-meta":{"desktop":{"background-color":"var(--ast-global-color-5)","background-image":"","background-repeat":"repeat","background-position":"center center","background-size":"auto","background-attachment":"scroll","background-type":"","background-media":"","overlay-type":"","overlay-color":"","overlay-opacity":"","overlay-gradient":""},"tablet":{"background-color":"var(--ast-global-color-5)","background-image":"","background-repeat":"repeat","background-position":"center center","background-size":"auto","background-attachment":"scroll","background-type":"","background-media":"","overlay-type":"","overlay-color":"","overlay-opacity":"","overlay-gradient":""},"mobile":{"background-color":"var(--ast-global-color-5)","background-image":"","background-repeat":"repeat","background-position":"center center","background-size":"auto","background-attachment":"scroll","background-type":"","background-media":"","overlay-type":"","overlay-color":"","overlay-opacity":"","overlay-gradient":""}},"footnotes":""},"class_list":["post-5593","page","type-page","status-publish","hentry"],"post_mailing_queue_ids":[],"_links":{"self":[{"href":"https:\/\/agora.xtec.cat\/inscanoriac\/wp-json\/wp\/v2\/pages\/5593","targetHints":{"allow":["GET"]}}],"collection":[{"href":"https:\/\/agora.xtec.cat\/inscanoriac\/wp-json\/wp\/v2\/pages"}],"about":[{"href":"https:\/\/agora.xtec.cat\/inscanoriac\/wp-json\/wp\/v2\/types\/page"}],"author":[{"embeddable":true,"href":"https:\/\/agora.xtec.cat\/inscanoriac\/wp-json\/wp\/v2\/users\/1"}],"replies":[{"embeddable":true,"href":"https:\/\/agora.xtec.cat\/inscanoriac\/wp-json\/wp\/v2\/comments?post=5593"}],"version-history":[{"count":6,"href":"https:\/\/agora.xtec.cat\/inscanoriac\/wp-json\/wp\/v2\/pages\/5593\/revisions"}],"predecessor-version":[{"id":5605,"href":"https:\/\/agora.xtec.cat\/inscanoriac\/wp-json\/wp\/v2\/pages\/5593\/revisions\/5605"}],"up":[{"embeddable":true,"href":"https:\/\/agora.xtec.cat\/inscanoriac\/wp-json\/wp\/v2\/pages\/5498"}],"wp:attachment":[{"href":"https:\/\/agora.xtec.cat\/inscanoriac\/wp-json\/wp\/v2\/media?parent=5593"}],"curies":[{"name":"wp","href":"https:\/\/api.w.org\/{rel}","templated":true}]}}