{"id":551,"date":"2018-07-29T20:03:01","date_gmt":"2018-07-29T18:03:01","guid":{"rendered":"http:\/\/agora.xtec.cat\/inscanoriac\/?page_id=551"},"modified":"2025-03-20T22:59:27","modified_gmt":"2025-03-20T21:59:27","slug":"marc-pedagogic","status":"publish","type":"page","link":"https:\/\/agora.xtec.cat\/inscanoriac\/projecte-educatiu\/marc-pedagogic\/","title":{"rendered":"Marc pedag\u00f2gic i valors"},"content":{"rendered":"\n<h1 class=\"wp-block-heading has-ast-global-color-0-color has-text-color has-link-color wp-elements-849cf1dda8ab8b809d4d4a0355895bd8\">Marc pedag\u00f2gic<\/h1>\n\n\n\n<div class=\"wp-block-group is-layout-constrained wp-block-group-is-layout-constrained\">\n<h5 class=\"wp-block-heading\">Aprenentatge globalitzat<\/h5>\n\n\n\n<p>Proposem activitats d\u2019aprenentatge globalitzat i significatiu per potenciar l\u2019autonomia i les connexions entre els diferents coneixements. La majoria de les mat\u00e8ries del curr\u00edculum es treballen de manera integrada i transversal.<\/p>\n\n\n\n<h5 class=\"wp-block-heading\">Metodologies actives<\/h5>\n\n\n\n<p>Aprenentatges basats en el quotidi\u00e0 per tal que siguin m\u00e9s significatius; metodologies actives que afavoreixin el pensament cr\u00edtic, l\u2019art i la voluntat de transformaci\u00f3. Incorporem recerca, tecnologia, indagaci\u00f3, creativitat i cooperaci\u00f3. Qualsevol fet, circumst\u00e0ncia i espai pot esdevenir una oportunitat d\u2019aprenentatge.<\/p>\n<\/div>\n\n\n\n<figure class=\"wp-block-image alignwide is-style-default\"><img loading=\"lazy\" decoding=\"async\" width=\"1240\" height=\"1429\" src=\"https:\/\/agora.xtec.cat\/inscanoriac\/wp-content\/uploads\/usu1850\/2020\/03\/esquema-projecte-canoriac-e1583165127342.jpg\" alt=\"\" class=\"wp-image-1991\" srcset=\"https:\/\/agora.xtec.cat\/inscanoriac\/wp-content\/uploads\/usu1850\/2020\/03\/esquema-projecte-canoriac-e1583165127342.jpg 1240w, https:\/\/agora.xtec.cat\/inscanoriac\/wp-content\/uploads\/usu1850\/2020\/03\/esquema-projecte-canoriac-e1583165127342-260x300.jpg 260w, https:\/\/agora.xtec.cat\/inscanoriac\/wp-content\/uploads\/usu1850\/2020\/03\/esquema-projecte-canoriac-e1583165127342-768x885.jpg 768w, https:\/\/agora.xtec.cat\/inscanoriac\/wp-content\/uploads\/usu1850\/2020\/03\/esquema-projecte-canoriac-e1583165127342-889x1024.jpg 889w\" sizes=\"auto, (max-width: 1240px) 100vw, 1240px\" \/><\/figure>\n\n\n\n<p>Teniu disponible tamb\u00e9 el seg\u00fcent v\u00eddeo en qu\u00e8 es detallen aspectes del dia a dia del centre.<\/p>\n\n\n\n<center><iframe loading=\"lazy\" src=\"https:\/\/www.youtube.com\/embed\/rYZbwBPzPJ0\" width=\"666\" height=\"375\" frameborder=\"0\"><\/iframe><\/center>\n\n\n\n<p><\/p>\n\n\n\n<h1 class=\"wp-block-heading has-ast-global-color-0-color has-text-color has-link-color wp-elements-556cc872819a08e0f6b9c603eeab67eb\">Valors<\/h1>\n\n\n\n<div class=\"wp-block-group is-layout-constrained wp-block-group-is-layout-constrained\">\n<h5 class=\"wp-block-heading\">Educaci\u00f3 integral<\/h5>\n\n\n\n<p>Promovem un desenvolupament integral de l&#8217;alumnat per tal que esdevinguin persones aut\u00f2nomes amb coneixements i valors, capaces d\u2019entendre el m\u00f3n i transformar-lo.<\/p>\n\n\n\n<h5 class=\"wp-block-heading\">Acompanyament<\/h5>\n\n\n\n<p>Treballem perqu\u00e8 l\u2019institut sigui un espai acollidor i amable: qualsevol lloc pot ser un espai de conversa, d\u2019autonomia i de calma. Fam\u00edlies i professorat acompanyem i guiem en el cam\u00ed tan bonic i especial de fer-se gran.<\/p>\n\n\n\n<h5 class=\"wp-block-heading\">Vinculaci\u00f3 amb l\u2019entorn<\/h5>\n\n\n\n<p>Obrim el centre a l\u2019entorn m\u00e9s proper, establim relacions amb institucions i altres espais de la ciutat i del barri per donar resposta a les necessitats educatives de l\u2019alumnat i, aix\u00ed, generar activitats que fomentin la participaci\u00f3 i reverteixin sobre la comunitat. Som un centre comprom\u00e8s amb el medi ambient.<\/p>\n<\/div>\n","protected":false},"excerpt":{"rendered":"<p>Marc pedag\u00f2gic Aprenentatge globalitzat Proposem activitats d\u2019aprenentatge globalitzat i significatiu per potenciar l\u2019autonomia i les connexions entre els diferents coneixements. [&hellip;]<\/p>\n","protected":false},"author":1,"featured_media":0,"parent":4954,"menu_order":1,"comment_status":"closed","ping_status":"closed","template":"","meta":{"site-sidebar-layout":"left-sidebar","site-content-layout":"","ast-site-content-layout":"default","site-content-style":"default","site-sidebar-style":"default","ast-global-header-display":"","ast-banner-title-visibility":"","ast-main-header-display":"","ast-hfb-above-header-display":"","ast-hfb-below-header-display":"","ast-hfb-mobile-header-display":"","site-post-title":"","ast-breadcrumbs-content":"","ast-featured-img":"","footer-sml-layout":"","theme-transparent-header-meta":"","adv-header-id-meta":"","stick-header-meta":"","header-above-stick-meta":"","header-main-stick-meta":"","header-below-stick-meta":"","astra-migrate-meta-layouts":"set","ast-page-background-enabled":"default","ast-page-background-meta":{"desktop":{"background-color":"var(--ast-global-color-4)","background-image":"","background-repeat":"repeat","background-position":"center center","background-size":"auto","background-attachment":"scroll","background-type":"","background-media":"","overlay-type":"","overlay-color":"","overlay-opacity":"","overlay-gradient":""},"tablet":{"background-color":"","background-image":"","background-repeat":"repeat","background-position":"center center","background-size":"auto","background-attachment":"scroll","background-type":"","background-media":"","overlay-type":"","overlay-color":"","overlay-opacity":"","overlay-gradient":""},"mobile":{"background-color":"","background-image":"","background-repeat":"repeat","background-position":"center center","background-size":"auto","background-attachment":"scroll","background-type":"","background-media":"","overlay-type":"","overlay-color":"","overlay-opacity":"","overlay-gradient":""}},"ast-content-background-meta":{"desktop":{"background-color":"var(--ast-global-color-5)","background-image":"","background-repeat":"repeat","background-position":"center center","background-size":"auto","background-attachment":"scroll","background-type":"","background-media":"","overlay-type":"","overlay-color":"","overlay-opacity":"","overlay-gradient":""},"tablet":{"background-color":"var(--ast-global-color-5)","background-image":"","background-repeat":"repeat","background-position":"center center","background-size":"auto","background-attachment":"scroll","background-type":"","background-media":"","overlay-type":"","overlay-color":"","overlay-opacity":"","overlay-gradient":""},"mobile":{"background-color":"var(--ast-global-color-5)","background-image":"","background-repeat":"repeat","background-position":"center center","background-size":"auto","background-attachment":"scroll","background-type":"","background-media":"","overlay-type":"","overlay-color":"","overlay-opacity":"","overlay-gradient":""}},"footnotes":""},"class_list":["post-551","page","type-page","status-publish","hentry"],"post_mailing_queue_ids":[],"_links":{"self":[{"href":"https:\/\/agora.xtec.cat\/inscanoriac\/wp-json\/wp\/v2\/pages\/551","targetHints":{"allow":["GET"]}}],"collection":[{"href":"https:\/\/agora.xtec.cat\/inscanoriac\/wp-json\/wp\/v2\/pages"}],"about":[{"href":"https:\/\/agora.xtec.cat\/inscanoriac\/wp-json\/wp\/v2\/types\/page"}],"author":[{"embeddable":true,"href":"https:\/\/agora.xtec.cat\/inscanoriac\/wp-json\/wp\/v2\/users\/1"}],"replies":[{"embeddable":true,"href":"https:\/\/agora.xtec.cat\/inscanoriac\/wp-json\/wp\/v2\/comments?post=551"}],"version-history":[{"count":6,"href":"https:\/\/agora.xtec.cat\/inscanoriac\/wp-json\/wp\/v2\/pages\/551\/revisions"}],"predecessor-version":[{"id":4963,"href":"https:\/\/agora.xtec.cat\/inscanoriac\/wp-json\/wp\/v2\/pages\/551\/revisions\/4963"}],"up":[{"embeddable":true,"href":"https:\/\/agora.xtec.cat\/inscanoriac\/wp-json\/wp\/v2\/pages\/4954"}],"wp:attachment":[{"href":"https:\/\/agora.xtec.cat\/inscanoriac\/wp-json\/wp\/v2\/media?parent=551"}],"curies":[{"name":"wp","href":"https:\/\/api.w.org\/{rel}","templated":true}]}}