{"id":5498,"date":"2025-03-20T17:15:21","date_gmt":"2025-03-20T16:15:21","guid":{"rendered":"https:\/\/agora.xtec.cat\/inscanoriac\/?page_id=5498"},"modified":"2025-03-24T17:07:21","modified_gmt":"2025-03-24T16:07:21","slug":"orientacio-eso4","status":"publish","type":"page","link":"https:\/\/agora.xtec.cat\/inscanoriac\/estudis\/eso-4\/orientacio-eso4\/","title":{"rendered":"Orientaci\u00f3 ESO4+"},"content":{"rendered":"\n<p>En aquesta secci\u00f3 i les seves subseccions trobareu &nbsp;informaci\u00f3 de qualitat i actualitzada dels ensenyaments quees poden cursar un cop s&#8217;acabi l&#8217;etapa educativa a l&#8217;Institut Ca n&#8217;Oriac.<\/p>\n\n\n\n<h1 class=\"wp-block-heading has-ast-global-color-0-color has-text-color has-link-color wp-elements-6365dc773b3d2336ec107b863e4e9c1b\">El sistema educatiu a Catalunya<\/h1>\n\n\n\n<div data-wp-interactive=\"core\/file\" class=\"wp-block-file\"><object data-wp-bind--hidden=\"!state.hasPdfPreview\" hidden class=\"wp-block-file__embed\" data=\"https:\/\/agora.xtec.cat\/inscanoriac\/wp-content\/uploads\/usu1850\/2025\/03\/sistema_educatiu_catalunya_2526.pdf\" type=\"application\/pdf\" style=\"width:100%;height:600px\" aria-label=\"Incrustaci\u00f3 del fitxer sistema_educatiu_catalunya_2526.\"><\/object><a id=\"wp-block-file--media-96602492-e6f4-4720-af56-e5e9265d4a8d\" href=\"https:\/\/agora.xtec.cat\/inscanoriac\/wp-content\/uploads\/usu1850\/2025\/03\/sistema_educatiu_catalunya_2526.pdf\">sistema_educatiu_catalunya_2526<\/a><a href=\"https:\/\/agora.xtec.cat\/inscanoriac\/wp-content\/uploads\/usu1850\/2025\/03\/sistema_educatiu_catalunya_2526.pdf\" class=\"wp-block-file__button wp-element-button\" download aria-describedby=\"wp-block-file--media-96602492-e6f4-4720-af56-e5e9265d4a8d\">Baixa<\/a><\/div>\n\n\n\n<h1 class=\"wp-block-heading has-ast-global-color-0-color has-text-color has-link-color wp-elements-3e2a2e07a8f4540e911409763c59ab61\">Ensenyaments postobligatoris a Catalunya<\/h1>\n\n\n\n<div data-wp-interactive=\"core\/file\" class=\"wp-block-file\"><object data-wp-bind--hidden=\"!state.hasPdfPreview\" hidden class=\"wp-block-file__embed\" data=\"https:\/\/agora.xtec.cat\/inscanoriac\/wp-content\/uploads\/usu1850\/2025\/03\/desplegable_estudis_catalunya_2526.pdf\" type=\"application\/pdf\" style=\"width:100%;height:600px\" aria-label=\"Incrustaci\u00f3 del fitxer desplegable_estudis_catalunya_2526.\"><\/object><a id=\"wp-block-file--media-77de2951-c56d-4248-98a2-751e66815627\" href=\"https:\/\/agora.xtec.cat\/inscanoriac\/wp-content\/uploads\/usu1850\/2025\/03\/desplegable_estudis_catalunya_2526.pdf\">desplegable_estudis_catalunya_2526<\/a><a href=\"https:\/\/agora.xtec.cat\/inscanoriac\/wp-content\/uploads\/usu1850\/2025\/03\/desplegable_estudis_catalunya_2526.pdf\" class=\"wp-block-file__button wp-element-button\" download aria-describedby=\"wp-block-file--media-77de2951-c56d-4248-98a2-751e66815627\">Baixa<\/a><\/div>\n\n\n\n<h1 class=\"wp-block-heading has-ast-global-color-0-color has-text-color has-link-color wp-elements-c18015400c8656599d07bcf26d86741d\">Itineraris<\/h1>\n\n\n\n<figure class=\"wp-block-image alignleft size-full is-resized\"><a href=\"https:\/\/triaeducativa.gencat.cat\/ca\/orientacio\/itineraris\/\"><img loading=\"lazy\" decoding=\"async\" width=\"770\" height=\"617\" src=\"https:\/\/agora.xtec.cat\/inscanoriac\/wp-content\/uploads\/usu1850\/2025\/03\/Captura-de-pantalla-2025-03-24-a-las-16.41.36-1.png\" alt=\"\" class=\"wp-image-5674\" style=\"object-fit:cover;width:300px;height:300px\" srcset=\"https:\/\/agora.xtec.cat\/inscanoriac\/wp-content\/uploads\/usu1850\/2025\/03\/Captura-de-pantalla-2025-03-24-a-las-16.41.36-1.png 770w, https:\/\/agora.xtec.cat\/inscanoriac\/wp-content\/uploads\/usu1850\/2025\/03\/Captura-de-pantalla-2025-03-24-a-las-16.41.36-1-300x240.png 300w, https:\/\/agora.xtec.cat\/inscanoriac\/wp-content\/uploads\/usu1850\/2025\/03\/Captura-de-pantalla-2025-03-24-a-las-16.41.36-1-768x615.png 768w\" sizes=\"auto, (max-width: 770px) 100vw, 770px\" \/><\/a><\/figure>\n\n\n\n<p>Trobeu totes les possibilitats per accedir als estudis desitjats amb aquest mapa interactiu:<\/p>\n\n\n\n<p><a href=\"https:\/\/triaeducativa.gencat.cat\/ca\/orientacio\/itineraris\" target=\"_blank\" rel=\"noreferrer noopener\">Itineraris a Tria educativa<\/a><\/p>\n\n\n\n<p>Observeu com a partir de la vostra situaci\u00f3 de partida el mapa us mostra totes les possiblitats per accedir-hi, ja sigui la principal o vies alternatives. Consulteu quines son tamb\u00e9 les possibilitats de continuitat. <\/p>\n\n\n\n<p><\/p>\n\n\n\n<p><\/p>\n\n\n\n<p><\/p>\n\n\n\n<h1 class=\"wp-block-heading has-ast-global-color-0-color has-text-color has-link-color wp-elements-74f355be2cbee26674910850c01b3223\">Recursos<\/h1>\n\n\n\n<div class=\"wp-block-media-text has-media-on-the-right is-stacked-on-mobile\" style=\"grid-template-columns:auto 21%\"><div class=\"wp-block-media-text__content\">\n<p><a href=\"https:\/\/triaeducativa.gencat.cat\/ca\/orientacio\/recursos-presa-decisions\/\">Recursos per a la presa de decisions<\/a>: en aquest espai trobareu eines i materials dissenyats per oferir orientaci\u00f3 i suport en el proc\u00e9s de presa de decisions sobre l&#8217;itinerari educatiu i professional. Trobareu, per exemple, materials per preparar la visita al Sal\u00f3 de l&#8217;Ensenyament, un test d&#8217;orientaci\u00f3 acad\u00e8mica o material d&#8217;autoconeixement i material descarregable, entre d&#8217;altres.<\/p>\n<\/div><figure class=\"wp-block-media-text__media\"><a href=\"https:\/\/triaeducativa.gencat.cat\/ca\/orientacio\/recursos-presa-decisions\/\"><img loading=\"lazy\" decoding=\"async\" width=\"271\" height=\"271\" src=\"https:\/\/agora.xtec.cat\/inscanoriac\/wp-content\/uploads\/usu1850\/2025\/03\/talents.jpg\" alt=\"\" class=\"wp-image-5679 size-full\" srcset=\"https:\/\/agora.xtec.cat\/inscanoriac\/wp-content\/uploads\/usu1850\/2025\/03\/talents.jpg 271w, https:\/\/agora.xtec.cat\/inscanoriac\/wp-content\/uploads\/usu1850\/2025\/03\/talents-150x150.jpg 150w\" sizes=\"auto, (max-width: 271px) 100vw, 271px\" \/><\/a><\/figure><\/div>\n","protected":false},"excerpt":{"rendered":"<p>En aquesta secci\u00f3 i les seves subseccions trobareu &nbsp;informaci\u00f3 de qualitat i actualitzada dels ensenyaments quees poden cursar un cop [&hellip;]<\/p>\n","protected":false},"author":1,"featured_media":0,"parent":4311,"menu_order":0,"comment_status":"closed","ping_status":"close","template":"","meta":{"site-sidebar-layout":"left-sidebar","site-content-layout":"","ast-site-content-layout":"default","site-content-style":"default","site-sidebar-style":"default","ast-global-header-display":"","ast-banner-title-visibility":"","ast-main-header-display":"","ast-hfb-above-header-display":"","ast-hfb-below-header-display":"","ast-hfb-mobile-header-display":"","site-post-title":"","ast-breadcrumbs-content":"","ast-featured-img":"","footer-sml-layout":"","theme-transparent-header-meta":"","adv-header-id-meta":"","stick-header-meta":"","header-above-stick-meta":"","header-main-stick-meta":"","header-below-stick-meta":"","astra-migrate-meta-layouts":"set","ast-page-background-enabled":"default","ast-page-background-meta":{"desktop":{"background-color":"var(--ast-global-color-4)","background-image":"","background-repeat":"repeat","background-position":"center center","background-size":"auto","background-attachment":"scroll","background-type":"","background-media":"","overlay-type":"","overlay-color":"","overlay-opacity":"","overlay-gradient":""},"tablet":{"background-color":"","background-image":"","background-repeat":"repeat","background-position":"center center","background-size":"auto","background-attachment":"scroll","background-type":"","background-media":"","overlay-type":"","overlay-color":"","overlay-opacity":"","overlay-gradient":""},"mobile":{"background-color":"","background-image":"","background-repeat":"repeat","background-position":"center center","background-size":"auto","background-attachment":"scroll","background-type":"","background-media":"","overlay-type":"","overlay-color":"","overlay-opacity":"","overlay-gradient":""}},"ast-content-background-meta":{"desktop":{"background-color":"var(--ast-global-color-5)","background-image":"","background-repeat":"repeat","background-position":"center center","background-size":"auto","background-attachment":"scroll","background-type":"","background-media":"","overlay-type":"","overlay-color":"","overlay-opacity":"","overlay-gradient":""},"tablet":{"background-color":"var(--ast-global-color-5)","background-image":"","background-repeat":"repeat","background-position":"center center","background-size":"auto","background-attachment":"scroll","background-type":"","background-media":"","overlay-type":"","overlay-color":"","overlay-opacity":"","overlay-gradient":""},"mobile":{"background-color":"var(--ast-global-color-5)","background-image":"","background-repeat":"repeat","background-position":"center center","background-size":"auto","background-attachment":"scroll","background-type":"","background-media":"","overlay-type":"","overlay-color":"","overlay-opacity":"","overlay-gradient":""}},"footnotes":""},"class_list":["post-5498","page","type-page","status-publish","hentry"],"post_mailing_queue_ids":[],"_links":{"self":[{"href":"https:\/\/agora.xtec.cat\/inscanoriac\/wp-json\/wp\/v2\/pages\/5498","targetHints":{"allow":["GET"]}}],"collection":[{"href":"https:\/\/agora.xtec.cat\/inscanoriac\/wp-json\/wp\/v2\/pages"}],"about":[{"href":"https:\/\/agora.xtec.cat\/inscanoriac\/wp-json\/wp\/v2\/types\/page"}],"author":[{"embeddable":true,"href":"https:\/\/agora.xtec.cat\/inscanoriac\/wp-json\/wp\/v2\/users\/1"}],"replies":[{"embeddable":true,"href":"https:\/\/agora.xtec.cat\/inscanoriac\/wp-json\/wp\/v2\/comments?post=5498"}],"version-history":[{"count":6,"href":"https:\/\/agora.xtec.cat\/inscanoriac\/wp-json\/wp\/v2\/pages\/5498\/revisions"}],"predecessor-version":[{"id":5683,"href":"https:\/\/agora.xtec.cat\/inscanoriac\/wp-json\/wp\/v2\/pages\/5498\/revisions\/5683"}],"up":[{"embeddable":true,"href":"https:\/\/agora.xtec.cat\/inscanoriac\/wp-json\/wp\/v2\/pages\/4311"}],"wp:attachment":[{"href":"https:\/\/agora.xtec.cat\/inscanoriac\/wp-json\/wp\/v2\/media?parent=5498"}],"curies":[{"name":"wp","href":"https:\/\/api.w.org\/{rel}","templated":true}]}}