{"id":518,"date":"2018-07-29T19:45:49","date_gmt":"2018-07-29T17:45:49","guid":{"rendered":"http:\/\/agora.xtec.cat\/inscanoriac\/?page_id=518"},"modified":"2025-03-20T22:38:34","modified_gmt":"2025-03-20T21:38:34","slug":"contacte-2","status":"publish","type":"page","link":"https:\/\/agora.xtec.cat\/inscanoriac\/linstitut\/contacte-2\/","title":{"rendered":"Contacte"},"content":{"rendered":"\n<h1 class=\"wp-block-heading has-ast-global-color-0-color has-text-color has-link-color wp-elements-acc37f84c145d66e314671ffd5f97d58\">Localitzaci\u00f3<\/h1>\n\n\n\n<div class=\"wp-block-columns alignfull are-vertically-aligned-center is-layout-flex wp-container-core-columns-is-layout-1 wp-block-columns-is-layout-flex\">\n<div class=\"wp-block-column is-vertically-aligned-center is-layout-flow wp-block-column-is-layout-flow\" style=\"flex-basis:33.33%\">\n<p>Pr\u00edncep de Viana, s\/n. 08207, Sabadell. Barcelona <\/p>\n\n\n\n<p>937232399<\/p>\n\n\n\n<p><a href=\"mailto:inscanoriac@xtec.cat\">a8076091@xtec.cat<\/a><br>Codi de centre: 08076091<\/p>\n<\/div>\n\n\n\n<div class=\"wp-block-column is-vertically-aligned-center is-layout-flow wp-block-column-is-layout-flow\" style=\"flex-basis:66.66%\">\n<iframe src=\"https:\/\/www.google.com\/maps\/embed?pb=!1m18!1m12!1m3!1d2985.3100141799396!2d2.0941001999999997!3d41.5625346!2m3!1f0!2f0!3f0!3m2!1i1024!2i768!4f13.1!3m3!1m2!1s0x12a495a1187dd827%3A0x10d22530b04d951c!2sInstituto%20Can%20Oriac!5e0!3m2!1ses!2ses!4v1741395962150!5m2!1ses!2ses\" width=\"600\" height=\"450\" style=\"border:0;\" allowfullscreen=\"\" loading=\"lazy\" referrerpolicy=\"no-referrer-when-downgrade\"><\/iframe>\n<\/div>\n<\/div>\n\n\n\n<h1 class=\"wp-block-heading has-ast-global-color-0-color has-text-color has-link-color wp-elements-2c2a2cbb7f3c134d13e518881aa7eb5d\">Com arribar-hi<\/h1>\n\n\n\n<figure class=\"wp-block-table is-style-stripes\"><table><tbody><tr><td class=\"has-text-align-center\" data-align=\"center\"><strong>Tren<\/strong><\/td><td><\/td><\/tr><tr><td class=\"has-text-align-center\" data-align=\"center\"><a href=\"http:\/\/www.renfe.com\/VA\/viajeros\/cercanias\/barcelona\/index.html\" target=\"_blank\" rel=\"noreferrer noopener\">Renfe<\/a><\/td><td>L\u00ednia R4: estaci\u00f3 Sabadell Nord<\/td><\/tr><tr><td class=\"has-text-align-center\" data-align=\"center\">&nbsp;<a href=\"https:\/\/www.fgc.cat\/\" target=\"_blank\" rel=\"noreferrer noopener\">FGC<\/a><\/td><td>L\u00ednia S2 Barcelona-Sabadell: estaci\u00f3 Sabadell Nord<\/td><\/tr><tr><td class=\"has-text-align-center\" data-align=\"center\"><strong>Autobus<\/strong><\/td><td><\/td><\/tr><tr><td class=\"has-text-align-center\" data-align=\"center\"><a href=\"http:\/\/www.tus.es\/\" target=\"_blank\" rel=\"noreferrer noopener\">Transports Urbans de Sabadell<\/a><\/td><td>L\u00ednies 1, 11, 44 i 80: parada Pla\u00e7a Espanya.<\/td><\/tr><tr><td class=\"has-text-align-center\" data-align=\"center\"><a href=\"http:\/\/territori.gencat.cat\/ca\/03_infraestructures_i_mobilitat\/transport_public\/exprescat\/Demarcacio_Barcelona\/#bloc1\" target=\"_blank\" rel=\"noreferrer noopener\">Expr\u00e9s.cat<\/a><\/td><td>L\u00ednia e1 Sabadell &#8211; Castellar del Vall\u00e8s &#8211; Barcelona: parada Pla\u00e7a Espanya<\/td><\/tr><\/tbody><\/table><\/figure>\n\n\n\n<p>El centre disposa de zona protegida per a l&#8217;aparcament de bicicletes i vehicles de mobilitat personal.<\/p>\n\n\n\n<h1 class=\"wp-block-heading has-ast-global-color-0-color has-text-color has-link-color wp-elements-7181d87eed0a8d9d2204e8adcecdad4f\">Escoles adscrites<\/h1>\n","protected":false},"excerpt":{"rendered":"<p>Localitzaci\u00f3 Pr\u00edncep de Viana, s\/n. 08207, Sabadell. Barcelona 937232399 a8076091@xtec.catCodi de centre: 08076091 Com arribar-hi Tren Renfe L\u00ednia R4: estaci\u00f3 [&hellip;]<\/p>\n","protected":false},"author":1,"featured_media":0,"parent":4293,"menu_order":1,"comment_status":"closed","ping_status":"closed","template":"","meta":{"site-sidebar-layout":"left-sidebar","site-content-layout":"","ast-site-content-layout":"default","site-content-style":"default","site-sidebar-style":"default","ast-global-header-display":"","ast-banner-title-visibility":"","ast-main-header-display":"","ast-hfb-above-header-display":"","ast-hfb-below-header-display":"","ast-hfb-mobile-header-display":"","site-post-title":"","ast-breadcrumbs-content":"","ast-featured-img":"","footer-sml-layout":"","theme-transparent-header-meta":"","adv-header-id-meta":"","stick-header-meta":"","header-above-stick-meta":"","header-main-stick-meta":"","header-below-stick-meta":"","astra-migrate-meta-layouts":"set","ast-page-background-enabled":"default","ast-page-background-meta":{"desktop":{"background-color":"var(--ast-global-color-4)","background-image":"","background-repeat":"repeat","background-position":"center center","background-size":"auto","background-attachment":"scroll","background-type":"","background-media":"","overlay-type":"","overlay-color":"","overlay-opacity":"","overlay-gradient":""},"tablet":{"background-color":"","background-image":"","background-repeat":"repeat","background-position":"center center","background-size":"auto","background-attachment":"scroll","background-type":"","background-media":"","overlay-type":"","overlay-color":"","overlay-opacity":"","overlay-gradient":""},"mobile":{"background-color":"","background-image":"","background-repeat":"repeat","background-position":"center center","background-size":"auto","background-attachment":"scroll","background-type":"","background-media":"","overlay-type":"","overlay-color":"","overlay-opacity":"","overlay-gradient":""}},"ast-content-background-meta":{"desktop":{"background-color":"var(--ast-global-color-5)","background-image":"","background-repeat":"repeat","background-position":"center center","background-size":"auto","background-attachment":"scroll","background-type":"","background-media":"","overlay-type":"","overlay-color":"","overlay-opacity":"","overlay-gradient":""},"tablet":{"background-color":"var(--ast-global-color-5)","background-image":"","background-repeat":"repeat","background-position":"center center","background-size":"auto","background-attachment":"scroll","background-type":"","background-media":"","overlay-type":"","overlay-color":"","overlay-opacity":"","overlay-gradient":""},"mobile":{"background-color":"var(--ast-global-color-5)","background-image":"","background-repeat":"repeat","background-position":"center center","background-size":"auto","background-attachment":"scroll","background-type":"","background-media":"","overlay-type":"","overlay-color":"","overlay-opacity":"","overlay-gradient":""}},"footnotes":""},"class_list":["post-518","page","type-page","status-publish","hentry"],"post_mailing_queue_ids":[],"_links":{"self":[{"href":"https:\/\/agora.xtec.cat\/inscanoriac\/wp-json\/wp\/v2\/pages\/518","targetHints":{"allow":["GET"]}}],"collection":[{"href":"https:\/\/agora.xtec.cat\/inscanoriac\/wp-json\/wp\/v2\/pages"}],"about":[{"href":"https:\/\/agora.xtec.cat\/inscanoriac\/wp-json\/wp\/v2\/types\/page"}],"author":[{"embeddable":true,"href":"https:\/\/agora.xtec.cat\/inscanoriac\/wp-json\/wp\/v2\/users\/1"}],"replies":[{"embeddable":true,"href":"https:\/\/agora.xtec.cat\/inscanoriac\/wp-json\/wp\/v2\/comments?post=518"}],"version-history":[{"count":6,"href":"https:\/\/agora.xtec.cat\/inscanoriac\/wp-json\/wp\/v2\/pages\/518\/revisions"}],"predecessor-version":[{"id":5274,"href":"https:\/\/agora.xtec.cat\/inscanoriac\/wp-json\/wp\/v2\/pages\/518\/revisions\/5274"}],"up":[{"embeddable":true,"href":"https:\/\/agora.xtec.cat\/inscanoriac\/wp-json\/wp\/v2\/pages\/4293"}],"wp:attachment":[{"href":"https:\/\/agora.xtec.cat\/inscanoriac\/wp-json\/wp\/v2\/media?parent=518"}],"curies":[{"name":"wp","href":"https:\/\/api.w.org\/{rel}","templated":true}]}}