{"id":4967,"date":"2025-03-09T19:08:57","date_gmt":"2025-03-09T18:08:57","guid":{"rendered":"https:\/\/agora.xtec.cat\/inscanoriac\/?page_id=4967"},"modified":"2026-01-29T13:14:50","modified_gmt":"2026-01-29T12:14:50","slug":"tramits","status":"publish","type":"page","link":"https:\/\/agora.xtec.cat\/inscanoriac\/administracio\/tramits\/","title":{"rendered":"Tr\u00e0mits"},"content":{"rendered":"\n<h1 class=\"wp-block-heading has-ast-global-color-0-color has-text-color has-link-color wp-elements-792154bc326ed2dd866998880036b2e2\">Tr\u00e0mits<\/h1>\n\n\n\n<p>A continuaci\u00f3 podeu trobar els diferents tr\u00e0mits que es poden fer a l&#8217;adminitraci\u00f3 i secretaria del centre. Per a la seva realitzaci\u00f3, heu d\u2019omplir el document que trobareu a cada tr\u00e0mit i presentar-lo, si cal amb tota la documentaci\u00f3 adjunta necessaria, a les oficines d&#8217;administraci\u00f3 dins l\u2019horari d\u2019atenci\u00f3 al p\u00fablic o b\u00e9 enviar-la al <a href=\"mailto:a8076091@inscanoriac.cat\">a8076091@inscanoriac.cat<\/a>.<\/p>\n\n\n\n<h2 class=\"wp-block-heading has-ast-global-color-0-color has-text-color has-link-color wp-elements-be36e4eb51f1cbee4c90c391badf5a54\">Alumnat<\/h2>\n\n\n\n<div class=\"wp-block-columns is-layout-flex wp-container-core-columns-is-layout-1 wp-block-columns-is-layout-flex\">\n<div class=\"wp-block-column is-layout-flow wp-block-column-is-layout-flow\">\n<ul class=\"wp-block-list\">\n<li>Instancia gen\u00e8rica<\/li>\n\n\n\n<li>Baixa escolar<\/li>\n\n\n\n<li><\/li>\n<\/ul>\n<\/div>\n\n\n\n<div class=\"wp-block-column is-layout-flow wp-block-column-is-layout-flow\">\n<ul class=\"wp-block-list\">\n<li>Convalidaci\u00f3 de M\u00fasica<\/li>\n\n\n\n<li>Convalidaci\u00f3 d&#8217;Educaci\u00f3 F\u00edsica<\/li>\n\n\n\n<li>Petici\u00f3 de canvi d\u2019optativa<\/li>\n<\/ul>\n<\/div>\n\n\n\n<div class=\"wp-block-column is-layout-flow wp-block-column-is-layout-flow\">\n<ul class=\"wp-block-list\">\n<li><\/li>\n<\/ul>\n\n\n\n<p><\/p>\n<\/div>\n<\/div>\n\n\n\n<h2 class=\"wp-block-heading has-ast-global-color-0-color has-text-color has-link-color wp-elements-62b7e25d96b7fff662c78dbe0f0f34a3\">Certificats<\/h2>\n\n\n\n<ul class=\"wp-block-list\">\n<li>Sol\u00b7licitud de certificats acad\u00e8mics&nbsp;<\/li>\n\n\n\n<li>Certificat nivell de catal\u00e0<\/li>\n\n\n\n<li>Autoritzaci\u00f3 recollida de t\u00edtols<\/li>\n<\/ul>\n\n\n\n<h2 class=\"wp-block-heading has-ast-global-color-0-color has-text-color has-link-color wp-elements-8bf6cc0f9bdeb8a06a178d6fa802ea06\">Altres tr\u00e0mits<\/h2>\n\n\n\n<ul class=\"wp-block-list\">\n<li><a href=\"https:\/\/t-mobilitat.atm.cat\/web\/t-mobilitat\/t-16\">Targeta de mobilitat T16<\/a><\/li>\n\n\n\n<li><a href=\"https:\/\/educacio.gencat.cat\/ca\/tramits\/tramits-temes\/20264_homologacio_titols\" target=\"_blank\" rel=\"noreferrer noopener\">Homologaci\u00f3 i convalidaci\u00f3 de t\u00edtols estrangers no universitaris<\/a><\/li>\n\n\n\n<li><a href=\"https:\/\/agora.xtec.cat\/inscanoriac\/administracio\/beques-ajuts\/\" target=\"_blank\" rel=\"noreferrer noopener\">Beques i ajuts <\/a> de l&#8217;Ajuntament de Sabadell i el Departament d&#8217;Educaci\u00f3 i Formaci\u00f3 Professional<\/li>\n\n\n\n<li><strong>Prova lliure per a l\u2019obtenci\u00f3 del t\u00edtol de graduat\/da en ESO<\/strong><\/li>\n<\/ul>\n\n\n\n<h3 class=\"wp-block-heading has-ast-global-color-0-color has-text-color has-link-color wp-elements-b6dfc9534046d932ffe047ea11a76716\">Prova lliure per a l&#8217;obtenci\u00f3 del t\u00edtol de graduat\/da en ESO<\/h3>\n\n\n\n<p>L\u2019alumnat que no va obtenir el t\u00edtol de graduat o graduada en educaci\u00f3 secund\u00e0ria obligat\u00f2ria en finalitzar l&#8217;etapa es pot presentar a la prova que els centres organitzen el mes de mar\u00e7 de cada any.<\/p>\n\n\n\n<p>Calendari del proc\u00e9s:<\/p>\n\n\n\n<p>Sol\u00b7licitud<\/p>\n\n\n\n<ul class=\"wp-block-list\">\n<li>Entre el 2 i el 13 de febrer de 2026 i s&#8217;ha de presentar a la secretaria del centre on la persona sol\u00b7licitant va estar matriculada de quart d&#8217;ESO per \u00faltima vegada.<\/li>\n<\/ul>\n\n\n\n<p>Calendari i llistes de persones admeses i excloses<\/p>\n\n\n\n<ul class=\"wp-block-list\">\n<li>Fins al 2 de mar\u00e7 de 2026, el centre publica el calendari de la prova i la llista de persones admeses i excloses. Tamb\u00e9 s&#8217;inclouran les mat\u00e8ries objecte de la prova.<\/li>\n\n\n\n<li>Del 3 al 5 de mar\u00e7 de 2026, els aspirants exclosos poden presentar una reclamaci\u00f3 davant la direcci\u00f3 del centre.<\/li>\n<\/ul>\n\n\n\n<p>Realitzaci\u00f3 de la prova<\/p>\n\n\n\n<ul class=\"wp-block-list\">\n<li>Durant el mes de mar\u00e7 de 2026.<\/li>\n\n\n\n<li>Els alumnes han de portar l&#8217;original del DNI, targeta de resid\u00e8ncia, passaport o qualsevol altre document identificatiu oficial en vigor.\u00a0<\/li>\n<\/ul>\n\n\n\n<p>M\u00e9s informaci\u00f3:&nbsp;<a href=\"https:\/\/educacio.gencat.cat\/ca\/serveis-tramits\/proves\/proves-lliures-obtencio-titols\/obtencio-titol-eso\/index.html\" target=\"_blank\" rel=\"noreferrer noopener\">https:\/\/educacio.gencat.cat\/ca\/serveis-tramits\/proves\/proves-lliures-obtencio-titols\/obtencio-titol-eso\/index.html<\/a><\/p>\n","protected":false},"excerpt":{"rendered":"<p>Tr\u00e0mits A continuaci\u00f3 podeu trobar els diferents tr\u00e0mits que es poden fer a l&#8217;adminitraci\u00f3 i secretaria del centre. Per a [&hellip;]<\/p>\n","protected":false},"author":1,"featured_media":0,"parent":4970,"menu_order":3,"comment_status":"closed","ping_status":"close","template":"","meta":{"site-sidebar-layout":"left-sidebar","site-content-layout":"","ast-site-content-layout":"default","site-content-style":"default","site-sidebar-style":"default","ast-global-header-display":"","ast-banner-title-visibility":"","ast-main-header-display":"","ast-hfb-above-header-display":"","ast-hfb-below-header-display":"","ast-hfb-mobile-header-display":"","site-post-title":"disabled","ast-breadcrumbs-content":"","ast-featured-img":"","footer-sml-layout":"","theme-transparent-header-meta":"","adv-header-id-meta":"","stick-header-meta":"","header-above-stick-meta":"","header-main-stick-meta":"","header-below-stick-meta":"","astra-migrate-meta-layouts":"set","ast-page-background-enabled":"default","ast-page-background-meta":{"desktop":{"background-color":"var(--ast-global-color-4)","background-image":"","background-repeat":"repeat","background-position":"center center","background-size":"auto","background-attachment":"scroll","background-type":"","background-media":"","overlay-type":"","overlay-color":"","overlay-opacity":"","overlay-gradient":""},"tablet":{"background-color":"","background-image":"","background-repeat":"repeat","background-position":"center center","background-size":"auto","background-attachment":"scroll","background-type":"","background-media":"","overlay-type":"","overlay-color":"","overlay-opacity":"","overlay-gradient":""},"mobile":{"background-color":"","background-image":"","background-repeat":"repeat","background-position":"center center","background-size":"auto","background-attachment":"scroll","background-type":"","background-media":"","overlay-type":"","overlay-color":"","overlay-opacity":"","overlay-gradient":""}},"ast-content-background-meta":{"desktop":{"background-color":"var(--ast-global-color-5)","background-image":"","background-repeat":"repeat","background-position":"center center","background-size":"auto","background-attachment":"scroll","background-type":"","background-media":"","overlay-type":"","overlay-color":"","overlay-opacity":"","overlay-gradient":""},"tablet":{"background-color":"var(--ast-global-color-5)","background-image":"","background-repeat":"repeat","background-position":"center center","background-size":"auto","background-attachment":"scroll","background-type":"","background-media":"","overlay-type":"","overlay-color":"","overlay-opacity":"","overlay-gradient":""},"mobile":{"background-color":"var(--ast-global-color-5)","background-image":"","background-repeat":"repeat","background-position":"center center","background-size":"auto","background-attachment":"scroll","background-type":"","background-media":"","overlay-type":"","overlay-color":"","overlay-opacity":"","overlay-gradient":""}},"footnotes":""},"class_list":["post-4967","page","type-page","status-publish","hentry"],"post_mailing_queue_ids":[],"_links":{"self":[{"href":"https:\/\/agora.xtec.cat\/inscanoriac\/wp-json\/wp\/v2\/pages\/4967","targetHints":{"allow":["GET"]}}],"collection":[{"href":"https:\/\/agora.xtec.cat\/inscanoriac\/wp-json\/wp\/v2\/pages"}],"about":[{"href":"https:\/\/agora.xtec.cat\/inscanoriac\/wp-json\/wp\/v2\/types\/page"}],"author":[{"embeddable":true,"href":"https:\/\/agora.xtec.cat\/inscanoriac\/wp-json\/wp\/v2\/users\/1"}],"replies":[{"embeddable":true,"href":"https:\/\/agora.xtec.cat\/inscanoriac\/wp-json\/wp\/v2\/comments?post=4967"}],"version-history":[{"count":6,"href":"https:\/\/agora.xtec.cat\/inscanoriac\/wp-json\/wp\/v2\/pages\/4967\/revisions"}],"predecessor-version":[{"id":6296,"href":"https:\/\/agora.xtec.cat\/inscanoriac\/wp-json\/wp\/v2\/pages\/4967\/revisions\/6296"}],"up":[{"embeddable":true,"href":"https:\/\/agora.xtec.cat\/inscanoriac\/wp-json\/wp\/v2\/pages\/4970"}],"wp:attachment":[{"href":"https:\/\/agora.xtec.cat\/inscanoriac\/wp-json\/wp\/v2\/media?parent=4967"}],"curies":[{"name":"wp","href":"https:\/\/api.w.org\/{rel}","templated":true}]}}