{"id":3120,"date":"2022-03-01T23:35:00","date_gmt":"2022-03-01T22:35:00","guid":{"rendered":"https:\/\/agora.xtec.cat\/inscanoriac\/?page_id=3120"},"modified":"2025-03-10T18:11:19","modified_gmt":"2025-03-10T17:11:19","slug":"estudis","status":"publish","type":"page","link":"https:\/\/agora.xtec.cat\/inscanoriac\/estudis\/","title":{"rendered":"Estudis"},"content":{"rendered":"\n<h1 class=\"wp-block-heading\">Estudis<\/h1>\n\n\n\n<p>A l\u2019espai d\u2019<strong>oferta formativa<\/strong>, \u00e9s important incloure la informaci\u00f3 espec\u00edfica per a cadascuna de les etapes o cicles educatius que ofereix el centre. En els corresponents nivells es podr\u00e0 introduir la informaci\u00f3 relativa a:<\/p>\n\n\n\n<ul class=\"wp-block-list\">\n<li>llibres de text i lectures obligat\u00f2ries<\/li>\n\n\n\n<li>cr\u00e8dits<\/li>\n\n\n\n<li>mat\u00e8ries optatives<\/li>\n\n\n\n<li>cr\u00e8dit de s\u00edntesi<\/li>\n\n\n\n<li>treball de recerca<\/li>\n\n\n\n<li>viatge d\u2019estudis<\/li>\n\n\n\n<li>exemples d\u2019ex\u00e0mens<\/li>\n\n\n\n<li>itineraris universitaris<\/li>\n\n\n\n<li>pr\u00e0ctiques a empreses (FCT)<\/li>\n\n\n\n<li>projectes de mobilitat<\/li>\n\n\n\n<li>mesures flexibilitzadores: servei d\u2019assessorament, servei de reconeixement acad\u00e8mic, formaci\u00f3 dual,\u2026<\/li>\n\n\n\n<li>cursos espec\u00edfics i de preparaci\u00f3<\/li>\n<\/ul>\n\n\n\n<p>Cadascun dels cicles o etapes educatives&nbsp;t\u00e9 un&nbsp;espai propi, que es crea mitjan\u00e7ant les categories, sense necessitat de crear una \u201cP\u00e0gina\u201d nova.&nbsp;Les categories es defineixen des del men\u00fa de les entrades del blog. Paral\u00b7lelament als cicles o etapes educatives&nbsp;tamb\u00e9 es poden definir m\u00e9s categories i, d\u2019aquesta manera afegir p\u00e0gines al nivell de navegaci\u00f3 d&#8217;\u201dOferta formativa\u201d.<\/p>\n\n\n\n<h1 class=\"wp-block-heading\">ESO<\/h1>\n\n\n\n<ul class=\"wp-block-list\">\n<li>llibres de text i lectures obligat\u00f2ries<\/li>\n\n\n\n<li>cr\u00e8dits<\/li>\n\n\n\n<li>mat\u00e8ries optatives<\/li>\n\n\n\n<li>sol\u00b7licitud afiliaci\u00f3 SS<\/li>\n\n\n\n<li>servei comunitari<\/li>\n\n\n\n<li>cr\u00e8dit de s\u00edntesi<\/li>\n\n\n\n<li>treball de recerca<\/li>\n\n\n\n<li>viatge d\u2019estudis<\/li>\n<\/ul>\n","protected":false},"excerpt":{"rendered":"<p>Estudis A l\u2019espai d\u2019oferta formativa, \u00e9s important incloure la informaci\u00f3 espec\u00edfica per a cadascuna de les etapes o cicles educatius [&hellip;]<\/p>\n","protected":false},"author":1,"featured_media":0,"parent":0,"menu_order":3,"comment_status":"closed","ping_status":"closed","template":"","meta":{"site-sidebar-layout":"default","site-content-layout":"","ast-site-content-layout":"default","site-content-style":"default","site-sidebar-style":"default","ast-global-header-display":"","ast-banner-title-visibility":"","ast-main-header-display":"","ast-hfb-above-header-display":"","ast-hfb-below-header-display":"","ast-hfb-mobile-header-display":"","site-post-title":"","ast-breadcrumbs-content":"","ast-featured-img":"","footer-sml-layout":"","theme-transparent-header-meta":"","adv-header-id-meta":"","stick-header-meta":"","header-above-stick-meta":"","header-main-stick-meta":"","header-below-stick-meta":"","astra-migrate-meta-layouts":"set","ast-page-background-enabled":"default","ast-page-background-meta":{"desktop":{"background-color":"var(--ast-global-color-4)","background-image":"","background-repeat":"repeat","background-position":"center center","background-size":"auto","background-attachment":"scroll","background-type":"","background-media":"","overlay-type":"","overlay-color":"","overlay-opacity":"","overlay-gradient":""},"tablet":{"background-color":"","background-image":"","background-repeat":"repeat","background-position":"center center","background-size":"auto","background-attachment":"scroll","background-type":"","background-media":"","overlay-type":"","overlay-color":"","overlay-opacity":"","overlay-gradient":""},"mobile":{"background-color":"","background-image":"","background-repeat":"repeat","background-position":"center center","background-size":"auto","background-attachment":"scroll","background-type":"","background-media":"","overlay-type":"","overlay-color":"","overlay-opacity":"","overlay-gradient":""}},"ast-content-background-meta":{"desktop":{"background-color":"var(--ast-global-color-5)","background-image":"","background-repeat":"repeat","background-position":"center center","background-size":"auto","background-attachment":"scroll","background-type":"","background-media":"","overlay-type":"","overlay-color":"","overlay-opacity":"","overlay-gradient":""},"tablet":{"background-color":"var(--ast-global-color-5)","background-image":"","background-repeat":"repeat","background-position":"center center","background-size":"auto","background-attachment":"scroll","background-type":"","background-media":"","overlay-type":"","overlay-color":"","overlay-opacity":"","overlay-gradient":""},"mobile":{"background-color":"var(--ast-global-color-5)","background-image":"","background-repeat":"repeat","background-position":"center center","background-size":"auto","background-attachment":"scroll","background-type":"","background-media":"","overlay-type":"","overlay-color":"","overlay-opacity":"","overlay-gradient":""}},"footnotes":""},"class_list":["post-3120","page","type-page","status-publish","hentry"],"post_mailing_queue_ids":[],"_links":{"self":[{"href":"https:\/\/agora.xtec.cat\/inscanoriac\/wp-json\/wp\/v2\/pages\/3120","targetHints":{"allow":["GET"]}}],"collection":[{"href":"https:\/\/agora.xtec.cat\/inscanoriac\/wp-json\/wp\/v2\/pages"}],"about":[{"href":"https:\/\/agora.xtec.cat\/inscanoriac\/wp-json\/wp\/v2\/types\/page"}],"author":[{"embeddable":true,"href":"https:\/\/agora.xtec.cat\/inscanoriac\/wp-json\/wp\/v2\/users\/1"}],"replies":[{"embeddable":true,"href":"https:\/\/agora.xtec.cat\/inscanoriac\/wp-json\/wp\/v2\/comments?post=3120"}],"version-history":[{"count":3,"href":"https:\/\/agora.xtec.cat\/inscanoriac\/wp-json\/wp\/v2\/pages\/3120\/revisions"}],"predecessor-version":[{"id":5205,"href":"https:\/\/agora.xtec.cat\/inscanoriac\/wp-json\/wp\/v2\/pages\/3120\/revisions\/5205"}],"wp:attachment":[{"href":"https:\/\/agora.xtec.cat\/inscanoriac\/wp-json\/wp\/v2\/media?parent=3120"}],"curies":[{"name":"wp","href":"https:\/\/api.w.org\/{rel}","templated":true}]}}